{"id":11209,"date":"2025-10-08T12:22:18","date_gmt":"2025-10-08T12:22:18","guid":{"rendered":"https:\/\/megaroboticsacademy.com\/shop\/unkategorisiert\/grape-seed-oil\/"},"modified":"2025-11-21T13:46:17","modified_gmt":"2025-11-21T13:46:17","slug":"grape-seed-oil","status":"publish","type":"product","link":"https:\/\/airshiptrips.com\/de\/shop\/essential-oils\/grape-seed-oil\/","title":{"rendered":"Traubenkern\u00f6l"},"content":{"rendered":"<h3><\/h3>\n<div class=\"woocommerce-tabs wc-tabs-wrapper\">\n<div id=\"tab-description\" class=\"woocommerce-Tabs-panel woocommerce-Tabs-panel--description panel entry-content wc-tab\" role=\"tabpanel\" aria-labelledby=\"tab-title-description\">\n<h3><b>Traubenkern\u00f6l \u2013 Eigenschaften<\/b><b>\u00a0und Anwendung<\/b><\/h3>\n<p>Das \u00e4therische Traubenkern\u00f6l hat antioxidative, regenerative und zytoprotektive Eigenschaften. Nat\u00fcrliches Traubenkern\u00f6l ist ein nahezu unersetzlicher kosmetischer Bestandteil bei der Herstellung von Produkten zur Pflege problematischer Haut. Das \u00e4therische Traubenkern\u00f6l enth\u00e4lt viel mehr Linols\u00e4ure als viele andere nat\u00fcrliche \u00d6le. Traubenkern\u00f6l wird auch zur schonenden Rasur empfohlen.<\/p>\n<h3><b>Traubenkern\u00f6l f\u00fcr die Haut<\/b><\/h3>\n<p>Nat\u00fcrliches Traubenkern\u00f6l hat eine milde adstringierende Wirkung, die dazu beitr\u00e4gt, vergr\u00f6\u00dferte Poren und die Haut zu straffen. Linols\u00e4ure, die in Traubenkern\u00f6l enthalten ist, ist sehr vorteilhaft und wirksam bei der Behandlung von Hautproblemen sowie Akne, Dermatitis und Ekzemen. Linols\u00e4ure beruhigt und pflegt die Haut und l\u00e4sst sie gesund aussehen. Nat\u00fcrliches Traubenkern\u00f6l zieht leicht in die Haut ein. Es wird sehr oft in der Kosmetik verwendet. Dieses \u00d6l eignet sich hervorragend zur tiefen Befeuchtung der Haut, reduziert Falten und beseitigt Dehnungsstreifen.\u00a0Traubenkern\u00f6l ist eine au\u00dferordentlich reiche Quelle f\u00fcr Vitamin E, das sogenannte Vitamin der Jugend. Nat\u00fcrliches Traubenkern\u00f6l ist ein h\u00e4ufiger Bestandteil von Anti-Aging-Cremes und den mittlerweile sehr beliebten Vitaminkapseln, die als notwendiger Bestandteil f\u00fcr die Erhaltung der Jugendlichkeit und des gesunden Aussehens der Haut dienen.\u00a0Dieses \u00d6l ist eines der st\u00e4rksten Antioxidantien.<\/p>\n<h3><b>Traubenkern\u00f6l gegen Falten<\/b><\/h3>\n<p>Traubenkern\u00f6l wird haupts\u00e4chlich f\u00fcr die Hautpflege wegen seiner erweichenden Eigenschaften verwendet. Dieses \u00d6l ist in vielen Kosmetika enthalten, wie Lippenbalsam, Hand- und K\u00f6rpercremes, Feuchtigkeitslotionen, Sonnenschutzmischungen und -lotionen sowie Haarpflegeprodukten. Nur eine kleine Menge Traubenkern\u00f6l wird verwendet, um feine Falten und kleine Dehnungsstreifen auf der Haut zu gl\u00e4tten. Nat\u00fcrliches Traubenkern\u00f6l verbessert die Hautelastizit\u00e4t und verlangsamt den Alterungsprozess.<\/p>\n<h3><b>Antioxidative Aktivit\u00e4t von Traubenkern\u00f6l<\/b><\/h3>\n<p>Das Flavonoid Proantocyanidine ist in gro\u00dfen Mengen in Traubenkern\u00f6l enthalten. Dies ist ein unglaublich starkes Antioxidans, das sogar st\u00e4rker als die Vitamine C und E.\u00a0Diese einzigartige Verbindung sch\u00fctzt vor Zell- und Gewebesch\u00e4den,\u00a0die durch freie Radikale verursacht werden. Aufgrund seiner antioxidativen Eigenschaften kann Traubenkern\u00f6l die Hautalterung verlangsamen, indem es freie Radikale in Zellen bindet.<\/p>\n<h3><b>Traubenkern\u00f6l Eigenschaften<\/b><\/h3>\n<p>Nat\u00fcrliches Traubenkern\u00f6l wird bei der komplexen Pflege problematischer Haut verwendet, um besch\u00e4digte Kapillaren und Blutgef\u00e4\u00dfe zu st\u00e4rken und zu regenerieren. Die aktiven Eigenschaften dieses \u00d6ls sind f\u00fcr die Verbesserung der Durchblutung der Venen und kleinen Kapillaren bekannt. Daher wird die Verwendung von Traubenkern\u00f6l f\u00fcr Krampfadern und H\u00e4morrhoiden empfohlen. Traubenkern\u00f6l wird auch als Tr\u00e4ger\u00f6l in der Aromatherapie verwendet.<\/p>\n<h3><b>\u00c4therisches Traubenkern\u00f6l zur Massage<\/b><\/h3>\n<p>Traubenkern\u00f6l ist ideal als Tr\u00e4ger\u00f6l f\u00fcr die Hautpflege und verschiedene Arten von Massagen geeignet, gerade wegen seiner seidigen, zarten und glatten Konsistenz. Es enth\u00e4lt viele Antioxidantien, die essentielle N\u00e4hrstoffe und Enzyme sind, die die Haut vor Sch\u00e4den und Alterung sch\u00fctzen. Nat\u00fcrliches Traubenkern\u00f6l enth\u00e4lt Linols\u00e4ure, eine unges\u00e4ttigte Fetts\u00e4ure, die eine Schl\u00fcsselrolle bei der Erhaltung gesunder Zellmembranen spielt. Traubenkern\u00f6l zieht sanft in die Haut ein und hinterl\u00e4sst eine luftige, feuchtigkeitsspendende Schicht, die zur intensiven Regeneration und Umstrukturierung gesch\u00e4digter und angespannter Hautgewebe beitr\u00e4gt.<\/p>\n<h3><b>Traubenkern\u00f6l f\u00fcr das Haar<\/b><\/h3>\n<p>Traubenkern\u00f6l gilt als eine der besten Kosmetika f\u00fcr Haare. Nat\u00fcrliches Traubenkern\u00f6l ist Oliven\u00f6l in keiner Weise unterlegen und ist ein nat\u00fcrlicher Haarsp\u00fclung. Das \u00e4therische Traubenkern\u00f6l befeuchtet das Haar effektiv, st\u00e4rkt es und verbessert den Gesamtzustand. Es befeuchtet auch die Kopfhaut. Dank der Anwesenheit von Antioxidantien stimuliert Traubenkern\u00f6l das Haarwachstum und sch\u00fctzt es vor den sch\u00e4dlichen Auswirkungen der Umwelt. Traubenkern\u00f6l stellt auf nat\u00fcrliche Weise die Gesundheit der Haare wieder her.<\/p>\n<\/div>\n<\/div>\n<section class=\"related-wrapper\"><\/section>\n","protected":false},"excerpt":{"rendered":"<div class=\"woocommerce-product-details__short-description\">\n<p><b>Marke<\/b>: Nefertiti for natural Oils and herbs<br \/>\n<b>Herkunftsland<\/b>: Italien, Frankreich, Spanien, Russland<br \/>\n<b>Botanischer Name<\/b>: Vitis Vinifera L.<br \/>\n<b>Familie<\/b>: Rafflesiaceae<br \/>\n<b>INCI<\/b>: Vitis Vinifera Traubenkern\u00f6l<br \/>\n<b>Algemeine Namen<\/b>: Muscat, Vitis vinifera, Vitis Vinefera (Trauben) Samenextrakt, Asma, Auzum, einheimische Traube, europ\u00e4ische Traube, Traube, Weinrebe, I\u2019Nab, P\u2019U T\u2019Ao, P\u2019U T\u2019Ao Chiu, Rosine, Roseinekaerne, Tablett, Vid, Vigne, Vine, Vite<br \/>\n<b>Verwendete Teile<\/b>: Samen<br \/>\n<b>Extraktionsmethode<\/b>: kaltgepresst<br \/>\n<b>Duft<\/b>: Schwach s\u00fc\u00df<br \/>\n<b>Aussehen<\/b>: Hellgelb<br \/>\n<b>Physikalischer Zustand<\/b>: Fl\u00fcssigkeit<br \/>\n<b>Nat\u00fcrlich<\/b>: Ja<br \/>\n<b>Reinheit<\/b>: 100 % rein<br \/>\n<b>Zertifiziert<\/b>: ISO, COA &amp; MSDS<br \/>\n<b>Versand<\/b>: Wird an der Kasse berechnet<\/p>\n<\/div>\n","protected":false},"featured_media":12552,"comment_status":"open","ping_status":"closed","template":"","meta":[],"product_brand":[],"product_cat":[190],"product_tag":[],"class_list":{"0":"post-11209","1":"product","2":"type-product","3":"status-publish","4":"has-post-thumbnail","6":"product_cat-essential-oils","8":"first","9":"instock","10":"sale","11":"shipping-taxable","12":"purchasable","13":"product-type-variable","14":"has-default-attributes"},"_links":{"self":[{"href":"https:\/\/airshiptrips.com\/de\/wp-json\/wp\/v2\/product\/11209","targetHints":{"allow":["GET"]}}],"collection":[{"href":"https:\/\/airshiptrips.com\/de\/wp-json\/wp\/v2\/product"}],"about":[{"href":"https:\/\/airshiptrips.com\/de\/wp-json\/wp\/v2\/types\/product"}],"replies":[{"embeddable":true,"href":"https:\/\/airshiptrips.com\/de\/wp-json\/wp\/v2\/comments?post=11209"}],"wp:featuredmedia":[{"embeddable":true,"href":"https:\/\/airshiptrips.com\/de\/wp-json\/wp\/v2\/media\/12552"}],"wp:attachment":[{"href":"https:\/\/airshiptrips.com\/de\/wp-json\/wp\/v2\/media?parent=11209"}],"wp:term":[{"taxonomy":"product_brand","embeddable":true,"href":"https:\/\/airshiptrips.com\/de\/wp-json\/wp\/v2\/product_brand?post=11209"},{"taxonomy":"product_cat","embeddable":true,"href":"https:\/\/airshiptrips.com\/de\/wp-json\/wp\/v2\/product_cat?post=11209"},{"taxonomy":"product_tag","embeddable":true,"href":"https:\/\/airshiptrips.com\/de\/wp-json\/wp\/v2\/product_tag?post=11209"}],"curies":[{"name":"wp","href":"https:\/\/api.w.org\/{rel}","templated":true}]}}