{"id":11198,"date":"2025-10-08T12:23:03","date_gmt":"2025-10-08T12:23:03","guid":{"rendered":"https:\/\/megaroboticsacademy.com\/shop\/unkategorisiert\/skin-allergy-care-kit\/"},"modified":"2025-11-20T23:02:56","modified_gmt":"2025-11-20T23:02:56","slug":"skin-allergy-care-kit","status":"publish","type":"product","link":"https:\/\/airshiptrips.com\/de\/shop\/oil-kits\/skin-allergy-care-kit\/","title":{"rendered":"Hautallergie-Pflegeset"},"content":{"rendered":"<p>Diese perfekte Auswahl an \u00d6len wurde speziell f\u00fcr Hautallergien entwickelt. Alle diese \u00d6le lindern Allergien und ihre Symptome, wodurch die Haut wieder zu ihrem fr\u00fcheren Glanz zur\u00fcckkehrt.<\/p>\n<ul>\n<li><b>Schwarzk\u00fcmmel\u00f6l\u00a0<\/b>hat antibakterielle, entz\u00fcndungshemmende, antihistaminische, antioxidative, antimykotische und antivirale Eigenschaften und ist daher das perfekte Mittel gegen Hauterkrankungen und Wundheilung. Die in diesem \u00d6l enthaltene Kombination aus Vitamin A, Aminos\u00e4uren und Fetts\u00e4uren sorgt f\u00fcr die Reparatur und Regeneration der Haut. Es h\u00e4lt die Feuchtigkeit zur\u00fcck, reduziert R\u00f6tungen, lindert Irritationen und kann heilen und Narben reduzieren. Schwarzk\u00fcmmel\u00f6l ist eine wirksame Waffe gegen Hauterkrankungen wie Ekzeme.<\/li>\n<li><b>Lavendel\u00f6l\u00a0<\/b>wirkt antiseptisch, antimykotisch und wundheilend. Es ist \u00e4u\u00dferst hautschonend, wirkt beruhigend und beruhigend auf Hautreizungen und f\u00f6rdert die Heilung.<\/li>\n<li><b>Zitronen\u00f6l\u00a0<\/b>ist ein nat\u00fcrliches Antihistaminikum, das Entz\u00fcndungsreaktionen abk\u00fchlen kann. Seine antibakteriellen, antiviralen und heilenden Eigenschaften sind bei der Wundbehandlung wirksam und k\u00f6nnen das Bakterienwachstum hemmen. Es wird empfohlen, nach dem Auftragen von Zitronen\u00f6l keine direkte Sonneneinstrahlung zu vermeiden.<\/li>\n<li><b>Tea Tree\u00a0<\/b><b>\u00d6l<\/b>\u00a0kann Schwellungen durch Histamin-induzierte Hautreizungen signifikant verringern. Dieses \u00d6l hat auch antimykotische, antivirale, antiseptische und antibakterielle Eigenschaften. Es wird angenommen, dass die unges\u00e4ttigten Kohlenwasserstoffe, die als Terpene bekannt sind und in Teebaum\u00f6l enthalten sind, das Zellmaterial von Bakterien ausl\u00f6schen. Teebaum\u00f6l reduziert Entz\u00fcndungen erheblich und kann eine willkommene Linderung des Juckreizes bei Allergien bewirken.<\/li>\n<li><b>Pfefferminz\u00f6l\u00a0<\/b>wirkt beruhigend und entspannend auf die Haut. Seine k\u00fchlenden und erfrischenden Eigenschaften k\u00f6nnen Entz\u00fcndungen reduzieren. Pfefferminz\u00f6l ist besonders wirksam gegen Insektenstiche, Giftefeu und Nesselsucht.<\/li>\n<li><b>Eukalyptus\u00f6l\u00a0<\/b>hat entz\u00fcndungshemmende und antiseptische Eigenschaften und ist bekannt f\u00fcr seine schmerzlindernde Qualit\u00e4t. Es k\u00fchlt die Haut ab und lindert sofort Entz\u00fcndungen.<\/li>\n<\/ul>\n","protected":false},"excerpt":{"rendered":"<ul>\n<li style=\"list-style-type: none;\">\n<ul>\n<li>\n<ul>\n<li>\n<ul>\n<li><strong>Schwarzk\u00fcmmel\u00f6l\u00a0\u00a0 \u00a0 \u00a0 \u00a0 \u00a0125ml\u00a0<\/strong><\/li>\n<li><strong>Lavendel\u00f6l\u00a0 \u00a0 \u00a0 \u00a0 \u00a0 \u00a0 \u00a0 \u00a0\u00a0\u00a0 \u00a0 \u00a0 \u00a0\u00a050ml<\/strong><\/li>\n<li>Zitronen\u00f6l\u00a0 \u00a0 \u00a0 \u00a0 \u00a0 \u00a0 \u00a0 \u00a0 \u00a0 \u00a0 \u00a0 \u00a0 \u00a0<strong>50ml<\/strong><\/li>\n<li><strong>Tea Tree \u00d6l\u00a0\u00a0 \u00a0 \u00a0 \u00a0 \u00a0 \u00a0 \u00a0 \u00a0 \u00a0 \u00a0 \u00a050ml<\/strong><\/li>\n<li>Pfefferminz\u00f6l\u00a0\u00a0\u00a0 \u00a0 \u00a0 \u00a0 \u00a0 \u00a0 \u00a0 \u00a0 \u00a0<strong>50ml<\/strong><\/li>\n<li>Eukalyptus\u00f6l\u00a0 \u00a0 \u00a0 \u00a0 \u00a0 \u00a0 \u00a0 \u00a0 \u00a0 \u00a0\u00a0<strong>50ml<\/strong><\/li>\n<\/ul>\n<\/li>\n<\/ul>\n<p><strong>+ Kostenloser Versand<\/strong><\/li>\n<\/ul>\n<\/li>\n<\/ul>\n","protected":false},"featured_media":13535,"comment_status":"open","ping_status":"closed","template":"","meta":[],"product_brand":[],"product_cat":[178],"product_tag":[],"class_list":{"0":"post-11198","1":"product","2":"type-product","3":"status-publish","4":"has-post-thumbnail","6":"product_cat-oil-kits","7":"product_shipping_class-free-shipping","9":"first","10":"instock","11":"sale","12":"shipping-taxable","13":"purchasable","14":"product-type-simple"},"_links":{"self":[{"href":"https:\/\/airshiptrips.com\/de\/wp-json\/wp\/v2\/product\/11198","targetHints":{"allow":["GET"]}}],"collection":[{"href":"https:\/\/airshiptrips.com\/de\/wp-json\/wp\/v2\/product"}],"about":[{"href":"https:\/\/airshiptrips.com\/de\/wp-json\/wp\/v2\/types\/product"}],"replies":[{"embeddable":true,"href":"https:\/\/airshiptrips.com\/de\/wp-json\/wp\/v2\/comments?post=11198"}],"wp:featuredmedia":[{"embeddable":true,"href":"https:\/\/airshiptrips.com\/de\/wp-json\/wp\/v2\/media\/13535"}],"wp:attachment":[{"href":"https:\/\/airshiptrips.com\/de\/wp-json\/wp\/v2\/media?parent=11198"}],"wp:term":[{"taxonomy":"product_brand","embeddable":true,"href":"https:\/\/airshiptrips.com\/de\/wp-json\/wp\/v2\/product_brand?post=11198"},{"taxonomy":"product_cat","embeddable":true,"href":"https:\/\/airshiptrips.com\/de\/wp-json\/wp\/v2\/product_cat?post=11198"},{"taxonomy":"product_tag","embeddable":true,"href":"https:\/\/airshiptrips.com\/de\/wp-json\/wp\/v2\/product_tag?post=11198"}],"curies":[{"name":"wp","href":"https:\/\/api.w.org\/{rel}","templated":true}]}}