{"id":11194,"date":"2025-10-08T12:23:03","date_gmt":"2025-10-08T12:23:03","guid":{"rendered":"https:\/\/megaroboticsacademy.com\/shop\/unkategorisiert\/weight-loss-kit\/"},"modified":"2025-11-20T22:58:54","modified_gmt":"2025-11-20T22:58:54","slug":"weight-loss-kit","status":"publish","type":"product","link":"https:\/\/airshiptrips.com\/de\/shop\/oil-kits\/weight-loss-kit\/","title":{"rendered":"Gewichtsverlust Kit"},"content":{"rendered":"<p>Der Kampf gegen \u00dcbergewicht kann f\u00fcr viele schwierig sein. Deshalb haben wir diese spezielle Reihe von \u00d6len ausgew\u00e4hlt, die einen gesunden und effektiven Gewichtsverlust f\u00f6rdern k\u00f6nnen.<\/p>\n<ul>\n<li><b>Rucola Samen\u00f6l<\/b>\u00a0ist eine nat\u00fcrliche Hilfe im Kampf gegen \u00dcbergewicht. Dieses \u00d6l ist als nat\u00fcrlicher Fettverbrenner bekannt. Es ist reich an Kalzium und Jod sowie den Vitaminen C und K und wirkt sich positiv auf den Stoffwechsel aus. Es unterst\u00fctzt den Verdauungsprozess, indem es Enzyme freisetzt, die die Verdauung erleichtern und die Darmverstopfung beseitigen und f\u00f6rdern Gewichtsverlust.<\/li>\n<li><b>Salat Samen\u00f6l\u00a0<\/b>enth\u00e4lt viel Vitamin A, C und K sowie Mineralien und vor allem Fols\u00e4ure, die eine efKostenloser Versandfiziente Verdauung f\u00f6rdert und den Fettstoffwechsel verbessert. Als nat\u00fcrliches Diuretikum unterst\u00fctzt dieses \u00d6l den Kampf gegen \u00dcbergewicht im Zusammenhang mit Wassereinlagerungen. Eine weitere Hilfe beim Abnehmen ist die F\u00e4higkeit dieses \u00d6ls, ein hungriges Gef\u00fchl zu unterdr\u00fccken.<\/li>\n<li><b>Schwarzk\u00fcmmel\u00f6l<\/b>,\u00a0beladen mit Vitaminen, Mineralien und essentiellen Fetts\u00e4uren, hat antibakterielle und entz\u00fcndungshemmende Eigenschaften. Es ist bekannt, bei der Behandlung von Erkrankungen des Verdauungstrakts zu helfen und Entz\u00fcndungen, die mit Fettleibigkeit verbunden sind, zu verringern und Bl\u00e4hungen zu reduzieren.<\/li>\n<\/ul>\n","protected":false},"excerpt":{"rendered":"<ul>\n<li>\n<ul>\n<li><strong><b>Rucola Samen\u00f6l<\/b>\u00a0\u00a0\u00a0 \u00a0 \u00a0\u00a0200ml\u00a0<\/strong><\/li>\n<li><strong><b>Salat Samen\u00f6l<\/b>\u00a0\u00a0\u00a0 \u00a0 \u00a0 \u00a0 \u00a0\u00a0125ml<\/strong><\/li>\n<li><strong><b>Schwarzk\u00fcmmel\u00f6l<\/b>\u00a0\u00a0\u00a0200ml<\/strong><\/li>\n<\/ul>\n<\/li>\n<\/ul>\n<p><strong>+ Kostenloser Versand<\/strong><\/p>\n","protected":false},"featured_media":13532,"comment_status":"open","ping_status":"closed","template":"","meta":[],"product_brand":[],"product_cat":[178],"product_tag":[],"class_list":{"0":"post-11194","1":"product","2":"type-product","3":"status-publish","4":"has-post-thumbnail","6":"product_cat-oil-kits","7":"product_shipping_class-free-shipping","9":"first","10":"instock","11":"sale","12":"shipping-taxable","13":"purchasable","14":"product-type-simple"},"_links":{"self":[{"href":"https:\/\/airshiptrips.com\/de\/wp-json\/wp\/v2\/product\/11194","targetHints":{"allow":["GET"]}}],"collection":[{"href":"https:\/\/airshiptrips.com\/de\/wp-json\/wp\/v2\/product"}],"about":[{"href":"https:\/\/airshiptrips.com\/de\/wp-json\/wp\/v2\/types\/product"}],"replies":[{"embeddable":true,"href":"https:\/\/airshiptrips.com\/de\/wp-json\/wp\/v2\/comments?post=11194"}],"wp:featuredmedia":[{"embeddable":true,"href":"https:\/\/airshiptrips.com\/de\/wp-json\/wp\/v2\/media\/13532"}],"wp:attachment":[{"href":"https:\/\/airshiptrips.com\/de\/wp-json\/wp\/v2\/media?parent=11194"}],"wp:term":[{"taxonomy":"product_brand","embeddable":true,"href":"https:\/\/airshiptrips.com\/de\/wp-json\/wp\/v2\/product_brand?post=11194"},{"taxonomy":"product_cat","embeddable":true,"href":"https:\/\/airshiptrips.com\/de\/wp-json\/wp\/v2\/product_cat?post=11194"},{"taxonomy":"product_tag","embeddable":true,"href":"https:\/\/airshiptrips.com\/de\/wp-json\/wp\/v2\/product_tag?post=11194"}],"curies":[{"name":"wp","href":"https:\/\/api.w.org\/{rel}","templated":true}]}}