{"id":11185,"date":"2025-10-08T12:23:03","date_gmt":"2025-10-08T12:23:03","guid":{"rendered":"https:\/\/megaroboticsacademy.com\/shop\/unkategorisiert\/tanning-kit\/"},"modified":"2025-11-20T22:50:15","modified_gmt":"2025-11-20T22:50:15","slug":"tanning-kit","status":"publish","type":"product","link":"https:\/\/airshiptrips.com\/de\/shop\/oil-kits\/tanning-kit\/","title":{"rendered":"Br\u00e4unungsset"},"content":{"rendered":"<div class=\"woocommerce-tabs wc-tabs-wrapper\">\n<div id=\"tab-description\" class=\"woocommerce-Tabs-panel woocommerce-Tabs-panel--description panel entry-content wc-tab\" role=\"tabpanel\" aria-labelledby=\"tab-title-description\">\n<p>Eine sch\u00f6ne Br\u00e4une verleiht Ihrer Haut einen strahlenden Glanz, obwohl die Wirkung von UV-Strahlen auch die Gesundheit Ihrer Haut beeintr\u00e4chtigen kann. Die sorgf\u00e4ltig ausgew\u00e4hlten \u00d6le in unserem Br\u00e4unung-set sch\u00fctzen und pflegen Ihre Haut, damit Sie die Sonne sicher genie\u00dfen k\u00f6nnen.<\/p>\n<ul>\n<li><strong>Bronzing \u00d6l<\/strong>\u00a0ist eine exklusive Mischung von Nefertiti, die mit essentiellem Vitamin E, haut liebenden N\u00e4hrstoffen und Feuchtigkeitscremes gef\u00fcllt ist. Mit gro\u00dfz\u00fcgigen Mengen Jojoba\u00f6l, Karotten Samen\u00f6l und Sandelholz \u00d6l wird sowohl der Br\u00e4unungsprozess angeregt als auch Ihre Haut vor diesen sch\u00e4dlichen UV-Strahlen gesch\u00fctzt. Holen Sie sich die gesunde Br\u00e4une, von der Sie immer getr\u00e4umt haben, w\u00e4hrend Ihre Haut gleichzeitig gen\u00e4hrt und mit Feuchtigkeit versorgt wird.<\/li>\n<li><strong>Sun Tan \u00d6l<\/strong>\u00a0ist eine spezielle Mischung, die leicht in die Haut eindringt und Sonnenbrand, UV-Sch\u00e4den und Austrocknung verhindert. Mit den kombinierten Aspekten von Sesam\u00f6l, Mandel\u00f6l, Jojoba\u00f6l, Argan\u00f6l und Patschuli\u00f6l wird Ihre Haut gepflegt und gesch\u00fctzt und f\u00f6rdert eine gleichm\u00e4\u00dfige und lang anhaltende Br\u00e4une.<\/li>\n<li><strong>Aloe Vera Lotion<\/strong>\u00a0ist reich an Vitamin A, C, E, einigen Vitaminen der B-Gruppe, Fols\u00e4ure, Mineralien und einer ausgewogenen Gruppe biologisch aktiver Substanzen. Diese machen es zu einem hervorragenden Antioxidans, wodurch der Oxidationsprozess in den Zellen gehemmt, ihre sch\u00e4dliche Wirkung verringert und die Hautalterung verz\u00f6gert wird. Dies f\u00fchrt zu einer j\u00fcnger aussehenden Haut. Aloe Vera Lotion spendet Feuchtigkeit, um trockene, raue, schuppige, juckende Haut und leichte Hautirritationen zu behandeln und zu verhindern, und stimuliert die Geweberegeneration. Die Poren werden gestrafft und die Haut weicher, was ein jugendlicheres Aussehen erm\u00f6glicht. Aufgrund seiner extrem k\u00fchlenden und beruhigenden Eigenschaften bietet es sofortige Linderung bei Sonnenbrand oder Hautsch\u00e4den und f\u00f6rdert aktiv die Hautreparatur.<\/li>\n<li><strong>Karotten Samen\u00f6l<\/strong>\u00a0enth\u00e4lt Beta-Carotin, einen nat\u00fcrlichen Br\u00e4unung-Beschleuniger, der die Produktion von Melanin stimuliert. Es ist reich an Vitamin A und E und wirkt sich positiv auf die Hautregeneration und den Alterungsprozess aus. Au\u00dferdem strafft und strafft es die Haut.<\/li>\n<\/ul>\n<\/div>\n<\/div>\n<section class=\"related-wrapper\"><\/section>\n","protected":false},"excerpt":{"rendered":"<ul>\n<li>\n<ul>\n<li><strong>Bronzing \u00d6l\u00a0\u00a0\u00a0 \u00a0 \u00a0 \u00a0 \u00a0 \u00a0\u00a060ml\u00a0<\/strong><\/li>\n<li><strong>Sun Tan \u00d6l \u00a0 \u00a0 \u00a0 \u00a0 \u00a0 \u00a0 \u00a0 \u00a0125ml<\/strong><\/li>\n<li><strong>Aloe Vera Lotion\u00a0 \u00a0 \u00a0\u00a0125ml<\/strong><\/li>\n<li><strong>Karotten Samen\u00f6l\u00a0\u00a0\u00a0125ml<\/strong><\/li>\n<\/ul>\n<\/li>\n<\/ul>\n<p><strong>+ Kostenloser Versand<\/strong><\/p>\n","protected":false},"featured_media":13526,"comment_status":"open","ping_status":"closed","template":"","meta":[],"product_brand":[],"product_cat":[178],"product_tag":[],"class_list":{"0":"post-11185","1":"product","2":"type-product","3":"status-publish","4":"has-post-thumbnail","6":"product_cat-oil-kits","7":"product_shipping_class-free-shipping","9":"first","10":"instock","11":"sale","12":"shipping-taxable","13":"purchasable","14":"product-type-simple"},"_links":{"self":[{"href":"https:\/\/airshiptrips.com\/de\/wp-json\/wp\/v2\/product\/11185","targetHints":{"allow":["GET"]}}],"collection":[{"href":"https:\/\/airshiptrips.com\/de\/wp-json\/wp\/v2\/product"}],"about":[{"href":"https:\/\/airshiptrips.com\/de\/wp-json\/wp\/v2\/types\/product"}],"replies":[{"embeddable":true,"href":"https:\/\/airshiptrips.com\/de\/wp-json\/wp\/v2\/comments?post=11185"}],"wp:featuredmedia":[{"embeddable":true,"href":"https:\/\/airshiptrips.com\/de\/wp-json\/wp\/v2\/media\/13526"}],"wp:attachment":[{"href":"https:\/\/airshiptrips.com\/de\/wp-json\/wp\/v2\/media?parent=11185"}],"wp:term":[{"taxonomy":"product_brand","embeddable":true,"href":"https:\/\/airshiptrips.com\/de\/wp-json\/wp\/v2\/product_brand?post=11185"},{"taxonomy":"product_cat","embeddable":true,"href":"https:\/\/airshiptrips.com\/de\/wp-json\/wp\/v2\/product_cat?post=11185"},{"taxonomy":"product_tag","embeddable":true,"href":"https:\/\/airshiptrips.com\/de\/wp-json\/wp\/v2\/product_tag?post=11185"}],"curies":[{"name":"wp","href":"https:\/\/api.w.org\/{rel}","templated":true}]}}