{"id":11181,"date":"2025-10-08T12:23:03","date_gmt":"2025-10-08T12:23:03","guid":{"rendered":"https:\/\/megaroboticsacademy.com\/shop\/unkategorisiert\/relax-and-pain-relieve-kit\/"},"modified":"2025-11-20T22:45:51","modified_gmt":"2025-11-20T22:45:51","slug":"relax-and-pain-relieve-kit","status":"publish","type":"product","link":"https:\/\/airshiptrips.com\/de\/shop\/oil-kits\/relax-and-pain-relieve-kit\/","title":{"rendered":"Entspannungs- und Schmerzlinderungsset"},"content":{"rendered":"<div class=\"woocommerce-tabs wc-tabs-wrapper\">\n<div id=\"tab-description\" class=\"woocommerce-Tabs-panel woocommerce-Tabs-panel--description panel entry-content wc-tab\" role=\"tabpanel\" aria-labelledby=\"tab-title-description\">\n<p>Unsere spezielle Auswahl an beruhigenden und schmerzlindernden \u00d6len. Eine gro\u00dfartige Sammlung, die Ihnen hilft, sich nach einem langen Arbeitstag oder Spiel zu entspannen und Ihren K\u00f6rper und Geist wiederherzustellen.<\/p>\n<ul>\n<li><b>Schmerzlinderndes \u00d6l<\/b>\u00a0ist eine starke entz\u00fcndungshemmende Mischung aus Eukalyptus\u00f6l, Majoran\u00f6l, Schwarzk\u00fcmmel\u00f6l, Fenchel\u00f6l und Sandelholz \u00d6l. Das perfekte \u00d6l f\u00fcr eine wohltuende Massage zur Linderung von Schmerzen, Entz\u00fcndungen oder Gelenkerkrankungen. Es ist sowohl bei degenerativen Erkrankungen wie Schmerzen, Muskelschmerzen und Verstauchungen aufgrund von Sportverletzungen als auch bei Prellungen oder Luxationen von Vorteil. Durch die Erh\u00f6hung der Durchblutung lindert dieses \u00d6l Schmerzen und Verspannungen im ganzen K\u00f6rper.<\/li>\n<li><b>Salat Samen\u00f6l<\/b>\u00a0unterst\u00fctzt das Nervensystem, lindert Stresssituationen und kontrolliert Angstzust\u00e4nde. Dieses \u00d6l f\u00f6rdert ein Gef\u00fchl der Ruhe, das bei Schlafst\u00f6rungen helfen kann. Es ist ein nat\u00fcrliches Schmerzmittel mit analgetischen und entz\u00fcndungshemmenden Eigenschaften. Kopfsalat \u00d6l ist sehr wirksam bei Muskelschmerzen, es kann Kr\u00e4mpfe, Kr\u00e4mpfe und sogar nerv\u00f6se Tics lindern.<\/li>\n<li><b>Lavendel\u00f6l\u00a0<\/b>wirkt beruhigend, beruhigend und mild beruhigend. In Kombination mit seinen antiseptischen, antimykotischen, wundheilenden und desodorierenden Eigenschaften ist es perfekt, um den K\u00f6rper einfach zu behandeln und die schmerzenden Muskeln zu beruhigen.<\/li>\n<li><b>Rosen\u00f6l\u00a0<\/b>als Massage\u00f6l ist bekannt f\u00fcr seinen Wohlf\u00fchlfaktor. Als nat\u00fcrliches Antidepressivum beseitigt sein berauschendes Aroma Stress, Angst und Schmerzen. Seine krampfl\u00f6senden Eigenschaften machen es ideal zur Linderung von Kr\u00e4mpfen und zur Verringerung von Kr\u00e4mpfen in den Atemwegen sowie zur Schmerzlinderung bei Rheuma, Arthritis und Gicht. Rosen\u00f6l ist ein nat\u00fcrliches Antiseptikum. Es verhindert, dass Schnitte und Wunden infiziert werden, und kann sogar die Blutung durch kleinere Verletzungen stoppen.<\/li>\n<li><b>Jasmin\u00f6l<\/b>, das aus den duftenden, sch\u00f6nen wei\u00dfen Bl\u00fcten gewonnen wird, f\u00f6rdert Optimismus und Wohlbefinden. Die beruhigende Wirkung von Jasmin\u00f6l ist wunderbar und es hat die F\u00e4higkeit, ein Gef\u00fchl der Harmonie zu vermitteln. Es hat krampfl\u00f6sende Eigenschaften und hilft, Kr\u00e4mpfe, Koliken und Gelenkschmerzen zu beseitigen.<\/li>\n<\/ul>\n<\/div>\n<\/div>\n<section class=\"related-wrapper\"><\/section>\n","protected":false},"excerpt":{"rendered":"<ul>\n<li style=\"list-style-type: none;\">\n<ul>\n<li>\n<ul>\n<li>\n<ul>\n<li><strong>Schmerzlinderndes \u00d6l \u00a0125ml\u00a0<\/strong><\/li>\n<li><strong>Kopfsalat\u00f6l\u00a0\u00a0 \u00a0 \u00a0 \u00a0 \u00a0 \u00a0 \u00a0 \u00a0 \u00a0 \u00a0 \u00a0 \u00a0125ml<\/strong><\/li>\n<li><strong>Lavendel\u00f6l \u00a0<\/strong>\u00a0 \u00a0 \u00a0 \u00a0 \u00a0 \u00a0 \u00a0 \u00a0 \u00a0 \u00a0 \u00a0 \u00a0\u00a0<strong>50ml<\/strong><\/li>\n<li><strong>Rosen\u00f6l\u00a0\u00a0 \u00a0 \u00a0 \u00a0 \u00a0 \u00a0 \u00a0 \u00a0 \u00a0 \u00a0 \u00a0 \u00a0 \u00a0 \u00a0 \u00a0\u00a050ml<\/strong><\/li>\n<li><strong>Jasmin\u00f6l \u00a0<\/strong>\u00a0 \u00a0 \u00a0 \u00a0 \u00a0 \u00a0 \u00a0 \u00a0 \u00a0 \u00a0 \u00a0 \u00a0 \u00a0 \u00a0\u00a0<strong>50ml<\/strong><\/li>\n<\/ul>\n<\/li>\n<\/ul>\n<p><strong>+ Kostenloser Versand<\/strong><\/li>\n<\/ul>\n<\/li>\n<\/ul>\n","protected":false},"featured_media":13520,"comment_status":"open","ping_status":"closed","template":"","meta":[],"product_brand":[],"product_cat":[178],"product_tag":[],"class_list":{"0":"post-11181","1":"product","2":"type-product","3":"status-publish","4":"has-post-thumbnail","6":"product_cat-oil-kits","7":"product_shipping_class-free-shipping","9":"first","10":"instock","11":"sale","12":"shipping-taxable","13":"purchasable","14":"product-type-simple"},"_links":{"self":[{"href":"https:\/\/airshiptrips.com\/de\/wp-json\/wp\/v2\/product\/11181","targetHints":{"allow":["GET"]}}],"collection":[{"href":"https:\/\/airshiptrips.com\/de\/wp-json\/wp\/v2\/product"}],"about":[{"href":"https:\/\/airshiptrips.com\/de\/wp-json\/wp\/v2\/types\/product"}],"replies":[{"embeddable":true,"href":"https:\/\/airshiptrips.com\/de\/wp-json\/wp\/v2\/comments?post=11181"}],"wp:featuredmedia":[{"embeddable":true,"href":"https:\/\/airshiptrips.com\/de\/wp-json\/wp\/v2\/media\/13520"}],"wp:attachment":[{"href":"https:\/\/airshiptrips.com\/de\/wp-json\/wp\/v2\/media?parent=11181"}],"wp:term":[{"taxonomy":"product_brand","embeddable":true,"href":"https:\/\/airshiptrips.com\/de\/wp-json\/wp\/v2\/product_brand?post=11181"},{"taxonomy":"product_cat","embeddable":true,"href":"https:\/\/airshiptrips.com\/de\/wp-json\/wp\/v2\/product_cat?post=11181"},{"taxonomy":"product_tag","embeddable":true,"href":"https:\/\/airshiptrips.com\/de\/wp-json\/wp\/v2\/product_tag?post=11181"}],"curies":[{"name":"wp","href":"https:\/\/api.w.org\/{rel}","templated":true}]}}