{"id":11177,"date":"2025-10-08T12:23:03","date_gmt":"2025-10-08T12:23:03","guid":{"rendered":"https:\/\/megaroboticsacademy.com\/shop\/unkategorisiert\/man-care-kit\/"},"modified":"2025-11-20T22:09:15","modified_gmt":"2025-11-20T22:09:15","slug":"man-care-kit","status":"publish","type":"product","link":"https:\/\/airshiptrips.com\/de\/shop\/oil-kits\/man-care-kit\/","title":{"rendered":"M\u00e4nner pflegeset"},"content":{"rendered":"<p>Diese bemerkenswerte Auswahl an \u00d6len, die in einem Set erh\u00e4ltlich sind, soll die Gesundheit und das Wohlbefinden von M\u00e4nnern f\u00f6rdern. Alle diese Produkte lassen sich leicht in seinen Alltag integrieren und sorgen daf\u00fcr, dass er au\u00dfen gut gepflegt ist und sich innen gut f\u00fchlt.<\/p>\n<ul>\n<li><b>Rucola Samen \u00d6l<\/b>\u00a0ist ein altes Mittel zur Vorbeugung und Unterst\u00fctzung der Behandlung von erektiler Dysfunktion. Noch wichtiger ist, dass es die m\u00e4nnliche Potenz erh\u00f6ht. Da es reich an Kalium ist, hilft es auch, die Gelenke flexibel zu halten.<\/li>\n<li><b>K\u00fcrbiskern\u00f6l\u00a0<\/b>wird dringend empfohlen, da es das m\u00f6gliche Risiko einer benignen Prostatahyperplasie (BPH oder vergr\u00f6\u00dferte Prostata) in Zukunft verringern kann. F\u00fcr \u00e4ltere M\u00e4nner ist dieses \u00d6l ideal zur Verringerung von Gelenkentz\u00fcndungen durch Arthritis.<\/li>\n<li><b>Argan\u00f6l\u00a0<\/b>ist das perfekte Pflegeprodukt f\u00fcr jeden Mann! Ideal als Aftershave oder Feuchtigkeitscreme f\u00fcr die Haut. Es ist ein gro\u00dfartiges \u00d6l f\u00fcr die Haar- und Bartpflege sowie f\u00fcr die N\u00e4gel. Argan\u00f6l enth\u00e4lt N\u00e4hrstoffe, die helfen k\u00f6nnen, Kahlheit zu verhindern und das Haarwachstum zu f\u00f6rdern.<\/li>\n<\/ul>\n","protected":false},"excerpt":{"rendered":"<ul>\n<li style=\"list-style-type: none;\">\n<ul>\n<li>\n<ul>\n<li>\n<ul>\n<li><strong>Rucola Samen \u00d6l\u00a0\u00a0 \u00a0 \u00a0 \u00a0200ml\u00a0<\/strong><\/li>\n<li><strong>K\u00fcrbiskern\u00f6l\u00a0\u00a0 \u00a0 \u00a0 \u00a0 \u00a0 \u00a0 \u00a0\u00a0200ml<\/strong><\/li>\n<li><strong>Argan\u00f6l\u00a0\u00a0 \u00a0 \u00a0 \u00a0 \u00a0 \u00a0 \u00a0 \u00a0 \u00a0 \u00a0 \u00a0 \u00a0 \u00a060ml<\/strong><\/li>\n<\/ul>\n<\/li>\n<\/ul>\n<p><strong>+ Kostenloser Versand<\/strong><\/li>\n<\/ul>\n<\/li>\n<\/ul>\n<p><strong><span style=\"font-size: 12pt;\"><span style=\"color: #ff6600;\">\u00a0<\/span><\/span><\/strong><\/p>\n","protected":false},"featured_media":13517,"comment_status":"open","ping_status":"closed","template":"","meta":[],"product_brand":[],"product_cat":[178],"product_tag":[],"class_list":{"0":"post-11177","1":"product","2":"type-product","3":"status-publish","4":"has-post-thumbnail","6":"product_cat-oil-kits","7":"product_shipping_class-free-shipping","9":"first","10":"instock","11":"sale","12":"shipping-taxable","13":"purchasable","14":"product-type-simple"},"_links":{"self":[{"href":"https:\/\/airshiptrips.com\/de\/wp-json\/wp\/v2\/product\/11177","targetHints":{"allow":["GET"]}}],"collection":[{"href":"https:\/\/airshiptrips.com\/de\/wp-json\/wp\/v2\/product"}],"about":[{"href":"https:\/\/airshiptrips.com\/de\/wp-json\/wp\/v2\/types\/product"}],"replies":[{"embeddable":true,"href":"https:\/\/airshiptrips.com\/de\/wp-json\/wp\/v2\/comments?post=11177"}],"wp:featuredmedia":[{"embeddable":true,"href":"https:\/\/airshiptrips.com\/de\/wp-json\/wp\/v2\/media\/13517"}],"wp:attachment":[{"href":"https:\/\/airshiptrips.com\/de\/wp-json\/wp\/v2\/media?parent=11177"}],"wp:term":[{"taxonomy":"product_brand","embeddable":true,"href":"https:\/\/airshiptrips.com\/de\/wp-json\/wp\/v2\/product_brand?post=11177"},{"taxonomy":"product_cat","embeddable":true,"href":"https:\/\/airshiptrips.com\/de\/wp-json\/wp\/v2\/product_cat?post=11177"},{"taxonomy":"product_tag","embeddable":true,"href":"https:\/\/airshiptrips.com\/de\/wp-json\/wp\/v2\/product_tag?post=11177"}],"curies":[{"name":"wp","href":"https:\/\/api.w.org\/{rel}","templated":true}]}}