{"id":11173,"date":"2025-10-08T12:23:05","date_gmt":"2025-10-08T12:23:05","guid":{"rendered":"https:\/\/megaroboticsacademy.com\/shop\/unkategorisiert\/honeymoon-kit\/"},"modified":"2025-11-20T22:01:59","modified_gmt":"2025-11-20T22:01:59","slug":"honeymoon-kit","status":"publish","type":"product","link":"https:\/\/airshiptrips.com\/de\/shop\/oil-kits\/honeymoon-kit\/","title":{"rendered":"Flitterwochen-Set"},"content":{"rendered":"<div class=\"woocommerce-tabs wc-tabs-wrapper\">\n<div id=\"tab-description\" class=\"woocommerce-Tabs-panel woocommerce-Tabs-panel--description panel entry-content wc-tab\" role=\"tabpanel\" aria-labelledby=\"tab-title-description\">\n<p>Stellen Sie Ihre \u201eFlitter Stimmung\u201c mit dieser liebenswerten \u00d6lkollektion ein, die speziell ausgew\u00e4hlt wurde, um Ihre ersten intimen Momente unvergesslich zu machen. Diese \u00d6le beseitigen Nervosit\u00e4t und Selbstzweifel und erm\u00f6glichen es Ihnen, sich zu entspannen und jeden gl\u00fcckseligen Moment zu Beginn Ihres neuen gemeinsamen Lebens zu genie\u00dfen.<\/p>\n<ul>\n<li><b>Rucola Samen \u00d6l<\/b>\u00a0kann sicherstellen, dass diese besonderen Momente ohne \u201eLampenfieber\u201c auskommen! Dieses Mittel wurde von den alten \u00c4gyptern verwendet, um die m\u00e4nnliche Potenz zu verl\u00e4ngern, erektile Dysfunktion zu zerstreuen und die intimsten Momente mit erweiterter Sensibilit\u00e4t und Leidenschaft zu unterst\u00fctzen.<\/li>\n<li><b>Lavendel\u00f6l\u00a0<\/b>mit seinem s\u00fc\u00dfen, frischen und beruhigenden Aroma wirkt beruhigend und entspannend auf K\u00f6rper und Geist und beseitigt effektiv Angst und Stress. Es soll den Blutfluss bei M\u00e4nnern erh\u00f6hen und die Erregung verst\u00e4rken. Lavendel\u00f6l eignet sich auch perfekt als entspannendes Massage\u00f6l.<\/li>\n<li><b>Ylang Ylang \u00d6l<\/b>\u00a0\u2013 der exotischste und romantischste Duft! Dieses \u00d6l ist ein wahrer Stimmungsverst\u00e4rker, der Depressionen und Angstzust\u00e4nde beseitigen kann. Lassen Sie dieses sch\u00f6ne Aroma eine gl\u00fcckselige Stimmung einstellen. Es ist auch bekannt, dass es ein starkes Aphrodisiakum ist, das energetisiert, das sexuelle Verlangen und die sexuelle Anziehungskraft erh\u00f6ht und mit Gef\u00fchlen der Euphorie verbunden ist.<\/li>\n<li><b>Maigl\u00f6ckchen \u00d6l\u00a0<\/b>hat einen s\u00fc\u00dfen, subtilen Duft, der die Ruhe f\u00f6rdert, Angstzust\u00e4nde und Unruhe reduziert. Auch dieses \u00d6l ist ein starkes, erhebendes Aphrodisiakum, es entz\u00fcndet Gl\u00fcck und Freude und vermittelt gleichzeitig ein Gef\u00fchl der Sicherheit.<\/li>\n<li><b>Jasmin \u00d6l<\/b>,\u00a0das aus den duftenden, sch\u00f6nen wei\u00dfen Bl\u00fcten gewonnen wird, f\u00f6rdert Optimismus und ein Gef\u00fchl des Wohlbefindens, wirkt wunderbar beruhigend und vermittelt ein Gef\u00fchl der Harmonie. Dieses k\u00f6stliche Aroma ist seit langem mit Liebesbeziehungen verbunden und hilft, die Fantasie und Kreativit\u00e4t zu entwickeln und gleichzeitig das Selbstvertrauen zu st\u00e4rken.<\/li>\n<\/ul>\n<\/div>\n<\/div>\n<section class=\"related-wrapper\"><\/section>\n","protected":false},"excerpt":{"rendered":"<ul>\n<li style=\"list-style-type: none;\">\n<ul>\n<li>\n<ul>\n<li>\n<ul>\n<li><strong><b>Rucola Samen\u00f6l<\/b>\u00a0\u00a0 \u00a0 \u00a0 \u00a0\u00a0200ml<\/strong><\/li>\n<li><strong><b>Lavendel\u00f6l<\/b>\u00a0\u00a0 \u00a0 \u00a0 \u00a0 \u00a0 \u00a0 \u00a0 \u00a0 \u00a0 \u00a0 \u00a050ml<\/strong><\/li>\n<li><strong><b>Ylang Ylang \u00d6l<\/b>\u00a0\u00a0 \u00a0 \u00a0 \u00a0 \u00a0 \u00a0 \u00a0\u00a050ml<\/strong><\/li>\n<li><strong><b>Maigl\u00f6ckchen \u00f6l\u00a0 \u00a0 \u00a0\u00a0<\/b>\u00a0\u00a0 \u00a0 \u00a050ml<\/strong><\/li>\n<li><strong><b>Jasmin \u00d6l\u00a0 \u00a0 \u00a0 \u00a0 \u00a0<\/b>\u00a0\u00a0 \u00a0 \u00a0 \u00a0 \u00a0 \u00a0 \u00a0 \u00a050ml<\/strong><\/li>\n<\/ul>\n<\/li>\n<\/ul>\n<p><strong>+ Kostenloser Versand<\/strong><\/li>\n<\/ul>\n<\/li>\n<\/ul>\n","protected":false},"featured_media":13099,"comment_status":"open","ping_status":"closed","template":"","meta":[],"product_brand":[],"product_cat":[178],"product_tag":[],"class_list":{"0":"post-11173","1":"product","2":"type-product","3":"status-publish","4":"has-post-thumbnail","6":"product_cat-oil-kits","7":"product_shipping_class-free-shipping","9":"first","10":"instock","11":"sale","12":"shipping-taxable","13":"purchasable","14":"product-type-simple"},"_links":{"self":[{"href":"https:\/\/airshiptrips.com\/de\/wp-json\/wp\/v2\/product\/11173","targetHints":{"allow":["GET"]}}],"collection":[{"href":"https:\/\/airshiptrips.com\/de\/wp-json\/wp\/v2\/product"}],"about":[{"href":"https:\/\/airshiptrips.com\/de\/wp-json\/wp\/v2\/types\/product"}],"replies":[{"embeddable":true,"href":"https:\/\/airshiptrips.com\/de\/wp-json\/wp\/v2\/comments?post=11173"}],"wp:featuredmedia":[{"embeddable":true,"href":"https:\/\/airshiptrips.com\/de\/wp-json\/wp\/v2\/media\/13099"}],"wp:attachment":[{"href":"https:\/\/airshiptrips.com\/de\/wp-json\/wp\/v2\/media?parent=11173"}],"wp:term":[{"taxonomy":"product_brand","embeddable":true,"href":"https:\/\/airshiptrips.com\/de\/wp-json\/wp\/v2\/product_brand?post=11173"},{"taxonomy":"product_cat","embeddable":true,"href":"https:\/\/airshiptrips.com\/de\/wp-json\/wp\/v2\/product_cat?post=11173"},{"taxonomy":"product_tag","embeddable":true,"href":"https:\/\/airshiptrips.com\/de\/wp-json\/wp\/v2\/product_tag?post=11173"}],"curies":[{"name":"wp","href":"https:\/\/api.w.org\/{rel}","templated":true}]}}