{"id":11169,"date":"2025-10-08T12:23:04","date_gmt":"2025-10-08T12:23:04","guid":{"rendered":"https:\/\/megaroboticsacademy.com\/shop\/unkategorisiert\/fruity-aroma-kit\/"},"modified":"2025-11-20T21:54:01","modified_gmt":"2025-11-20T21:54:01","slug":"fruity-aroma-kit","status":"publish","type":"product","link":"https:\/\/airshiptrips.com\/de\/shop\/oil-kits\/fruity-aroma-kit\/","title":{"rendered":"Fruchtaroma-Set"},"content":{"rendered":"<ul>\n<li>\n<ul>\n<li><b>Mango \u00d6l<\/b>, das aufgrund seiner antioxidativen und pflegenden Eigenschaften von diesem \u201eK\u00f6nig der Fr\u00fcchte\u201c gewonnen wird, hat ein s\u00fc\u00dfes, tropisches Zitronenaroma. Es wirkt beruhigend auf den Geist und entspannt den K\u00f6rper. Dieses \u00e4therische \u00d6l ist reich an Fetts\u00e4uren, Vitaminen und Mineralstoffen und spendet der Haut tiefe Feuchtigkeit, neutralisiert Giftstoffe, erzeugt eine Erneuerung der Hautzellen, verhindert so die Bildung neuer Linien und Falten und hat hervorragende heilende Eigenschaften. Es ist auch gro\u00dfartig bei der F\u00f6rderung und Pflege von gesundem, dickem Haar. Mango \u00d6l kann auch verwendet werden, um die durch Insektenstiche und Verbrennungen verursachten Schmerzen und Entz\u00fcndungen zu lindern.<\/li>\n<li><b>Grapefruit \u00d6l<\/b>\u00a0ist eines der \u00e4ltesten verwendeten Aroma\u00f6le, das erfrischt, das geistige Bewusstsein st\u00e4rkt und die morgendliche Schl\u00e4frigkeit beseitigt. Dieses \u00d6l f\u00f6rdert die Gesundheit und ist daf\u00fcr bekannt, den Stoffwechsel anzukurbeln und Hei\u00dfhunger und Appetit zu reduzieren, ein ausgezeichneter Verb\u00fcndeter im Kampf gegen \u00dcbergewicht. Grapefruit \u00d6l ist als nat\u00fcrlicher Toner f\u00fcr die Haut bekannt und eignet sich besonders zur Kontrolle der Talgproduktion bei fettiger Haut und fettigem Haar. Die antimikrobiellen und entz\u00fcndungshemmenden Eigenschaften reinigen die Haut effektiv und helfen bei der Bek\u00e4mpfung von Akne.<\/li>\n<li><b>Orangen\u00f6l\u00a0<\/b>ist ein erhebender Duft, der Geist und Seele mit einem Gef\u00fchl des Wohlbefindens erf\u00fcllt, Verspannungen reduziert und ein gro\u00dfartiges Mittel gegen durch Angst verursachte Schlaflosigkeit ist. Es wird besonders als therapeutische Massage zur Behandlung von Neuralgie, Fettleibigkeit, Cellulite und Myositis empfohlen. Orangen\u00f6l verbessert die Hautelastizit\u00e4t, pflegt trockene und gereizte Haut, beseitigt Giftstoffe aus dem K\u00f6rper und bek\u00e4mpft Cellulite. Denken Sie daran, es auch als nat\u00fcrliches Insektizid zu verwenden, um diese bei\u00dfenden Insekten fernzuhalten.<\/li>\n<li><b>Zitronen\u00f6l\u00a0<\/b>hat ein belebendes Aroma, verringert Depressionen und Stress und stellt die Konzentration und Positivit\u00e4t wieder her. Dieses \u00d6l ist ein ausgezeichnetes Mittel gegen \u00dcbelkeit, Kopfschmerzen und Schwindel. Es ist antibakteriell, antiviral und hat heilende Wirkungen zur Behandlung von Schnitten, Furunkeln und Warzen. Zitronen\u00f6l ist ideal f\u00fcr fettige und problematische Haut, um sie zu straffen und zu reinigen. Es hilft auch, die Poren zu verkleinern und die Haut aufzuhellen. Zus\u00e4tzlich bek\u00e4mpft fettiges Haar und reinigt die Kopfhaut.<\/li>\n<li><b>Bergamotte \u00d6l\u00a0<\/b>beseitigt unangenehme Gedanken und Negativit\u00e4t und f\u00f6rdert an seiner Stelle Kreativit\u00e4t und Positivit\u00e4t. Dieses \u00d6l mit seinem w\u00fcrzigen Zitronenaroma hat krampfl\u00f6sende, fiebersenkende, antiseptische, antimykotische und antidepressive Eigenschaften und stimuliert das Immunsystem. Es ist ein ausgezeichnetes Hilfsmittel f\u00fcr die Haut, um das Gleichgewicht und die Fettigkeit der Haut wiederherzustellen, die Hauterkrankungen und Wunden zu verbessern, gro\u00dfe Poren zu behandeln und die Haut insgesamt zu straffen und zu erfrischen. Es ist auch bekannt, dass Bergamotte \u00d6l die Blutgef\u00e4\u00dfe st\u00e4rkt, den Cholesterinspiegel im Blut senkt, die Temperatur senkt und als Aphrodisiakum wirkt.F\u00fchlen Sie sich von morgens bis abends lebendig und belebt mit dieser Vielfalt an erfrischenden und fruchtigen D\u00fcften, die alle eine Vielzahl von M\u00f6glichkeiten bieten und Sie an warme und tropische Orte entf\u00fchren.<\/li>\n<\/ul>\n<\/li>\n<\/ul>\n","protected":false},"excerpt":{"rendered":"<ul>\n<li>\n<ul>\n<li><strong>Mango \u00d6l\u00a0\u00a0 \u00a0 \u00a0 \u00a0 \u00a0 \u00a0 \u00a0\u00a0\u00a0\u00a0\u00a0 \u00a0 \u00a0 \u00a0 \u00a050ml\u00a0<\/strong><\/li>\n<li><strong>Grapefruit \u00d6l \u00a0 \u00a0 \u00a0 \u00a0 \u00a0 \u00a0 \u00a0 \u00a0 \u00a050ml<\/strong><\/li>\n<li><strong>Orangen\u00f6l\u00a0 \u00a0 \u00a0 \u00a0 \u00a0 \u00a0 \u00a0 \u00a0 \u00a0 \u00a0 \u00a0 \u00a0\u00a050ml<\/strong><\/li>\n<li><strong>Zitronen\u00f6l \u00a0 \u00a0 \u00a0 \u00a0 \u00a0 \u00a0 \u00a0 \u00a0 \u00a0 \u00a0 \u00a0 \u00a0\u00a050ml<\/strong><\/li>\n<li><strong>Bergamotte \u00d6l \u00a0 \u00a0 \u00a0 \u00a0 \u00a0 \u00a0 \u00a0 \u00a0\u00a050ml<\/strong><\/li>\n<\/ul>\n<\/li>\n<\/ul>\n<p><strong>+ Kostenloser Versand<\/strong><\/p>\n","protected":false},"featured_media":13096,"comment_status":"open","ping_status":"closed","template":"","meta":[],"product_brand":[],"product_cat":[178],"product_tag":[],"class_list":{"0":"post-11169","1":"product","2":"type-product","3":"status-publish","4":"has-post-thumbnail","6":"product_cat-oil-kits","7":"product_shipping_class-free-shipping","9":"first","10":"instock","11":"sale","12":"shipping-taxable","13":"purchasable","14":"product-type-simple"},"_links":{"self":[{"href":"https:\/\/airshiptrips.com\/de\/wp-json\/wp\/v2\/product\/11169","targetHints":{"allow":["GET"]}}],"collection":[{"href":"https:\/\/airshiptrips.com\/de\/wp-json\/wp\/v2\/product"}],"about":[{"href":"https:\/\/airshiptrips.com\/de\/wp-json\/wp\/v2\/types\/product"}],"replies":[{"embeddable":true,"href":"https:\/\/airshiptrips.com\/de\/wp-json\/wp\/v2\/comments?post=11169"}],"wp:featuredmedia":[{"embeddable":true,"href":"https:\/\/airshiptrips.com\/de\/wp-json\/wp\/v2\/media\/13096"}],"wp:attachment":[{"href":"https:\/\/airshiptrips.com\/de\/wp-json\/wp\/v2\/media?parent=11169"}],"wp:term":[{"taxonomy":"product_brand","embeddable":true,"href":"https:\/\/airshiptrips.com\/de\/wp-json\/wp\/v2\/product_brand?post=11169"},{"taxonomy":"product_cat","embeddable":true,"href":"https:\/\/airshiptrips.com\/de\/wp-json\/wp\/v2\/product_cat?post=11169"},{"taxonomy":"product_tag","embeddable":true,"href":"https:\/\/airshiptrips.com\/de\/wp-json\/wp\/v2\/product_tag?post=11169"}],"curies":[{"name":"wp","href":"https:\/\/api.w.org\/{rel}","templated":true}]}}