{"id":11161,"date":"2025-10-08T12:23:04","date_gmt":"2025-10-08T12:23:04","guid":{"rendered":"https:\/\/megaroboticsacademy.com\/shop\/unkategorisiert\/floral-scents-kit\/"},"modified":"2025-11-20T21:34:01","modified_gmt":"2025-11-20T21:34:01","slug":"floral-scents-kit","status":"publish","type":"product","link":"https:\/\/airshiptrips.com\/de\/shop\/oil-kits\/floral-scents-kit\/","title":{"rendered":"Blumend\u00fcfte\u200c \u200cSet\u200c \u200c \u200c"},"content":{"rendered":"<p>Dieses Set enth\u00e4lt eine wunderbare Vielfalt an Blumend\u00fcften, die speziell f\u00fcr Ihr inneres Wohlbefinden entwickelt wurden. Geben Sie sich unabh\u00e4ngig von Ihrer Stimmung diesen duftenden Freuden hin, um K\u00f6rper, Geist und Seele wiederherzustellen.<\/p>\n<ul>\n<li><b>Jasmin \u00d6l<\/b>,\u00a0das aus den duftenden, wundersch\u00f6nen wei\u00dfen Bl\u00fcten gewonnen wird, f\u00f6rdert Optimismus und Wohlbefinden, wirkt wunderbar beruhigend und vermittelt ein Gef\u00fchl der Harmonie. Dieses k\u00f6stliche Aroma ist seit langem mit Liebesbeziehungen verbunden und hilft, Fantasie und Kreativit\u00e4t zu entwickeln und gleichzeitig das Selbstbewusstsein zu st\u00e4rken.<\/li>\n<li><b>Lotus \u00d6l\u00a0<\/b>hat ein s\u00fc\u00dfes Blumenaroma und wird aus den exotischen Lotus Bl\u00fcten gewonnen, die in vielen Kulturen als Symbol f\u00fcr Selbstregeneration, Wiedergeburt und Reinheit angesehen werden. Mit seinen entspannenden F\u00e4higkeiten l\u00f6st es Verspannungen und f\u00f6rdert die Ruhe, eine gro\u00dfartige Erg\u00e4nzung f\u00fcr die Meditation.<\/li>\n<li><b>Flieder\u00f6l\u00a0<\/b>hat einen intensiv s\u00fc\u00dfen Geruch, der Romantik und unschuldige Liebe symbolisiert. Dieses \u00d6l gleicht Geist und Seele aus und beruhigt sie, was zu Frieden und Wohlbefinden f\u00fchrt.<\/li>\n<li><b>Gardenia \u00d6l<\/b>\u00a0mit seinem exotischen sinnlichen blumigen Duft vermittelt ein Gef\u00fchl von Harmonie und Freude, befreit Sie von Spannungen und f\u00f6rdert das Selbstbewusstsein. Gardenia \u00d6l lindert hervorragend Kopfschmerzen, reduziert M\u00fcdigkeit und beugt Schlaflosigkeit vor.<\/li>\n<li><b>Violettes \u00d6l<\/b>\u00a0und sein weicher, subtiler Duft verringern emotionalen Stress und Aufruhr. Es kann bei Schlafst\u00f6rungen helfen, indem es die innere Ruhe f\u00f6rdert. Das \u00d6l stimuliert die Freisetzung von Endorphinen und hat aphrodisierende Eigenschaften.<\/li>\n<\/ul>\n","protected":false},"excerpt":{"rendered":"<ul>\n<li style=\"list-style-type: none;\">\n<ul>\n<li>\n<ul>\n<li>\n<ul>\n<li><strong>Jasmin \u00d6l\u00a0\u00a0 \u00a0 \u00a0\u00a0\u00a050ml\u00a0<\/strong><\/li>\n<li><strong>Lotus \u00d6l \u00a0 \u00a0 \u00a0 \u00a0 \u00a0\u00a050ml<\/strong><\/li>\n<li><strong>Flieder\u00f6l\u00a0 \u00a0 \u00a0 \u00a0 \u00a0\u00a050ml<\/strong><\/li>\n<li><strong>Gardenia \u00d6l \u00a0 \u00a050ml<\/strong><\/li>\n<li><strong>Violettes \u00d6l\u00a0 \u00a0 \u00a050ml<\/strong><\/li>\n<\/ul>\n<\/li>\n<\/ul>\n<p><strong>+ Kostenloser Versand<\/strong><\/li>\n<\/ul>\n<\/li>\n<\/ul>\n","protected":false},"featured_media":13090,"comment_status":"open","ping_status":"closed","template":"","meta":[],"product_brand":[],"product_cat":[178],"product_tag":[],"class_list":{"0":"post-11161","1":"product","2":"type-product","3":"status-publish","4":"has-post-thumbnail","6":"product_cat-oil-kits","7":"product_shipping_class-free-shipping","9":"first","10":"instock","11":"sale","12":"shipping-taxable","13":"purchasable","14":"product-type-simple"},"_links":{"self":[{"href":"https:\/\/airshiptrips.com\/de\/wp-json\/wp\/v2\/product\/11161","targetHints":{"allow":["GET"]}}],"collection":[{"href":"https:\/\/airshiptrips.com\/de\/wp-json\/wp\/v2\/product"}],"about":[{"href":"https:\/\/airshiptrips.com\/de\/wp-json\/wp\/v2\/types\/product"}],"replies":[{"embeddable":true,"href":"https:\/\/airshiptrips.com\/de\/wp-json\/wp\/v2\/comments?post=11161"}],"wp:featuredmedia":[{"embeddable":true,"href":"https:\/\/airshiptrips.com\/de\/wp-json\/wp\/v2\/media\/13090"}],"wp:attachment":[{"href":"https:\/\/airshiptrips.com\/de\/wp-json\/wp\/v2\/media?parent=11161"}],"wp:term":[{"taxonomy":"product_brand","embeddable":true,"href":"https:\/\/airshiptrips.com\/de\/wp-json\/wp\/v2\/product_brand?post=11161"},{"taxonomy":"product_cat","embeddable":true,"href":"https:\/\/airshiptrips.com\/de\/wp-json\/wp\/v2\/product_cat?post=11161"},{"taxonomy":"product_tag","embeddable":true,"href":"https:\/\/airshiptrips.com\/de\/wp-json\/wp\/v2\/product_tag?post=11161"}],"curies":[{"name":"wp","href":"https:\/\/api.w.org\/{rel}","templated":true}]}}