{"id":11156,"date":"2025-10-08T12:22:47","date_gmt":"2025-10-08T12:22:47","guid":{"rendered":"https:\/\/megaroboticsacademy.com\/shop\/unkategorisiert\/cold-defender-kit\/"},"modified":"2025-11-20T21:29:11","modified_gmt":"2025-11-20T21:29:11","slug":"cold-defender-kit","status":"publish","type":"product","link":"https:\/\/airshiptrips.com\/de\/shop\/oil-kits\/cold-defender-kit\/","title":{"rendered":"Erk\u00e4ltungsverteidiger Set"},"content":{"rendered":"<div class=\"woocommerce-tabs wc-tabs-wrapper\">\n<div id=\"tab-description\" class=\"woocommerce-Tabs-panel woocommerce-Tabs-panel--description panel entry-content wc-tab\" role=\"tabpanel\" aria-labelledby=\"tab-title-description\">\n<p>Erk\u00e4ltung ist ein sehr bekanntes Virus, dem wir normalerweise unwissentlich ausgesetzt sind. Jede \u00c4nderung des Wetters oder pers\u00f6nliche Stressprobleme k\u00f6nnen uns anf\u00e4lliger machen, und wir k\u00f6nnen krank werden, wenn wir es am wenigsten erwarten und zum ung\u00fcnstigsten Zeitpunkt. Mit diesem Set speziell ausgew\u00e4hlter Produkte haben Sie das perfekte Werkzeug, um Ihre Gesundheit zu unterst\u00fctzen oder um im Handumdrehen wieder auf die Beine zu kommen.<\/p>\n<ul>\n<li><b>Schwarzk\u00fcmmel\u00f6l\u00a0<\/b>ist ein starker Immunmodulator. Es enth\u00e4lt antibakterielle, antivirale, anti-histaminische und entz\u00fcndungshemmende Eigenschaften, stellt das Immunsystem wieder her und hilft schnell, Erkrankungen der oberen Atemwege wie Sinusitis, trockener Husten, Bronchitis, Erk\u00e4ltungen, Mandelentz\u00fcndung usw. zu beseitigen.<\/li>\n<li><b>Pfefferminz\u00f6l\u00a0<\/b>ist eine nat\u00fcrliche Erk\u00e4ltungs- und Grippebehandlung mit antiviralen, antibakteriellen und antiseptischen Eigenschaften. Als nat\u00fcrliches abschwellendes Mittel lindert es wirksam Erk\u00e4ltung, Nasennebenh\u00f6hlenentz\u00fcndung, Husten und verstopfte Nase. Verwenden Sie es als Brustmassage gemischt mit einem Tr\u00e4ger\u00f6l oder geben Sie ein paar Tropfen in einen Luftbefeuchter. Versuchen Sie einen Pfefferminz\u00f6l Dampf, um eine verstopfte Nase zu reinigen und den st\u00f6renden Husten zu stoppen. Dieses \u00d6l ist auch gro\u00dfartig, um Kopfschmerzen zu lindern, die mit Erk\u00e4ltungen und Stauungen verbunden sind.<\/li>\n<li><b>Majoran\u00f6l\u00a0<\/b>hat antivirale und antibakterielle Eigenschaften und sein hoher Gehalt an Eukalyptol macht es zu einem gro\u00dfartigen Aroma gegen Erk\u00e4ltungen und Grippe. Es lindert Verstopfungen in den Luftwegen, erleichtert das Atmen und beseitigt die damit verbundenen Symptome wie Husten und Kopfschmerzen.<\/li>\n<li><b>Zitronengras-Tee<\/b>\u00a0ist voller Vitamine, Mineralien und Spurenelemente. Mit seinen antimikrobiellen und antimykotischen Eigenschaften ist es ein nat\u00fcrlicher Immunverst\u00e4rker, der Infektionen und Viren abt\u00f6tet und einen klaren Geist unterst\u00fctzt.<\/li>\n<\/ul>\n<\/div>\n<\/div>\n<section class=\"related-wrapper\"><\/section>\n","protected":false},"excerpt":{"rendered":"<div>\n<ul>\n<li>\n<ul>\n<li><strong>Schwarzk\u00fcmmel\u00f6l \u00a0<\/strong>\u00a0 \u00a0 \u00a0 \u00a0 \u00a0 \u00a0 \u00a0\u00a0<strong>300ml\u00a0<\/strong><\/li>\n<li><strong>Pfefferminz\u00f6l<\/strong>\u00a0 \u00a0 \u00a0 \u00a0 \u00a0 \u00a0 \u00a0 \u00a0 \u00a0 \u00a0 \u00a0 \u00a0 \u00a0 \u00a0 \u00a0<strong>50ml<\/strong><\/li>\n<li><strong>Majoran \u00e4therisches \u00d6l\u00a0<\/strong>\u00a0 \u00a0 \u00a0 \u00a0\u00a0<strong>60ml\u00a0\u00a0<\/strong><\/li>\n<li><strong>Zitronengras-Tee\u00a0 \u00a0 \u00a0 \u00a0 \u00a0 \u00a0 \u00a0 \u00a0 \u00a0 \u00a0 \u00a0100g\u00a0\u00a0<\/strong><\/li>\n<\/ul>\n<\/li>\n<\/ul>\n<\/div>\n<p><strong>\u00a0 \u00a0 \u00a0 \u00a0+ KOSTENLOSER VERSAND<\/strong><\/p>\n","protected":false},"featured_media":13087,"comment_status":"open","ping_status":"closed","template":"","meta":[],"product_brand":[],"product_cat":[178],"product_tag":[],"class_list":{"0":"post-11156","1":"product","2":"type-product","3":"status-publish","4":"has-post-thumbnail","6":"product_cat-oil-kits","7":"product_shipping_class-free-shipping","9":"first","10":"instock","11":"sale","12":"shipping-taxable","13":"purchasable","14":"product-type-simple"},"_links":{"self":[{"href":"https:\/\/airshiptrips.com\/de\/wp-json\/wp\/v2\/product\/11156","targetHints":{"allow":["GET"]}}],"collection":[{"href":"https:\/\/airshiptrips.com\/de\/wp-json\/wp\/v2\/product"}],"about":[{"href":"https:\/\/airshiptrips.com\/de\/wp-json\/wp\/v2\/types\/product"}],"replies":[{"embeddable":true,"href":"https:\/\/airshiptrips.com\/de\/wp-json\/wp\/v2\/comments?post=11156"}],"wp:featuredmedia":[{"embeddable":true,"href":"https:\/\/airshiptrips.com\/de\/wp-json\/wp\/v2\/media\/13087"}],"wp:attachment":[{"href":"https:\/\/airshiptrips.com\/de\/wp-json\/wp\/v2\/media?parent=11156"}],"wp:term":[{"taxonomy":"product_brand","embeddable":true,"href":"https:\/\/airshiptrips.com\/de\/wp-json\/wp\/v2\/product_brand?post=11156"},{"taxonomy":"product_cat","embeddable":true,"href":"https:\/\/airshiptrips.com\/de\/wp-json\/wp\/v2\/product_cat?post=11156"},{"taxonomy":"product_tag","embeddable":true,"href":"https:\/\/airshiptrips.com\/de\/wp-json\/wp\/v2\/product_tag?post=11156"}],"curies":[{"name":"wp","href":"https:\/\/api.w.org\/{rel}","templated":true}]}}