{"id":11152,"date":"2025-10-08T12:23:04","date_gmt":"2025-10-08T12:23:04","guid":{"rendered":"https:\/\/megaroboticsacademy.com\/shop\/unkategorisiert\/anti-aging-kit\/"},"modified":"2025-11-20T21:22:05","modified_gmt":"2025-11-20T21:22:05","slug":"anti-aging-kit","status":"publish","type":"product","link":"https:\/\/airshiptrips.com\/de\/shop\/oil-kits\/anti-aging-kit\/","title":{"rendered":"Anti-Aging-Kit"},"content":{"rendered":"<div class=\"woocommerce-tabs wc-tabs-wrapper\">\n<div id=\"tab-description\" class=\"woocommerce-Tabs-panel woocommerce-Tabs-panel--description panel entry-content wc-tab\" role=\"tabpanel\" aria-labelledby=\"tab-title-description\">\n<p>Die beste Verteidigung f\u00fcr Ihre Haut und um sie j\u00fcnger, frischer und gesund aussehen zu lassen, besteht darin, sie t\u00e4glich mit nat\u00fcrlichen Inhaltsstoffen zu pflegen. Unser Anti-Aging-Kit ist voll von typischen \u00d6len, die die beste N\u00e4hrstoffversorgung f\u00fcr die Haut bieten, unerw\u00fcnschte Falten verringern und gleichzeitig verhindern, dass sich neue bilden.<\/p>\n<ul>\n<li><b>Jojoba\u00f6l\u00a0<\/b>wirkt \u00e4hnlich wie das nat\u00fcrliche Talg der Haut und gleicht die Haut aus. Es ist eigentlich mehr Wachs als \u00d6l und kann tief in die Haut eindringen, um sie wiederherzustellen und Feuchtigkeit zu speichern. Jojoba\u00f6l ist mit hohen Konzentrationen an Vitamin A und E gef\u00fcllt und stimuliert die Zellregeneration, hellt die Haut auf und sch\u00fctzt sie mit ihrer nat\u00fcrlichen UV-Schutzf\u00e4higkeit vor der Sonne. Insgesamt sch\u00fctzt es die Haut und vermindert die Alterungseffekte. Jojoba\u00f6l ist perfekt f\u00fcr alle Hauttypen geeignet und sanft genug f\u00fcr die empfindliche Augenpartie. Es kann als Ganzk\u00f6rper-Feuchtigkeitscreme und Versiegelung verwendet werden.<\/li>\n<li><b>Aloe Vera Lotion<\/b>\u00a0ist reich an Vitamin A, C, E, einigen Vitaminen der B-Gruppe, Fols\u00e4ure, Mineralien und einer ausgewogenen Gruppe biologisch aktiver Substanzen. Diese machen es zu einem hervorragenden Antioxidans, wodurch der Oxidationsprozess in den Zellen gehemmt, ihre sch\u00e4dliche Wirkung verringert und die Hautalterung verz\u00f6gert wird. Dies f\u00fchrt zu einer j\u00fcnger aussehenden Haut. Aloe Vera Lotion spendet Feuchtigkeit, um trockene, raue, schuppige, juckende Haut und leichte Hautirritationen zu behandeln und zu verhindern, und stimuliert die Geweberegeneration. Die Poren werden gestrafft und die Haut weicher, was ein jugendlicheres Aussehen erm\u00f6glicht. Aufgrund seiner extrem k\u00fchlenden und beruhigenden Eigenschaften bietet es sofortige Linderung bei Sonnenbrand oder Hautsch\u00e4den und f\u00f6rdert aktiv die Hautreparatur.<\/li>\n<li><b>Argan\u00f6l\u00a0<\/b>wirkt sich sp\u00fcrbar auf die Elastizit\u00e4t der Haut aus und enth\u00e4lt viel Antioxidans Vitamin E, ist daher stark feuchtigkeitsspendend, verbessert die Wasser Retention in der Haut und sch\u00fctzt vor Sonnensch\u00e4den.<\/li>\n<li><b>Anti-Falten-\u00d6l<\/b>\u00a0enth\u00e4lt 4 n\u00fctzliche \u00d6le: Argan\u00f6l, Jojoba\u00f6l, Mandel\u00f6l und Weizenkeim\u00f6l. Diese \u00d6le wirken zusammen, um den Kampf gegen Zeichen des Alterns zu unterst\u00fctzen. Anti-Falten-\u00d6l dringt tief in die Haut ein und f\u00f6rdert die Erneuerung der Hautzellen. Feuchtigkeit und Elastizit\u00e4t werden wiederhergestellt und Falten erscheinen gegl\u00e4ttet.<\/li>\n<\/ul>\n<\/div>\n<\/div>\n","protected":false},"excerpt":{"rendered":"<ul>\n<li style=\"list-style-type: none;\">\n<ul>\n<li>\n<ul>\n<li>\n<ul>\n<li><strong>Jojoba\u00f6l\u00a0\u00a0 \u00a0 \u00a0 \u00a0 \u00a0 \u00a0 \u00a0\u00a0\u00a0\u00a0\u00a0 \u00a0 \u00a0\u00a0125ml\u00a0<\/strong><\/li>\n<li><strong>Aloe Vera Lotion\u00a0\u00a0 \u00a0 \u00a0125ml<\/strong><\/li>\n<li><strong>Argan\u00f6l\u00a0\u00a0\u00a0 \u00a0 \u00a0 \u00a0 \u00a0 \u00a0 \u00a0 \u00a0 \u00a0 \u00a0 \u00a0 \u00a0\u00a060ml<\/strong><\/li>\n<li><strong>Anti-Falten-\u00d6l\u00a0 \u00a0 \u00a0 \u00a0 \u00a0 \u00a0 \u00a060ml<\/strong><\/li>\n<\/ul>\n<\/li>\n<\/ul>\n<p><strong>+ Kostenloser Versand<\/strong><\/li>\n<\/ul>\n<\/li>\n<\/ul>\n","protected":false},"featured_media":13084,"comment_status":"open","ping_status":"closed","template":"","meta":[],"product_brand":[],"product_cat":[178],"product_tag":[],"class_list":{"0":"post-11152","1":"product","2":"type-product","3":"status-publish","4":"has-post-thumbnail","6":"product_cat-oil-kits","7":"product_shipping_class-free-shipping","9":"first","10":"instock","11":"sale","12":"shipping-taxable","13":"purchasable","14":"product-type-simple"},"_links":{"self":[{"href":"https:\/\/airshiptrips.com\/de\/wp-json\/wp\/v2\/product\/11152","targetHints":{"allow":["GET"]}}],"collection":[{"href":"https:\/\/airshiptrips.com\/de\/wp-json\/wp\/v2\/product"}],"about":[{"href":"https:\/\/airshiptrips.com\/de\/wp-json\/wp\/v2\/types\/product"}],"replies":[{"embeddable":true,"href":"https:\/\/airshiptrips.com\/de\/wp-json\/wp\/v2\/comments?post=11152"}],"wp:featuredmedia":[{"embeddable":true,"href":"https:\/\/airshiptrips.com\/de\/wp-json\/wp\/v2\/media\/13084"}],"wp:attachment":[{"href":"https:\/\/airshiptrips.com\/de\/wp-json\/wp\/v2\/media?parent=11152"}],"wp:term":[{"taxonomy":"product_brand","embeddable":true,"href":"https:\/\/airshiptrips.com\/de\/wp-json\/wp\/v2\/product_brand?post=11152"},{"taxonomy":"product_cat","embeddable":true,"href":"https:\/\/airshiptrips.com\/de\/wp-json\/wp\/v2\/product_cat?post=11152"},{"taxonomy":"product_tag","embeddable":true,"href":"https:\/\/airshiptrips.com\/de\/wp-json\/wp\/v2\/product_tag?post=11152"}],"curies":[{"name":"wp","href":"https:\/\/api.w.org\/{rel}","templated":true}]}}