{"id":11148,"date":"2025-10-08T12:22:47","date_gmt":"2025-10-08T12:22:47","guid":{"rendered":"https:\/\/megaroboticsacademy.com\/shop\/unkategorisiert\/hair-care-kit\/"},"modified":"2025-11-20T21:15:19","modified_gmt":"2025-11-20T21:15:19","slug":"hair-care-kit","status":"publish","type":"product","link":"https:\/\/airshiptrips.com\/de\/shop\/oil-kits\/hair-care-kit\/","title":{"rendered":"Haarpflegeset"},"content":{"rendered":"<div class=\"woocommerce-tabs wc-tabs-wrapper\">\n<div id=\"tab-description\" class=\"woocommerce-Tabs-panel woocommerce-Tabs-panel--description panel entry-content wc-tab\" role=\"tabpanel\" aria-labelledby=\"tab-title-description\">\n<p>Unser Haar ist eines unserer sichtbarsten und vielseitigsten Verm\u00f6genswerte. Unsere Kollektion von Pflege\u00f6len tr\u00e4gt dazu bei, dass Ihr Haar optimal aussieht. Dieses \u00d6lset wurde zusammengestellt, um eine optimale Gesundheit zu gew\u00e4hrleisten und Haarwachstum, Kraft und Glanz zu f\u00f6rdern.<\/p>\n<ul>\n<li><b>Haarnahrungs\u00f6l\u00a0<\/b>ist eine einzigartige Kombination aus Rucola Samen\u00f6l, Schwarzk\u00fcmmel\u00f6l, Argan\u00f6l, Weizenkeim\u00f6l und Kokos\u00f6l. Diese Fusion wurde speziell entwickelt, um gesch\u00e4digtes Haar tief zu n\u00e4hren und wiederherzustellen. Diese Mischung ist vollgepackt mit essentiellen Vitaminen wie Vitamin A, B, D und E sowie Protein, Aminos\u00e4uren, Eisen, Kupfer, Magnesium und Fols\u00e4ure. Sie ist ein nat\u00fcrliches Stimulans f\u00fcr das Haarwachstum und f\u00f6rdert ein st\u00e4rkeres und ges\u00fcnderes Haar. Es beugt Haarausfall vor, spendet Feuchtigkeit und st\u00e4rkt den Haarfollikel, verhindert Spliss und spr\u00f6des Haar. Das leichte \u00d6l ist f\u00fcr jeden Haartyp geeignet.<\/li>\n<li><b>Argan\u00f6l<\/b>, gef\u00fcllt mit Fetts\u00e4uren, Vitamin E und starken Antioxidantien, ist ein gro\u00dfartiges nat\u00fcrliches Heilmittel gegen spr\u00f6des Haar und Spliss. Durch die tiefe Feuchtigkeitsversorgung von Haar und Kopfhaut wird die Haarstruktur wiederhergestellt. Argan\u00f6l reduziert Haarausfall, z\u00e4hmt Kr\u00e4uselungen und f\u00f6rdert gl\u00e4nzendes, volles und gesundes Haar.<\/li>\n<li><b>Kokos\u00f6l\u00a0<\/b>dringt tief in die Kopfhaut und den Haarschaft ein, laminiert das Haar, um es zu sch\u00fctzen, und verhindert Feuchtigkeitsverlust. Kokos\u00f6l sch\u00fctzt vor Umwelteinfl\u00fcssen, beugt Sch\u00e4den vor und z\u00e4hmt Spliss und krauses Haar.<\/li>\n<li><b>Rucola Samen\u00f6l<\/b>\u00a0enth\u00e4lt eine gro\u00dfe Zusammensetzung an Vitaminen, Mineralien und Fetts\u00e4uren. Es ist auch ein gro\u00dfartiges Mittel gegen Haarausfall, da es eine hervorragende Haarern\u00e4hrung bietet, um die Wurzeln zu st\u00e4rken, das Haarwachstum zu stimulieren und das Haar zu st\u00e4rken. Perfekt geeignet, um die Kopfhaut mit Feuchtigkeit zu versorgen und trockene Haut zu entfernen. Verwenden Sie dieses \u00d6l, um das Haar nach einer chemischen Behandlung oder Sonnensch\u00e4den wiederherzustellen.<\/li>\n<\/ul>\n<\/div>\n<\/div>\n","protected":false},"excerpt":{"rendered":"<ul>\n<li style=\"list-style-type: none;\">\n<ul>\n<li>\n<ul>\n<li>\n<ul>\n<li><b>Haarnahrungs\u00f6l<\/b>\u00a0\u00a0 \u00a0\u00a0<strong>300ml\u00a0<\/strong><\/li>\n<li><strong><b>Argan\u00f6l<\/b>\u00a0\u00a0 \u00a0 \u00a0<\/strong>\u00a0 \u00a0 \u00a0 \u00a0 \u00a0 \u00a0 \u00a0 \u00a0 \u00a0\u00a0<strong>125ml<\/strong><\/li>\n<li><strong><b>Kokos\u00f6l<\/b>\u00a0\u00a0 \u00a0 \u00a0 \u00a0 \u00a0 \u00a0 \u00a0 \u00a0 \u00a0 \u00a0 \u00a0<\/strong><strong>200ml\u00a0<\/strong><\/li>\n<li><b>Rucola Samen\u00f6l<\/b>\u00a0\u00a0 \u00a0 \u00a0<strong>300ml\u00a0<\/strong><\/li>\n<\/ul>\n<\/li>\n<\/ul>\n<p><strong>\u00a0 \u00a0 \u00a0 \u00a0 + Kostenloser Versand<\/strong><\/li>\n<\/ul>\n<\/li>\n<\/ul>\n","protected":false},"featured_media":13081,"comment_status":"open","ping_status":"closed","template":"","meta":[],"product_brand":[],"product_cat":[178],"product_tag":[],"class_list":{"0":"post-11148","1":"product","2":"type-product","3":"status-publish","4":"has-post-thumbnail","6":"product_cat-oil-kits","7":"product_shipping_class-free-shipping","9":"first","10":"instock","11":"sale","12":"shipping-taxable","13":"purchasable","14":"product-type-simple"},"_links":{"self":[{"href":"https:\/\/airshiptrips.com\/de\/wp-json\/wp\/v2\/product\/11148","targetHints":{"allow":["GET"]}}],"collection":[{"href":"https:\/\/airshiptrips.com\/de\/wp-json\/wp\/v2\/product"}],"about":[{"href":"https:\/\/airshiptrips.com\/de\/wp-json\/wp\/v2\/types\/product"}],"replies":[{"embeddable":true,"href":"https:\/\/airshiptrips.com\/de\/wp-json\/wp\/v2\/comments?post=11148"}],"wp:featuredmedia":[{"embeddable":true,"href":"https:\/\/airshiptrips.com\/de\/wp-json\/wp\/v2\/media\/13081"}],"wp:attachment":[{"href":"https:\/\/airshiptrips.com\/de\/wp-json\/wp\/v2\/media?parent=11148"}],"wp:term":[{"taxonomy":"product_brand","embeddable":true,"href":"https:\/\/airshiptrips.com\/de\/wp-json\/wp\/v2\/product_brand?post=11148"},{"taxonomy":"product_cat","embeddable":true,"href":"https:\/\/airshiptrips.com\/de\/wp-json\/wp\/v2\/product_cat?post=11148"},{"taxonomy":"product_tag","embeddable":true,"href":"https:\/\/airshiptrips.com\/de\/wp-json\/wp\/v2\/product_tag?post=11148"}],"curies":[{"name":"wp","href":"https:\/\/api.w.org\/{rel}","templated":true}]}}