{"id":11090,"date":"2025-10-08T12:22:19","date_gmt":"2025-10-08T12:22:19","guid":{"rendered":"https:\/\/megaroboticsacademy.com\/shop\/unkategorisiert\/tamarind-tea\/"},"modified":"2025-11-20T11:56:51","modified_gmt":"2025-11-20T11:56:51","slug":"tamarind","status":"publish","type":"product","link":"https:\/\/airshiptrips.com\/de\/shop\/herbs\/tamarind\/","title":{"rendered":"Tamarinde Tee"},"content":{"rendered":"<div class=\"woocommerce-tabs wc-tabs-wrapper\">\n<div id=\"tab-description\" class=\"woocommerce-Tabs-panel woocommerce-Tabs-panel--description panel entry-content wc-tab\" role=\"tabpanel\" aria-labelledby=\"tab-title-description\">\n<p>Tamarinde (Tamarindus indica) ist tats\u00e4chlich in Afrika beheimatet, obwohl ihr Name vom persischen Wort Tamar-I-Hind abgeleitet ist, was \u00fcbersetzt \u201eindisches Datteln\u201c bedeutet. Die Frucht war den alten \u00c4gyptern gut bekannt und wird seit der Antike sowohl wegen ihres s\u00fc\u00df-sauren Geschmacks als auch wegen ihrer vielf\u00e4ltigen gesundheitlichen Vorteile verwendet. Es ist im Ebers Papyrus f\u00fcr seine Verwendung als Abf\u00fchrmittel aufgef\u00fchrt und wurde traditionell als Tonikum, Linderung von Verstopfung, Fieber, Magengeschw\u00fcren sowie anderen angeblichen \u201eHeilmitteln\u201c, einschlie\u00dflich Schlangenbiss, verwendet. Dieses \u00e4u\u00dferst erfrischende Getr\u00e4nk ist w\u00e4hrend des Ramadan ein Favorit und beugt Verdauungsst\u00f6rungen vor.<\/p>\n<p>Unser Tee stammt aus den Bl\u00e4ttern des Tamarindenbaums und enth\u00e4lt die Vitamine A, B2 (Riboflavin), Vitamin B3 (Niacin), B5 (Pantothens\u00e4ure), B6 \u200b\u200b(Pyridoxin), C und K sowie Magnesium, Kalium, Eisen, Kalzium , Niacin, Phosphor, Fols\u00e4ure, Kupfer und Selen, zus\u00e4tzlich zu mehreren Pyrazinen und Thiazolen und \u00e4u\u00dferst reich an Polyphenolen. Es hat antioxidative, entz\u00fcndungshemmende, antidiabetische, blutdrucksenkende, pilzhemmende, antivirale und antibakterielle Wirkung sowie anti-atherosklerotische, harntreibende, karminative und abf\u00fchrende Eigenschaften, die zu erstaunlichen gesundheitlichen Vorteilen f\u00fchren.<\/p>\n<h3><b>Antioxidans<\/b><\/h3>\n<p>Antioxidantien k\u00f6nnen zusammen mit den entz\u00fcndungshemmenden Eigenschaften dazu beitragen, den K\u00f6rper von sch\u00e4dlichen freien Radikalen zu befreien und den K\u00f6rper vor oxidativem Stress, Altern und bestimmten chronischen Krankheiten wie Diabetes, Herzerkrankungen, neurodegenerativen Erkrankungen, Krebs und Altern zu sch\u00fctzen. Es kann ein geschw\u00e4chtes Immunsystem unterst\u00fctzen. Dieser Tee ist extrem reich an Flavonoiden und Polyphenolen und tr\u00e4gt zur Stabilisierung des Cholesterinspiegels bei. Es kann auch den diastolischen Blutdruck senken und das Risiko f\u00fcr Arteriosklerose verringern, was die kardiovaskul\u00e4re Gesundheit erheblich f\u00f6rdert. Tamarinde ist ein nat\u00fcrliches Heilmittel gegen Diabetes, da es das Enzym hemmt, das die Kohlenhydrataufnahme verhindert und zur Kontrolle von Typ-2-Diabetes beitragen kann, wie von Wissenschaftlern best\u00e4tigt. Selen sch\u00fctzt zusammen mit Vitamin E den Lipidgehalt in Leberzellen vor Angriffen durch freie Radikale und sorgt so f\u00fcr eine gesunde Leber. Es wird auch dazu beitragen, die durch Alkohol- und Fettlebererkrankungen verursachte Lebertoxizit\u00e4t zu verringern. Testergebnisse zeigten, dass Tamarinden Tee auch den durch chronische Entz\u00fcndungen im K\u00f6rper verursachten oxidativen Stress der Leber reduzierte.<\/p>\n<h3><b>Verbessert die Nervenfunktion<\/b><\/h3>\n<p>Tamarinde enth\u00e4lt B-Komplex-Vitamine wie Thiamin, die f\u00fcr die Verbesserung der Nervenfunktion und die Aufrechterhaltung starker Reflexe von entscheidender Bedeutung sind. Inzwischen haben Studien der Monash University gezeigt, dass eine andere in Tamarinde gefundene Verbindung, Xyloglucan, das Wachstum gesch\u00e4digter Gehirn- und Wirbels\u00e4ulenzellen unterst\u00fctzen kann, indem sie effektiv ein St\u00fctzger\u00fcst aufbaut, damit gesunde Zellen wandern und sich wieder an das Nervensystem binden k\u00f6nnen. Dar\u00fcber hinaus verbessert es auch den Muskelaufbau.<\/p>\n<h3><b>Antiphlogistikum<\/b><\/h3>\n<p>Tamarinden Tee ist ein ausgezeichnetes entz\u00fcndungshemmendes Getr\u00e4nk, um das Risiko zu verringern und die Symptome von Krankheiten wie Arthritis zu lindern. Eine anhaltende Entz\u00fcndung kann mit chronischen Gesundheitsproblemen wie Bluthochdruck, Diabetes, Atemproblemen, Arthritis, Fettleibigkeit, Schlaganfall und Krebs verbunden sein.<\/p>\n<h3><b>Verdauung<\/b><\/h3>\n<p>Tamarinden Tee wird traditionell als Abf\u00fchrmittel verwendet und enth\u00e4lt einen hohen Anteil an Apfels\u00e4uren und Weins\u00e4ure sowie Kaliumbitartrat, das zur Behandlung unregelm\u00e4\u00dfiger Stuhlg\u00e4nge wirksam ist. Es f\u00f6rdert auch die Gallenaktivit\u00e4t, beschleunigt so die Verdauung und beugt Bl\u00e4hungen und Kr\u00e4mpfen vor. Seine milden harntreibenden Eigenschaften werden das Verdauungssystem weiter st\u00e4rken.<\/p>\n<h3><b>Kann Bakterien, Viren und Pilze abt\u00f6ten<\/b><\/h3>\n<p>Tamarinde ist bekannt f\u00fcr ihre Bedeutung im Kampf gegen Malaria, kann aber auch zum Schutz vor anderen Erkrankungen beitragen, die durch Bakterien, Viren und Pilze wie E-Coli, Salmonellen, Klebsiella-Pneumonie und Aspergillus niger verursacht werden.<\/p>\n<h3><b>Gewichtsverlust<\/b><\/h3>\n<p>F\u00fcr diejenigen, die ein gesundes Gewicht kontrollieren oder aufrechterhalten m\u00f6chten, ist Tamarinden Tee in vielerlei Hinsicht eine gute Wahl. Am wichtigsten ist, dass es Hydroxycitric S\u00e4ure enth\u00e4lt, die die Aktivit\u00e4t der Fetts\u00e4uresynthase, des Enzyms, das f\u00fcr die Bildung von Fettgewebe im K\u00f6rper verantwortlich ist, verringern kann. Tamarinde erh\u00f6ht auch Serotonin, das Hormon, das den gesamten K\u00f6rper beeinflusst, die Stimmung stabilisiert, den Appetit kontrolliert und dem K\u00f6rper hilft, zu entscheiden, ob er Fett verbrennt oder speichert, wodurch der Fettstoffwechsel reguliert wird. Dar\u00fcber hinaus kann es als mildes Diuretikum und Verdauung Stimulans dazu beitragen, die Giftstoffe aus dem K\u00f6rper zu entfernen, die Verdauung zu beschleunigen und \u00fcbersch\u00fcssige Fl\u00fcssigkeit, Gas und Bl\u00e4hungen zu lindern. Verbindungen im Tee helfen auch, Hungerschmerzen zu unterdr\u00fccken, halten Sie l\u00e4nger voll und verhindern \u00fcberm\u00e4\u00dfiges Essen. Da auch der Blutzucker- und Cholesterinspiegel stabilisiert wird, ist Tamarinden Tee ein sicherer Gewinner f\u00fcr Gewichtsverlust oder Kontrolle.<\/p>\n<p><b>Zubereitung von Tamarinden Tee<br \/>\n<\/b>Gie\u00dfen Sie kochendes Wasser \u00fcber die getrocknete Tamarinde (150 g reichen f\u00fcr 2 Liter) und lassen Sie sie mindestens eine Stunde ziehen, stellen Sie sie dann \u00fcber Nacht in den K\u00fchlschrank und geben Sie sie morgens ab. Das Abseihen sollte zweimal erfolgen, um den Tee von den kleinen Resten der Tamarinde zu trennen. Nach Belieben mit Honig oder Zucker s\u00fc\u00dfen.<\/p>\n<p><b>Vorsicht<br \/>\n<\/b>Es wird empfohlen, es nicht in Kombination mit Ibuprofen einzunehmen, da die Absorption m\u00f6glicherweise erh\u00f6ht ist oder Personen Aspirin oder Blutverd\u00fcnner einnehmen oder an Gallensteinen oder GERD leiden.<\/p>\n<\/div>\n<\/div>\n<section class=\"related-wrapper\"><\/section>\n","protected":false},"excerpt":{"rendered":"<p>Tamarinde ist als starkes Antioxidans und wirksames Blutreinigungsmittel bekannt geworden. Es verbessert die Nervenfunktion und sch\u00fctzt vor den sch\u00e4dlichen Auswirkungen freier Radikale. Es enth\u00e4lt eine hohe Menge an gesunden Ballaststoffen, um eine gute Verdauung zu gew\u00e4hrleisten und Verstopfung vorzubeugen.<\/p>\n","protected":false},"featured_media":13631,"comment_status":"closed","ping_status":"closed","template":"","meta":[],"product_brand":[],"product_cat":[187],"product_tag":[],"class_list":{"0":"post-11090","1":"product","2":"type-product","3":"status-publish","4":"has-post-thumbnail","6":"product_cat-herbs","8":"first","9":"outofstock","10":"shipping-taxable","11":"purchasable","12":"product-type-simple"},"_links":{"self":[{"href":"https:\/\/airshiptrips.com\/de\/wp-json\/wp\/v2\/product\/11090","targetHints":{"allow":["GET"]}}],"collection":[{"href":"https:\/\/airshiptrips.com\/de\/wp-json\/wp\/v2\/product"}],"about":[{"href":"https:\/\/airshiptrips.com\/de\/wp-json\/wp\/v2\/types\/product"}],"replies":[{"embeddable":true,"href":"https:\/\/airshiptrips.com\/de\/wp-json\/wp\/v2\/comments?post=11090"}],"wp:featuredmedia":[{"embeddable":true,"href":"https:\/\/airshiptrips.com\/de\/wp-json\/wp\/v2\/media\/13631"}],"wp:attachment":[{"href":"https:\/\/airshiptrips.com\/de\/wp-json\/wp\/v2\/media?parent=11090"}],"wp:term":[{"taxonomy":"product_brand","embeddable":true,"href":"https:\/\/airshiptrips.com\/de\/wp-json\/wp\/v2\/product_brand?post=11090"},{"taxonomy":"product_cat","embeddable":true,"href":"https:\/\/airshiptrips.com\/de\/wp-json\/wp\/v2\/product_cat?post=11090"},{"taxonomy":"product_tag","embeddable":true,"href":"https:\/\/airshiptrips.com\/de\/wp-json\/wp\/v2\/product_tag?post=11090"}],"curies":[{"name":"wp","href":"https:\/\/api.w.org\/{rel}","templated":true}]}}