{"id":11074,"date":"2025-10-08T12:22:22","date_gmt":"2025-10-08T12:22:22","guid":{"rendered":"https:\/\/megaroboticsacademy.com\/shop\/unkategorisiert\/marmaraya-tea-sage\/"},"modified":"2025-11-20T11:31:38","modified_gmt":"2025-11-20T11:31:38","slug":"salbei-marmaraya-tee","status":"publish","type":"product","link":"https:\/\/airshiptrips.com\/de\/shop\/herbs\/salbei-marmaraya-tee\/","title":{"rendered":"Salbei (Marmaraya) Tee"},"content":{"rendered":"<div class=\"woocommerce-tabs wc-tabs-wrapper\">\n<div id=\"tab-description\" class=\"woocommerce-Tabs-panel woocommerce-Tabs-panel--description panel entry-content wc-tab\" role=\"tabpanel\" aria-labelledby=\"tab-title-description\">\n<p>Marmaraya ist in der Region der Heiligen Katharina im \u00e4gyptischen Sinai beheimatet. Als Mitglied der Familie der W\u00fcstensalbei wird es seit der Antike wegen seiner wunderbaren Heilkr\u00e4fte verwendet. Traditionell zur Behandlung von Erk\u00e4ltungen und Grippe, zur Unterst\u00fctzung der Verdauung und zur Linderung von Halsschmerzen oder zur Linderung von Magenverstimmung verwendet, sollten die weiteren gesundheitlichen Vorteile nicht untersch\u00e4tzt werden.<\/p>\n<p>Marmaraya ist reich an Vitaminen A, B, C und K, Fols\u00e4ure, Kalzium, Eisen, Magnesium, Kupfer und B, Kaffees\u00e4ure, Chlorogens\u00e4ure, Rosmarin S\u00e4ure, Ellags\u00e4ure und Rutin und enth\u00e4lt auch fl\u00fcchtiges \u00d6l (das Thujon enth\u00e4lt, seine wichtigste Verbindung), Flavonoide, Phenols\u00e4uren und Tannine. Es hat antibakterielle, antiseptische, krampfl\u00f6sende, entz\u00fcndungshemmende, antioxidative und karminative Eigenschaften. Das regelm\u00e4\u00dfige Hinzuf\u00fcgen von etwas zu Ihrem Tee kann bei der Behandlung oder Vorbeugung verschiedener Krankheiten helfen und gleichzeitig als Tonikum f\u00fcr den gesamten K\u00f6rper wirken.<\/p>\n<h3><b>Erk\u00e4ltung und Grippe<\/b><\/h3>\n<p>Antibakterielle, antiseptische, krampfl\u00f6sende und entz\u00fcndungshemmende Wirkungen sind perfekt zur Bek\u00e4mpfung und Linderung der Symptome von Erk\u00e4ltungen, Grippe, Nasennebenh\u00f6hlen- und Bronchialinfektionen sowie zur Linderung von Halsschmerzen. Lindert Stauungen und Husten, hilft bei Kopfschmerzen und f\u00f6rdert das Atmen, reduziert aber auch das Schwitzen. Marmaraya hat eine lange Geschichte in Bezug auf seine Verwendung in diesem Bereich.<\/p>\n<h3><b>Verdauungs- und Magenbeschwerden<\/b><\/h3>\n<p>Dieser Tee wird traditionell nach einer Mahlzeit zur Vorbeugung von Gas, Verdauungsst\u00f6rungen oder Sodbrennen serviert und hat antioxidative und entz\u00fcndungshemmende Eigenschaften, um den Verdauungstrakt bei Magenverstimmung zu beruhigen und zu entspannen und Kr\u00e4mpfe und Durchfall zu lindern. Es ist auch eine gro\u00dfe Hilfe bei der Behandlung von Harnwegsinfektionen und Blasenentz\u00fcndungen.<\/p>\n<h3><b>Hilft bei der Regulierung des Blutzucker- und Cholesterinspiegels<\/b><\/h3>\n<p>Marmaraya ist ein traditionelles Mittel gegen Diabetes und hilft, den Blutzuckerspiegel zu senken und zu normalisieren. Es wirkt \u00e4hnlich wie Insulin. Eine gro\u00dfe Hilfe f\u00fcr diejenigen, die bereits an Diabetes leiden und an der Schwelle der Krankheit stehen. Regelm\u00e4\u00dfiges Trinken kann auch den Triglycerid und den schlechten Cholesterinspiegel im K\u00f6rper senken und den guten Cholesterinspiegel erh\u00f6hen, das Herz vor Krankheiten sch\u00fctzen und gegen An\u00e4mie helfen.<\/p>\n<h3><b>F\u00fcr das Gehirn<\/b><\/h3>\n<p>Marmaraya ist auch weithin als \u201eDenker-Tee\u201c bekannt, da es dazu beitr\u00e4gt, die geistige Klarheit und Konzentration zu verbessern. Es kann sich auf verschiedene Weise positiv auf das Gehirn auswirken. Erstens sch\u00fctzt es vor oxidativem Stress, wirkt als Puffer f\u00fcr das Abwehrsystem des Gehirns und verhindert die Bildung von Amyloid-Plaques im Gehirn, wodurch Erkrankungen des Gehirns wie Alzheimer verhindert werden. Es scheint den Abbau von Acetylcholin (ACH) zu stoppen, einem chemischen Botenstoff, der eine gro\u00dfe Rolle im Ged\u00e4chtnis spielt. Dies ist ein weiterer Kampf gegen Alzheimer, wenn Betroffene anscheinend an niedrigen ACH-Werten leiden. Gesunde Erwachsene und Kinder profitieren von einem gesteigerten Ged\u00e4chtnis, Fokus und Wachsamkeit, und selbst Alzheimer-Patienten k\u00f6nnen ein verbessertes Ged\u00e4chtnis, eine verbesserte Informationsspeicherung und eine verbesserte Gehirnfunktion feststellen. Dieser Tee reduziert auch Stress und beruhigt Gef\u00fchle von Nervosit\u00e4t und Irritation.<\/p>\n<h3><b>Entgiftet den K\u00f6rper und f\u00f6rdert den Gewichtsverlust<\/b><\/h3>\n<p>Als nat\u00fcrliches Diuretikum kann dieser Tee Giftstoffe aus dem K\u00f6rper entfernen und die Nieren und die Leber reinigen und stimulieren. Antioxidantien k\u00f6nnen zusammen mit den entz\u00fcndungshemmenden Eigenschaften dazu beitragen, den K\u00f6rper von sch\u00e4dlichen freien Radikalen zu befreien und den K\u00f6rper vor oxidativem Stress und bestimmten chronischen Krankheiten wie Diabetes oder Krebs und einem geschw\u00e4chten Immunsystem zu sch\u00fctzen. Tats\u00e4chlich zeigt es mehrere Krebs-bek\u00e4mpfende Wirkungen. Marmaraya beschleunigt auch den Stoffwechsel. In Kombination mit seinen harntreibenden Eigenschaften und der Befreiung des K\u00f6rpers von \u00fcbersch\u00fcssigem Cholesterin und der Verbrennung von Unterhautfett ist Marmaraya eine Hilfe zur Bek\u00e4mpfung von \u00dcbergewicht.<\/p>\n<h3><b>F\u00fcr Frauen<\/b><\/h3>\n<p>Marmaraya enth\u00e4lt nat\u00fcrlich vorkommende Verbindungen, die als Phyto\u00f6strogene bekannt sind und \u00e4hnlich wie \u00d6strogene funktionieren und den \u00d6strogenspiegel im K\u00f6rper erh\u00f6hen. Dies hat eine Vielzahl von gesundheitlichen Vorteilen, darunter ein geringeres Risiko f\u00fcr Osteoporose, Herzerkrankungen, Brustkrebs und die F\u00f6rderung eines normalen Menstruationsflusses, die Linderung von M\u00fcdigkeit und Depression und minimieren Symptome von PMS. Ein ausgezeichnetes Mittel, um den hormonellen Ver\u00e4nderungen in den Wechseljahren entgegenzuwirken und Symptome wie Hitzewallungen und \u00fcberm\u00e4\u00dfiges Schwitzen zu lindern, da dieser Tee auch f\u00fcr seine k\u00fchlenden Eigenschaften bekannt ist.<\/p>\n<h3><b>Unterst\u00fctzt die Knochengesundheit<\/b><\/h3>\n<p>Gesunde Knochen ben\u00f6tigen Vitamin K, das dieser Tee in gro\u00dfen Mengen enth\u00e4lt, um die Gefahr von Knochenverd\u00fcnnung und Knochenbr\u00fcchen zu minimieren.<\/p>\n<h3><b>Schmerzlinderung bei Arthritis<\/b><\/h3>\n<p>Mit seinen entz\u00fcndungshemmenden Eigenschaften und Wirkstoffen zur Stimulierung der Durchblutung von K\u00f6rper und Gehirn kann der Tee die mit Arthritis verbundenen Schmerzen und Schwellungen lindern, w\u00e4hrend sein Aroma eine beruhigende Wirkung auf K\u00f6rper und Geist hat.<\/p>\n<h3><b>Mundhygiene<\/b><\/h3>\n<p>Die antibakteriellen, antiseptischen und adstringierenden Eigenschaften behandeln Halsinfektionen, Zahnabszesse, infiziertes Zahnfleisch, Geschw\u00fcre im Mund und Wunden und bek\u00e4mpfen Zahnfleischerkrankungen wie Gingivitis und Zahnfleischschwund, w\u00e4hrend sie die Bildung von Plaque verhindern und den Atem erfrischen.<\/p>\n<p><b>Zubereitung von Marmaraya Tee<br \/>\n<\/b>Dosierung: 1 Teel\u00f6ffel Marmaraya in eine Tasse gekochtes Wasser geben und 5-10 Minuten ziehen lassen. Das Einweichen des Tees erh\u00f6ht die Potenz und erleichtert dem K\u00f6rper die Aufnahme. Kann zu anderen Tees wie Schwarz oder Gr\u00fcn hinzugef\u00fcgt werden, um den Geschmack zu verbessern. F\u00fcgen Sie Zucker oder Honig hinzu, um nach Bedarf zu s\u00fc\u00dfen.<\/p>\n<\/div>\n<\/div>\n<section class=\"related-wrapper\"><\/section>\n","protected":false},"excerpt":{"rendered":"<p>Bekannt als \u201eDenker-Tee\u201c f\u00fcr seine positive Wirkung auf die Gehirngesundheit. Es hilft bei der Regulierung des Blutzucker- und Cholesterinspiegels, unterst\u00fctzt die Knochengesundheit, lindert Schmerzen bei Arthritis, wirkt als Tonikum und entgiftet den K\u00f6rper. Dieser Tee bietet zus\u00e4tzliche Unterst\u00fctzung f\u00fcr die Gesundheit von Frauen.<\/p>\n","protected":false},"featured_media":13621,"comment_status":"open","ping_status":"closed","template":"","meta":[],"product_brand":[],"product_cat":[187],"product_tag":[],"class_list":{"0":"post-11074","1":"product","2":"type-product","3":"status-publish","4":"has-post-thumbnail","6":"product_cat-herbs","8":"first","9":"outofstock","10":"shipping-taxable","11":"purchasable","12":"product-type-variable","13":"has-default-attributes"},"_links":{"self":[{"href":"https:\/\/airshiptrips.com\/de\/wp-json\/wp\/v2\/product\/11074","targetHints":{"allow":["GET"]}}],"collection":[{"href":"https:\/\/airshiptrips.com\/de\/wp-json\/wp\/v2\/product"}],"about":[{"href":"https:\/\/airshiptrips.com\/de\/wp-json\/wp\/v2\/types\/product"}],"replies":[{"embeddable":true,"href":"https:\/\/airshiptrips.com\/de\/wp-json\/wp\/v2\/comments?post=11074"}],"wp:featuredmedia":[{"embeddable":true,"href":"https:\/\/airshiptrips.com\/de\/wp-json\/wp\/v2\/media\/13621"}],"wp:attachment":[{"href":"https:\/\/airshiptrips.com\/de\/wp-json\/wp\/v2\/media?parent=11074"}],"wp:term":[{"taxonomy":"product_brand","embeddable":true,"href":"https:\/\/airshiptrips.com\/de\/wp-json\/wp\/v2\/product_brand?post=11074"},{"taxonomy":"product_cat","embeddable":true,"href":"https:\/\/airshiptrips.com\/de\/wp-json\/wp\/v2\/product_cat?post=11074"},{"taxonomy":"product_tag","embeddable":true,"href":"https:\/\/airshiptrips.com\/de\/wp-json\/wp\/v2\/product_tag?post=11074"}],"curies":[{"name":"wp","href":"https:\/\/api.w.org\/{rel}","templated":true}]}}