{"id":11065,"date":"2025-10-08T12:22:36","date_gmt":"2025-10-08T12:22:36","guid":{"rendered":"https:\/\/megaroboticsacademy.com\/shop\/unkategorisiert\/anise-tea\/"},"modified":"2025-11-20T11:22:21","modified_gmt":"2025-11-20T11:22:21","slug":"anise-tea","status":"publish","type":"product","link":"https:\/\/airshiptrips.com\/de\/shop\/herbs\/anise-tea\/","title":{"rendered":"Anis Tee"},"content":{"rendered":"<p>Anis (Pimpinella anisum) ist bekannt f\u00fcr seinen scharfen Lakritz-Geschmack und Aroma und stammt aus \u00c4gypten, wo er seit 4000 Jahren angebaut wird. Es hatte einen bedeutenden Status als pflanzliches Heilmittel unter den alten \u00c4gyptern und R\u00f6mern und wird in pharaonischen Manuskripten, einschlie\u00dflich der Papyrus von Ebers und Herst, f\u00fcr seine Verwendung als Heilmittel f\u00fcr viele Krankheiten erw\u00e4hnt. Anissamen wurden von Arch\u00e4ologen in den alten Gr\u00e4bern von Theben entdeckt, was die hohe Wertsch\u00e4tzung der alten \u00c4gypter f\u00fcr dieses multifunktionale Kraut best\u00e4tigt. In der Bibel wird es aufgrund seines hohen Wertes auch als Zahlungsmittel bezeichnet.<\/p>\n<p>Anis Tee enth\u00e4lt neben Mineralien wie Kalzium, Kupfer, Kalium, Eisen, Mangan, Phosphor, Magnesium und Zink auch die Vitamine A und C sowie wichtige Vitamine des B-Komplexes wie Riboflavin, Pyridoxin, Niacin und Thiamin. Es hat antioxidative, antimykotische, antibakterielle, antivirale, entz\u00fcndungshemmende, krampfl\u00f6sende, harntreibende, muskelrelaxierende und analgetische Eigenschaften. Dar\u00fcber hinaus haben Studien gezeigt, dass das mehrmalige Trinken von Anis Tee zur Behandlung der Symptome einer leichten bis mittelschweren Depression wirksam ist, wobei seine beruhigende Wirkung genauso vorteilhaft ist wie einige Antidepressiva. Insgesamt hat Anissamen-Tee eine Vielzahl von gesundheitlichen Vorteilen.<\/p>\n<h3><b>Entgiftet den K\u00f6rper, st\u00e4rkt das Immunsystem und sch\u00fctzt lebenswichtige Organe<\/b><\/h3>\n<p>Antioxidantien k\u00f6nnen zusammen mit den entz\u00fcndungshemmenden Eigenschaften dazu beitragen, den K\u00f6rper von sch\u00e4dlichen freien Radikalen zu befreien und den K\u00f6rper zu sch\u00fctzen gegen oxidativen Stress, Altern und bestimmte chronische Krankheiten wie Diabetes, Herzerkrankungen, neurodegenerative Erkrankungen, Krebs, Altern und ein geschw\u00e4chtes Immunsystem. Mangan und Kalzium, die in Anissamen enthalten sind, spielen eine Schl\u00fcsselrolle bei der Enzym Aktivierung und unterst\u00fctzen die Neurotransmitter Produktion, die Wundheilung und den Stoffwechsel, w\u00e4hrend Eisen ein lebenswichtiges Mineral f\u00fcr gesunde Blutzellen ist. Anis Tee ist ein Immunverst\u00e4rker, der den K\u00f6rper auf die Bek\u00e4mpfung h\u00e4ufiger Infektionen, Viren und Beschwerden vorbereitet. Untersuchungen haben gezeigt, dass ein Wirkstoff in Anissamen, Anethol genannt, den Blutzucker regulieren und die Funktion von Pankreas Zellen bei der Insulinproduktion verbessern kann. Anti konvulsive und beruhigende Eigenschaften machen dieses Getr\u00e4nk zu einem wirksamen Getr\u00e4nk zur Unterst\u00fctzung der Behandlung von Epilepsie und Krampfanf\u00e4llen.<\/p>\n<h3><b>Verdauung<\/b><\/h3>\n<p>Traditionell wurde Anis Tee als Verdauungshilfe verwendet. Entz\u00fcndungshemmende und analgetische Eigenschaften helfen, den Verdauungstrakt bei Durchfall oder Kr\u00e4mpfen zu beruhigen und Kr\u00e4mpfe und Schmerzen zu lindern. Es hemmt sch\u00e4dliche Bakterien im Verdauungssystem, reduziert Gas, Bl\u00e4hungen und Entz\u00fcndungen und h\u00e4lt den Darm gl\u00fccklich. Studien haben gezeigt, dass es bei der Verringerung der Symptome von IBS wirksam ist. Die Eigenschaften des Tees erh\u00f6hen auch den Magenschleim, was zu einem weiteren Schutz der Magenschleimhaut f\u00fchrt, wodurch die Erosion durch die Verdauungss\u00e4uren verhindert, das Risiko der Entwicklung von Magengeschw\u00fcren verringert und bestehenden Geschw\u00fcren die M\u00f6glichkeit zur Heilung gegeben wird. Der Tee reduziert auch das \u00dcbelkeitsgef\u00fchl und eignet sich hervorragend als kaltes Getr\u00e4nk zur Heilung von Verdauungsst\u00f6rungen bei Kindern.<\/p>\n<h3><b>Kann Bakterien und Viren abt\u00f6ten<\/b><\/h3>\n<p>Anissamen-Tee ist besonders reich an Phenylpropanoiden, einem starken Antioxidans, das Pilzwachstum und Infektionen bek\u00e4mpfen kann, selbst gegen das Wachstum eines Parasiten, der Malaria verursacht, und die f\u00fcr Cholera verantwortlichen Bakterien blockiert. Antiviral und antibakteriell ist dieser Tee ein perfektes Getr\u00e4nk f\u00fcr Menschen, die an einer Verstopfung der Bronchien und der Nasennebenh\u00f6hlen sowie an Entz\u00fcndungen durch Erk\u00e4ltung, Grippe, Bronchitis oder Asthma leiden. Es wirkt als Expektorans und lockert so den Schleim im Hals und in den Atemwegen, l\u00e4sst ihn zerstreuen und lindert gleichzeitig die Schmerzen. Muskelrelaxantien und entz\u00fcndungshemmende Eigenschaften entspannen die Luftr\u00f6hre und sch\u00fctzen vor Husten und gereiztem Hals. Dar\u00fcber hinaus ist es ein ausgezeichnetes Mittel gegen Hefen und Pilzinfektionen, einschlie\u00dflich Candida. Pilzinfektionen und Wunden k\u00f6nnen durch die Verwendung einer Kompresse aus Anissamen-Tee auf der betroffenen Stelle weiter geholfen werden. Anissamen k\u00f6nnen auch zum Schutz vor Zahnfleischerkrankungen wie Gingivitis und Parodontitis beitragen und Mundgeruch beseitigen. Eine ausgezeichnete Auswahl an Getr\u00e4nken nach einer Mahlzeit, um den Atem nach scharfem Essen zu vers\u00fc\u00dfen.<\/p>\n<h3><b>F\u00fcr die Damen<\/b><\/h3>\n<p>Anissamen sind eine hervorragende Hilfe zur Verringerung der Symptome der Wechseljahre. Es wird angenommen, dass es die Wirkung von \u00d6strogen nachahmt, vor dem nat\u00fcrlichen R\u00fcckgang der Hormone sch\u00fctzt und Symptome wie Hitzewallungen, Verlust der Knochendichte, Osteoporose, trockene Haut und M\u00fcdigkeit reduziert und sch\u00fctzt. In \u00e4hnlicher Weise kann es auch PMS-Symptome reduzieren und mit seinen muskelrelaxierenden und krampfl\u00f6senden Eigenschaften Menstruationsbeschwerden lindern und auch als nat\u00fcrliches Schmerzmittel wirken. F\u00fcr stillende M\u00fctter w\u00e4re Anis Tee ein sehr n\u00fctzliches Getr\u00e4nk f\u00fcr ihre t\u00e4gliche Ern\u00e4hrung, da er bekannterma\u00dfen die Produktion von Muttermilch f\u00f6rdert und sogar Koliken bei Babys durch die Muttermilch reduzieren kann.<\/p>\n<p><b>Zubereitung von Anis Tee<br \/>\n<\/b>Einen Teel\u00f6ffel Anissamen in eine Tasse kochendes Wasser geben und 10 Minuten ziehen lassen.<\/p>\n<p><b>Vorsicht<br \/>\n<\/b>Anis Stern kann m\u00f6glicherweise Uterus Kontraktionen verursachen und sollte daher w\u00e4hrend der Schwangerschaft nur in sehr geringen Mengen eingenommen werden.<\/p>\n","protected":false},"excerpt":{"rendered":"<p>Anistee mit seinem warmen, w\u00fcrzigen Lakritzgeschmack ist ein sehr wirksames Mittel gegen Depressionen. Als starkes Antioxidans sch\u00fctzt dieser Tee den K\u00f6rper und st\u00e4rkt das Immunsystem. Es unterst\u00fctzt auch die Verdauung, gleicht den Blutzucker aus, hilft bei Infektionen der Atemwege und kann dazu beitragen, die Symptome von PMS und Wechseljahren zu lindern.<\/p>\n","protected":false},"featured_media":13617,"comment_status":"open","ping_status":"closed","template":"","meta":[],"product_brand":[],"product_cat":[187],"product_tag":[],"class_list":{"0":"post-11065","1":"product","2":"type-product","3":"status-publish","4":"has-post-thumbnail","6":"product_cat-herbs","8":"first","9":"outofstock","10":"shipping-taxable","11":"purchasable","12":"product-type-variable","13":"has-default-attributes"},"_links":{"self":[{"href":"https:\/\/airshiptrips.com\/de\/wp-json\/wp\/v2\/product\/11065","targetHints":{"allow":["GET"]}}],"collection":[{"href":"https:\/\/airshiptrips.com\/de\/wp-json\/wp\/v2\/product"}],"about":[{"href":"https:\/\/airshiptrips.com\/de\/wp-json\/wp\/v2\/types\/product"}],"replies":[{"embeddable":true,"href":"https:\/\/airshiptrips.com\/de\/wp-json\/wp\/v2\/comments?post=11065"}],"wp:featuredmedia":[{"embeddable":true,"href":"https:\/\/airshiptrips.com\/de\/wp-json\/wp\/v2\/media\/13617"}],"wp:attachment":[{"href":"https:\/\/airshiptrips.com\/de\/wp-json\/wp\/v2\/media?parent=11065"}],"wp:term":[{"taxonomy":"product_brand","embeddable":true,"href":"https:\/\/airshiptrips.com\/de\/wp-json\/wp\/v2\/product_brand?post=11065"},{"taxonomy":"product_cat","embeddable":true,"href":"https:\/\/airshiptrips.com\/de\/wp-json\/wp\/v2\/product_cat?post=11065"},{"taxonomy":"product_tag","embeddable":true,"href":"https:\/\/airshiptrips.com\/de\/wp-json\/wp\/v2\/product_tag?post=11065"}],"curies":[{"name":"wp","href":"https:\/\/api.w.org\/{rel}","templated":true}]}}