{"id":11055,"date":"2025-10-08T12:23:12","date_gmt":"2025-10-08T12:23:12","guid":{"rendered":"https:\/\/megaroboticsacademy.com\/shop\/unkategorisiert\/fennel-tea\/"},"modified":"2025-11-20T11:13:13","modified_gmt":"2025-11-20T11:13:13","slug":"fennel-tea","status":"publish","type":"product","link":"https:\/\/airshiptrips.com\/de\/shop\/herbs\/fennel-tea\/","title":{"rendered":"Fenchel Tee"},"content":{"rendered":"<div class=\"woocommerce-tabs wc-tabs-wrapper\">\n<div id=\"tab-description\" class=\"woocommerce-Tabs-panel woocommerce-Tabs-panel--description panel entry-content wc-tab\" role=\"tabpanel\" aria-labelledby=\"tab-title-description\">\n<p>Fenchel, botanischer Name Foeniculum vulgare, geh\u00f6rt zur Familie der Apiaceae (Karotten) und stammt urspr\u00fcnglich aus dem s\u00fcdlichen Mittelmeerraum, obwohl er heute weltweit verbreitet ist. Es ist reich an Vitamin A, B-Komplex, C und D, Aminos\u00e4uren und zahlreichen anderen N\u00e4hrstoffen und hat einen angenehmen Anisgeschmack. Fenchel wird von den alten \u00c4gyptern, Griechen und R\u00f6mern als Medizin und Lebensmittel gesch\u00e4tzt und soll seit langem das Sehverm\u00f6gen st\u00e4rken, Hormone regulieren, die Verdauung verbessern und das Ged\u00e4chtnis unterst\u00fctzen. Au\u00dferdem ist er ein nat\u00fcrlicher Atemerfrischer, anti Diabetisch und entz\u00fcndungshemmend, krampfl\u00f6send, beruhigend, harntreibend, antimikrobiell, antibakteriell und Antioxidans. Durch regelm\u00e4\u00dfiges Trinken von Fenchel Tee kann das Risiko vieler schwerwiegender Krankheiten wie Diabetes, Krebs und Glaukom gesenkt werden. Au\u00dferdem wird der Cholesterinspiegel gesenkt und die Herzgesundheit gef\u00f6rdert. Es ist auch ein wirksames Mittel gegen Erkrankungen wie Gelenkschmerzen und Arthritis und kann zur Gewichtsreduktion beitragen, wenn es vor einer Mahlzeit eingenommen wird, indem der Appetit unterdr\u00fcckt wird<\/p>\n<h3><b>Fenchel Tee f\u00fcr eine gesunde Verdauung<\/b><\/h3>\n<p>Die starken fl\u00fcchtigen \u00d6le im Fenchel erh\u00f6hen die Produktion von Magens\u00e4ften, um die Verdauung anzukurbeln, f\u00f6rdern gleichzeitig das Blut im Verdauungstrakt, regulieren die Kontraktionen des Darms und lindern eingeschlossenes Gas, Bl\u00e4hungen und Kr\u00e4mpfe. Fenchel Tee ist ein hervorragendes Mittel gegen IBS (Reizdarmsyndrom), allgemeine Bl\u00e4hungen, Durchfall, Verstopfung und Verdauung. Es ist auch ein traditionelles Mittel zur Verringerung von Koliksymptomen und kann Neugeborenen verabreicht werden. F\u00fcgen Sie einfach eine Flasche Muttermilch, Milchnahrung oder Wasser hinzu, um eine sofortige Schmerzlinderung zu erzielen. Eine verbesserte Verdauung erm\u00f6glicht es dem K\u00f6rper, mehr N\u00e4hrstoffe aus der Nahrung aufzunehmen und \u00fcbersch\u00fcssige Fl\u00fcssigkeit, Abfall und Giftstoffe aus dem K\u00f6rper zu entfernen.<\/p>\n<h3><b>Erk\u00e4ltungs- und Grippevernichter<\/b><\/h3>\n<p>Anethol, Fenchon und Estragol, die in Fenchel enthaltenen fl\u00fcchtigen \u00d6le, wirken sich positiv auf Infektionen der oberen Atemwege aus und lindern die Lunge. Es reinigt die Bronchialpassagen und lindert Krankheiten wie Bronchitis, Asthma und Keuchhusten. Au\u00dferdem hilft es, Schleim abzubauen, wodurch die Schwere einer verstopften Nase gelindert und die Auswirkungen einer Erk\u00e4ltung oder Grippe verringert werden. Halsschmerzen k\u00f6nnen durch Gurgeln mit dem Tee weiter gelindert werden. Au\u00dferdem enth\u00e4lt Fenchel-Tee viel Vitamin C und st\u00e4rkt das Immunsystem, um Krankheiten abzuwehren.<\/p>\n<h3><b>Hormonausgleich<\/b><\/h3>\n<p>Fenchel enth\u00e4lt Phyto\u00f6strogene, die \u00e4hnlich wie das weibliche Hormon \u00d6strogen wirken und das hormonelle Gleichgewicht im weiblichen Fortpflanzungssystem unterst\u00fctzen. Die krampfl\u00f6senden Eigenschaften helfen, die Geb\u00e4rmutter zu entspannen und Kr\u00e4mpfe zu lindern. Eine ausgezeichnete Hilfe f\u00fcr PMS und Wechseljahre und eine Behandlung f\u00fcr die hormonelle St\u00f6rung Polyzystisches Ovarialsyndrom. Zus\u00e4tzlich bekannt, um die Milchsekretion bei stillenden M\u00fcttern zu erh\u00f6hen. Fenchel enth\u00e4lt auch Gestagene Substanzen, die helfen, das Schilddr\u00fcsen- und Dr\u00fcsensystem auszugleichen.<\/p>\n<p><b>F\u00fcr Haut und Haare<\/b><\/p>\n<p>Die hohen antioxidativen Eigenschaften des Fenchel Tees wirken der Hautalterung durch freie Radikale entgegen. Dar\u00fcber hinaus hilft es, \u00fcbersch\u00fcssige Fl\u00fcssigkeiten aus der Haut auszusp\u00fclen, ist eine gro\u00dfartige Behandlung f\u00fcr Akne und f\u00f6rdert einen makellosen Teint. Der Tee ist reich an Vitamin E und ein hervorragender Schutz f\u00fcr Haarzellen. Zus\u00e4tzlich zu den Vorteilen des Trinkens kann er als hervorragende Haarsp\u00fclung verwendet werden, um chemische Ablagerungen und Verunreinigungen zu entfernen und gleichzeitig Glanz zu verleihen.<\/p>\n<p><b>Gegenwiderspruch\u00a0<\/b>\u2013 Vermeiden w\u00e4hrend der Schwangerschaft<\/p>\n<\/div>\n<\/div>\n<section class=\"related-wrapper\"><\/section>\n","protected":false},"excerpt":{"rendered":"<p>Dieser Tee hat einen Anisgeschmack, der eine gesunde Verdauung unterst\u00fctzt und dabei hilft, Koliken, IBS-Symptome und Magenverstimmung zu reduzieren. Gleichzeitig hilft es, die Symptome von Erk\u00e4ltungen und Grippe zu bek\u00e4mpfen, und kommt insbesondere der Gesundheit von Frauen zugute.<\/p>\n","protected":false},"featured_media":13653,"comment_status":"open","ping_status":"closed","template":"","meta":[],"product_brand":[],"product_cat":[187],"product_tag":[],"class_list":{"0":"post-11055","1":"product","2":"type-product","3":"status-publish","4":"has-post-thumbnail","6":"product_cat-herbs","8":"first","9":"outofstock","10":"shipping-taxable","11":"purchasable","12":"product-type-variable","13":"has-default-attributes"},"_links":{"self":[{"href":"https:\/\/airshiptrips.com\/de\/wp-json\/wp\/v2\/product\/11055","targetHints":{"allow":["GET"]}}],"collection":[{"href":"https:\/\/airshiptrips.com\/de\/wp-json\/wp\/v2\/product"}],"about":[{"href":"https:\/\/airshiptrips.com\/de\/wp-json\/wp\/v2\/types\/product"}],"replies":[{"embeddable":true,"href":"https:\/\/airshiptrips.com\/de\/wp-json\/wp\/v2\/comments?post=11055"}],"wp:featuredmedia":[{"embeddable":true,"href":"https:\/\/airshiptrips.com\/de\/wp-json\/wp\/v2\/media\/13653"}],"wp:attachment":[{"href":"https:\/\/airshiptrips.com\/de\/wp-json\/wp\/v2\/media?parent=11055"}],"wp:term":[{"taxonomy":"product_brand","embeddable":true,"href":"https:\/\/airshiptrips.com\/de\/wp-json\/wp\/v2\/product_brand?post=11055"},{"taxonomy":"product_cat","embeddable":true,"href":"https:\/\/airshiptrips.com\/de\/wp-json\/wp\/v2\/product_cat?post=11055"},{"taxonomy":"product_tag","embeddable":true,"href":"https:\/\/airshiptrips.com\/de\/wp-json\/wp\/v2\/product_tag?post=11055"}],"curies":[{"name":"wp","href":"https:\/\/api.w.org\/{rel}","templated":true}]}}