{"id":11043,"date":"2025-10-08T12:22:22","date_gmt":"2025-10-08T12:22:22","guid":{"rendered":"https:\/\/megaroboticsacademy.com\/shop\/unkategorisiert\/artemisia-tea\/"},"modified":"2025-11-20T10:43:30","modified_gmt":"2025-11-20T10:43:30","slug":"artemisia","status":"publish","type":"product","link":"https:\/\/airshiptrips.com\/de\/shop\/herbs\/artemisia\/","title":{"rendered":"Artemisia \u201eWermut\u201c Tee"},"content":{"rendered":"<div class=\"woocommerce-tabs wc-tabs-wrapper\">\n<div id=\"tab-description\" class=\"woocommerce-Tabs-panel woocommerce-Tabs-panel--description panel entry-content wc-tab\" role=\"tabpanel\" aria-labelledby=\"tab-title-description\">\n<p>Die Basis f\u00fcr unseren Artemisia Tee ist das Kraut Artemisia absinthium, auch bekannt als s\u00fc\u00dfer Wermut oder Beifu\u00df, das in Teilen Europas, Westasiens und Nordafrikas heimisch ist. Es ist vielen Kulturen auf der ganzen Welt heilig und soll nach Artemis benannt worden sein, der griechischen G\u00f6ttin der Jagd, Besch\u00fctzerin der Wildnis, der wilden Tiere, des Mondes und der Keuschheit \u2013 der Inkarnation von Mutter Erde (den R\u00f6mern als Diana bekannt). Es wird jedoch vermutet, dass es nach K\u00f6nigin Artemisia von Karien (Halikarnassos) benannt werden k\u00f6nnte, einer bekannten t\u00fcrkischen Botanikerin aus der Zeit um 400 v. Artemisia gilt als eine der ersten Pflanzen, die von Menschen kultiviert werden, und hat eine lange Geschichte in rituellen Praktiken, die D\u00e4monen abwehren und in Liebestr\u00e4nken verwendet werden sollen. Es soll verwendet worden sein, um einer Hemlock-Vergiftung entgegenzuwirken und das \u201eBei\u00dfen des Seedrachen\u201c zu heilen. Der Ebers Papyrus zeigt, dass die alten \u00c4gypter dieses Kraut als Antiseptikum, Tonikum und Stimulans sowie als Mittel gegen Fieber und Menstruationsbeschwerden verwendeten. In der traditionellen Kr\u00e4utertherapie wird die Pflanze seit langem bei verschiedenen Magen-Darm-Erkrankungen, als Schmerzmittel und zur Beseitigung innerer Parasiten eingesetzt. Es wurde fr\u00fcher als \u201eHauptmittel gegen alle Krankheiten\u201c bezeichnet. Artemisia ist ein Hauptbestandteil des Spirituosen Absinths, der urspr\u00fcnglich als Tonikum an Beliebtheit gewann und schlie\u00dflich aufgrund seiner Nachfrage als alkoholisches Getr\u00e4nk in Massenproduktion hergestellt wurde. Er wird auch zum W\u00fcrzen anderer alkoholischer Getr\u00e4nke und Weine, einschlie\u00dflich Wermut, verwendet.<\/p>\n<p>Artemisia enth\u00e4lt neben Mangan, Kalzium, Kalium, Natrium, Silizium und Kobalt auch B-Komplex-Vitamine und Vitamin C, B-Carotin, bittere Sesquiterpenoid-Lactone, Flavonoide, andere Verbindungen, die Bitterkeit verleihen, Azulene, Phenols\u00e4uren, Tannine und Lignane, Terpenoide (insbesondere Thujon), Phenylpropanoide, aliphatische, Polyphenol- und Flavonoidverbindungen. Diese Verbindungen sind f\u00fcr ihre biologischen Aktivit\u00e4ten verantwortlich, wie z. B. als Antioxidans, entz\u00fcndungshemmend, antiprotozoal, antibakteriell, antimykotisch, gegen Geschw\u00fcre, hepatoprotektiv, immunmodulatorisch, zytotoxisch, analgetisch, neuroprotektiv, prokognitiv, antidepressiv, neurotrop und zellmembranstabilisierend und antioxidative Aktivit\u00e4ten, wie durch pharmakologische Studien festgestellt, um traditionelle Anwendungen zu best\u00e4tigen. Es ist auch bekannt, antivirale, diaphoretische, schleiml\u00f6sende, abschwellende, insektenabweisende \/ insektizide, muskelrelaxierende und stimulierende Eigenschaften zu haben. Der Hauptwirkstoff in Artemisia ist ein Thujon, das viele gesundheitliche Vorteile hat, einschlie\u00dflich der Blockierung eines Neurotransmitters namens Gamma Aminobutters\u00e4ure, der eine beruhigende Wirkung auf das Zentralnervensystem hat. Nehmen Sie also eine Tasse w\u00e4rmenden Artemisia Tee, um die Ruhe zu f\u00f6rdern und die Vorteile dieses speziellen Krauts zu nutzen.<\/p>\n<h3><b>Schmerzlindernd und entz\u00fcndungshemmend<\/b><\/h3>\n<p>Entz\u00fcndungen sind eine h\u00e4ufige Reaktion auf oxidativen Stress, der zu chronischen Krankheiten wie Diabetes, Krebs, Alzheimer und einem geschw\u00e4chten Immunsystem f\u00fchren kann. Schw\u00e4chende Schmerzen k\u00f6nnen auch den Alltag ernsthaft st\u00f6ren, den Schlaf, die Arbeit, das Spielen und das allgemeine Leben beeintr\u00e4chtigen. Artemisia hat entz\u00fcndungshemmende und schmerzlindernde Eigenschaften, und klinische Studien haben das Potenzial der Verwendung von Artemisia f\u00fcr diese Vorteile best\u00e4tigt. Es enth\u00e4lt eine Verbindung namens Artemisinin, eine bioaktive Verbindung, die nur in einigen Artemisia Kr\u00e4utern enthalten ist. Diese Verbindung hemmt die Produktion eines bestimmten Proteins, genannt Zytokine, die Entz\u00fcndungen f\u00f6rdern. W\u00e4hrend Entz\u00fcndungen Teil des nat\u00fcrlichen Heilsystems sind, ist eine Entz\u00fcndung auf niedrigem Niveau der Schl\u00fcssel zu allen chronischen Krankheiten, einschlie\u00dflich rheumatoider Arthritis, Herzerkrankungen und Demenz. Artemisia enth\u00e4lt auch weitere Verbindungen, Azulene, mit einer starken, nachgewiesenen entz\u00fcndungshemmenden Wirkung. Daher kann es f\u00fcr Menschen, die an rheumatoider Arthritis, Arthrose, Gicht oder Gelenkschmerzen oder Entz\u00fcndungen leiden, vorteilhaft sein, Artemisia Tee in ihre Ern\u00e4hrung aufzunehmen. Die Forscher fanden heraus, dass Arthritis-Patienten eine signifikante Schmerzreduktion berichteten und dass diese m\u00f6glicherweise wirksamer und sicherer ist als herk\u00f6mmliche pharmazeutische Alternativen. Es gab viele Studien \u00fcber die Wirkung von Artemisia auf Morbus Crohn und die Ergebnisse waren atemberaubend. In allen Studien wurde festgestellt, dass die Symptome reduziert waren und nur 10 % in einer Studie (null in anderen) mit neuen Symptomen auftraten, obwohl die Gesamtsymptome immer noch reduziert waren. Unabh\u00e4ngig davon waren sie alle in der Lage, den Einsatz von Steroiden entweder zu reduzieren oder ganz zu eliminieren. Es wurde sogar berichtet, dass einige von dieser schw\u00e4chenden Krankheit \u201efast remittiert\u201c sind. Es wurde auch gezeigt, dass es die Stimmung verbessert und sich positiv auf die Lebensqualit\u00e4t auswirkt, die bei anderen Behandlungen f\u00fcr Morbus Crohn fehlt.<\/p>\n<h3><b>Entgiftet, st\u00e4rkt und sch\u00fctzt den K\u00f6rper<\/b><b><br \/>\n<\/b><\/h3>\n<p>Artemisia enth\u00e4lt eine \u00e4u\u00dferst starke Verbindung namens Chamazulen, die als Antioxidans den K\u00f6rper von sch\u00e4dlichen freien Radikalen befreit und oxidativen Stress bek\u00e4mpft, um vor Protein-, DNA und Lipid Sch\u00e4den sowie bestimmten chronischen Krankheiten wie Diabetes, Krebs, Alzheimer und anderen Krankheiten zu sch\u00fctzen ein geschw\u00e4chtes Immunsystem. W\u00e4hrenddessen st\u00e4rken die Vitamine und N\u00e4hrstoffe im Tee das nat\u00fcrliche Immunsystem des K\u00f6rpers und bereiten den K\u00f6rper auf die Bek\u00e4mpfung h\u00e4ufiger Infektionen, Viren und Beschwerden vor. Fr\u00fche Untersuchungen haben gezeigt, dass dies eine gro\u00dfe Hilfe f\u00fcr diejenigen sein kann, die an Berger-Krankheit (IgA-Nephropathie), einer Nierenerkrankung, leiden, da eine Senkung des Blutdrucks und des Proteinspiegels im Urin nachgewiesen wurde. Artemisia ist auch ein gutes Mittel gegen Leber- und Gallenblasenprobleme. Tierversuche zeigten, dass es Lebersch\u00e4den reduziert, indem es die Oxidation reduziert und Entz\u00fcndungen hemmt. Bitterstoffe darin stimulieren auch die Gallenblasenfunktion. Studien haben auch gezeigt, dass die bioaktive Verbindung Artemisinin einige Krebszellen auf \u00e4hnliche Weise bek\u00e4mpfen kann, wie sie Plasmodium falciparum, den f\u00fcr Malaria verantwortlichen Parasiten, eliminiert. Voruntersuchungen haben auch gezeigt, dass es den Blutzuckerspiegel bei Menschen mit Typ-2-Diabetes senkt.<\/p>\n<h3><b>Antimikrobielle, antivirale und antimykotische F\u00e4higkeiten<\/b><\/h3>\n<p>Studien haben gezeigt, dass Artemisia gegen eine Reihe von Bakterien wirksam ist, einschlie\u00dflich E-Coli, Salmonellen und Staphylococcus aureus. Es hemmt auch das Wachstum von Naegleria fowleri, das eine prim\u00e4re am\u00f6bische Meningoenzephalitis (PAM) verursacht, eine Gehirninfektion, die das Gehirngewebe zerst\u00f6rt. Artemisia zeigt auch \u00e4hnliche F\u00e4higkeiten bei Pilzen und hemmt das Wachstum von Candida albicans. Artemisia zeigt auch \u00e4hnliche F\u00e4higkeiten bei Pilzen und hemmt das Wachstum von Candida albicans. Artemisinin, eine bioaktive Verbindung, die nur in einigen Artemisia Kr\u00e4utern vorkommt, ist bereits der Standard zur Behandlung des Malaria verursachenden Parasiten Plasmodium falciparum. Der Tee ist bereits ein bekannter Angreifer gegen SIBO (\u00dcberwachsen von D\u00fcnndarmbakterien), das ein Vorl\u00e4ufer von IBS sein kann, und eine Studie kam zu dem Schluss, dass er genauso wirksam ist wie das bekannte Arzneimittel Rifaximin, jedoch ohne die h\u00e4ufig mit Rifaximin verbundenen Nebenwirkungen. Antiviral und antibakteriell ist dieser Tee auch ein perfektes Getr\u00e4nk f\u00fcr Menschen, die an einer Verstopfung der Brust und der Nasennebenh\u00f6hlen sowie an Entz\u00fcndungen durch Erk\u00e4ltung, Grippe, Bronchitis oder Asthma leiden. Es wird auch angenommen, dass es gegen Staphylokokken-Bakterien wirksam ist, die allgemein als Halsentz\u00fcndung bekannt sind. Artemisia wirkt als Expektorans und abschwellendes Mittel, wodurch der Schleim im Hals und in den Atemwegen gelockert und beseitigt werden kann, w\u00e4hrend gleichzeitig die Schmerzen gelindert werden. Muskelrelaxantien und entz\u00fcndungshemmende Eigenschaften entspannen die Luftr\u00f6hre und sch\u00fctzen vor Husten und gereiztem Hals. Es ist auch bekannt, das Schwitzen zu stimulieren und so den K\u00f6rper zu k\u00fchlen, was f\u00fcr eine Erk\u00e4ltung oder ein Virus von Vorteil sein kann. Antioxidantien erm\u00f6glichen es den wei\u00dfen Blutk\u00f6rperchen, schneller durch den K\u00f6rper zu wandern, um Infektionen zu bek\u00e4mpfen, w\u00e4hrend essentielle Vitamine und N\u00e4hrstoffe das Immunsystem st\u00e4rken. In der Zwischenzeit profitieren saisonale Allergien von den entz\u00fcndungshemmenden Eigenschaften und lindern Nasenprobleme und juckenden Hals, wodurch die Symptome von Heuschnupfen gelindert werden. Asthmatiker profitieren von den entspannenden Eigenschaften, die Stauungen und Bronchialbeschr\u00e4nkungen lindern. Artemisia wird seit Jahrhunderten zur Behandlung von Darmparasiten eingesetzt, daher der andere beliebte Name Wermut. Studien haben gezeigt, dass es bei Parasiten zu L\u00e4hmungen und zum Tod f\u00fchrt, was f\u00fcr das im Kraut enthaltene Thujon akkreditiert ist. In einer Studie wurde sogar zitiert, dass Parasiten genauso effektiv eliminiert wurden wie alle f\u00fchrenden Antiparasiten-Medikamente.<\/p>\n<h3><b>Verdauung<\/b><\/h3>\n<p>Artemisia Tee ist besonders wirksam als Verdauungshilfe und wird dringend empfohlen, vor einer schweren Mahlzeit einzunehmen, um Bl\u00e4hungen vorzubeugen. Dieses bittere Kraut stimuliert die Geschmacksknospen und f\u00f6rdert den Speichelfluss, die Magens\u00e4ureproduktion und die Bewegung des Darmtrakts. Es stimuliert auch die Leber und die Gallenblase, f\u00f6rdert die Freisetzung von Galle aus der Leber und die Speicherung in der Gallenblase, wodurch der Verdauungsprozess effizienter wird. Verdauungsst\u00f6rungen (Bl\u00e4hungen, Sodbrennen) sind h\u00e4ufig das Ergebnis geringer Mengen an Magens\u00e4ure. Durch die Stimulierung der Salzs\u00e4ure im Magen wird die Darmflora optimiert und gleichzeitig Organismen wie Helicobacter Pylori abget\u00f6tet, die, wenn sie nicht behandelt werden, Zw\u00f6lffingerdarmgeschw\u00fcre verursachen k\u00f6nnen. Der Tee kann auch Kr\u00e4mpfe im Magen reduzieren, Kr\u00e4mpfe lindern und Bakterien beseitigen Magenverstimmung verursachen. Da sich 70 % des Immunsystems im Verdauungstrakt befinden, ist es f\u00fcr die allgemeine Gesundheit besonders wichtig, dass dies richtig funktioniert. Eine korrekte Verdauung stellt auch sicher, dass eine optimale Ern\u00e4hrung aus der Nahrung abgeleitet wird, was wiederum die allgemeine Gesundheit f\u00f6rdert.<\/p>\n<p><b>Zubereitung von Artemisia Tee<br \/>\n<\/b>\u00bd \u2013 1 Teel\u00f6ffel Artemisia in eine Tasse fast gekochtes Wasser geben und 5-15 Minuten ziehen lassen. Kann zu anderen Tees wie Minze oder Anis hinzugef\u00fcgt werden, um den Geschmack zu verbessern. Oder versuchen Sie, eine Zitronenscheibe hinzuzuf\u00fcgen. F\u00fcgen Sie Zucker oder Honig hinzu, um nach Bedarf zu s\u00fc\u00dfen.<\/p>\n<p><b>Vorsicht<br \/>\n<\/b>Nicht empfohlen w\u00e4hrend der Schwangerschaft, f\u00fcr stillende M\u00fctter oder f\u00fcr diejenigen, die an Epilepsie leiden oder Blutverd\u00fcnner nehmen.<\/p>\n<\/div>\n<\/div>\n<section class=\"related-wrapper\"><\/section>\n","protected":false},"excerpt":{"rendered":"<p>Artemisia ist ein w\u00e4rmender Tee, der das Nervensystem beruhigt. Es hat vorteilhafte Wirkungen bei der Behandlung von entz\u00fcndlichen Erkrankungen wie Arthritis, Morbus Crohn und Gelenkschmerzen. Es unterst\u00fctzt die Verdauung, lindert Magenkr\u00e4mpfe, hilft bei Leber- und Gallenblasenproblemen und gegen vorhandene Parasiten. Dar\u00fcber hinaus lindert es Heuschnupfen, Asthma, Erk\u00e4ltungen und Grippesymptome.<\/p>\n","protected":false},"featured_media":13675,"comment_status":"closed","ping_status":"closed","template":"","meta":[],"product_brand":[],"product_cat":[187],"product_tag":[],"class_list":{"0":"post-11043","1":"product","2":"type-product","3":"status-publish","4":"has-post-thumbnail","6":"product_cat-herbs","8":"first","9":"outofstock","10":"shipping-taxable","11":"purchasable","12":"product-type-simple"},"_links":{"self":[{"href":"https:\/\/airshiptrips.com\/de\/wp-json\/wp\/v2\/product\/11043","targetHints":{"allow":["GET"]}}],"collection":[{"href":"https:\/\/airshiptrips.com\/de\/wp-json\/wp\/v2\/product"}],"about":[{"href":"https:\/\/airshiptrips.com\/de\/wp-json\/wp\/v2\/types\/product"}],"replies":[{"embeddable":true,"href":"https:\/\/airshiptrips.com\/de\/wp-json\/wp\/v2\/comments?post=11043"}],"wp:featuredmedia":[{"embeddable":true,"href":"https:\/\/airshiptrips.com\/de\/wp-json\/wp\/v2\/media\/13675"}],"wp:attachment":[{"href":"https:\/\/airshiptrips.com\/de\/wp-json\/wp\/v2\/media?parent=11043"}],"wp:term":[{"taxonomy":"product_brand","embeddable":true,"href":"https:\/\/airshiptrips.com\/de\/wp-json\/wp\/v2\/product_brand?post=11043"},{"taxonomy":"product_cat","embeddable":true,"href":"https:\/\/airshiptrips.com\/de\/wp-json\/wp\/v2\/product_cat?post=11043"},{"taxonomy":"product_tag","embeddable":true,"href":"https:\/\/airshiptrips.com\/de\/wp-json\/wp\/v2\/product_tag?post=11043"}],"curies":[{"name":"wp","href":"https:\/\/api.w.org\/{rel}","templated":true}]}}