{"id":11035,"date":"2025-10-08T12:22:40","date_gmt":"2025-10-08T12:22:40","guid":{"rendered":"https:\/\/megaroboticsacademy.com\/shop\/unkategorisiert\/marjoram-tea\/"},"modified":"2025-11-20T10:34:04","modified_gmt":"2025-11-20T10:34:04","slug":"majoran-tee","status":"publish","type":"product","link":"https:\/\/airshiptrips.com\/de\/shop\/herbs\/majoran-tee\/","title":{"rendered":"Majoran Tee"},"content":{"rendered":"<p>Die Basis f\u00fcr unseren Tee ist das Kraut Majoran (Origanum), ein Kraut, das nach Nordafrika und S\u00fcdwestasien abf\u00e4llt. Es wurde vor \u00fcber 3.000 Jahren von den alten \u00c4gyptern wegen seiner therapeutischen und heilenden Eigenschaften zum ersten Mal kultiviert und war eine der Pflanzen, die Priester gegen Migr\u00e4ne und Instabilit\u00e4t verwenden sollten. Es war nicht nur ein Mittel gegen Schock und Trauer. Majoran war Osiris, dem Gott der Unterwelt, gewidmet und wurde in den Einbalsamierung Prozess einbezogen sowie als Begr\u00e4bnisblume. Es war auch beliebt f\u00fcr seine kulinarische Verwendung. Im antiken Griechenland und Rom wurde Majoran Tee als Symbol des Gl\u00fccks angesehen. Dar\u00fcber hinaus wurde das Kraut vom griechischen Arzt Hippokrates, bekannt als \u201eVater der Medizin\u201c, als pflanzliches Heilmittel verwendet. Eine der empfohlenen Anwendungen war die Zugabe zu kochendem Wasser und die Inhalation zur Behandlung der Atemwege.<\/p>\n<p>Majoran enth\u00e4lt die Vitamine A, B6 (Pyridoxin), B9 (Fols\u00e4ure) und K, einen hohen Gehalt an Vitamin C, Beta-Carotin, Lutein, Cryptoxanthin und Zeaxanthin sowie Mineralien wie Eisen, Kalium, Kalzium, Mangan, Zink, Kupfer und Magnesium, zus\u00e4tzlich zu wichtigen chemischen Bestandteilen wie Eugenolsabininen, Linalool, Alpha-Terpinen, Thymol, Terpinolen, Terpinen-4-ol, Linalylacetat, cis-Sabinenhydrat und Terpineol. Es hat antioxidative, entz\u00fcndungshemmende, krampfl\u00f6sende, antiseptische, antivirale, antibakterielle, antimykotische, analgetische, diaphoretische, schleiml\u00f6sende, fungizide, karminative, abf\u00fchrende, nerv\u00f6se, beruhigende, harntreibende, blutdrucksenkende, vasodilatatorische, kephalische, herz-, magen- und emmenagoge Eigenschaften. Dieser erfrischende Tee ist ein Nervenst\u00e4rkungsmittel und l\u00e4sst Sie verj\u00fcngt und entspannt zur\u00fcck, um mentalen Druck und Stress abzubauen, w\u00e4hrend Sie sich zur\u00fccklehnen und seine immensen gesundheitlichen Vorteile nutzen.<\/p>\n<h3><b>Entgiftet den K\u00f6rper, st\u00e4rkt das Immunsystem und sch\u00fctzt lebenswichtige Organe<\/b><\/h3>\n<p>Majoran enth\u00e4lt einen hohen Anteil an Antioxidantien sowie entz\u00fcndungshemmende Eigenschaften, um den K\u00f6rper von sch\u00e4dlichen freien Radikalen zu befreien, vor Protein-, DNA und Lipid Sch\u00e4den zu sch\u00fctzen und den K\u00f6rper vor oxidativem Stress und bestimmten chronischen Krankheiten wie Diabetes zu sch\u00fctzen. W\u00e4hrenddessen st\u00e4rken die Vitamine und N\u00e4hrstoffe im Tee das nat\u00fcrliche Immunsystem des K\u00f6rpers und bereiten den K\u00f6rper auf die Bek\u00e4mpfung h\u00e4ufiger Infektionen, Viren und Beschwerden vor. Als nat\u00fcrliches Diuretikum kann dieser Tee Giftstoffe aus dem K\u00f6rper entfernen und die Nieren und die Leber reinigen und stimulieren. Majoran ist sehr gut f\u00fcr die Verbesserung der Funktion des Herz-Kreislauf-Systems. Als nat\u00fcrlicher Vasodilatator hilft es, die Blutgef\u00e4\u00dfe zu erweitern und zu entspannen, wodurch der Blutdruck gesenkt und das Herz \u00fcberm\u00e4\u00dfig belastet wird. Weiterer Schutz wird durch die Verringerung der Anreicherung von Cholesterin in den Blutgef\u00e4\u00dfen und die Verhinderung der Verh\u00e4rtung der Arterien geboten. Es wird empfohlen, nach einem Herzinfarkt Majoran Tee zu trinken und bei der Behandlung von Herz-Kreislauf-Erkrankungen zu helfen. Majoran induziert Schwitzen und wirkt als Diuretikum. Er entfernt Giftstoffe sowie \u00fcbersch\u00fcssige Fl\u00fcssigkeit und Natrium aus dem K\u00f6rper, h\u00e4lt die Nieren gesund und reduziert den Fettgehalt im K\u00f6rper. Antibiotika, antimikrobielle und antivirale Eigenschaften tragen dazu bei, virale und bakterielle Erkrankungen zu reduzieren und vor diesen zu sch\u00fctzen, und wirken sogar gegen aggressive, antibiotikaresistente St\u00e4mme wie Staphylococcus aureus, die fast jeden K\u00f6rperteil zerst\u00f6ren k\u00f6nnen. Es kann auch intern vor dem \u00dcberwachsen von Candida sch\u00fctzen, wenn nur der Tee regelm\u00e4\u00dfig getrunken wird. Majoran Tee, der eine hohe Menge an Vitamin K enth\u00e4lt, kann zur F\u00f6rderung der Knochenmasse beitragen und zur Vorbeugung von Knochenerkrankungen wie Osteoporose beitragen. Es ist auch gut f\u00fcr die Alzheimer-Krankheit, hat entz\u00fcndungshemmende Eigenschaften und die F\u00e4higkeit, Nervensch\u00e4den zu verhindern.<\/p>\n<h3><b>Ein nat\u00fcrliches Schmerzmittel<\/b><\/h3>\n<p>Als nat\u00fcrlicher Vasodilatator kann Majoran tee gegen Kopfschmerzen helfen, die durch Verspannungen oder M\u00fcdigkeit verursacht werden, indem er angespannte Muskeln entspannt und Schmerzen lindert. Auch ideal bei Menstruationsbeschwerden, da es die Intensit\u00e4t und L\u00e4nge von Muskelkontraktionen verringern kann.<\/p>\n<h3><b>Bek\u00e4mpft Erk\u00e4ltungen, Grippe und Allergien<\/b><\/h3>\n<p>Die antibakteriellen, antiviralen und entz\u00fcndungshemmenden Eigenschaften helfen bei der Bek\u00e4mpfung verstopfter Nebenh\u00f6hlen aufgrund von Erk\u00e4ltungen, Virusinfektionen und Allergien. Dampf aus dem Tee ist auch eine strategische Waffe f\u00fcr die Nebenh\u00f6hlen und verbessert den Luftstrom in der Nasenh\u00f6hle. Krampfl\u00f6send und ein Muskelrelaxans, lindert es auch Halsschmerzen und irritierenden Husten, w\u00e4hrend es als nat\u00fcrliches abschwellendes Mittel hilft, \u00fcbersch\u00fcssigen Schleim und Schleim aus dem Hals, den Nebenh\u00f6hlen und den Atemwegen zu entfernen. Es wird auch die damit verbundenen Kopfschmerzen lindern. Antioxidantien erm\u00f6glichen es den wei\u00dfen Blutk\u00f6rperchen, schneller durch den K\u00f6rper zu wandern, um Infektionen zu bek\u00e4mpfen, und essentielle Vitamine und N\u00e4hrstoffe st\u00e4rken das Immunsystem. Saisonale Allergien profitieren von den entz\u00fcndungshemmenden Eigenschaften und lindern die Symptome von Heuschnupfen und Asthma.<\/p>\n<h3><b>Entz\u00fcndungshemmende Eigenschaften<\/b><\/h3>\n<p>Eine anhaltende Entz\u00fcndung kann mit chronischen Gesundheitsproblemen wie Bluthochdruck, Diabetes, Atemproblemen, Arthritis, Fettleibigkeit, Schlaganfall und Krebs verbunden sein. Eine Verbindung in Majoran namens Eugenol wirkt gegen Cyclooxygenase, ein Enzym, das f\u00fcr Entz\u00fcndungen verantwortlich ist und zur Linderung und Kontrolle der Symptome beitragen kann. Daher kann das Hinzuf\u00fcgen dieses Tees zur t\u00e4glichen Ern\u00e4hrung f\u00fcr diejenigen, die an Krankheiten wie rheumatoider Arthritis, Arthrose und entz\u00fcndlichen Darmerkrankungen leiden, \u00e4u\u00dferst vorteilhaft sein.<\/p>\n<h3><b>Kann antimikrobielle Aktivit\u00e4t haben<\/b><\/h3>\n<p>Antiviral und antibakteriell ist dieser Tee ein perfektes Getr\u00e4nk f\u00fcr Menschen, die an einer Verstopfung der Bronchien und der Nasennebenh\u00f6hlen sowie an Entz\u00fcndungen durch Erk\u00e4ltung, Grippe, Bronchitis oder Asthma leiden. Es wirkt als Expektorans und lockert so den Schleim im Hals und in den Atemwegen, l\u00e4sst ihn zerstreuen und lindert gleichzeitig die Schmerzen. Muskelrelaxantien und entz\u00fcndungshemmende Eigenschaften entspannen die Luftr\u00f6hre und sch\u00fctzen vor Husten und gereiztem Hals. Majoran hat auch Eigenschaften, die Schwei\u00df verursachen und so Hitze und K\u00f6rpertemperatur lindern, was bei Erk\u00e4ltung oder Fieber von Vorteil sein kann. Dampf aus dem Tee ist auch eine strategische Waffe f\u00fcr die Nebenh\u00f6hlen und verbessert den Luftstrom in der Nasenh\u00f6hle. Antioxidantien erm\u00f6glichen es den wei\u00dfen Blutk\u00f6rperchen, schneller durch den K\u00f6rper zu wandern, um Infektionen zu bek\u00e4mpfen, w\u00e4hrend essentielle Vitamine und N\u00e4hrstoffe das Immunsystem st\u00e4rken. In der Zwischenzeit profitieren saisonale Allergien von den entz\u00fcndungshemmenden Eigenschaften und lindern Nasenprobleme und juckenden Hals, wodurch die Symptome von Heuschnupfen gelindert werden. Asthmatiker profitieren von den entspannenden Eigenschaften, die Stauungen und Bronchialbeschr\u00e4nkungen lindern. Majoran ist au\u00dferdem ein hervorragendes Mittel gegen Hefen und Pilzinfektionen. Es wird behauptet, Krankheitserreger wie E-Coli, Staphylococcus, Shigella sowie Proteus und Pseudomonas zu hemmen. Majoran Tee kann auch zum Schutz vor Zahnfleischerkrankungen wie Gingivitis und Parodontitis beitragen und Mundgeruch beseitigen. Eine ausgezeichnete Auswahl an Getr\u00e4nken nach einer Mahlzeit, um den Atem nach scharfem Essen zu vers\u00fc\u00dfen.<\/p>\n<h3><b>Kann Verdauungsprobleme lindern<\/b><\/h3>\n<p>Majoran Tee ist eine ausgezeichnete Wahl vor oder nach einer Mahlzeit. Es ist eine gro\u00dfartige Vorspeise, da sein Aroma die Speicheldr\u00fcsen dazu anregt, Verdauungsenzyme abzuscheiden, wodurch die Verdauung erleichtert wird. Nach oder w\u00e4hrend einer Mahlzeit ist es ein gro\u00dfartiger Gaumenreiniger. Es ist ein ausgezeichnetes Germizid und Antiseptikum und wirkt gut bei Magen-Darm-Beschwerden, die sich mit der Grundursache des Problems befassen. Studien haben gezeigt, dass Majoran gegen Clostridium perfringens, ein h\u00e4ufiges lebensmittelbedingtes Pathogen, sowie gegen antibiotikaresistente St\u00e4mme wie E.-coli und Salmonellen wirksam ist. Im Falle einer Magenverstimmung werden Kr\u00e4mpfe durch Beruhigung der kontrahierenden Muskeln gelindert und die Durchblutung verbessert, um Entz\u00fcndungen zu lindern und gleichzeitig Symptome wie Gas, Bl\u00e4hungen und Verdauungsst\u00f6rungen zu lindern. Funktioniert auch gut zur Beruhigung von Koliken und reduziert sowohl die Kr\u00e4mpfe als auch die damit verbundenen Schmerzen. Es ist eine hervorragende Hilfe f\u00fcr IBS-Betroffene und tr\u00e4gt dazu bei, dass das Verdauungssystem reibungslos funktioniert. \u00dcbelkeit wird durch die krampfl\u00f6senden Eigenschaften in Schach gehalten, die verhindern, dass sich die Bauchmuskeln zusammenziehen. Ein nat\u00fcrliches Mittel zur Vorbeugung von Krankheiten nach Operationen oder Chemotherapie und zur Hemmung von Reisekrankheiten.<\/p>\n<h3><b>Kann helfen, Ihren Menstruationszyklus und Ihre Hormone zu regulieren<\/b><\/h3>\n<p>Majoran-Tee kann helfen, den Hormonhaushalt wiederherzustellen und den Menstruationszyklus zu regulieren. Studien legen nahe, dass es bei der Behandlung des Syndroms der polyzystischen Eierst\u00f6cke hilfreich ist. Es kann auch PMS-Symptome reduzieren und mit seinen muskelrelaxierenden und krampfl\u00f6senden Eigenschaften Menstruationsbeschwerden lindern und auch als nat\u00fcrliches Schmerzmittel wirken. In \u00e4hnlicher Weise kann es auch helfen, die Symptome der Wechseljahre wie Hitzewallungen, Knochendichtverlust, Osteoporose, trockene Haut und M\u00fcdigkeit zu lindern.<\/p>\n<p><b>Zubereitung von Majoran Tee<br \/>\n<\/b>1-2 Teel\u00f6ffel Majoran-Tee in eine Tasse kochendes Wasser geben und 2-3 Minuten ziehen lassen. Ein l\u00e4ngeres Einweichen des Tees erh\u00f6ht die Wirksamkeit und wird besonders zur Behandlung von Erk\u00e4ltungen oder Grippe empfohlen. F\u00fcgen Sie Zucker oder Honig hinzu, um nach Bedarf zu s\u00fc\u00dfen.<\/p>\n<p><b>Vorsicht<br \/>\n<\/b>Nicht empfohlen f\u00fcr schwangere oder stillende M\u00fctter, Kinder oder Personen, die sich einer Operation unterziehen, Blutverd\u00fcnner nehmen oder an einer Blutgerinnungsst\u00f6rung leiden.<\/p>\n","protected":false},"excerpt":{"rendered":"<p>Majoran-Tee ist ein mildes, w\u00fcrziges Getr\u00e4nk, das Schlaflosigkeit, Entz\u00fcndungen und Magenverstimmung lindert. Es kann Erk\u00e4ltungs- und Virussymptome reduzieren. Dieser Tee wird f\u00fcr den regelm\u00e4\u00dfigen Verzehr nach Myokardinfarkt und St\u00f6rungen des Nervensystems dringend empfohlen.<\/p>\n","protected":false},"featured_media":13694,"comment_status":"closed","ping_status":"closed","template":"","meta":[],"product_brand":[],"product_cat":[187],"product_tag":[],"class_list":{"0":"post-11035","1":"product","2":"type-product","3":"status-publish","4":"has-post-thumbnail","6":"product_cat-herbs","8":"first","9":"outofstock","10":"shipping-taxable","11":"purchasable","12":"product-type-simple"},"_links":{"self":[{"href":"https:\/\/airshiptrips.com\/de\/wp-json\/wp\/v2\/product\/11035","targetHints":{"allow":["GET"]}}],"collection":[{"href":"https:\/\/airshiptrips.com\/de\/wp-json\/wp\/v2\/product"}],"about":[{"href":"https:\/\/airshiptrips.com\/de\/wp-json\/wp\/v2\/types\/product"}],"replies":[{"embeddable":true,"href":"https:\/\/airshiptrips.com\/de\/wp-json\/wp\/v2\/comments?post=11035"}],"wp:featuredmedia":[{"embeddable":true,"href":"https:\/\/airshiptrips.com\/de\/wp-json\/wp\/v2\/media\/13694"}],"wp:attachment":[{"href":"https:\/\/airshiptrips.com\/de\/wp-json\/wp\/v2\/media?parent=11035"}],"wp:term":[{"taxonomy":"product_brand","embeddable":true,"href":"https:\/\/airshiptrips.com\/de\/wp-json\/wp\/v2\/product_brand?post=11035"},{"taxonomy":"product_cat","embeddable":true,"href":"https:\/\/airshiptrips.com\/de\/wp-json\/wp\/v2\/product_cat?post=11035"},{"taxonomy":"product_tag","embeddable":true,"href":"https:\/\/airshiptrips.com\/de\/wp-json\/wp\/v2\/product_tag?post=11035"}],"curies":[{"name":"wp","href":"https:\/\/api.w.org\/{rel}","templated":true}]}}