{"id":11021,"date":"2025-10-08T12:22:22","date_gmt":"2025-10-08T12:22:22","guid":{"rendered":"https:\/\/megaroboticsacademy.com\/shop\/unkategorisiert\/fenugreek-tea\/"},"modified":"2025-11-20T10:19:01","modified_gmt":"2025-11-20T10:19:01","slug":"helba-bockshornklee-tee","status":"publish","type":"product","link":"https:\/\/airshiptrips.com\/de\/shop\/herbs\/helba-bockshornklee-tee\/","title":{"rendered":"Helba (Bockshornklee) Tee"},"content":{"rendered":"<div class=\"woocommerce-tabs wc-tabs-wrapper\">\n<div id=\"tab-description\" class=\"woocommerce-Tabs-panel woocommerce-Tabs-panel--description panel entry-content wc-tab\" role=\"tabpanel\" aria-labelledby=\"tab-title-description\">\n<p>Die Basis f\u00fcr unseren Tee sind die Samen der Bockshornklee pflanze (Trigonella foenum-graecum), in Indien auch als Helba oder Methi bekannt. Die Verwendung dieses Kraut kann bis 4000 v. Chr. Zur\u00fcckverfolgt werden. Es hat eine lange Geschichte der therapeutischen Anwendung, die von den alten \u00c4gyptern zur Erleichterung der Geburt, zur Erh\u00f6hung der Laktation und zur Behandlung von Verbrennungen, von den alten Griechen zur Behandlung von Infektionen und von den alten R\u00f6mern zur Behandlung von Fieber, Atem- und Darmproblemen und verwendet wurde zur Wundheilung. Es wurde auch im Mumifizierungsprozess von den alten \u00c4gyptern verwendet, und seine Bedeutung f\u00fcr sie wird durch die Entdeckung von Bockshornkleesamen im Grab von Tutanchamun weiter verdeutlicht. Die Verwendung von Bockshornklee wurde in alten Texten und Schriften von islamischen Gelehrten und \u00c4rzten erw\u00e4hnt.<\/p>\n<p>Dieser Tee hat ein s\u00fc\u00dfes und nussiges Aroma und Aroma, das an Ahornsirup erinnert, kombiniert mit der Bitterkeit von gebranntem Zucker. Es enth\u00e4lt die Vitamine A, C, B1 (Thiamin), B2 (Riboflavin), B3 (Niacin), B7 (Biotin), B9 (Fols\u00e4ure), D sowie Protein und Kohlenhydrate, Kalium, Phosphor, Magnesium, Eisen, Calcium, Fols\u00e4ure S\u00e4ure, Diosgenina, Cholin, Inosit, l\u00f6sliche und unl\u00f6sliche Ballaststoffe sowie Alkaloide, Saponine, Flavonoide, Cumarine und Aminos\u00e4uren. Es hat antioxidative, anti-Diabetes, Lipid senkende, anti Nozizeptive, entz\u00fcndungshemmende, krampfl\u00f6sende, anti Tumorale, immunregulatorische, fiebersenkende, hepatoprotektive, fettleibige, harntreibende, antimykotische, antibakterielle und antimikrobielle Eigenschaften. Dieser k\u00f6stliche Tee ist ein Kraftwerk der gesundheitlichen Vorteile und verdient einen Platz in der t\u00e4glichen Ern\u00e4hrung eines jeden.<\/p>\n<h3><b>F\u00fcr Frauen<\/b><\/h3>\n<p>Die in Bockshornklee enthaltene nat\u00fcrliche Verbindung Diosgenin ahmt das vom K\u00f6rper produzierte \u00d6strogen Hormon nach und hilft, den Hormonhaushalt und den Menstruationszyklus zu regulieren. Es kann Menstruationsbeschwerden w\u00e4hrend des PMS reduzieren, w\u00e4hrend in Bockshornklee enthaltene Alkaloide dazu beitragen, die schmerzempfindlichen Rezeptoren des Gehirns zu blockieren. Es ist auch eine hervorragende Hilfe f\u00fcr Frauen mit Wechseljahrsbeschwerden. Studien haben eine signifikante Verringerung der Hitzewallungen berichtet, eines der Hauptsymptome der Wechseljahre, und es kann weiter helfen, die Hormone auszugleichen, die Stimmungsschwankungen reduzieren. Bockshornklee ist seit langem f\u00fcr die Steigerung der Muttermilchproduktion bei stillenden Frauen akkreditiert. Verschiedene Studien haben seine F\u00e4higkeit best\u00e4tigt, die Milchproduktion signifikant zu steigern und anschlie\u00dfend die Gewichtszunahme bei Babys zu beschleunigen.<\/p>\n<h3><b>F\u00fcr M\u00e4nner<\/b><\/h3>\n<p>In Bockshornklee enthaltene Verbindungen, die als furostanolische Saponine bezeichnet werden, haben in Studien gezeigt, dass sie den Testosteronspiegel bei m\u00e4nnlichen Probanden erh\u00f6hen. M\u00e4nner zeigten w\u00e4hrend ihres Krafttrainings eine Steigerung der Kraft und zeigten eine Steigerung ihres Sexualtriebs um \u00fcber ein Viertel. Hypogonadismus oder Testosteronmangel kann sich bei Erkrankungen wie Diabetes und Fettleibigkeit, die unabh\u00e4ngig vom Alter mit einem niedrigen Testosteronspiegel verbunden sind, auf die Gesundheit auswirken. Sch\u00e4tzungen zufolge leiden \u00fcber 39 % der M\u00e4nner \u00fcber 45 Jahre unter einem verringerten Testosteronspiegel, der die Libido, das Energieniveau, die Knochengesundheit, die Stimmung, die kognitive Funktion und vieles mehr beeinflusst. Eine Studie zeigte bei 90 % der Teilnehmer einen um bis zu 46 % erh\u00f6hten Testosteronspiegel, der eine Verbesserung der Libido, der Spermienzahl und der Stimmung zeigte, sodass Bockshornklee sich als wissenschaftlich nachgewiesenes Aphrodisiakum best\u00e4tigen konnte.<\/p>\n<h3><b>Entgiftet und sch\u00fctzt den K\u00f6rper und st\u00e4rkt das Immunsystem<\/b><\/h3>\n<p>Bockshornklee enth\u00e4lt einen hohen Anteil an Antioxidantien sowie entz\u00fcndungshemmende Eigenschaften, um den K\u00f6rper von sch\u00e4dlichen freien Radikalen zu befreien, vor Protein-, DNA und Lipid Sch\u00e4den zu sch\u00fctzen und den K\u00f6rper vor oxidativem Stress und bestimmten chronischen Krankheiten wie Diabetes, Krebs, Alzheimer zu sch\u00fctzen und zur Unterst\u00fctzung eines geschw\u00e4chten Immunsystems. W\u00e4hrenddessen st\u00e4rken die Vitamine und N\u00e4hrstoffe im Tee das nat\u00fcrliche Immunsystem des K\u00f6rpers und bereiten den K\u00f6rper auf die Bek\u00e4mpfung h\u00e4ufiger Infektionen, Viren und Beschwerden vor. Tats\u00e4chlich ist Bockshornklee als immun regulatorisch bekannt. Als nat\u00fcrliches Diuretikum kann dieser Tee Giftstoffe aus dem K\u00f6rper entfernen und die Nieren und die Leber reinigen und stimulieren. Bockshornklee ist ein traditionelles Mittel gegen Diabetes, und Studien haben diese \u00dcberzeugung best\u00e4tigt und gezeigt, dass es bei der Bek\u00e4mpfung der Insulinresistenz und der Regulierung des Blutzuckerspiegels sowohl bei Typ 1 als auch bei Typ 2 Diabetes helfen kann. Selbst f\u00fcr Nicht-Diabetiker kann es sich positiv auf die Insulinsensitivit\u00e4t auswirken und die Glukosetoleranz verbessern. Eine warme Tasse kalorienarmen, zuckerfreien Bockshornklee-Tee ist eine ausgezeichnete Wahl f\u00fcr Diabetiker. Steroidale Saponine im Tee senken auch den schlechten Cholesterin und Triglycerid Spiegel im Blut und erh\u00f6hen das vorteilhafte HDL-Cholesterin, wodurch die Akkumulation von Cholesterin in den Blutgef\u00e4\u00dfen verringert und das Verh\u00e4rten und Blockieren der Arterien verhindert wird. Eine Studie zeigte, dass das t\u00e4gliche Trinken dieses Tees tats\u00e4chlich den Cholesterinspiegel von Patienten senkte, die an einer Erkrankung der Herzkranzgef\u00e4\u00dfe litten. Bockshornklee-Tee erh\u00f6ht bekannterma\u00dfen auch den Gehalt des antioxidativen Enzyms Glutathion, das die Herzgesundheit f\u00f6rdert. Entz\u00fcndungshemmende Eigenschaften k\u00f6nnen auch Entz\u00fcndungen in den Arterien und Venen reduzieren, wodurch das Blut leichter wandern kann und das Risiko einer Blutpl\u00e4ttchenbildung und Gerinnsel im Blutgef\u00e4\u00df verringert wird. Bockshornklee, reich an Kalium, kann auch den Blutdruck kontrollieren und so das Risiko eines Schlaganfalls verringern. Durch die Sicherstellung einer guten Versorgung der Nieren mit gut sauerstoffhaltigem Blut in Verbindung mit seinen harntreibenden Eigenschaften kann der Tee dazu beitragen, Giftstoffe und \u00fcbersch\u00fcssige Fl\u00fcssigkeit und Natrium aus dem K\u00f6rper zu entfernen, die Nieren gesund zu halten, die Bildung von Steinen zu verhindern und den Fettgehalt zu verringern im K\u00f6rper. Bisherige Reagenzglas Studien waren hinsichtlich der Antikrebseigenschaften sehr vielversprechend und haben gezeigt, dass sie bestimmte Krebszellen wie Brustkrebszellen und Lymphome abt\u00f6ten k\u00f6nnen, obwohl weitere Untersuchungen erforderlich sind. Bockshornklee enth\u00e4lt auch eine starke Verbindung namens Trigonellin, die das Gehirn ankurbelt und laut Untersuchungen den altersbedingten Ged\u00e4chtnisverlust verlangsamen und das Risiko f\u00fcr Erkrankungen wie Alzheimer und Parkinson verringern kann. Dar\u00fcber hinaus kann es durch Verringerung der Aluminiumtoxizit\u00e4t auch Gehirnkrankheiten hemmen. Antibiotika, antimikrobielle und antivirale Eigenschaften tragen zur Verringerung und zum Schutz vor viralen und bakteriellen Erkrankungen bei und sind hervorragend f\u00fcr die Mundgesundheit geeignet. Sie sch\u00fctzen vor Zahnfleischerkrankungen wie Gingivitis und Parodontitis und beseitigen Mundgeruch. Dar\u00fcber hinaus ist es aufgrund seiner anti Nozizeptiven Eigenschaft ideal bei rheumatoiden Arthritis-Schmerzen oder Gelenk- oder Muskelverletzungen, indem es die Schmerzrezeptoren blockiert oder reduziert, w\u00e4hrend seine entz\u00fcndungshemmenden Eigenschaften zur Verringerung der Schwellung beitragen. Da Bockshornklee \u00d6strogen nachahmt, kann es auch dazu beitragen, das Risiko f\u00fcr Arthritis oder andere Autoimmunerkrankungen zu senken. Es ist auch ein gutes Mittel gegen Gicht, da es Entz\u00fcndungen sowohl intern als auch extern reduzieren kann.<\/p>\n<h3><b>Kann die Verdauung unterst\u00fctzen<\/b><\/h3>\n<p>Studien, die lange Zeit als Verdauungshilfe eingesetzt wurden, haben gezeigt, dass Bockshornklee die Symptome von Sodbrennen lindert, wobei die Wirkungen denen von Antazida-Arzneimitteln entsprechen. Es sorgt daf\u00fcr, dass das Verdauungssystem reibungslos funktioniert, und hilft, S\u00e4uregehalt und Geschw\u00fcre in Schach zu halten, wodurch Bl\u00e4hungen und Verstopfung vermieden werden. Es ist bekannterma\u00dfen eine ausgezeichnete Nahrungserg\u00e4nzung f\u00fcr Patienten mit IBS und Colitis ulcerosa und wird empfohlen, direkt nach einer Mahlzeit einzunehmen.<\/p>\n<h3><b>Gewichtsverlust<\/b><\/h3>\n<p>Das Trinken von hei\u00dfem Bockshornklee-Tee kann Ihrem Stoffwechsel einen Schub geben und dabei helfen, diese \u00fcbersch\u00fcssigen Pfunde abzubauen. Es ist reich an Galactomannan, einem gesunden Polysaccharid, das f\u00fcr den Abbau des Fett- und Zuckerstoffwechsels im K\u00f6rper verantwortlich ist, und kann die Verbrennung von Fettgewebe, einschlie\u00dflich des hartn\u00e4ckigen Bauchfetts, ausl\u00f6sen. Studien haben gezeigt, dass es die Fettansammlung hemmen kann, wodurch der K\u00f6rper dazu angeregt wird, \u00fcbersch\u00fcssiges Fett zu verbrennen, w\u00e4hrend gleichzeitig das V\u00f6llegef\u00fchl gesteigert und der Appetit verringert wird. Der Tee eignet sich auch hervorragend zur Beseitigung von Bl\u00e4hungen und kann als Diuretikum die Wasser Retention zerstreuen.<\/p>\n<h3><b>Atemwegsentlastung<\/b><\/h3>\n<p>Bockshornklee-Tee wurde in der Antike als Atemhilfe verwendet, und die Wissenschaft hat diesen Glauben nun best\u00e4tigt, nachdem Studien gezeigt haben, dass er bei der Behandlung von Asthma vorteilhaft ist. Es kann helfen, den Schleim in den Atemwegen und Nebenh\u00f6hlen zu l\u00f6sen und aufzul\u00f6sen sowie Halsschmerzen zu lindern, w\u00e4hrend seine entz\u00fcndungshemmenden Eigenschaften Entz\u00fcndungen reduzieren k\u00f6nnen. Antibiotika, antimikrobielle und antivirale Wirkungen k\u00f6nnen auch dazu beitragen, Infektionen zu vertreiben und die Symptome einer Erk\u00e4ltung, Grippe oder Kehlkopfentz\u00fcndung sowie saisonale Allergien zu lindern.<\/p>\n<h3><b>Kann Schuppen behandeln<\/b><\/h3>\n<p>Ein hoher Gehalt an Eiwei\u00df und Nikotins\u00e4ure in Bockshornklee ist sehr vorteilhaft f\u00fcr das Haar, wie in Tests best\u00e4tigt wurde. Der Tee kann als Sp\u00fclung zur Bek\u00e4mpfung von seborrhoischer Dermatitis und Schuppen verwendet werden und sch\u00fctzt vor Haarausfall und Haarausfall.<\/p>\n<p><b>Zubereitung von Bockshornklee-Tee<br \/>\n<\/b>Einen Teel\u00f6ffel Bockshornklee-Tee in eine Tasse kochendes Wasser geben, abdecken und 2-3 Minuten ziehen lassen. Nach Bedarf mit Honig oder Zucker sieben und s\u00fc\u00dfen.<\/p>\n<p><b>Vorsicht<br \/>\n<\/b>Nicht empfohlen f\u00fcr Personen mit einer Erdnuss- oder Kichererbse Allergie oder w\u00e4hrend der Schwangerschaft.<\/p>\n<\/div>\n<\/div>\n","protected":false},"excerpt":{"rendered":"<p style=\"font-weight: initial; font-size: 20px;\">Dieser leicht s\u00fc\u00dfe, nussige Tee hat besondere Vorteile f\u00fcr M\u00e4nner und Frauen: Es erh\u00f6ht den Testosteronspiegel bei M\u00e4nnern und stabilisiert den weiblichen Hormonhaushalt. Es senkt auch den Blutzucker, gleicht den Cholesterinspiegel aus, unterst\u00fctzt die Verdauung und reduziert Entz\u00fcndungen.<\/p>\n","protected":false},"featured_media":13487,"comment_status":"open","ping_status":"closed","template":"","meta":[],"product_brand":[],"product_cat":[187],"product_tag":[],"class_list":{"0":"post-11021","1":"product","2":"type-product","3":"status-publish","4":"has-post-thumbnail","6":"product_cat-herbs","8":"first","9":"instock","10":"shipping-taxable","11":"purchasable","12":"product-type-variable","13":"has-default-attributes"},"_links":{"self":[{"href":"https:\/\/airshiptrips.com\/de\/wp-json\/wp\/v2\/product\/11021","targetHints":{"allow":["GET"]}}],"collection":[{"href":"https:\/\/airshiptrips.com\/de\/wp-json\/wp\/v2\/product"}],"about":[{"href":"https:\/\/airshiptrips.com\/de\/wp-json\/wp\/v2\/types\/product"}],"replies":[{"embeddable":true,"href":"https:\/\/airshiptrips.com\/de\/wp-json\/wp\/v2\/comments?post=11021"}],"wp:featuredmedia":[{"embeddable":true,"href":"https:\/\/airshiptrips.com\/de\/wp-json\/wp\/v2\/media\/13487"}],"wp:attachment":[{"href":"https:\/\/airshiptrips.com\/de\/wp-json\/wp\/v2\/media?parent=11021"}],"wp:term":[{"taxonomy":"product_brand","embeddable":true,"href":"https:\/\/airshiptrips.com\/de\/wp-json\/wp\/v2\/product_brand?post=11021"},{"taxonomy":"product_cat","embeddable":true,"href":"https:\/\/airshiptrips.com\/de\/wp-json\/wp\/v2\/product_cat?post=11021"},{"taxonomy":"product_tag","embeddable":true,"href":"https:\/\/airshiptrips.com\/de\/wp-json\/wp\/v2\/product_tag?post=11021"}],"curies":[{"name":"wp","href":"https:\/\/api.w.org\/{rel}","templated":true}]}}