{"id":11007,"date":"2025-10-08T12:22:22","date_gmt":"2025-10-08T12:22:22","guid":{"rendered":"https:\/\/megaroboticsacademy.com\/shop\/unkategorisiert\/black-tea\/"},"modified":"2025-11-20T10:08:36","modified_gmt":"2025-11-20T10:08:36","slug":"schwarzer-tee","status":"publish","type":"product","link":"https:\/\/airshiptrips.com\/de\/shop\/herbs\/schwarzer-tee\/","title":{"rendered":"Schwarzer Tee"},"content":{"rendered":"<div class=\"woocommerce-tabs wc-tabs-wrapper\">\n<div id=\"tab-description\" class=\"woocommerce-Tabs-panel woocommerce-Tabs-panel--description panel entry-content wc-tab\" role=\"tabpanel\" aria-labelledby=\"tab-title-description\">\n<h3>Einf\u00fchrung in Schwarzer Tee<\/h3>\n<p>Schwarzer Tee stammt aus dem Strauch Camellia sinensis, der mit gr\u00fcnem Tee identisch ist, jedoch oxidiert wurde, w\u00e4hrend gr\u00fcner Tee zum Schutz vor Oxidation verarbeitet wird. In China als roter Tee bekannt, da sie bereits Pu-Erh-Tee hatten, den sie als schwarzen Tee bezeichnen, soll er Mitte des 17. Jahrhunderts entdeckt worden sein. Gr\u00fcner Tee war bereits seit seiner offensichtlichen ersten Verwendung als Getr\u00e4nk im Jahr 2737 v. Chr. Ein Getr\u00e4nk. Die romantisierte Geschichte vom Beginn des Schwarztees besagt, dass eine Armee in die Provinz Fujian einmarschierte und in einer nahe gelegenen Teefabrik lagerte, wodurch die Teeproduktion verz\u00f6gert und die Teebl\u00e4tter f\u00fcr einen l\u00e4ngeren Zeitraum in der Sonne liegen gelassen wurden Bl\u00e4tter f\u00e4rben sich aufgrund der l\u00e4ngeren Oxidation dunkelrot. Ein Bauer, der versuchte, den Tee zu retten, beschloss, die Bl\u00e4tter \u00fcber ein Kiefernholzfeuer zu legen, um den Trocknungsprozess zu beschleunigen. Das Ergebnis war ein rauchiger Tee, der urspr\u00fcngliche Lapsang Souchong, der schlie\u00dflich in China und der westlichen Welt an Popularit\u00e4t gewinnen w\u00fcrde. Aufgrund des Oxidationsprozesses beh\u00e4lt der Tee seinen Geschmack mit zunehmendem Alter bei und verbessert ihn sogar, was ihn bei den britischen und niederl\u00e4ndischen H\u00e4ndlern, die ihn Schwarztee nannten, sehr begehrt machte. Britische H\u00e4ndler kauften alles, was sie konnten, bis die niederl\u00e4ndischen H\u00e4ndler den gesamten Markt \u00fcbernahmen und die Briten gezwungen waren, sich anderswo umzusehen, was zur Entdeckung des Tees in Indien mit seinem st\u00e4rkeren Geschmack und dem h\u00f6heren Koffeingehalt und damit dem Ph\u00e4nomen Schwarz f\u00fchrte Tee begann.<\/p>\n<p>In Europa wurde der Tee zu extrem hohen Preisen verkauft und war ein Hinweis auf Wohlstand und sozialen Status. Als solches wurde dieses Getr\u00e4nk haupts\u00e4chlich von der Aristokratie verwendet und von Prinzessin Catherine in den britischen Palast eingef\u00fchrt, wo es seitdem ein Grundnahrungsmittel ist. Als die Preise f\u00fcr den Tee etwas g\u00fcnstiger wurden, war es m\u00f6glich, einen Tee zu einem anderen Zeitpunkt als dem Fr\u00fchst\u00fcck zu trinken, und \u201eNachmittagstee\u201c wurde von Herzogin Anna Telford eingef\u00fchrt. \u00dcbrigens haben die Briten traditionell Milch in ihre Tasse gegeben, bevor sie den Tee hinzugef\u00fcgt haben, und dies geht auf die Delikatesse der Tassen zur\u00fcck, in denen der Tee urspr\u00fcnglich serviert wurde, die zerbrochen w\u00e4ren, wenn das kochende Wasser zuerst in die Tasse gegossen worden w\u00e4re. Heute ist schwarzer Tee nach Wasser das am meisten konsumierte Getr\u00e4nk der Welt.<\/p>\n<p>Schwarzer Tee enth\u00e4lt neben Flavonoiden die Vitamine B2 (Riboflavin), C und E sowie Eisen, Zink, Kupfer, Magnesium, Kalzium, Mangan, Kalium sowie essentielle Polyphenole und Tannine. Diese sind verantwortlich f\u00fcr antioxidative, antimikrobielle, krebserregende, entz\u00fcndungshemmende, antibakterielle, atherosklerose-, myokardiale Infarkt- und Anti-Diabetes- und Reinigungseigenschaften mit einer Reihe weiterer Vorteile. Obwohl es als weniger gesund als gr\u00fcner Tee angepriesen wird, bietet der Oxidationsprozess weitere ern\u00e4hrungsphysiologische Vorteile, die dem gr\u00fcnen Tee fehlen. Dies kann zur Aufrechterhaltung des Blutdrucks, zum Schutz des Herzens vor Arteriosklerose und zur Verringerung des Risikos bestimmter Krebsarten beitragen. Im Gegensatz zu Kaffee f\u00fchrt das Koffein im Tee zu einem langfristigen Tonikum, das K\u00f6rper und Geist belebt. Es sollte beachtet werden, dass schwarzer Tee ohne Milch oder Zucker konsumiert werden sollte, um den vollen Nutzen daraus zu ziehen, da dies den Vorteilen widersprechen kann.<\/p>\n<h3><b>Antioxidant<\/b><\/h3>\n<p>Schwarzer Tee ist extrem reich an chemischen Verbindungen, den sogenannten Thearubiginen, die w\u00e4hrend des Oxidationsprozesses gebildet werden. Studien haben gezeigt, dass sie f\u00fcr den K\u00f6rper \u00e4u\u00dferst vorteilhaft sind, indem sie Erk\u00e4ltungs- und Hustensymptome reduzieren und entz\u00fcndungshemmende Wirkungen zur Bek\u00e4mpfung bestimmter Krebsarten bieten. Die in Schwarztee enthaltenen Antioxidantien k\u00f6nnen gegen die durch ultraviolette Strahlung verursachten freien Radikale k\u00e4mpfen und DNA-Sch\u00e4den durch Tabak oder giftige Chemikalien verursachte Oxidationsmittel blockieren. Antioxidantien k\u00f6nnen zusammen mit den entz\u00fcndungshemmenden Eigenschaften dazu beitragen, den K\u00f6rper von sch\u00e4dlichen freien Radikalen zu befreien und den K\u00f6rper vor oxidativem Stress, Alterung und bestimmten chronischen Krankheiten wie Diabetes, Altern und Krebs zu sch\u00fctzen. Schwarzer Tee enth\u00e4lt Verbindungen, die das Immunsystem st\u00e4rken und mit seinen bekannten Eigenschaften den K\u00f6rper auf die Bek\u00e4mpfung h\u00e4ufiger Infektionen, Viren und Beschwerden vorbereiten. In einer Studie wurde festgestellt, dass bis zu 30 % des Trockengewichts des Tees aus Phenolverbindungen bestehen, die antioxidative Wirkungen haben. Es sind diese Verbindungen, die sich w\u00e4hrend des Oxidationsprozesses \u00e4ndern und Catechine (in gr\u00fcnem Tee enthalten) in Thearubigine, Theaflavine und Flavonole umwandeln, wodurch der schwarze Tee andere Vorteile als der gr\u00fcne erh\u00e4lt. Schwarzer Tee hat immense gesundheitliche Vorteile f\u00fcr das Herz-Kreislauf-System. Eine \u00dcberpr\u00fcfung ergab, dass ein dreimaliger Verzehr mehrmals t\u00e4glich zur Vorbeugung von koronaren Herzerkrankungen beitragen kann. Eine andere Studie ergab, dass Schwarzteetrinker das Risiko f\u00fcr Herzerkrankungen um 11 % senken. Es wird angenommen, dass schwarzer Tee die Bildung von Plaque an den Arterienw\u00e4nden verhindert und somit vor Arteriosklerose sch\u00fctzt. Eine Studie, die \u00fcber einen Zeitraum von 10 Jahren durchgef\u00fchrt wurde, kam zu dem Schluss, dass Schwarzteetrinker, die vier oder mehr Tassen pro Tag konsumierten, ein um 32 % geringeres Schlaganfallrisiko hatten, w\u00e4hrend eine andere Studie zu dem Schluss kam, dass diejenigen, die drei Tassen pro Tag tranken, ein um 21 % geringeres Risiko hatten. Der Tee hat in Studien gezeigt, dass er in der Lage ist, den Cholesterin- und Triglyceridspiegel zu kontrollieren, wodurch die Plaque Bildung an den Arterienw\u00e4nden verringert und das Risiko f\u00fcr Schlaganfall oder Herzinsuffizienz verringert wird. Eine kontrollierte Studie zeigte auch, dass das Trinken von drei Tassen schwarzen Tee pro Tag \u00fcber einen Zeitraum von sechs Monaten zu einem signifikanten Abfall des systolischen und diastolischen Blutdrucks f\u00fchrte. Es wurde festgestellt, dass Schwarzteetrinker einen verringerten Aktivierungsgrad der Blutpl\u00e4ttchen hatten, was das Risiko eines Herzinfarkts verringert, da die Thrombozytenwerte direkt mit Gerinnseln zusammenh\u00e4ngen. Es wurde ferner zitiert, dass das Trinken von schwarzem Tee den Insulinspiegel verbessert und dessen Verwendung im K\u00f6rper verbessert sowie den Blutzucker und diabetische Katarakte senkt. Dar\u00fcber hinaus wurde gezeigt, dass die Polysaccharide, die normalerweise f\u00fcr die Hemmung der Glukoseabsorption verantwortlich sind, beim Abfangen durch die Antioxidantien im Tee stattdessen zu blutdrucksenkenden und immun verst\u00e4rkenden Eigenschaften zur\u00fcckkehren. Studien haben au\u00dferdem gezeigt, dass der Tee dazu beitragen kann, das Risiko eines Tumors zu verringern, das Wachstum von Krebszellen zu regulieren und die Entwicklung neuer Zellen zu verringern. Forscher haben auch herausgefunden, dass t\u00e4gliche Teetrinker ein reduziertes Risiko haben, an Alzheimer zu erkranken. Ein Bericht, der auf einer 12-Jahres-Studie basiert, stellte sogar fest, dass das Risiko um 71 % reduziert wurde. Bei der Untersuchung der Gewohnheiten derjenigen, die bereits an Parkinson leiden, wurde festgestellt, dass schwarzer Tee auch davor zu sch\u00fctzen scheint. Dar\u00fcber hinaus wurde festgestellt, dass es die Knochendichte verbessert und das Risiko f\u00fcr rheumatoide Arthritis verringert.<\/p>\n<h3><b>Kann die Darmgesundheit verbessern<\/b><\/h3>\n<p>In Tee enthaltene Tannine k\u00f6nnen sich sehr positiv auf die Verdauung auswirken. Da sich 70 % des Immunsystems im Verdauungstrakt befinden, ist es f\u00fcr die allgemeine Gesundheit besonders wichtig, dass diese Funktion korrekt funktioniert. Sie k\u00f6nnen helfen, Entz\u00fcndungen im Verdauungstrakt zu lindern und die Verdauung zu unterst\u00fctzen. Schwarzer Tee ist ein Pr\u00e4biotikum und seine antimikrobiellen Eigenschaften k\u00f6nnen dazu beitragen, die Bakterien im Darm auszugleichen, schlechte Bakterien, einschlie\u00dflich Salmonellen, zu hemmen und gute Bakterien zu f\u00f6rdern. Einige Studien bef\u00fcrworten die Idee, dass die Mischung von Bakterien im Magen eine Rolle bei der Entwicklung einiger chronischer Krankheiten spielt, einschlie\u00dflich Typ-2-Diabetes, IBS, Fettleibigkeit, Herz-Kreislauf-Erkrankungen und Krebs. Es wird auch vorgeschlagen, dass der Tee helfen kann, Geschw\u00fcre zu verhindern, indem er die Magenschleimhaut vor S\u00e4uren und Krankheitserregern sch\u00fctzt. Dar\u00fcber hinaus ist schwarzer Tee ein hervorragendes Mittel gegen die Auswirkungen der Dehydration durch Durchfall, da er N\u00e4hrstoffe enth\u00e4lt, die den K\u00f6rper wieder auff\u00fcllen.<\/p>\n<h3><b>Erh\u00f6ht den Fokus, verringert Stress<\/b><\/h3>\n<p>Schwarzer Tee enth\u00e4lt zwei Verbindungen, die Genauigkeit, Wachsamkeit und Konzentration verbessern k\u00f6nnen \u2013 Koffein und L-Theanin. Koffein f\u00f6rdert die Durchblutung des Gehirns, verbessert den mentalen Fokus, ist jedoch stabiler als die h\u00f6heren Mengen in Kaffee und zielt auf Herz, Nieren und Atemwege ab, anstatt Herz und Muskeln zu \u00fcberstimulieren. L-Theanin erh\u00f6ht die Alpha-Aktivit\u00e4t im Gehirn und verbessert die Konzentration und Entspannung. Zusammen erm\u00f6glichen diese beiden Verbindungen einen verbesserten Fokus auf entspanntere Weise. Studien haben gezeigt, dass der schwarze Tee die Aufmerksamkeit und Genauigkeit signifikant erh\u00f6ht. Es wurde auch gezeigt, dass vier Tassen Tee pro Tag das Ged\u00e4chtnis verbessern, indem sie das Stresshormon Cortisol reduzieren. Die Senkung des Cortisolspiegels reduziert den Stress weiter, und es ist erwiesen, dass schwarzer Tee Stresskopfschmerzen schneller reduziert als Schmerzmittel.<\/p>\n<h3><b>Mundhygiene<\/b><\/h3>\n<p>Untersuchungen haben gezeigt, dass die mikrobiellen Eigenschaften von schwarzem Tee die Plaque Formulierung reduzieren und die Bakterien verhindern, die f\u00fcr Karies verantwortlich sind. Eine Studie zeigte, dass Plaque bildende Bakterien zerst\u00f6rt wurden, nachdem nur 30 Sekunden lang ein Mundwasser aus schwarzem Tee verwendet worden war.<\/p>\n<p><b>Zubereitung von Schwarztee<br \/>\n<\/b>Dosierung: 1 Teel\u00f6ffel schwarzen Tee in eine Tasse gekochtes Wasser geben und mindestens 2 Minuten ziehen lassen. Das Einweichen des Tees erh\u00f6ht die Wirksamkeit. Nach Belieben mit Zucker oder Honig s\u00fc\u00dfen. F\u00fcgen Sie bei Bedarf Milch oder eine Zitronenscheibe hinzu.<\/p>\n<\/div>\n<\/div>\n<section class=\"related-wrapper\"><\/section>\n","protected":false},"excerpt":{"rendered":"<p>Schwarzer Tee, der am meisten konsumierte Tee der Welt, ist ein starkes Antioxidans mit beeindruckenden entz\u00fcndungshemmenden Eigenschaften, bietet enorme Vorteile f\u00fcr das Herz-Kreislauf-System, baut oxidativen Stress ab, sch\u00fctzt vor einer Vielzahl von Krankheiten und erh\u00f6ht den Insulinspiegel. Es hilft, die Darm- und Mundgesundheit zu verbessern. Gleichzeitig reduziert es Stress und erh\u00f6ht die Konzentration.<\/p>\n<p><span style=\"font-size: 12pt;\"><span style=\"font-weight: 400;\">\u00a0<\/span><\/span><\/p>\n","protected":false},"featured_media":13481,"comment_status":"open","ping_status":"closed","template":"","meta":[],"product_brand":[],"product_cat":[187],"product_tag":[],"class_list":{"0":"post-11007","1":"product","2":"type-product","3":"status-publish","4":"has-post-thumbnail","6":"product_cat-herbs","8":"first","9":"instock","10":"shipping-taxable","11":"purchasable","12":"product-type-variable","13":"has-default-attributes"},"_links":{"self":[{"href":"https:\/\/airshiptrips.com\/de\/wp-json\/wp\/v2\/product\/11007","targetHints":{"allow":["GET"]}}],"collection":[{"href":"https:\/\/airshiptrips.com\/de\/wp-json\/wp\/v2\/product"}],"about":[{"href":"https:\/\/airshiptrips.com\/de\/wp-json\/wp\/v2\/types\/product"}],"replies":[{"embeddable":true,"href":"https:\/\/airshiptrips.com\/de\/wp-json\/wp\/v2\/comments?post=11007"}],"wp:featuredmedia":[{"embeddable":true,"href":"https:\/\/airshiptrips.com\/de\/wp-json\/wp\/v2\/media\/13481"}],"wp:attachment":[{"href":"https:\/\/airshiptrips.com\/de\/wp-json\/wp\/v2\/media?parent=11007"}],"wp:term":[{"taxonomy":"product_brand","embeddable":true,"href":"https:\/\/airshiptrips.com\/de\/wp-json\/wp\/v2\/product_brand?post=11007"},{"taxonomy":"product_cat","embeddable":true,"href":"https:\/\/airshiptrips.com\/de\/wp-json\/wp\/v2\/product_cat?post=11007"},{"taxonomy":"product_tag","embeddable":true,"href":"https:\/\/airshiptrips.com\/de\/wp-json\/wp\/v2\/product_tag?post=11007"}],"curies":[{"name":"wp","href":"https:\/\/api.w.org\/{rel}","templated":true}]}}