{"id":10992,"date":"2025-10-08T12:22:22","date_gmt":"2025-10-08T12:22:22","guid":{"rendered":"https:\/\/megaroboticsacademy.com\/shop\/unkategorisiert\/moringa-tea\/"},"modified":"2025-11-20T09:56:18","modified_gmt":"2025-11-20T09:56:18","slug":"moringa-tee","status":"publish","type":"product","link":"https:\/\/airshiptrips.com\/de\/shop\/herbs\/moringa-tee\/","title":{"rendered":"Moringa Tee"},"content":{"rendered":"<div class=\"woocommerce-tabs wc-tabs-wrapper\">\n<div id=\"tab-description\" class=\"woocommerce-Tabs-panel woocommerce-Tabs-panel--description panel entry-content wc-tab\" role=\"tabpanel\" aria-labelledby=\"tab-title-description\">\n<p>Die Basis f\u00fcr unseren Tee sind die Bl\u00e4tter des Moringa Baums (Moringa Oleifera), auch bekannt als Baum des Lebens oder Wunderbaum, der hervorhebt, wie sehr dieses Kraut verehrt wird. Es wird angenommen, dass es aus Nordindien stammt und vor etwa 5000 Jahren in pflanzlichen Heilmitteln verwendet wurde und von den alten \u00c4gyptern, Griechen und R\u00f6mern als sehr wichtiges Kraut angesehen wurde. Im alten \u00c4gypten wurde es zum Kochen, Parf\u00fcmieren, als Kr\u00e4uterheilmittel und als Teil des Einbalsamierungsverfahrens verwendet. In der Dritten Welt hat es eine Geschichte zur Bek\u00e4mpfung von Unterern\u00e4hrung, insbesondere f\u00fcr S\u00e4uglinge und ihre M\u00fctter.<\/p>\n<p>Moringa ist reich an Vitaminen, Mineralien und Aminos\u00e4uren, wobei die Bl\u00e4tter der nahrhafteste Teil des Baumes sind. Die mit Antioxidantien gef\u00fcllten Bl\u00e4tter enthalten die Vitamine A, B6, B7, B2, B3, C, D, E und K sowie Kalzium, Kalium, Zink, Magnesium, Eisen und Kupfer, Schwefel, Zink, Stickstoff, Phosphor, Zink, Mangan und Protein. Es besitzt krampfl\u00f6sende, entz\u00fcndungshemmende, antioxidative, anti Epileptische, blutdrucksenkende, anti Diabetische, fiebersenkende, blutdrucksenkende, antitumorale, antibakterielle, antimykotische, hepatoprotektive, cholesterinsenkende, harntreibende Eigenschaften sowie wirkt als Herz- und Kreislaufstimulanz. Moringa Tee ist auch ein wunderbarer Stimmungsverst\u00e4rker mit seinem wunderbar w\u00e4rmenden, w\u00fcrzigen Geschmack, der hilft, Angstzust\u00e4nde, Depressionen und M\u00fcdigkeit zu beseitigen. Es ist leicht zu verstehen, warum der Moringa Baum als Baum des Lebens bezeichnet wird und als Superfood f\u00fcr Senioren angepriesen wird. Sein hoher N\u00e4hrwert kombiniert mit seinen erstaunlichen gesundheitlichen Vorteilen.<\/p>\n<h3><b>F\u00fcr Senioren<\/b><\/h3>\n<p>Mit zunehmendem Alter werden unser K\u00f6rper und unsere Organe anf\u00e4lliger f\u00fcr Krankheiten und Infektionen. Es ist wichtig, dass unser K\u00f6rper alle N\u00e4hrstoffe erh\u00e4lt, die er ben\u00f6tigt, um zu funktionieren und uns zu sch\u00fctzen. Moringa Tee ist besonders in den essentiellen Verbindungen extrem n\u00e4hrstoffreich, um die Auswirkungen des fortgeschrittenen Alters zu sch\u00fctzen und zu verringern. Tats\u00e4chlich enth\u00e4lt Moringa eine wichtige Verbindung namens Zeatin, die das Stressniveau gef\u00e4hrdeter Zellen verbessert und das Gehirn vor Amyloid-Plaques sch\u00fctzt, von denen angenommen wird, dass sie die Grundlage der Alzheimer-Krankheit bilden. Moringa Tee ist eine \u00e4u\u00dferst reichhaltige Quelle an Kalzium, Eisen, Kalium und Proteinen. Es enth\u00e4lt viermal mehr Kalzium als Milch, zw\u00f6lfmal mehr Eisen als Spinat und 15mal mehr Kalium als Bananen. Calcium ist ein \u00e4u\u00dferst wichtiges Mineral w\u00e4hrend unseres gesamten Lebens, das f\u00fcr starke Knochen und Z\u00e4hne, das Wachstum und die Entwicklung des K\u00f6rpers, die \u00dcbertragung von Nervenimpulsen, die Stimulierung der Hormonsekretion, Muskelkontraktionen, Blutgerinnung, normalen Herzschlag und vieles mehr verantwortlich ist. W\u00e4hrend unseres normalen Lebens werden geringe Mengen an Kalzium in unserer Ern\u00e4hrung ben\u00f6tigt, aber \u00fcber 50 Jahre wird mehr Kalzium ben\u00f6tigt, um diese Funktionen aufrechtzuerhalten und insbesondere Krankheiten wie Osteoporose durch Erhaltung der Knochendichte, des Mineralgehaltes und der Festigkeit vorzubeugen. Eisen ist f\u00fcr das Immunsystem von entscheidender Bedeutung und hilft bei der Bildung von H\u00e4moglobin und Myoglobin, die den Sauerstoff zu unserem Gehirn und unseren Muskeln transportieren und so die Mobilit\u00e4t und die geistigen F\u00e4higkeiten verbessern. Kalium hilft bei der Regulierung von Nervensignalen, Fl\u00fcssigkeitshaushalt und Muskelkontraktionen. Protein sch\u00fctzt vor Muskelschwund und erh\u00e4lt K\u00f6rperzellen und lebenswichtige Organe. Die richtige Nahrungsaufnahme ist lebenslang von entscheidender Bedeutung, aber mit zunehmendem Alter noch wichtiger. Eine korrekte Ern\u00e4hrung in einem sp\u00e4teren Alter hat jedoch immer noch positive Auswirkungen, hilft, eine weitere Degeneration zu verhindern und einige der Auswirkungen des Alterns umzukehren.<\/p>\n<p><b>Entgiftet den K\u00f6rper, st\u00e4rkt das Immunsystem und sch\u00fctzt lebenswichtige Organe<\/b><\/p>\n<p>Antioxidantien k\u00f6nnen zusammen mit den entz\u00fcndungshemmenden Eigenschaften dazu beitragen, den K\u00f6rper von sch\u00e4dlichen freien Radikalen zu befreien und den K\u00f6rper vor oxidativem Stress, Alterung und bestimmten chronischen Krankheiten wie Diabetes, Herzerkrankungen, neurodegenerativen Erkrankungen, Krebs, Altern und ein geschw\u00e4chtes Immunsystem zu unterst\u00fctzen. Moringa ist ein Booster f\u00fcr das Immunsystem und bereitet den K\u00f6rper auf die Bek\u00e4mpfung h\u00e4ufiger Infektionen, Viren und Beschwerden vor. Es ist reich an Verbindungen wie Quercetin, Chlorogens\u00e4ure, Isothiocyanat und Niaziminin, was eine gute Nachricht f\u00fcr das Herz-Kreislauf-System ist, da es dazu beitragen kann, den Lipid- und Glukosespiegel im Blut zu senken, den Blutzuckerspiegel zu senken und die Insulinresistenz zu verringern, wodurch die Arterien gestoppt werden Verdickung und damit Stabilisierung des Blutdrucks und Senkung des Cholesterinspiegels. Vorl\u00e4ufige Untersuchungen haben auch gezeigt, dass Moringa Lebersch\u00e4den und Fibrose reduziert und die Leberenzyme wieder auf ein normales Niveau bringt, wodurch oxidativer Stress in der Leber reduziert wird. Zus\u00e4tzlich verhindert Threonin den Fettaufbau in der Leber. Der hohe Kalziumgehalt in Moringa ist nicht l\u00f6slich, sodass Sie sich keine Sorgen um Nierensteine \u200b\u200bmachen m\u00fcssen, im Gegenteil, da er vor Steinen in Nieren und Blase sch\u00fctzt. In Moringa gefundene Glucosinolate, insbesondere Niazimicin und Benzylisothiocyanat, haben in Studien gezeigt, dass sie gegen Krebs und chemoprotektiv wirken, vor den Auswirkungen einer aggressiven Krebsbehandlung sch\u00fctzen und auch das Wachstum von Krebszellen verhindern. Sie haben auch gezeigt, dass sie eine vergr\u00f6\u00dferte Prostata reduziert haben und bei der Pr\u00e4vention von gutartiger Prostatahyperplasie helfen k\u00f6nnten. Eine andere Studie zeigte, dass Moringa Bl\u00e4tter bei der Regulierung des Schilddr\u00fcsenhormons sehr wirksam sind, insbesondere bei Frauen. Die Verbindungen in Moringa helfen dem K\u00f6rper, mehr Eisen aufzunehmen, und k\u00f6nnen bei der Behandlung und Vorbeugung von An\u00e4mie und Sichelzellen wirksam sein. Moringa ist reich an Vitamin C &amp; E und Phenylalanin und unterst\u00fctzt die Gesundheit des Gehirns, indem es Oxidation und Neuronendegeneration verhindert und so kognitiven Verfall oder Demenz verhindert. Vorl\u00e4ufige Tests zur Behandlung der Alzheimer-Krankheit waren g\u00fcnstig.<\/p>\n<h3><b>Antiphlogistikum<\/b><\/h3>\n<p>Moringa wurde traditionell zur Behandlung von Entz\u00fcndungen eingesetzt und in einer kontrollierten Studie von philippinischen DOST-Wissenschaftlern best\u00e4tigt. Eine anhaltende Entz\u00fcndung kann mit chronischen Gesundheitsproblemen wie Bluthochdruck, Diabetes, Atemproblemen, Arthritis, Fettleibigkeit, Schlaganfall und Krebs verbunden sein. Studien an Moringa haben gezeigt, dass es das COX-2-Enzym unterdr\u00fcckt, das sowohl f\u00fcr Entz\u00fcndungen als auch f\u00fcr die damit verbundenen Schmerzen verantwortlich ist. Dies macht Moringa Tee zu einer hervorragenden Behandlung f\u00fcr Rheuma, Gelenkschmerzen und Arthritis und kann auch vor \u00d6demen sch\u00fctzen und die Schwere von Asthmaanf\u00e4llen verringern. Psoriasis ist eine chronische Hauterkrankung, deren Hauptursache eine Entz\u00fcndung aufgrund einer Funktionsst\u00f6rung des Immunsystems ist, die auch dazu f\u00fchrt, dass Zellen zerfallen und sich auf der Hautoberfl\u00e4che ansammeln. Diese Krankheit erh\u00f6ht das Risiko f\u00fcr Krebs und Herzerkrankungen. Studien zu dieser Krankheit haben gezeigt, dass die Ern\u00e4hrung eine wichtige Rolle bei der Bek\u00e4mpfung von Psoriasis spielt und wichtige bioaktive Verbindungen wie \u00d6ls\u00e4ure, Thiocarbamate und Moringin in Moringa enthalten sind, was dazu beitr\u00e4gt, bei Betroffenen eine gesunde Haut zu induzieren.<\/p>\n<h3>\u00a0<b>Moringa hat antimikrobielle und antimykotische Eigenschaften<\/b><\/h3>\n<p>In den sp\u00e4ten 1940er Jahren isolierte das Department of Biochemistry des Indian Institute of Science in Bangalore in Moringa eine Verbindung namens Pterygospermin, von der wissenschaftlich bekannt ist, dass sie antimikrobielle, antibakterielle und antimykotische Eigenschaften hat. Seitdem haben Labortests sogar gezeigt, dass Moringa gegen bestimmte Arten von Bakterien und Pilzen wirksamer ist als Antibiotika. Es ist wirksam gegen bestimmte Bakterienst\u00e4mme, die Verdauungs-, Blut- und Harnwegprobleme verursachen, sowie gegen bestimmte Pilze, die Hautinfektionen verursachen. Es kann vor Salmonellen, E.coli und Rhizopus sch\u00fctzen. Da es Blutgerinnungseigenschaften enth\u00e4lt, kann eine Kompresse aus Moringa Tee Wunden, Kratzern und Schnitten zugutekommen, die Heilung verbessern, die Gerinnungszeit verk\u00fcrzen und weiter vor bakteriellen Infektionen sch\u00fctzen.<\/p>\n<h3><b>Fettabbau<\/b><\/h3>\n<p>Moringa ist ein sehr nahrhafter, kalorienarmer Energie-Booster, der die Fettspeicherung, insbesondere das viszerale Fett, immobilisieren kann. Labortests haben best\u00e4tigt, dass es den Fettabbau verbessern und die Fettbildung reduzieren kann. Es enth\u00e4lt auch eine Verbindung namens Phenylalanin, die die Kommunikation zwischen den Nervenzellen des Gehirns verbessert und Hungerschmerzen reduziert.<\/p>\n<h3><b>Es kann die Verdauung verbessern<\/b><\/h3>\n<p>Moringa Blatt enth\u00e4lt gro\u00dfe Mengen an Ballaststoffen, von denen die meisten unl\u00f6slich sind, was genau den Anforderungen f\u00fcr eine gute Verdauung entspricht. Antibiotika und antibakterielle Eigenschaften hemmen auch Krankheitserreger, die f\u00fcr Magenbeschwerden verantwortlich sind, w\u00e4hrend seine entz\u00fcndungshemmende Eigenschaft bei Erkrankungen wie Kolitis helfen kann.<\/p>\n<p><b>Zubereitung von Moringa Tee<br \/>\n<\/b>F\u00fcr eine Tasse Moringa Tee drei bis vier Teel\u00f6ffel getrocknete Bl\u00e4tter mit kochendem Wasser bei etwa 80 Grad gie\u00dfen. 4-5 Minuten ruhen lassen.<\/p>\n<p><b>Achtung<br \/>\n<\/b>Nicht empfohlen f\u00fcr schwangere oder stillende M\u00fctter.<\/p>\n<\/div>\n<\/div>\n<section class=\"related-wrapper\"><\/section>\n","protected":false},"excerpt":{"rendered":"<p>Moringa oleifera wird oft als \u201eBaum des Lebens\u201c bezeichnet. Dieser Tee ist ein gesundes,, mild schmeckendes Getr\u00e4nk, das als nat\u00fcrliches Heilmittel bei der komplexen Behandlung verschiedener Krankheiten eingesetzt wird. Moringa ist aufgrund seiner vielen ern\u00e4hrenden Eigenschaften bekannt und wirkt antiseptisch und antibakteriell und erh\u00f6ht das Energieniveau.<\/p>\n","protected":false},"featured_media":13475,"comment_status":"open","ping_status":"closed","template":"","meta":[],"product_brand":[],"product_cat":[187],"product_tag":[],"class_list":{"0":"post-10992","1":"product","2":"type-product","3":"status-publish","4":"has-post-thumbnail","6":"product_cat-herbs","8":"first","9":"instock","10":"shipping-taxable","11":"purchasable","12":"product-type-variable","13":"has-default-attributes"},"_links":{"self":[{"href":"https:\/\/airshiptrips.com\/de\/wp-json\/wp\/v2\/product\/10992","targetHints":{"allow":["GET"]}}],"collection":[{"href":"https:\/\/airshiptrips.com\/de\/wp-json\/wp\/v2\/product"}],"about":[{"href":"https:\/\/airshiptrips.com\/de\/wp-json\/wp\/v2\/types\/product"}],"replies":[{"embeddable":true,"href":"https:\/\/airshiptrips.com\/de\/wp-json\/wp\/v2\/comments?post=10992"}],"wp:featuredmedia":[{"embeddable":true,"href":"https:\/\/airshiptrips.com\/de\/wp-json\/wp\/v2\/media\/13475"}],"wp:attachment":[{"href":"https:\/\/airshiptrips.com\/de\/wp-json\/wp\/v2\/media?parent=10992"}],"wp:term":[{"taxonomy":"product_brand","embeddable":true,"href":"https:\/\/airshiptrips.com\/de\/wp-json\/wp\/v2\/product_brand?post=10992"},{"taxonomy":"product_cat","embeddable":true,"href":"https:\/\/airshiptrips.com\/de\/wp-json\/wp\/v2\/product_cat?post=10992"},{"taxonomy":"product_tag","embeddable":true,"href":"https:\/\/airshiptrips.com\/de\/wp-json\/wp\/v2\/product_tag?post=10992"}],"curies":[{"name":"wp","href":"https:\/\/api.w.org\/{rel}","templated":true}]}}