{"id":10985,"date":"2025-10-08T12:23:24","date_gmt":"2025-10-08T12:23:24","guid":{"rendered":"https:\/\/megaroboticsacademy.com\/shop\/unkategorisiert\/slimming-tea\/"},"modified":"2025-11-19T17:36:55","modified_gmt":"2025-11-19T17:36:55","slug":"slimming-tea","status":"publish","type":"product","link":"https:\/\/airshiptrips.com\/de\/shop\/herbs\/slimming-tea\/","title":{"rendered":"Gewichtsverlust Tee"},"content":{"rendered":"<p>Unser \u00e4gyptischer Gewichtsverlust Tee wurde speziell mit einer Mischung aus Fettverbrennung, metabolisch anregenden Kr\u00e4utern und Gew\u00fcrzen entwickelt, um die Verdauung zu verbessern, den Blutzuckerspiegel auszugleichen, den Appetit zu reduzieren und ein Gef\u00fchl von S\u00e4ttigung und F\u00fclle zu f\u00f6rdern, um den Kampf gegen \u00dcbergewicht zu unterst\u00fctzen. F\u00fchren Sie unseren Tee in Ihren Alltag ein, um Ihren Gewichtsverlust gesund und nat\u00fcrlich anzukurbeln.<\/p>\n<p><b>Minze<\/b><\/p>\n<p>Minze ist in unserem Gewichtsverlust Tee unverzichtbar und hilft auf verschiedene Weise. Erstens stimuliert es die Verdauungsenzyme, um eine bessere Aufnahme von N\u00e4hrstoffen zu f\u00f6rdern, wodurch der Stoffwechsel verbessert und der Gewichtsverlust unterst\u00fctzt wird. Dar\u00fcber hinaus f\u00f6rdert es die Freisetzung von zus\u00e4tzlicher Galle, hilft bei der besseren Verdauung von Fett und dr\u00fcckt \u00fcbersch\u00fcssige Fl\u00fcssigkeit aus dem K\u00f6rper, reduziert Bl\u00e4hungen und hilft den Nieren. Giftstoffe werden aus dem K\u00f6rper gesp\u00fclt und Fett in nutzbare Energie umgewandelt. Minze hat auch eine beruhigende Wirkung auf K\u00f6rper und Geist, was sehr wichtig ist, um den Gewichtsverlust einzuleiten, da Stress daf\u00fcr verantwortlich sein kann, dass der K\u00f6rper die Fettspeicherung erh\u00f6ht und auch die M\u00f6glichkeit von Krankheiten oder Funktionsst\u00f6rungen im Verdauungssystem erh\u00f6ht. Stress produziert auch Cortisol, das zu Hei\u00dfhungerattacken f\u00fchrt und jedes Gewichtsverlustregime zerst\u00f6ren kann.<\/p>\n<p><b>Senna<\/b><\/p>\n<p>Ein nat\u00fcrliches Abf\u00fchrmittel zur F\u00f6rderung der Peristaltik des Darms und des Dickdarms, wodurch dieser effektiv gereinigt wird. Senna entfernt \u00fcbersch\u00fcssiges Wasser und Abfall aus dem K\u00f6rper, der nach der Verdauung der Nahrung und den bereits aufgenommenen N\u00e4hrstoffen und Kalorien zur\u00fcckbleibt.<\/p>\n<p><b>Rosmarin<\/b><\/p>\n<p>Rosmarin enth\u00e4lt Verbindungen, die Insulin-\u00e4hnliche Wirkungen haben und die Absorption von Glukose in Muskelzellen ausl\u00f6sen, wodurch der Blutzucker gesenkt wird. Es f\u00f6rdert auch das gesunde Gleichgewicht der Bakterien im Darm, reduziert Entz\u00fcndungen und f\u00f6rdert eine effiziente Verdauung. Studien haben gezeigt, dass Rosmarin sehr vorteilhaft ist, um eine Gewichtszunahme insbesondere beim Verzehr einer fettreichen Di\u00e4t zu verhindern, und Schutz gegen verschiedene Stoffwechselst\u00f6rungen bietet.<\/p>\n<p><b>Zimt<\/b><\/p>\n<p>Zimt f\u00f6rdert den Verlust von viszeralem Fett, um den Gewichtsverlust zu unterst\u00fctzen, die Wirkung des Verzehrs von fettreichen Lebensmitteln zu reduzieren und Bauchfett gezielt einzusetzen. Dar\u00fcber hinaus f\u00f6rdert es die Verdauung und den Stoffwechsel, insbesondere da der K\u00f6rper mehr Energie ben\u00f6tigt, um dieses spezielle Gew\u00fcrz zu verdauen. Au\u00dferdem senkt und h\u00e4lt es den Cholesterin- und Blutzuckerspiegel, was zu weniger Appetit oder Hungergef\u00fchl f\u00fchrt, w\u00e4hrend seine entz\u00fcndungshemmenden und antibakteriellen Eigenschaften Bl\u00e4hungen verhindern. Ein weiterer unverzichtbarer Tee bei jedem Gewichtsverlust.<\/p>\n<p><b>Chiasamen<\/b><\/p>\n<p>Untersuchungen legen nahe, dass Chiasamen sehr n\u00fctzlich sind, um die Toxinbildung aus dem Darm zu eliminieren und das viszerale Fett zu erhalten. Sie enthalten gesunde Omega-3-Fetts\u00e4uren, Proteine, Ballaststoffe, Kohlenhydrate, Antioxidantien, Eisen und Kalzium und sind eine hohe Energiequelle, die im Magen anschwillt, den Appetit verringert und das Gef\u00fchl von F\u00fclle und S\u00e4ttigung erh\u00f6ht. Chiasamen f\u00f6rdern den Stoffwechsel und das Verdauungssystem.<\/p>\n<p><b>Fenchel<\/b><\/p>\n<p>Fenchel ist reich an entgiftenden und den Stoffwechsel anregenden Vitaminen und Mineralstoffen wie Eisen, Kalzium, B-Vitaminen, Mangan, Magnesium, Zink, Phosphor und Fols\u00e4ure. Es unterst\u00fctzt die Verdauung, sorgt f\u00fcr eine bessere Aufnahme von N\u00e4hrstoffen aus der Nahrung und reduziert das Hungergef\u00fchl. Es kann auch vor Wassereinlagerungen sch\u00fctzen und zur Reinigung des Blutes beitragen, wodurch die Ansammlung von Fett in der Leber verhindert wird. Der Blutzuckerspiegel wird ebenfalls stabilisiert und der Stuhlgang reguliert. Dar\u00fcber hinaus stimuliert Fenchel die Melatonin Produktion und f\u00f6rdert einen guten Schlaf, was f\u00fcr die Aufrechterhaltung einer Di\u00e4t \u00e4u\u00dferst hilfreich ist.<\/p>\n<p><b>Kreuzk\u00fcmmel<\/b><\/p>\n<p>Kreuzk\u00fcmmel hat die F\u00e4higkeit, das Verdauungssystem zu verbessern und den Stoffwechsel und die Fettverbrennung zu steigern, w\u00e4hrend entz\u00fcndungshemmende Eigenschaften das Aufbl\u00e4hen reduzieren. Studien haben best\u00e4tigt, dass Kreuzk\u00fcmmel K\u00f6rperfett und Gewicht effektiv verringert.<\/p>\n<p><b>Anis<\/b><\/p>\n<p>Anis f\u00f6rdert die effiziente Verdauung und den Fettstoffwechsel. Mit seinen harntreibenden Eigenschaften hilft es, Giftstoffe zu beseitigen und \u00fcbersch\u00fcssige Fl\u00fcssigkeiten aus dem K\u00f6rper zu entfernen. Anis kann auch Stress und Verspannungen reduzieren, was die Produktion von Cortisol und damit das Verlangen nach Nahrung reduziert.<\/p>\n<p><b>Oregano<\/b><\/p>\n<p>Oregano erh\u00f6ht den Stoffwechsel, reguliert den Blutzucker und f\u00f6rdert die bessere Verdauung durch Stimulierung der Gallens\u00e4fte. Das Beste ist, dass es eine starke Verbindung namens Carvacrol enth\u00e4lt, die die Fettsynthese im K\u00f6rper zu ver\u00e4ndern scheint. Studien zeigen, dass sie den viszeralen Fettgehalt, das Gesamtk\u00f6rpergewicht und den Cholesterinspiegel senkt.<\/p>\n<p><b>Ingwer<\/b><\/p>\n<p>Ingwer enth\u00e4lt Verbindungen namens Shogaole und Gingerole, von denen bekannt ist, dass sie biologische Aktivit\u00e4ten stimulieren, den Stoffwechsel und die Fettverbrennung steigern, die Fettaufnahme und den Appetit verringern, was zu einer signifikanten Verringerung von Bauchfett und K\u00f6rpergewicht f\u00fchrt. Der Blutzuckerspiegel wird stabilisiert, die Verdauung angeregt und der Hunger l\u00e4nger unterdr\u00fcckt.<\/p>\n<p><b>Lakritze<\/b><\/p>\n<p>Untersuchungen haben gezeigt, dass Lakritz das K\u00f6rperfett ohne bekannte Nebenwirkungen reduziert, m\u00f6glicherweise aufgrund seines starken Geschmacks, der den Appetit unterdr\u00fcckt, und des K\u00f6rpers, der das Gef\u00fchl der F\u00fclle beibeh\u00e4lt. Es reguliert die Enzymaktivit\u00e4t, verhindert die Entwicklung von Fettzellen und baut vorhandene Fettzellen ab, insbesondere indem es Bauchfett und Blutzucker senkt.<\/p>\n<p><b>Flohsamen<\/b><\/p>\n<p>Flohsamen haben mehrere Vorteile zur Gewichtsreduktion. Erstens f\u00f6rdert es die Regelm\u00e4\u00dfigkeit des Darms, reinigt den Dickdarm und l\u00e4sst gesunde Probiotika im Darm wachsen. Es nimmt Fl\u00fcssigkeit aus dem K\u00f6rper auf, dehnt sich aus und vermittelt ein Gef\u00fchl der F\u00fclle, reduziert Appetit und Hunger. Es hilft, den Blutzucker- und Cholesterinspiegel zu stabilisieren und den Stoffwechsel insgesamt anzukurbeln, wodurch mehr Fettverbrennung erm\u00f6glicht wird.<\/p>\n<p><b>Zubereitung von Gewichtsverlust Tee<\/b><\/p>\n<p>1 Teel\u00f6ffel Gewichtsverlust Tee in eine Tasse gekochtes Wasser geben und 5-10 Minuten ziehen lassen. Empfohlen, zweimal am Tag zu trinken.<\/p>\n","protected":false},"excerpt":{"rendered":"<p>Diese ausgewogene Kombination aus 12 verschiedenen Kr\u00e4utern und Gew\u00fcrzen wurde speziell aufgrund ihrer einzigartigen Eigenschaften ausgew\u00e4hlt, um einen sicheren und gesunden Gewichtsverlust zu unterst\u00fctzen.<\/p>\n","protected":false},"featured_media":13472,"comment_status":"open","ping_status":"closed","template":"","meta":[],"product_brand":[],"product_cat":[187],"product_tag":[],"class_list":{"0":"post-10985","1":"product","2":"type-product","3":"status-publish","4":"has-post-thumbnail","6":"product_cat-herbs","8":"first","9":"instock","10":"shipping-taxable","11":"purchasable","12":"product-type-simple"},"_links":{"self":[{"href":"https:\/\/airshiptrips.com\/de\/wp-json\/wp\/v2\/product\/10985","targetHints":{"allow":["GET"]}}],"collection":[{"href":"https:\/\/airshiptrips.com\/de\/wp-json\/wp\/v2\/product"}],"about":[{"href":"https:\/\/airshiptrips.com\/de\/wp-json\/wp\/v2\/types\/product"}],"replies":[{"embeddable":true,"href":"https:\/\/airshiptrips.com\/de\/wp-json\/wp\/v2\/comments?post=10985"}],"wp:featuredmedia":[{"embeddable":true,"href":"https:\/\/airshiptrips.com\/de\/wp-json\/wp\/v2\/media\/13472"}],"wp:attachment":[{"href":"https:\/\/airshiptrips.com\/de\/wp-json\/wp\/v2\/media?parent=10985"}],"wp:term":[{"taxonomy":"product_brand","embeddable":true,"href":"https:\/\/airshiptrips.com\/de\/wp-json\/wp\/v2\/product_brand?post=10985"},{"taxonomy":"product_cat","embeddable":true,"href":"https:\/\/airshiptrips.com\/de\/wp-json\/wp\/v2\/product_cat?post=10985"},{"taxonomy":"product_tag","embeddable":true,"href":"https:\/\/airshiptrips.com\/de\/wp-json\/wp\/v2\/product_tag?post=10985"}],"curies":[{"name":"wp","href":"https:\/\/api.w.org\/{rel}","templated":true}]}}