{"id":10978,"date":"2025-10-08T12:23:11","date_gmt":"2025-10-08T12:23:11","guid":{"rendered":"https:\/\/megaroboticsacademy.com\/shop\/unkategorisiert\/mint-tea\/"},"modified":"2025-11-19T17:31:29","modified_gmt":"2025-11-19T17:31:29","slug":"mint-tea","status":"publish","type":"product","link":"https:\/\/airshiptrips.com\/de\/shop\/herbs\/mint-tea\/","title":{"rendered":"Pfefferminztee"},"content":{"rendered":"<div class=\"woocommerce-tabs wc-tabs-wrapper\">\n<div id=\"tab-description\" class=\"woocommerce-Tabs-panel woocommerce-Tabs-panel--description panel entry-content wc-tab\" role=\"tabpanel\" aria-labelledby=\"tab-title-description\">\n<p>Pfefferminztee mit seinem frischen, k\u00fchlen Geschmack und dem belebenden Aroma ist ein erfrischendes, nat\u00fcrlich s\u00fc\u00dfes und koffeinfreies Getr\u00e4nk, das zu jeder Tageszeit konsumiert werden kann. Dieser Tee wird \u00fcblicherweise zur Linderung der Symptome einer Erk\u00e4ltung oder Grippe verwendet und sollte im Hinblick auf seine weiteren gesundheitlichen Vorteile nicht untersch\u00e4tzt werden. Ein nat\u00fcrliches Tonikum f\u00fcr die Gesundheit, das voller Proteine, Aminos\u00e4uren, Mineralien wie Kalzium, Kalium, Magnesium, Kupfer, Mangan, Phosphor und Natrium sowie der Vitamine A, B, C und D ist. Es kann helfen, das Immunsystem zu st\u00e4rken, den Stoffwechsel auszugleichen, bek\u00e4mpft krankheitsverursachende St\u00f6rungen und hilft dem K\u00f6rper, gesund zu funktionieren.<\/p>\n<p>Pfefferminztee ist antibakteriell, antiviral, entz\u00fcndungshemmend und krampfl\u00f6send. Es ist nicht nur ein Muskelrelaxans und Schmerzmittel, sondern auch perfekt bei Magenproblemen, bei der Linderung von Sodbrennen und Verdauungsst\u00f6rungen, bei der Bek\u00e4mpfung von Grippe, Erk\u00e4ltungen und saisonalen Allergien, bei der Behandlung von Mundgeruch und bei der Linderung von Spannungskopfschmerzen. Es hat auch adaptogene Eigenschaften, um Sie zu verj\u00fcngen und zu entspannen und mentalen Druck und Stress abzubauen.<\/p>\n<h3><b>Bek\u00e4mpft Erk\u00e4ltungen, Grippe und Allergien<\/b><\/h3>\n<p>Die antibakteriellen, antiviralen und entz\u00fcndungshemmenden Eigenschaften helfen bei der Bek\u00e4mpfung verstopfter Nebenh\u00f6hlen aufgrund von Erk\u00e4ltungen, Virusinfektionen und Allergien. Dampf aus dem Tee ist auch eine strategische Waffe f\u00fcr die Nebenh\u00f6hlen und verbessert den Luftstrom in der Nasenh\u00f6hle. Als krampfl\u00f6sendes und muskelrelaxierendes Mittel lindert es auch Halsschmerzen und reizenden Husten. Antioxidantien erm\u00f6glichen es den wei\u00dfen Blutk\u00f6rperchen, schneller durch den K\u00f6rper zu wandern, um Infektionen zu bek\u00e4mpfen, und essentielle Vitamine und N\u00e4hrstoffe st\u00e4rken das Immunsystem. Saisonale Allergien profitieren von den entz\u00fcndungshemmenden Eigenschaften und lindern die Symptome von Heuschnupfen und Asthma.<\/p>\n<h3><b>Beruhigt Magenverstimmung, verbessert die Verdauung und reduziert \u00dcbelkeit<\/b><\/h3>\n<p>Pfefferminztee wirkt auf vielen Ebenen gegen Magenverstimmung. Es ist ein ausgezeichnetes Antigermikum und Antiseptikum und wirkt gut bei Magen-Darm-Beschwerden, die sich mit der Grundursache des Problems befassen. Kr\u00e4mpfe werden durch Beruhigung der kontrahierenden Bauchmuskeln gelindert, und die Durchblutung wird verbessert, um Entz\u00fcndungen zu lindern und Symptome wie Gas, Bl\u00e4hungen und Verdauungsst\u00f6rungen zu lindern. Die Sekretion der Galle wird angeregt, um eine effiziente Verdauung der Nahrung zu gew\u00e4hrleisten. Es ist eine hervorragende Hilfe f\u00fcr IBS-Betroffene und tr\u00e4gt dazu bei, dass das Verdauungssystem reibungslos funktioniert. \u00dcbelkeit wird durch die krampfl\u00f6senden Eigenschaften in Schach gehalten, die verhindern, dass sich die Bauchmuskeln zusammenziehen. Ein nat\u00fcrliches Mittel zur Vorbeugung von Krankheiten nach Operationen oder Chemotherapie und zur Hemmung von Reisekrankheiten.<\/p>\n<h3><b>Verbessert das geistige Bewusstsein und den Fokus<\/b><\/h3>\n<p>Der verj\u00fcngende Geschmack und das Aroma stimulieren das limbische System und steigern die geistige Wachsamkeit, Konzentration und das Ged\u00e4chtnis.<\/p>\n<h3><b>Reduziert Stress und belebt<\/b><\/h3>\n<p>Die beruhigenden Eigenschaften von Minze sind in der Aromatherapie bekannt und f\u00f6rdern das Wohlbefinden und die Entspannung. Eine Tasse Pfefferminztee mit krampfl\u00f6senden und muskelrelaxierenden Eigenschaften hilft Ihnen, sich zu entspannen und die Angstgef\u00fchle zu vertreiben, w\u00e4hrend Sie tags\u00fcber M\u00fcdigkeit lindern und das Energieniveau verbessern. Eine gro\u00dfartige M\u00f6glichkeit, sich nach einem langen Tag voller psychischer Belastungen zu entspannen. Es kann auch den Blutdruck und die K\u00f6rpertemperatur senken und die Entspannung weiter verbessern.<\/p>\n<h3><b>Ein nat\u00fcrliches Schmerzmittel<\/b><\/h3>\n<p>Als nat\u00fcrlicher Vasodilatator kann Pfefferminztee gegen Kopfschmerzen helfen, die durch Verspannungen oder M\u00fcdigkeit verursacht werden, indem er angespannte Muskeln entspannt und Schmerzen lindert. Auch ideal bei Menstruationsbeschwerden, da es die Intensit\u00e4t und L\u00e4nge von Muskelkontraktionen verringern kann.<\/p>\n<h3><b>Behandelt Mundgeruch<\/b><\/h3>\n<p>Die antibakteriellen Eigenschaften t\u00f6ten Keime im Mund ab, die Mundgeruch und Plaque verursachen, w\u00e4hrend das Aroma Ger\u00fcche von verzehrten Lebensmitteln neutralisiert.<\/p>\n<p>Nicht empfohlen f\u00fcr GERD-Patienten, da dies ihre Symptome ausl\u00f6sen oder verschlimmern kann.<\/p>\n<\/div>\n<\/div>\n<section class=\"related-wrapper\"><\/section>\n","protected":false},"excerpt":{"rendered":"<p>Mit seinem frischen, k\u00fchlen Geschmack stimuliert Minztee die Sinne, stimuliert das Bewusstsein und die Konzentration und reduziert Stress. Dieser Tee hilft bei Erk\u00e4ltungen, Grippe und Allergien, lindert Magenverstimmung, reduziert \u00dcbelkeit und verbessert die Verdauung.<\/p>\n<p class=\"product_title entry-title\">\n","protected":false},"featured_media":13467,"comment_status":"open","ping_status":"closed","template":"","meta":[],"product_brand":[],"product_cat":[187],"product_tag":[],"class_list":{"0":"post-10978","1":"product","2":"type-product","3":"status-publish","4":"has-post-thumbnail","6":"product_cat-herbs","8":"first","9":"instock","10":"shipping-taxable","11":"purchasable","12":"product-type-variable","13":"has-default-attributes"},"_links":{"self":[{"href":"https:\/\/airshiptrips.com\/de\/wp-json\/wp\/v2\/product\/10978","targetHints":{"allow":["GET"]}}],"collection":[{"href":"https:\/\/airshiptrips.com\/de\/wp-json\/wp\/v2\/product"}],"about":[{"href":"https:\/\/airshiptrips.com\/de\/wp-json\/wp\/v2\/types\/product"}],"replies":[{"embeddable":true,"href":"https:\/\/airshiptrips.com\/de\/wp-json\/wp\/v2\/comments?post=10978"}],"wp:featuredmedia":[{"embeddable":true,"href":"https:\/\/airshiptrips.com\/de\/wp-json\/wp\/v2\/media\/13467"}],"wp:attachment":[{"href":"https:\/\/airshiptrips.com\/de\/wp-json\/wp\/v2\/media?parent=10978"}],"wp:term":[{"taxonomy":"product_brand","embeddable":true,"href":"https:\/\/airshiptrips.com\/de\/wp-json\/wp\/v2\/product_brand?post=10978"},{"taxonomy":"product_cat","embeddable":true,"href":"https:\/\/airshiptrips.com\/de\/wp-json\/wp\/v2\/product_cat?post=10978"},{"taxonomy":"product_tag","embeddable":true,"href":"https:\/\/airshiptrips.com\/de\/wp-json\/wp\/v2\/product_tag?post=10978"}],"curies":[{"name":"wp","href":"https:\/\/api.w.org\/{rel}","templated":true}]}}