{"id":10968,"date":"2025-10-08T12:23:10","date_gmt":"2025-10-08T12:23:10","guid":{"rendered":"https:\/\/megaroboticsacademy.com\/shop\/unkategorisiert\/guava-tea\/"},"modified":"2025-11-19T17:28:17","modified_gmt":"2025-11-19T17:28:17","slug":"guava-leaf-tea","status":"publish","type":"product","link":"https:\/\/airshiptrips.com\/de\/shop\/herbs\/guava-leaf-tea\/","title":{"rendered":"Guaven Blatt Tee"},"content":{"rendered":"<p>Unser Guaven Tee wird aus den Bl\u00e4ttern des \u00e4gyptischen Bassateen El Sabahia Guava (Psidium Guajava) hergestellt. Seit Jahrhunderten werden alle Teile des Baumes als nat\u00fcrliche Heilquelle verwendet und werden heute von Kr\u00e4uterkennern wegen ihrer bemerkenswerten gesundheitlichen Eigenschaften rund um den Globus verwendet. Guaven Fr\u00fcchte werden als eine der neuen Superfr\u00fcchte gefeiert, aber tats\u00e4chlich wird angenommen, dass die Bl\u00e4tter jetzt noch gesundheitsf\u00f6rdernder sind, wie Untersuchungen aus dem Jahr 2007 im Journal of Food and Chemistry belegen.<\/p>\n<p>Guaven Bl\u00e4tter enthalten eine Vielzahl n\u00fctzlicher Substanzen, darunter sekund\u00e4re Pflanzenstoffe wie Anthocyane, Carotinoide (insbesondere Lycopin), \u00e4therische \u00d6le, Fetts\u00e4uren, Flavonoide wie Quercetin, Phenole, Lektine, Tannine, Saponine und Triterpene sowie Vitamin C- und B-Vitamine (B3), B6), Lycopin, Kalium, Eisen, Magnesium, Schwefel, Natrium, Bor und Mangan. Das Ergebnis sind antioxidative, antimikrobielle, entz\u00fcndungshemmende, krebserregende, antibiotische, antiistaminische, fiebersenkende, antivirale, antimykotische, Plaque-, antinozizeptive und anti mutagene Eigenschaften, die die Gesundheit f\u00f6rdern und bestimmte Krankheiten und Beschwerden hemmen oder sogar verhindern. Die gesundheitlichen F\u00e4higkeiten dieses Tees sind wirklich beeindruckend. Profitieren Sie also von den Vorteilen unseres 100 % nat\u00fcrlichen Tees, indem Sie diesen Tee noch heute zu Ihrer Ern\u00e4hrung hinzuf\u00fcgen.<\/p>\n<h3><b>Entgiftet den K\u00f6rper und st\u00e4rkt das Immunsystem<\/b><\/h3>\n<p>Antioxidantien k\u00f6nnen zusammen mit den entz\u00fcndungshemmenden Eigenschaften dazu beitragen, den K\u00f6rper von sch\u00e4dlichen freien Radikalen zu befreien und den K\u00f6rper vor oxidativem Stress, Alterung und bestimmten chronischen Krankheiten wie Diabetes, Krebs und einem geschw\u00e4chten Immunsystem zu sch\u00fctzen. Guaven Blatt Tee ist eine hohe Vitamin C-Quelle, die das Immunsystem st\u00e4rkt und mit seinen bekannten Eigenschaften den K\u00f6rper auf die Bek\u00e4mpfung h\u00e4ufiger Infektionen, Viren und Beschwerden vorbereitet.<\/p>\n<h3><b>Verwaltet Diabetes<\/b><\/h3>\n<p>Regelm\u00e4\u00dfiges Trinken von Guaven Blatt Tee zu jeder Mahlzeit hilft Pr\u00e4 und Diabetikern. Japan f\u00fchrte mehrere klinische Studien durch, die die anti Diabetischen Eigenschaften belegen, und es ist jetzt ein von der Regierung zugelassenes Lebensmittel zur Vorbeugung und Behandlung von Diabetes, nachdem diese Studien gezeigt haben, dass Verbindungen im Tee die Aktivit\u00e4t des Alpha-Glucosidase-Enzyms verringern, regulieren auch die Aufnahme von Kohlenhydraten aus der Nahrung und kontrollieren den Blutzuckerspiegel nach dem Essen bei Patienten mit Typ-2-Diabetes. Dar\u00fcber hinaus wurde nicht gezeigt, dass es sich negativ auf bereits eingenommene Diabetesmedikamente auswirkt. Guaven Blatt Tee senkt effektiv den Blutzuckerspiegel, ohne die Insulinproduktion zu erh\u00f6hen.<\/p>\n<h3><b>Durchfall<\/b><\/h3>\n<p>Guaven Blatt wird seit Jahrhunderten als Mittel gegen Durchfall eingesetzt, f\u00f6rdert aber auch ein gesundes und effizienteres Verdauungssystem, indem es die Produktion von Verdauungsenzymen stimuliert und dadurch Gas, Bl\u00e4hungen und Verdauungsst\u00f6rungen reduziert. Durch seine antimikrobiellen und antibiotischen Eigenschaften werden sch\u00e4dliche Mikroben im Darm neutralisiert und hemmen Durchfall verursachende Bakterien. Seine antioxidativen und entz\u00fcndungshemmenden Eigenschaften helfen, den Verdauungstrakt zu beruhigen und zu entspannen. Es ist besonders vorteilhaft f\u00fcr die Behandlung von Lebensmittelvergiftungen, Ruhr, Erbrechen und \u00dcbelkeit, lindert Kr\u00e4mpfe, verringert den w\u00e4ssrigen Stuhl und f\u00f6rdert insgesamt eine schnellere Genesung.<\/p>\n<h3><b>Herz Gesundheit<\/b><\/h3>\n<p>Dieser Tee hat viele Vorteile f\u00fcr das Herz. Regelm\u00e4\u00dfiges Trinken kann auch den Triglycerid- und den schlechten Cholesterinspiegel im K\u00f6rper senken und den guten Cholesterinspiegel erh\u00f6hen, das Herz vor Krankheiten sch\u00fctzen und gegen An\u00e4mie helfen. Verbindungen im Tee k\u00f6nnen auch dazu beitragen, den Blutdruck zu senken und die Herzfrequenz zu senken, w\u00e4hrend ein Enzym, das f\u00fcr die Atherogenese (Fettablagerungen und Degeneration der Arterien) verantwortlich ist, behindert wird.<\/p>\n<h3><b>F\u00f6rdert den Gewichtsverlust<\/b><\/h3>\n<p>Guaven Blatt ist eine m\u00e4chtige Waffe im Kampf gegen \u00dcbergewicht und kann auf verschiedene Weise helfen. Erstens verhindern sie, dass komplexe Kohlenhydrate in Zucker umgewandelt werden. Es stabilisiert auch das Leptinhormon, dass die Gehirnsensoren ausl\u00f6st, dass Ihr Appetit gestillt wird. Diese Funktion wird im Allgemeinen durch zuckerhaltige Lebensmittel gest\u00f6rt. Alpha-Glucosidase-Enzyme k\u00f6nnen ebenfalls gehemmt werden, wodurch verhindert wird, dass Glucose in Glykogen umgewandelt wird, das in der Leber (Fettleber) und im Fettgewebe wie Bauch und H\u00fcfte gespeichert ist, und au\u00dferdem die Insulinresistenz und die damit verbundene Wasser Retention verhindert werden. Guaven Bl\u00e4tter k\u00f6nnen auch die Auswirkungen einer vorhandenen Fettleber lindern, die Oxidation und den Export von Fetts\u00e4uren verbessern und dadurch die Insulinresistenz und den Stoffwechsel verringern. Entz\u00fcndungshemmende und antioxidative Eigenschaften k\u00f6nnen den Stoffwechsel ankurbeln, die Fettverbrennung erh\u00f6hen und Fettgewebe und \u00fcbersch\u00fcssiges Glykogen zerst\u00f6ren, das vom K\u00f6rper nicht ben\u00f6tigt wird.<\/p>\n<h3><b>Bek\u00e4mpft Krebs<\/b><\/h3>\n<p>Mehrere Studien haben gezeigt, dass Guaven Blatt das Wachstum von Krebszellen, insbesondere Brust-, Prostata- und Mundkrebs, verhindern oder sogar stoppen kann. Verbindungen im Tee wirken als selektive \u00d6strogenrezeptor-Modulatoren (SERMs), die die Vermehrung von Krebszellen verhindern, w\u00e4hrend die starken Antioxidantien die Sch\u00e4digung von Zellen durch freie Radikale, eine Hauptursache f\u00fcr Krebs, verhindern. Es wurden spezielle Studien f\u00fcr Prostatakrebs mit g\u00fcnstigen Ergebnissen durchgef\u00fchrt.<\/p>\n<h3><b>Heilt Erk\u00e4ltung und Husten<\/b><\/h3>\n<p>Vitamin C und Eisen sind sehr hilfreich bei der Linderung von Erk\u00e4ltungs- und Grippesymptomen. Guaven Tee wirkt schleiml\u00f6send, lindert Husten und befreit den K\u00f6rper von Schleim. Nat\u00fcrliche antibakterielle, antimikrobielle, antivirale und entz\u00fcndungshemmende Mittel helfen, Bakterien oder Viren abzut\u00f6ten, Infektionen vorzubeugen oder aktuelle Infektionen zu behandeln und zu lindern, w\u00e4hrend das Antipyretikum zur Fiebersenkung beitragen kann. Untersuchungen zeigten, dass der Tee das Wachstum von Staphylococcus aureus (Staph A), einer h\u00e4ufigen Ursache f\u00fcr Atemwegserkrankungen, wirksam verhinderte. Das Ergebnis wurde 1999 im Journal of Ethnopharmacology ver\u00f6ffentlicht. Es wurde auch gefunden, dass es das Grippevirus hemmt. Der hohe Antihistamin Gehalt hilft auch bei Allergien und Bronchitis, und der Tee hat sich als n\u00fctzliches Hilfsmittel bei der kritischen Erkrankung mit Dengue-Virus erwiesen.<\/p>\n<h3><b>F\u00fcr Frauen<\/b><\/h3>\n<p>Guaven Blatt scheint die Prostaglandin Synthese zu hemmen, wodurch Menstruationsbeschwerden reduziert und gelindert werden und als nat\u00fcrliches Schmerzmittel wirken. Es ist auch ein Hormonausgleicher. W\u00e4hrend der Schwangerschaft treten bei Frauen h\u00e4ufig abnormale K\u00f6rperfunktionen auf, wie z. B. eine niedrige Blutzellenzahl, ein Versagen der Neurotransmitter und ein Stoffwechselversagen bei Mutter und Kind. Guave enth\u00e4lt Magnesium und Kalium, die die Synthese von Neurotransmittern verbessern. Die im Tee enthaltenen Vitamine, Proteine, Kalzium und anderen Mikron\u00e4hrstoffe spielen eine Schl\u00fcsselrolle bei der Entwicklung der Gesundheit des F\u00f6tus, sch\u00fctzen das Baby vor neurologischen St\u00f6rungen und st\u00e4rken das Immunsystem der Mutter. Dar\u00fcber hinaus lindert der Tee Uterus Kr\u00e4mpfe und wirkt h\u00e4ufigen Verdauungsproblemen w\u00e4hrend der Schwangerschaft wie saurem Reflux, Verdauung, Durchfall und Verstopfung entgegen. Guave stabilisiert auch den Blutdruck und reduziert die Komplikation der Pr\u00e4eklampsie.<\/p>\n<h3><b>Schl\u00e4gt Zahnschmerzen<\/b><\/h3>\n<p>Leistungsstarke antibakterielle und entz\u00fcndungshemmende Mittel machen Guaven Blatt Tee zu einem gro\u00dfartigen Hausmittel gegen Zahnschmerzen, Mundgeschw\u00fcre und geschwollenes Zahnfleisch. Zus\u00e4tzlich k\u00f6nnen die Bl\u00e4tter zu einer Paste gemahlen und auf Zahnfleisch und Z\u00e4hne aufgetragen werden.<\/p>\n<h3><b>Verbessert die Schlafqualit\u00e4t<\/b><\/h3>\n<p>Das im Tee enthaltene Magnesium hilft, Muskeln und Geist zu entspannen, Stress zu bek\u00e4mpfen und das System zu st\u00e4rken. Ein entspannter Geist f\u00f6rdert eine verbesserte Schlafqualit\u00e4t.<\/p>\n<h3><b>Schilddr\u00fcsenerkrankungen verwalten<\/b><\/h3>\n<p>Hauptursachen f\u00fcr Schilddr\u00fcsenerkrankungen sind Entz\u00fcndungen der Schilddr\u00fcse und schlechte Kupferwerte. Die entz\u00fcndungshemmenden Eigenschaften und der hohe Mineralgehalt der Bl\u00e4tter, insbesondere von Kupfer, sind f\u00fcr die Aufrechterhaltung einer gesunden Schilddr\u00fcse, die Produktion und Absorption von Hormonen und die Normalisierung eines Schilddr\u00fcsenungleichgewichts von entscheidender Bedeutung.<\/p>\n<h3><b>Schmerzlinderung bei Arthritis und Gicht<\/b><\/h3>\n<p>Guaven Blatt ist ein extrem starkes entz\u00fcndungshemmendes Mittel, das in Kombination mit seiner analgetischen Eigenschaft sehr effektiv zur Schmerzlinderung bei Arthritis und Gicht beitr\u00e4gt. Eine weitere Erleichterung kann auch durch Auftragen einer Paste der Bl\u00e4tter auf die betroffene Stelle erreicht werden.<\/p>\n<p><b>Wie man den Tee macht<br \/>\n<\/b>Nehmen Sie ein paar Bl\u00e4tter und zerdr\u00fccken Sie sie zu einem feinen Pulver. 2-3 Teel\u00f6ffel Pulver in eine Tasse geben und mit kochendem Wasser f\u00fcllen. 5-7 Minuten ziehen lassen.<\/p>\n","protected":false},"excerpt":{"rendered":"<p>Mit einer regelrechten F\u00fclle an gesunden Vorteilen st\u00e4rkt Guaventee bei regelm\u00e4\u00dfiger Einnahme das Immunsystem, hilft bei der Behandlung von Diabetes, sch\u00fctzt die Herzgesundheit und bestimmte Krebsarten. Dar\u00fcber hinaus ist es w\u00e4hrend der Schwangerschaft sowohl f\u00fcr die Mutter als auch f\u00fcr das ungeborene Kind von Vorteil.<\/p>\n","protected":false},"featured_media":13463,"comment_status":"open","ping_status":"closed","template":"","meta":[],"product_brand":[],"product_cat":[187],"product_tag":[],"class_list":{"0":"post-10968","1":"product","2":"type-product","3":"status-publish","4":"has-post-thumbnail","6":"product_cat-herbs","8":"first","9":"instock","10":"shipping-taxable","11":"purchasable","12":"product-type-variable","13":"has-default-attributes"},"_links":{"self":[{"href":"https:\/\/airshiptrips.com\/de\/wp-json\/wp\/v2\/product\/10968","targetHints":{"allow":["GET"]}}],"collection":[{"href":"https:\/\/airshiptrips.com\/de\/wp-json\/wp\/v2\/product"}],"about":[{"href":"https:\/\/airshiptrips.com\/de\/wp-json\/wp\/v2\/types\/product"}],"replies":[{"embeddable":true,"href":"https:\/\/airshiptrips.com\/de\/wp-json\/wp\/v2\/comments?post=10968"}],"wp:featuredmedia":[{"embeddable":true,"href":"https:\/\/airshiptrips.com\/de\/wp-json\/wp\/v2\/media\/13463"}],"wp:attachment":[{"href":"https:\/\/airshiptrips.com\/de\/wp-json\/wp\/v2\/media?parent=10968"}],"wp:term":[{"taxonomy":"product_brand","embeddable":true,"href":"https:\/\/airshiptrips.com\/de\/wp-json\/wp\/v2\/product_brand?post=10968"},{"taxonomy":"product_cat","embeddable":true,"href":"https:\/\/airshiptrips.com\/de\/wp-json\/wp\/v2\/product_cat?post=10968"},{"taxonomy":"product_tag","embeddable":true,"href":"https:\/\/airshiptrips.com\/de\/wp-json\/wp\/v2\/product_tag?post=10968"}],"curies":[{"name":"wp","href":"https:\/\/api.w.org\/{rel}","templated":true}]}}