{"id":10959,"date":"2025-10-08T12:23:11","date_gmt":"2025-10-08T12:23:11","guid":{"rendered":"https:\/\/megaroboticsacademy.com\/shop\/unkategorisiert\/green-tea\/"},"modified":"2025-11-19T16:44:04","modified_gmt":"2025-11-19T16:44:04","slug":"green-tea","status":"publish","type":"product","link":"https:\/\/airshiptrips.com\/de\/shop\/herbs\/green-tea\/","title":{"rendered":"Gr\u00fcner Tee"},"content":{"rendered":"<div class=\"woocommerce-tabs wc-tabs-wrapper\">\n<div id=\"tab-description\" class=\"woocommerce-Tabs-panel woocommerce-Tabs-panel--description panel entry-content wc-tab\" role=\"tabpanel\" aria-labelledby=\"tab-title-description\">\n<p>Gr\u00fcner Tee kann bis 2737 v. Chr. Datiert werden. Es wird vermutet, dass Kaiser Shen Nong aus dem alten China, der Urheber der chinesischen Kr\u00e4utermedizin, Wasser im Garten kochte und ein wildes Blatt hineinfiel, was dem Wasser einen \u00e4u\u00dferst erfrischenden und angenehmen Geschmack verlieh, und so wurde ein neues Getr\u00e4nk kreiert.<\/p>\n<p>Mit einer Vielzahl von gesundheitsf\u00f6rdernden Verbindungen wird gr\u00fcner Tee als eines der ges\u00fcndesten Getr\u00e4nke der Welt angepriesen, dass mehr Antioxidantien als jeder andere Tee enth\u00e4lt. Die Vorteile des Trinkens dieses Tees sind seit Jahrhunderten bekannt. Gr\u00fcner Tee stammt aus den Bl\u00e4ttern und Knospen von Camellia sinensis, genau wie Oolong-Tees und Schwarztees, jedoch ohne den Verdorrungs und Oxidationsprozess, was bedeutet, dass viele Verbindungen intakt und wirksamer bleiben. Es enth\u00e4lt eine bedeutende Menge gesunder bioaktiver Verbindungen, einschlie\u00dflich der Vitamine B2, C, E, Fols\u00e4ure und B-Carotin, Mineralien wie Kalium, Kalzium, Phosphor und Magnesium sowie geringe Mengen Mangan, Zink und Kupfer sowie Saponine und Fluor, Gamma-Aminobutters\u00e4ure (GABA), Koffein und Chlorophyll sowie reich an Polyphenolen, Catechinen und Theanin. All dies f\u00fchrt zu einem erfrischenden Getr\u00e4nk mit antioxidativen, krebserregenden, entz\u00fcndungshemmenden, antibakteriellen, atherosklerotischen, myokardialen Infarkt- und Diabetes-, beruhigenden und reinigenden Eigenschaften mit einer Reihe weiterer Vorteile. Brauen Sie heute etwas, um den K\u00f6rper schmerzlos und leicht zu sch\u00fctzen.<\/p>\n<h3><b>Verbesserung der Gehirnfunktion<\/b><\/h3>\n<p>Gr\u00fcner Tee enth\u00e4lt genug Koffein, um als Stimulans f\u00fcr die Blockierung von Adenosin zu wirken, wodurch die Neurotransmitter erh\u00f6ht werden, um Aspekte der Gehirnfunktion wie Stimmung, Ged\u00e4chtnis, Reaktionszeit und Konzentration zu verbessern. Er enth\u00e4lt weniger Koffein als Kaffee und bietet eher einen stabilen als einen erh\u00f6hten Schub, gefolgt von dem damit einhergehenden \u201eR\u00fcckfall\u201c. Die Aminos\u00e4ure L-Theanin im Tee hat auch Anti-Angst-Eigenschaften und erh\u00f6ht die Alpha-Wellen im Gehirn. Zusammen wirken Koffein und L-Theanin synergistisch und reduzieren mentalen und physischen Stress. Die Eigenschaften von gr\u00fcnem Tee haben viele sch\u00fctzende Wirkungen auf das Gehirn, es sch\u00fctzt das Gehirn auch vor Alterung und kann das Risiko f\u00fcr Demenz senken und vor neurodegenerativen Erkrankungen wie Alzheimer und Parkinson sch\u00fctzen.<\/p>\n<h3><b>Entgiftet den K\u00f6rper und st\u00e4rkt das Immunsystem<\/b><\/h3>\n<p>Antioxidantien k\u00f6nnen zusammen mit den entz\u00fcndungshemmenden Eigenschaften dazu beitragen, den K\u00f6rper von sch\u00e4dlichen freien Radikalen zu befreien und den K\u00f6rper vor oxidativem Stress, Alterung und bestimmten chronischen Krankheiten wie Diabetes, Altern und Krebs. Verschiedene Studien haben gezeigt, dass regelm\u00e4\u00dfige Trinker von gr\u00fcnem Tee ein geringeres Risiko haben, an bestimmten Krebsarten zu erkranken. Gr\u00fcner Tee ist reich an Vitamin C und st\u00e4rkt das Immunsystem. Mit seinen bekannten Eigenschaften bereitet er den K\u00f6rper auf die Bek\u00e4mpfung h\u00e4ufiger Infektionen, Viren und Beschwerden vor. Ein nat\u00fcrliches Antioxidans im Tee kann auch antibiotikaresistente Bakterien eliminieren, wie Wissenschaftler der Universit\u00e4t von Surrey entdeckt haben.<\/p>\n<h3><b>Hilft gegen Typ-2-Diabetes und Herz-Kreislauf-Erkrankungen<\/b><\/h3>\n<p>Die Rate von Typ-2-Diabetes scheint stetig zu steigen. Studien haben gezeigt, dass gr\u00fcner Tee den Blutzuckerspiegel senkt, die Insulinsensitivit\u00e4t verbessert und das Risiko f\u00fcr Typ-2-Diabetes senken kann. Eine gro\u00dfe Hilfe f\u00fcr diejenigen, die bereits an Diabetes leiden und an der Schwelle der Krankheit stehen. Regelm\u00e4\u00dfiges Trinken kann auch den Triglycerid- und den schlechten Cholesterinspiegel im K\u00f6rper senken und den guten Cholesterinspiegel erh\u00f6hen, das Herz vor Krankheiten sch\u00fctzen und gegen An\u00e4mie helfen. Studien haben sogar gezeigt, dass gr\u00fcner Tee das Risiko, an einer Herz-Kreislauf-Erkrankung zu sterben, um bis zu 31 % senken kann.<\/p>\n<h3><b>Hilfe gegen \u00dcbergewicht<\/b><\/h3>\n<p>Gr\u00fcner Tee steigert den Stoffwechsel und erh\u00f6ht die Fettverbrennung, insbesondere w\u00e4hrend des Trainings. Es ist besonders wirksam bei der Reduzierung von gef\u00e4hrlichem Bauchfett.<\/p>\n<h3><b>Heilt Erk\u00e4ltung und Husten<\/b><\/h3>\n<p>Untersuchungen haben gezeigt, dass gr\u00fcner Tee ein ausgezeichneter Erk\u00e4ltungs- und Grippek\u00e4mpfer ist. Antioxidantien im Tee, insbesondere Quercetin, behindern und sch\u00fctzen vor Viren im K\u00f6rper, einschlie\u00dflich Atemwegsviren wie Influenza. Diese Forschung wurde im Journal of Infectious Diseases and Preventative Medicine und in der August 2014-Ausgabe der Frontiers in Microbiology ver\u00f6ffentlicht. Nat\u00fcrliche antibakterielle, antimikrobielle, antivirale und entz\u00fcndungshemmende Mittel helfen dabei, Bakterien oder Viren abzut\u00f6ten, Infektionen vorzubeugen oder aktuelle Infektionen wie Husten, Stauung und Halsschmerzen zu behandeln und zu lindern. F\u00fcr zus\u00e4tzliche Hilfe f\u00fcgen Sie auch einen L\u00f6ffel Honig hinzu.<\/p>\n<h3><b>Ideal f\u00fcr die Haut<\/b><\/h3>\n<p>Reduzieren Sie Akne Ausbr\u00fcche, indem Sie gr\u00fcnen Tee mit seinen antioxidativen, entz\u00fcndungshemmenden und antimikrobiellen Eigenschaften trinken, die auch dazu beitragen, die Talgproduktion auszugleichen und Bakterienwachstum zu verhindern. Zus\u00e4tzlich kann es auch bei Psoriasis und Rosacea helfen, Reizungen und damit verbundene Reizungen zu reduzieren. Verwenden Sie den gr\u00fcnen Tee als Dampf, um die Poren zu entgiften. Topisch anwenden, um R\u00f6tungen, gereizte Haut, Schwellungen, kleinere Schnitte und Sonnenbrand zu reduzieren. Kann auch helfen, den mit Psoriasis, Dermatitis und Rosacea verbundenen Juckreiz zu reduzieren, und kann bei Keloiden hilfreich sein. Verwenden Sie ein Peeling, um die adstringierenden Eigenschaften zu nutzen und die Haut zu straffen und zu straffen.<\/p>\n<h3><b>Mundhygiene<\/b><\/h3>\n<p>Gr\u00fcner Tee enth\u00e4lt Fluorid und wirkt daher gegen Karies, w\u00e4hrend die deodorierenden Eigenschaften dazu beitragen, Mundgeruch und Mundgeruch zu verhindern.<\/p>\n<p><b>Zubereitung von gr\u00fcnem Tee<br \/>\n<\/b>Dosierung: 1 Teel\u00f6ffel gr\u00fcnen Tee in eine Tasse gekochtes Wasser geben und mindestens 2 Minuten ziehen lassen. Das Einweichen des Tees erh\u00f6ht die Wirksamkeit. F\u00fcgen Sie Zucker oder Honig hinzu, um nach Bedarf zu s\u00fc\u00dfen.<\/p>\n<\/div>\n<\/div>\n<section class=\"related-wrapper\"><\/section>\n","protected":false},"excerpt":{"rendered":"<p>Gr\u00fcner Tee ist als sehr gesundes Getr\u00e4nk bekannt und enth\u00e4lt die h\u00f6chste Menge an Antioxidantien aller Tees. Er sch\u00fctzt den K\u00f6rper vor einer Reihe von Erkrankungen, einschlie\u00dflich Typ-2-Diabetes und Herz-Kreislauf-Erkrankungen. Dieser Tee st\u00e4rkt die Stimmung und das Immunsystem und verbessert die Gehirnfunktion.<\/p>\n","protected":false},"featured_media":13459,"comment_status":"open","ping_status":"closed","template":"","meta":[],"product_brand":[],"product_cat":[187],"product_tag":[],"class_list":{"0":"post-10959","1":"product","2":"type-product","3":"status-publish","4":"has-post-thumbnail","6":"product_cat-herbs","8":"first","9":"instock","10":"shipping-taxable","11":"purchasable","12":"product-type-variable","13":"has-default-attributes"},"_links":{"self":[{"href":"https:\/\/airshiptrips.com\/de\/wp-json\/wp\/v2\/product\/10959","targetHints":{"allow":["GET"]}}],"collection":[{"href":"https:\/\/airshiptrips.com\/de\/wp-json\/wp\/v2\/product"}],"about":[{"href":"https:\/\/airshiptrips.com\/de\/wp-json\/wp\/v2\/types\/product"}],"replies":[{"embeddable":true,"href":"https:\/\/airshiptrips.com\/de\/wp-json\/wp\/v2\/comments?post=10959"}],"wp:featuredmedia":[{"embeddable":true,"href":"https:\/\/airshiptrips.com\/de\/wp-json\/wp\/v2\/media\/13459"}],"wp:attachment":[{"href":"https:\/\/airshiptrips.com\/de\/wp-json\/wp\/v2\/media?parent=10959"}],"wp:term":[{"taxonomy":"product_brand","embeddable":true,"href":"https:\/\/airshiptrips.com\/de\/wp-json\/wp\/v2\/product_brand?post=10959"},{"taxonomy":"product_cat","embeddable":true,"href":"https:\/\/airshiptrips.com\/de\/wp-json\/wp\/v2\/product_cat?post=10959"},{"taxonomy":"product_tag","embeddable":true,"href":"https:\/\/airshiptrips.com\/de\/wp-json\/wp\/v2\/product_tag?post=10959"}],"curies":[{"name":"wp","href":"https:\/\/api.w.org\/{rel}","templated":true}]}}