{"id":10950,"date":"2025-10-08T12:22:40","date_gmt":"2025-10-08T12:22:40","guid":{"rendered":"https:\/\/megaroboticsacademy.com\/shop\/unkategorisiert\/doum-tea\/"},"modified":"2025-11-19T16:37:25","modified_gmt":"2025-11-19T16:37:25","slug":"doum-tee","status":"publish","type":"product","link":"https:\/\/airshiptrips.com\/de\/shop\/herbs\/doum-tee\/","title":{"rendered":"Doum Tee"},"content":{"rendered":"<div class=\"woocommerce-tabs wc-tabs-wrapper\">\n<div id=\"tab-description\" class=\"woocommerce-Tabs-panel woocommerce-Tabs-panel--description panel entry-content wc-tab\" role=\"tabpanel\" aria-labelledby=\"tab-title-description\">\n<p>Die Doum Palme (Hyphaene thebaica) ist im Niltal beheimatet. Hocharomatisch, mit einer Frucht, die nach Lebkuchen schmeckt, ist sie allgemein als Lebkuchen-Palme bekannt. Der Samen der Doum Palme wurde von den alten \u00c4gyptern als heilig angesehen und symbolisiert m\u00e4nnliche St\u00e4rke und M\u00e4nnlichkeit. Er wurde in den Gr\u00e4bern vieler Pharaonen gefunden, und im Grab von K\u00f6nig Tutanchamun wurden acht K\u00f6rbe mit 3.000 Jahre alten Doum Fr\u00fcchten entdeckt. Doum Tee, hergestellt aus getrockneten dunkelorangen bis braunen Fr\u00fcchten, ist ein traditionelles \u00e4gyptisches Getr\u00e4nk, das heute noch h\u00e4ufig konsumiert wird.<\/p>\n<p>Doum enth\u00e4lt neben Fetts\u00e4uren, insbesondere einen hohen Anteil an Flavonoiden, Polyphenolen, Saponinen, Hydroxycinnamaten, Glykosiden, \u00e4therischen \u00d6len und Terpenoiden mit signifikanten antibakteriellen, antioxidativen, antiviralen, analgetischen, Krebs-bek\u00e4mpfenden, antiallergischen und immunstimulierenden Eigenschaften die essentielle Linols\u00e4ure, die Vitamine A, B, C (insbesondere B-Vitamine), Glukose und Mineralien, einschlie\u00dflich Kalium, Phosphor, Stickstoff, Zink, Natrium, Kalzium, Magnesium, Kupfer, Eisen und Kobalt. Das ist eine Menge G\u00fcte mit starken Antioxidantien, um biologische Prozesse im K\u00f6rper zu regulieren, Stoffwechselkrankheiten zu bek\u00e4mpfen und viele gesundheitliche Vorteile zu bieten.<\/p>\n<h3>\u00a0<b>Entgiftet den K\u00f6rper und f\u00f6rdert den Gewichtsverlust<\/b><\/h3>\n<p>Als nat\u00fcrliches Diuretikum kann dieser Tee Giftstoffe aus dem K\u00f6rper entfernen und die Nieren, die Leber und die Bauchspeicheldr\u00fcse reinigen und stimulieren. Antioxidantien k\u00f6nnen zusammen mit den entz\u00fcndungshemmenden Eigenschaften dazu beitragen, den K\u00f6rper von sch\u00e4dlichen freien Radikalen zu befreien und den K\u00f6rper vor oxidativem Stress, vorzeitigem Altern und bestimmten chronischen Krankheiten wie Diabetes, Krebs und einem geschw\u00e4chten Immunsystem zu sch\u00fctzen. Tats\u00e4chlich enth\u00e4lt Doum ein Enzym, von dem angenommen wird, dass es als Antibiotikum f\u00fcr den K\u00f6rper wirkt. Durch seine immunstimulierende Eigenschaft stellt es sicher, dass das Immunsystem effizient arbeitet, um vor Viren und Krankheiten zu sch\u00fctzen. Dieser Tee wird auch dazu beitragen, den Stoffwechsel zu beschleunigen, was in Kombination mit seinen harntreibenden Eigenschaften und der Befreiung des K\u00f6rpers von \u00fcbersch\u00fcssigem Cholesterin und der Verbrennung von Unterhautfett zur Bek\u00e4mpfung von \u00dcbergewicht beitragen kann.<\/p>\n<h3><b>Herzpflege<\/b><\/h3>\n<p>Doum Tee reduziert Triglyceride und schlechtes Cholesterin erheblich und erh\u00f6ht gleichzeitig das gute Cholesterin, wodurch die Bildung von Atheromen im Gewebe der Arterienw\u00e4nde verhindert und das Risiko f\u00fcr Schlaganf\u00e4lle oder Herz-Kreislauf-Erkrankungen verringert wird. Es stabilisiert auch den Blutdruck und sorgt f\u00fcr ein ges\u00fcnderes Herz.<\/p>\n<h3><b>Verbessert die Verdauung<\/b><\/h3>\n<p>Starke antibakterielle Eigenschaften tragen zur Stabilisierung des Gleichgewichts der Darmbakterien bei, was zu einer effizienteren Verdauung und einer Verringerung von Gas und Bl\u00e4hungen f\u00fchrt.<\/p>\n<h3><b>Prostatitis verhindern<\/b><\/h3>\n<p>Es ist bekannt, dass die Krebs-bek\u00e4mpfenden und entz\u00fcndungshemmenden Eigenschaften von Doum Tee eine positive Wirkung gegen Prostatitis haben.<\/p>\n<p><b>Wie man Doum Tee macht<br \/>\n<\/b>1 Liter gek\u00fchltes, gekochtes Wasser \u00fcber 2 Essl\u00f6ffel gehackte Doum Fr\u00fcchte gie\u00dfen und mehrere Stunden ruhen lassen. Gek\u00fchlt trinken.<\/p>\n<\/div>\n<\/div>\n<section class=\"related-wrapper\"><\/section>\n","protected":false},"excerpt":{"rendered":"<p class=\"product_title entry-title\"><span style=\"font-weight: 400;\">Dieser stark duftende \u201eLebkuchen\u201c -Tee enth\u00e4lt starke Antioxidantien, die helfen, biologische Prozesse im K\u00f6rper zu regulieren, Stoffwechselst\u00f6rungen zu bek\u00e4mpfen, den K\u00f6rper zu entgiften und viele weitere gesunde Vorteile zu bieten.. <\/span><\/p>\n","protected":false},"featured_media":13449,"comment_status":"open","ping_status":"closed","template":"","meta":[],"product_brand":[],"product_cat":[187],"product_tag":[],"class_list":{"0":"post-10950","1":"product","2":"type-product","3":"status-publish","4":"has-post-thumbnail","6":"product_cat-herbs","8":"first","9":"instock","10":"shipping-taxable","11":"purchasable","12":"product-type-simple"},"_links":{"self":[{"href":"https:\/\/airshiptrips.com\/de\/wp-json\/wp\/v2\/product\/10950","targetHints":{"allow":["GET"]}}],"collection":[{"href":"https:\/\/airshiptrips.com\/de\/wp-json\/wp\/v2\/product"}],"about":[{"href":"https:\/\/airshiptrips.com\/de\/wp-json\/wp\/v2\/types\/product"}],"replies":[{"embeddable":true,"href":"https:\/\/airshiptrips.com\/de\/wp-json\/wp\/v2\/comments?post=10950"}],"wp:featuredmedia":[{"embeddable":true,"href":"https:\/\/airshiptrips.com\/de\/wp-json\/wp\/v2\/media\/13449"}],"wp:attachment":[{"href":"https:\/\/airshiptrips.com\/de\/wp-json\/wp\/v2\/media?parent=10950"}],"wp:term":[{"taxonomy":"product_brand","embeddable":true,"href":"https:\/\/airshiptrips.com\/de\/wp-json\/wp\/v2\/product_brand?post=10950"},{"taxonomy":"product_cat","embeddable":true,"href":"https:\/\/airshiptrips.com\/de\/wp-json\/wp\/v2\/product_cat?post=10950"},{"taxonomy":"product_tag","embeddable":true,"href":"https:\/\/airshiptrips.com\/de\/wp-json\/wp\/v2\/product_tag?post=10950"}],"curies":[{"name":"wp","href":"https:\/\/api.w.org\/{rel}","templated":true}]}}