{"id":10936,"date":"2025-10-08T12:23:12","date_gmt":"2025-10-08T12:23:12","guid":{"rendered":"https:\/\/megaroboticsacademy.com\/shop\/unkategorisiert\/bedouin-tea\/"},"modified":"2025-11-19T16:29:32","modified_gmt":"2025-11-19T16:29:32","slug":"bedouin-tea","status":"publish","type":"product","link":"https:\/\/airshiptrips.com\/de\/shop\/herbs\/bedouin-tea\/","title":{"rendered":"Beduinen Tee"},"content":{"rendered":"<div class=\"woocommerce-tabs wc-tabs-wrapper\">\n<div id=\"tab-description\" class=\"woocommerce-Tabs-panel woocommerce-Tabs-panel--description panel entry-content wc-tab\" role=\"tabpanel\" aria-labelledby=\"tab-title-description\">\n<div class=\"woocommerce-tabs wc-tabs-wrapper\">\n<div id=\"tab-description\" class=\"woocommerce-Tabs-panel woocommerce-Tabs-panel--description panel entry-content wc-tab\" role=\"tabpanel\" aria-labelledby=\"tab-title-description\">\n<h3><b>Herkunft des Beduinentees<\/b><\/h3>\n<p>Unser wunderbar erfrischender und heilender Beduinentee wird aus dem traditionellen Beduinenkraut Habek oder Habaq (Mentha longifolia) hergestellt, das im Nordosten Afrikas heimisch ist. Als altes Kraut wird es auch in der Bibel als W\u00e4hrung erw\u00e4hnt, weshalb es auch als Bible Mint bekannt ist. Traditionell zur Behandlung von Erk\u00e4ltungen und Grippe, zur Unterst\u00fctzung der Verdauung und zur Linderung von Halsschmerzen oder zur Linderung von Magenverstimmung sowie zur F\u00e4higkeit, Schwei\u00df zu produzieren und so den K\u00f6rper zu k\u00fchlen, dient es den Beduinenst\u00e4mmen seit \u00c4onen von Generationen. In der Neuzeit wurden viele dieser pharmakologischen Aktivit\u00e4ten und therapeutischen Indikationen durch Studien best\u00e4tigt und weitere gesundheitliche Vorteile identifiziert.<\/p>\n<p>Habek ist reich an Vitaminen A, B, C und K, Beta-Carotin und essentiellen Mineralien wie Natrium, Kalzium, Phosphor, Zink, Kalium, Eisen, Mangan und Magnesium und enth\u00e4lt au\u00dferdem gro\u00dfe Mengen an fl\u00fcchtigen \u00d6len, insbesondere Epoxidpulegon. Flavonoide, Phenols\u00e4uren (einschlie\u00dflich Zwei-Sterne-Komponenten von Thymol und Carvacrol), Cinnamate, Ceramide, Sesquiterpene, Terpene und Terpenoide. Es hat antibakterielle, antiseptische, antimikrobielle, krampfl\u00f6sende, entz\u00fcndungshemmende, asthmatische, katarrhalische, antioxidative, hepatoprotektive, antirheumatische, harntreibende, stimulierende und karminative Eigenschaften, die bei der Behandlung oder Vorbeugung verschiedener Krankheiten helfen k\u00f6nnen. Das regelm\u00e4\u00dfige Trinken dieses Tees wirkt auch als Tonikum f\u00fcr den gesamten K\u00f6rper und f\u00f6rdert die Gesundheit und das Wohlbefinden.<\/p>\n<h3><b>Beruhigt Magenverstimmung, verbessert die Verdauung und reduziert \u00dcbelkeit<\/b><\/h3>\n<p>Beduinen Tee ist eine ausgezeichnete Wahl vor oder nach einer Mahlzeit. Es ist eine gro\u00dfartige Vorspeise, da sein Aroma die Speicheldr\u00fcsen dazu anregt, Verdauungsenzyme abzuscheiden, wodurch die Verdauung erleichtert wird. Nach oder w\u00e4hrend einer Mahlzeit ist es ein gro\u00dfartiger Gaumenreiniger. Es ist ein ausgezeichnetes Germizid und Antiseptikum und wirkt gut bei Magen-Darm-Beschwerden, die sich mit der Grundursache des Problems befassen. Studien haben gezeigt, dass zwei in Habek enthaltene Verbindungen, Thymol und Carvacrol, ein gro\u00dfartiger Bakterienk\u00e4mpfer gegen antibiotikaresistente St\u00e4mme sind, einschlie\u00dflich e. Coli und Salmonellen. Im Falle einer Magenverstimmung werden Kr\u00e4mpfe durch Beruhigung der kontrahierenden Muskeln gelindert, und die Durchblutung wird verbessert, um Entz\u00fcndungen zu lindern und Symptome wie Gas, Bl\u00e4hungen und Verdauungsst\u00f6rungen zu lindern. Funktioniert auch gut zur Beruhigung von Koliken und reduziert sowohl die Kr\u00e4mpfe als auch die damit verbundenen Schmerzen. Es ist eine hervorragende Hilfe f\u00fcr IBS-Betroffene und tr\u00e4gt dazu bei, dass das Verdauungssystem reibungslos funktioniert. \u00dcbelkeit wird durch die krampfl\u00f6senden Eigenschaften in Schach gehalten, die verhindern, dass sich die Bauchmuskeln zusammenziehen. Ein nat\u00fcrliches Mittel zur Vorbeugung von Krankheiten nach Operationen oder Chemotherapie und zur Hemmung von Reisekrankheiten.<\/p>\n<h3><b>Bek\u00e4mpft Erk\u00e4ltungen, Grippe und Allergien<\/b><\/h3>\n<p>Die antibakteriellen, antiviralen und entz\u00fcndungshemmenden Eigenschaften helfen, verstopfte Nebenh\u00f6hlen zu bek\u00e4mpfen und die Bronchialbeschr\u00e4nkung aufgrund von Erk\u00e4ltungen, Virusinfektionen und Allergien zu l\u00f6sen. Dampf aus dem Tee ist auch eine strategische Waffe f\u00fcr die Nebenh\u00f6hlen und verbessert den Luftstrom in der Nasenh\u00f6hle. Krampfl\u00f6send und ein Muskelrelaxans, lindert es auch Halsschmerzen und irritierenden Husten. Antioxidantien erm\u00f6glichen es den wei\u00dfen Blutk\u00f6rperchen, schneller durch den K\u00f6rper zu wandern, um Infektionen zu bek\u00e4mpfen, und essentielle Vitamine und N\u00e4hrstoffe st\u00e4rken das Immunsystem. Habek hat auch Eigenschaften, die das Schwitzen f\u00f6rdern und so Hitze und K\u00f6rpertemperatur lindern, was bei Erk\u00e4ltung oder Fieber von Vorteil sein kann. In diesem Fall wird ein st\u00e4rkeres Gebr\u00e4u empfohlen. Studien haben gezeigt, dass Thymol und Carvacrol in Habek gegen Staphylococcus aureus wirksam sind, der schwere Atemwegserkrankungen sowohl in den oberen und unteren Atemwegen als auch in Ohren, Nase und Rachen verursachen kann. Saisonale Allergien profitieren von den entz\u00fcndungshemmenden Eigenschaften, w\u00e4hrend die Eigenschaften des Tees auch die Freisetzung bestimmter Chemikalien verbieten, die schwere Nasensymptome verschlimmern k\u00f6nnen, und die Linderung von juckendem Hals bewirken und so die Symptome von Heuschnupfen lindern. Asthmatiker profitieren von den entspannenden Eigenschaften, die Stauungen und Bronchialbeschr\u00e4nkungen lindern.<\/p>\n<h3><b>Entgiftet und sch\u00fctzt den K\u00f6rper und f\u00f6rdert den Gewichtsverlust<\/b><\/h3>\n<p>Habek enth\u00e4lt nachweislich einen hohen Anteil an Antioxidantien sowie entz\u00fcndungshemmende Eigenschaften, um den K\u00f6rper von sch\u00e4dlichen freien Radikalen zu befreien, vor Protein-, DNA und Lipid Sch\u00e4den zu sch\u00fctzen und den K\u00f6rper vor oxidativem Stress und bestimmten chronischen Krankheiten wie z Diabetes, Krebs und ein geschw\u00e4chtes Immunsystem. W\u00e4hrenddessen st\u00e4rken die Vitamine und N\u00e4hrstoffe im Tee das nat\u00fcrliche Immunsystem des K\u00f6rpers. Als nat\u00fcrliches Diuretikum kann dieser Tee Giftstoffe aus dem K\u00f6rper entfernen und die Nieren und die Leber reinigen, reinigen und stimulieren. N\u00e4hrstoffe in Habek helfen auch, das Blut zu reinigen, w\u00e4hrend Kalium helfen kann, den Blutdruck zu senken. Antimikrobielle und antivirale Eigenschaften reduzieren und sch\u00fctzen vor viralen und bakteriellen Erkrankungen und sch\u00fctzen sogar vor aggressiven, antibiotikaresistenten St\u00e4mmen wie Staphylococcus aureus, die fast jeden K\u00f6rperteil verw\u00fcsten k\u00f6nnen. Es kann auch intern vor dem \u00dcberwachsen von Candida sch\u00fctzen, wenn nur der Tee regelm\u00e4\u00dfig getrunken wird.<\/p>\n<p>Zur Gewichtsreduktion kann Habek helfen, indem es die Verdauungsenzyme stimuliert, die N\u00e4hrstoffe richtig verdaut und absorbiert, den Stoffwechsel ankurbelt und sicherstellt, dass Fett richtig verwendet und nicht gespeichert wird, was systematisch zur Gewichtsreduktion beitr\u00e4gt. Die harntreibende Eigenschaft stellt ferner sicher, dass \u00fcbersch\u00fcssige Fl\u00fcssigkeit nicht gespeichert wird, und eine ordnungsgem\u00e4\u00dfe Verdauung f\u00f6rdert die Beseitigung von Gas und Bl\u00e4hungen.<\/p>\n<h3><b>Das Nervensystem<\/b><\/h3>\n<p>Die in Habek gefundenen Adaptogene Eigenschaften erh\u00f6hen die Widerstandsf\u00e4higkeit des K\u00f6rpers gegen\u00fcber Stress, regulieren den Cortisolspiegel und setzen eine kleine Menge Serotonin im Gehirn frei, um Depressionen zu bek\u00e4mpfen, das Wohlbefinden und die Entspannung zu f\u00f6rdern und psychischen Stress und Angstzust\u00e4nde wirksam abzubauen. Es kann auch den Blutdruck und die K\u00f6rpertemperatur senken und die Entspannung weiter verbessern. Zus\u00e4tzlich stimulieren der verj\u00fcngende Geschmack und das Aroma das limbische System und steigern die geistige Wachsamkeit, Konzentration, Retention und das Ged\u00e4chtnis.<\/p>\n<h3><b>Ein nat\u00fcrliches Schmerzmittel<\/b><\/h3>\n<p>Als nat\u00fcrlicher Vasodilatator kann Beduinen Tee Kopfschmerzen, die durch Verspannungen oder M\u00fcdigkeit verursacht werden, bek\u00e4mpfen, indem er angespannte Muskeln entspannt und Schmerzen lindert. Auch ideal bei Menstruationsbeschwerden, da es die Intensit\u00e4t und L\u00e4nge von Muskelkontraktionen verringern kann. Aufgrund seiner antinozizeptiven Eigenschaft ist dieser Tee ideal bei Schmerzen bei rheumatoider Arthritis, bei denen die Schmerzrezeptoren blockiert oder reduziert werden. Weitere Hilfe f\u00fcr diesen Zustand kann auch gefunden werden, indem aus den Bl\u00e4ttern ein Umschlag hergestellt und auf die arthritischen Gelenke aufgetragen wird, um die Durchblutung des betroffenen Bereichs zu f\u00f6rdern und Schwellungen zu verringern.<\/p>\n<h3><b>Mundhygiene<\/b><\/h3>\n<p>Die antibakteriellen Eigenschaften hemmen Keime im Mund, die Mundgeruch und Plaque verursachen, sowie Zahnfleischerkrankungen wie Gingivitis. Der frische Geschmack und das frische Aroma neutralisieren alle Ger\u00fcche von verzehrten Lebensmitteln.<\/p>\n<p><b>Zubereitung von Beduinen Tee<br \/>\n<\/b>Dosierung: 1 Teel\u00f6ffel Beduinen Tee in eine Tasse gekochtes Wasser geben und 2-3 Minuten ziehen lassen. Ein l\u00e4ngeres Einweichen des Tees erh\u00f6ht die Wirksamkeit und wird besonders zur Behandlung von Erk\u00e4ltungen oder Grippe empfohlen. Kann f\u00fcr einen besseren Geschmack zu schwarzem Tee hinzugef\u00fcgt werden. F\u00fcgen Sie Zucker oder Honig hinzu, um nach Bedarf zu s\u00fc\u00dfen.<\/p>\n<\/div>\n<\/div>\n<section class=\"related-wrapper\"><\/section>\n<\/div>\n<\/div>\n","protected":false},"excerpt":{"rendered":"<p>Dieser wunderbar erfrischende Tee wirkt beruhigend, entgiftet den K\u00f6rper, beruhigt Magenbeschwerden, verbessert die Verdauung und reduziert \u00dcbelkeit. Dar\u00fcber hinaus bek\u00e4mpft es Kopfschmerzen, Erk\u00e4ltungen, Grippe und Allergien, hilft beim Abnehmen und unterst\u00fctzt die Mundgesundheit.<\/p>\n","protected":false},"featured_media":13454,"comment_status":"open","ping_status":"closed","template":"","meta":[],"product_brand":[],"product_cat":[187],"product_tag":[],"class_list":{"0":"post-10936","1":"product","2":"type-product","3":"status-publish","4":"has-post-thumbnail","6":"product_cat-herbs","8":"first","9":"instock","10":"shipping-taxable","11":"purchasable","12":"product-type-variable","13":"has-default-attributes"},"_links":{"self":[{"href":"https:\/\/airshiptrips.com\/de\/wp-json\/wp\/v2\/product\/10936","targetHints":{"allow":["GET"]}}],"collection":[{"href":"https:\/\/airshiptrips.com\/de\/wp-json\/wp\/v2\/product"}],"about":[{"href":"https:\/\/airshiptrips.com\/de\/wp-json\/wp\/v2\/types\/product"}],"replies":[{"embeddable":true,"href":"https:\/\/airshiptrips.com\/de\/wp-json\/wp\/v2\/comments?post=10936"}],"wp:featuredmedia":[{"embeddable":true,"href":"https:\/\/airshiptrips.com\/de\/wp-json\/wp\/v2\/media\/13454"}],"wp:attachment":[{"href":"https:\/\/airshiptrips.com\/de\/wp-json\/wp\/v2\/media?parent=10936"}],"wp:term":[{"taxonomy":"product_brand","embeddable":true,"href":"https:\/\/airshiptrips.com\/de\/wp-json\/wp\/v2\/product_brand?post=10936"},{"taxonomy":"product_cat","embeddable":true,"href":"https:\/\/airshiptrips.com\/de\/wp-json\/wp\/v2\/product_cat?post=10936"},{"taxonomy":"product_tag","embeddable":true,"href":"https:\/\/airshiptrips.com\/de\/wp-json\/wp\/v2\/product_tag?post=10936"}],"curies":[{"name":"wp","href":"https:\/\/api.w.org\/{rel}","templated":true}]}}