{"id":10908,"date":"2025-10-08T12:22:19","date_gmt":"2025-10-08T12:22:19","guid":{"rendered":"https:\/\/megaroboticsacademy.com\/shop\/unkategorisiert\/karkade-tea\/"},"modified":"2025-11-19T15:45:53","modified_gmt":"2025-11-19T15:45:53","slug":"hibiskus-tee-karkade","status":"publish","type":"product","link":"https:\/\/airshiptrips.com\/de\/shop\/herbs\/hibiskus-tee-karkade\/","title":{"rendered":"Karkade \u201eHibiskus\u201c Tee"},"content":{"rendered":"<div class=\"woocommerce-tabs wc-tabs-wrapper\">\n<div id=\"tab-description\" class=\"woocommerce-Tabs-panel woocommerce-Tabs-panel--description panel entry-content wc-tab\" role=\"tabpanel\" aria-labelledby=\"tab-title-description\">\n<p>Karkade Tee oder Hibiskus Tee (Hibiscus sabdariffa) stammt aus Nordafrika, m\u00f6glicherweise aus \u00c4gypten, und soll bei den alten Pharaonen beliebt gewesen sein. Es wird im Ebers Papyrus von 1550 v. Chr. (Einem alten medizinischen Dokument) wegen seiner heilenden Eigenschaften erw\u00e4hnt. Der tiefrote, w\u00fcrzige Tee mit fruchtigem Geschmack, der an Cranberry Saft erinnert, aber weniger sauer ist, ist eine Infusion aus den purpurroten Kelchbl\u00e4ttern der Hibiskusbl\u00fcte und \u00e4u\u00dferst erfrischend. Es ist ein beliebtes Getr\u00e4nk in ganz Afrika, das im Sommer kalt und im Winter warm serviert wird. Hochzeitsfeiern in \u00c4gypten und im Sudan werden traditionell mit einem Glas Hibiskus Tee bejubelt.<\/p>\n<p>Hibiskus ist extrem reich an Vitamin C und enth\u00e4lt Mineralien wie Phosphor, Kalzium, Zink, Natrium, Kalium, Eisen, Kupfer, Magnesium sowie Flavonoide, Anthocyane, Pektin, Schleimpolysaccharide und Phytosterole. Es hat antioxidative, entz\u00fcndungshemmende, antibakterielle, antivirale, antiseptische, antiasthenische, harntreibende, reinigende und krampfl\u00f6sende Eigenschaften. Da es auch Melatonin enth\u00e4lt, ist es auch eine gro\u00dfe Hilfe, um gut zu schlafen. Viele Studien, die traditionell als Diuretikum, mildes Abf\u00fchrmittel, zur Behandlung von Herz- und Nervenkrankheiten sowie als Mittel gegen Husten im Ebers Papyrus erw\u00e4hnt werden, best\u00e4tigen jetzt die wunderbaren gesundheitlichen Vorteile von Hibiskus, die es zu einer fantastischen Erg\u00e4nzung machen Ihre t\u00e4gliche Ern\u00e4hrung.<\/p>\n<h3><b>Entgiftet den K\u00f6rper, st\u00e4rkt das Immunsystem und sch\u00fctzt lebenswichtige Organe<\/b><\/h3>\n<p>Antioxidantien k\u00f6nnen zusammen mit den entz\u00fcndungshemmenden Eigenschaften dazu beitragen, den K\u00f6rper von sch\u00e4dlichen freien Radikalen zu befreien und den K\u00f6rper vor oxidativem Stress, Alterung und bestimmten chronischen Krankheiten wie Diabetes, Herzerkrankungen, neurodegenerativen Erkrankungen, Krebs, Altern und ein geschw\u00e4chtes Immunsystem zu unterst\u00fctzen. Hibiskus Tee hat bekanntlich eine der h\u00f6chsten Mengen an Antioxidantien unter allen Kr\u00e4utertees. In einer Studie wurde die Wirkung sch\u00e4dlicher freier Radikale auf Ratten um bis zu 92 % reduziert. Hibiskus enth\u00e4lt ein starkes Antioxidans namens Anthocyanin, dass das Risiko chronischer Krankheiten verringert. Der Tee hat auch einen hohen Gehalt an Vitamin C und Eisen, von denen bekannt ist, dass sie das Immunsystem gesund und stark halten und es dem K\u00f6rper erm\u00f6glichen, h\u00e4ufige Infektionen, Viren und Beschwerden zu bek\u00e4mpfen. Vorl\u00e4ufige Untersuchungen haben gezeigt, dass Hibiskus tats\u00e4chlich den Blutdruck senkt und sogar so wirksam sein kann wie einige verschreibungspflichtige Medikamente f\u00fcr Patienten mit hohem Blutdruck im leichten bis mittelschweren Bereich. Tats\u00e4chlich scheint es viele Vorteile f\u00fcr das Herz-Kreislauf-System zu haben, da es auch den Cholesterin- und Blutzuckerspiegel stabilisieren kann. Dar\u00fcber hinaus haben Studien gezeigt, dass es die Lebergesundheit verbessern, als Diuretikum wirken, die Lebersteatose verbessern und die entgiftenden Enzyme in der Leber erh\u00f6hen kann und zus\u00e4tzlich zur Wiederherstellung und Unterst\u00fctzung gesch\u00e4digter Nieren beitr\u00e4gt. Der gesamte Harntrakt ist durch die antimikrobiellen und antimykotischen Eigenschaften gesch\u00fctzt, wodurch Infektionen reduziert werden. Eine Studie ergab, dass Menschen mit Harnkathetern, die in Langzeitpflegeeinrichtungen leben und t\u00e4glich Tee trinken, mit einer um 36 % geringeren Wahrscheinlichkeit an einer Harnwegsinfektion leiden. Der Tee ist reich an Polyphenolen, die als starke Krebsmedikamente bekannt sind, und wissenschaftliche Tests waren bisher gegen verschiedene Krebsarten sehr ermutigend.<\/p>\n<h3><b>K\u00f6nnte Gewichtsverlust f\u00f6rdern<\/b><\/h3>\n<p>Karkade Tee enth\u00e4lt Flavonoide, die den Fettstoffwechsel regulieren und den Fettabbau f\u00f6rdern. Daher ist er ein gro\u00dfartiges Getr\u00e4nk nach einer Mahlzeit. Der frische Geschmack kann auch das Verlangen nach etwas S\u00fc\u00dfem reduzieren. Durch die Senkung des Blutzuckers f\u00f6rdert der Tee einen gesunden Stoffwechsel, verringert den Appetit und hilft, Gewichtszunahme zu verhindern. Versuche an Menschen und Tieren bez\u00fcglich Gewichtsverlust zeigten, dass alle Probanden eine Verringerung des Gesamtgewichts, des K\u00f6rperfetts und des Verh\u00e4ltnisses von H\u00fcfte zu Taille zeigten.<\/p>\n<h3><b>K\u00f6nnte helfen, Bakterien und Viren zu bek\u00e4mpfen<\/b><\/h3>\n<p>Dieser antivirale und antibakterielle Tee sch\u00fctzt den K\u00f6rper perfekt vor viralen und bakteriellen Erkrankungen. Es kann sogar die E-coli-Aktivit\u00e4t hemmen. Die entz\u00fcndungshemmenden und krampfl\u00f6senden Eigenschaften sind ein perfektes Getr\u00e4nk f\u00fcr Menschen, die an einer Verstopfung der Bronchien und Nebenh\u00f6hlen durch Erk\u00e4ltung, Grippe, Bronchitis oder Asthma leiden. Sie entspannen die Luftr\u00f6hre und den Bronchialtrakt und sch\u00fctzen vor Husten und gereiztem Hals.<\/p>\n<h3><b>F\u00fcr Frauen<\/b><\/h3>\n<p>Karkade Tee enth\u00e4lt nat\u00fcrlich vorkommende Verbindungen, die als Phyto\u00f6strogene bekannt sind und \u00e4hnlich wie \u00d6strogene von S\u00e4ugetieren funktionieren und den \u00d6strogenspiegel im K\u00f6rper erh\u00f6hen. Dies kann eine Vielzahl von gesundheitlichen Vorteilen haben, darunter ein geringeres Risiko f\u00fcr Osteoporose, Herzerkrankungen, Brustkrebs und die F\u00f6rderung eines normalen Menstruationsflusses, Linderung von M\u00fcdigkeit und Depressionen und Minimierung der PMS. Es wird auch helfen, mit der Menstruation verbundene Kr\u00e4mpfe zu lindern, indem es die Muskeln gl\u00e4ttet und als nat\u00fcrliches Schmerzmittel wirkt. Da es \u00d6strogen beeinflusst, kann es auch helfen, die Menstruation zu regulieren. Dieser Tee ist auch ein ausgezeichnetes Mittel, um den hormonellen Ver\u00e4nderungen in den Wechseljahren entgegenzuwirken und die Symptome zu lindern.<\/p>\n<p><b>Zubereitung von Karkade (Hibiskus) Tee<br \/>\n<\/b>Hei\u00dfes Getr\u00e4nk: Gie\u00dfen Sie kochendes Wasser \u00fcber die Hibiskusbl\u00fcten und lassen Sie es f\u00fcnf Minuten ziehen.<br \/>\nKaltes Getr\u00e4nk: Gie\u00dfen Sie gek\u00fchltes gekochtes Wasser \u00fcber die Hibiskusbl\u00fcten und lassen Sie es einige Stunden ruhen. F\u00fcgen Sie Zucker, Honig oder eine Prise Limette hinzu, um zu schmecken.<\/p>\n<p><b>Vorsicht<br \/>\n<\/b>Karkade wird nicht f\u00fcr werdende oder stillende M\u00fctter oder f\u00fcr Personen empfohlen, die Blutdruckmedikamente einnehmen.<\/p>\n<\/div>\n<\/div>\n<section class=\"related-wrapper\"><\/section>\n","protected":false},"excerpt":{"rendered":"<p>Karkade (Hibiscus sabdariffa L) ist ein bekanntes Nationalgetr\u00e4nk in \u00c4gypten. Das Trinken von Hibiskus-Tee wird als Mittel zur Beeinflussung des Blutdrucks anerkannt. Ein k\u00f6stlicher Tee, der hei\u00df oder kalt getrunken werden kann. Es hat eine milde beruhigende Wirkung, die auch als Diuretikum verwendet werden kann.<\/p>\n<p>&nbsp;<\/p>\n","protected":false},"featured_media":13437,"comment_status":"open","ping_status":"closed","template":"","meta":[],"product_brand":[],"product_cat":[187],"product_tag":[],"class_list":{"0":"post-10908","1":"product","2":"type-product","3":"status-publish","4":"has-post-thumbnail","6":"product_cat-herbs","8":"first","9":"instock","10":"shipping-taxable","11":"purchasable","12":"product-type-variable","13":"has-default-attributes"},"_links":{"self":[{"href":"https:\/\/airshiptrips.com\/de\/wp-json\/wp\/v2\/product\/10908","targetHints":{"allow":["GET"]}}],"collection":[{"href":"https:\/\/airshiptrips.com\/de\/wp-json\/wp\/v2\/product"}],"about":[{"href":"https:\/\/airshiptrips.com\/de\/wp-json\/wp\/v2\/types\/product"}],"replies":[{"embeddable":true,"href":"https:\/\/airshiptrips.com\/de\/wp-json\/wp\/v2\/comments?post=10908"}],"wp:featuredmedia":[{"embeddable":true,"href":"https:\/\/airshiptrips.com\/de\/wp-json\/wp\/v2\/media\/13437"}],"wp:attachment":[{"href":"https:\/\/airshiptrips.com\/de\/wp-json\/wp\/v2\/media?parent=10908"}],"wp:term":[{"taxonomy":"product_brand","embeddable":true,"href":"https:\/\/airshiptrips.com\/de\/wp-json\/wp\/v2\/product_brand?post=10908"},{"taxonomy":"product_cat","embeddable":true,"href":"https:\/\/airshiptrips.com\/de\/wp-json\/wp\/v2\/product_cat?post=10908"},{"taxonomy":"product_tag","embeddable":true,"href":"https:\/\/airshiptrips.com\/de\/wp-json\/wp\/v2\/product_tag?post=10908"}],"curies":[{"name":"wp","href":"https:\/\/api.w.org\/{rel}","templated":true}]}}