{"id":10899,"date":"2025-10-08T12:23:35","date_gmt":"2025-10-08T12:23:35","guid":{"rendered":"https:\/\/megaroboticsacademy.com\/shop\/unkategorisiert\/coconut-powder-sobia\/"},"modified":"2025-11-19T15:13:10","modified_gmt":"2025-11-19T15:13:10","slug":"coconut-powder-sobia","status":"publish","type":"product","link":"https:\/\/airshiptrips.com\/de\/shop\/herbs\/coconut-powder-sobia\/","title":{"rendered":"Kokosnusspulver (Sobia)"},"content":{"rendered":"<p>Sobia, ein traditionelles \u00e4gyptisches Getr\u00e4nk, ist eine erfrischende Mischung aus Reis, Kokosnuss und Milch und absolut k\u00f6stlich \u2013 denken Sie an geschmolzenes Eis statt an einen Milchshake, aber viel besser, und Sie sind schon auf halbem Weg, die eisige Schaumigkeit von Sobia zu erleben.<\/p>\n<p>Es ist ein beliebtes Getr\u00e4nk w\u00e4hrend der heiligen Ramadan-Feierlichkeiten, einer der Hauptzutaten auf dem Ramadan-Tisch und wird oft zum Fastenbrechen verwendet. In dieser Zeit ist es \u00fcberall zu finden \u2013 in Plastikflaschen von Stra\u00dfenh\u00e4ndlern verkauft. Als echter Durstl\u00f6scher sorgt Sobia f\u00fcr einen sofortigen Energieschub und ist daher ideal f\u00fcr die Iftar-Mahlzeit im Ramadan sowie f\u00fcr Touristen nach einem langen Tag voller Besichtigungen. Obwohl es w\u00e4hrend des Ramadan am weitesten verbreitet ist, ist Sobia das ganze Jahr \u00fcber erh\u00e4ltlich und wird von Kindern und Erwachsenen gleicherma\u00dfen geliebt.<\/p>\n<p>&nbsp;<\/p>\n<p>Die Geschichte hinter Sobia ist etwas unklar. Das allgemeine Volksrecht weist darauf hin, dass Sobia zum ersten Mal w\u00e4hrend der Mamluk-Zeit entstand, zu einer Zeit, als Geld und Grundnahrungsmittel knapp waren, aber stattdessen Reis, Zucker und Margarine aus Indien weit verbreitet waren. Angeblich entstand dieses Getr\u00e4nk in dieser Zeit und erfreute sich bei Arm und Reich gro\u00dfer Beliebtheit. Eine andere Geschichte besagt, dass es vor \u00fcber 100 Jahren im antiken Viertel El Sayeda Zeinab in Kairo entwickelt wurde. Beweise f\u00fcr beide Behauptungen sind lediglich H\u00f6rensagen.<\/p>\n<p>Auch wenn seine Herkunft unklar sein mag, ist \u00fcber diesen leckeren Leckerbissen bekannt, dass er 100 % nat\u00fcrlich ist und voller lebenswichtiger Mineralien und N\u00e4hrstoffe wie Kalzium, Kupfer, Eisen, Mangan, Kalium, Selen und Zink steckt. Dar\u00fcber hinaus verleihen die Hauptbestandteile dieses Getr\u00e4nks, Kokosnusspulver und wei\u00dfes Reispulver, eine Reihe gro\u00dfartiger gesundheitlicher Vorteile:<\/p>\n<p><b>St\u00e4rkt das Immunsystem<\/b><b><br \/>\n<\/b>Der hohe Mineralstoffgehalt, insbesondere Zink, kann dazu beitragen, das k\u00f6rpereigene Immunsystem auf nat\u00fcrliche Weise zu st\u00e4rken.<\/p>\n<p><b>F\u00f6rdert die Verdauung Gesundheit<\/b><br \/>\nSobia enth\u00e4lt gro\u00dfe Mengen an unl\u00f6slichen Ballaststoffen, die den Stuhl volumin\u00f6ser machen, Verstopfung vorbeugen, die reibungslose Bewegung der Nahrung durch den Darm gew\u00e4hrleisten und so dazu beitragen, den Verdauungstrakt in optimalem Zustand zu halten. Es enth\u00e4lt au\u00dferdem kleine Mengen l\u00f6slicher und fermentierbarer Ballaststoffe, die die n\u00fctzlichen Bakterien des Darms ern\u00e4hren und es diesen guten Bakterien erm\u00f6glichen, kurzkettige Fetts\u00e4uren zu produzieren und anschlie\u00dfend die Zellen des Darms zu ern\u00e4hren.<\/p>\n<p><b>F\u00f6rdert die Herz-Kreislauf-Gesundheit und beugt An\u00e4mie vor<\/b><br \/>\nSobia-Pulver ist reich an Eisen, das f\u00fcr die Produktion von H\u00e4moglobin unerl\u00e4sslich ist und dabei hilft, den K\u00f6rper mit Sauerstoff zu versorgen und den Blutdruck zu regulieren. Ein niedriger H\u00e4moglobinspiegel kann zu An\u00e4mie f\u00fchren. Das bedeutet, dass eine regelm\u00e4\u00dfige Einnahme die Entwicklung einer An\u00e4mie verhindern kann. Das Pulver ist au\u00dferdem eine reichhaltige Kaliumquelle, die zus\u00e4tzlich zur Regulierung des Blutdrucks beitr\u00e4gt. Forschungsergebnisse deuten au\u00dferdem darauf hin, dass Kokosnusspulver den Cholesterin- und Triglyceridspiegel senken und so zur St\u00e4rkung der Arterien und zur F\u00f6rderung der Herz-Kreislauf-Gesundheit beitragen kann.<\/p>\n<p><b>St\u00e4rkt das Bindegewebe<\/b><b><br \/>\n<\/b>Sobia-Pulver enth\u00e4lt eine breite Palette essentieller Mineralien, darunter Kalzium, das f\u00fcr die Erhaltung des Bindegewebes \u2013 Knochen, B\u00e4nder, Haut und Sehnen \u2013 ben\u00f6tigt wird. Daher kann die regelm\u00e4\u00dfige Einnahme dazu beitragen, dieses Bindegewebe zu st\u00e4rken, die Gesundheit von Knochen und Skeletten zu erhalten und vor Mineralstoffmangel und dem Risiko bestimmter Krankheiten wie Osteoporose zu sch\u00fctzen.<\/p>\n<p><b>F\u00f6rdert eine gesunde Gehirnfunktion<\/b><br \/>\nNat\u00fcrliche Chemikalien in Kokosnusspulver, einem wesentlichen Bestandteil von Sobia, f\u00f6rdern die Produktion von Neurotransmittern und Myelin, um eine gesunde Gehirnfunktion zu verbessern und zu sch\u00fctzen. Myelin ist eine isolierende Schicht, die Neuronen bedeckt und die schnelle und effiziente \u00dcbertragung elektrischer Signale entlang der Nervenzellen erm\u00f6glicht. Eine Sch\u00e4digung der sch\u00fctzenden Myelinschicht kann zu schweren neurologischen Problemen f\u00fchren.<\/p>\n<p><b>Hat vorteilhafte antibakterielle Eigenschaften<\/b><br \/>\nEnth\u00e4lt nat\u00fcrliche antibakterielle Eigenschaften, die bei der Bek\u00e4mpfung von Infektionen helfen und Bakterien und Hefen zerst\u00f6ren.<\/p>\n<h3><b>So bereiten Sie Sobia zu<\/b><\/h3>\n<p>Dosierung: Mischen Sie 1-2 Teel\u00f6ffel Sobia mit einer halben Tasse Milch und einer halben Tasse eiskaltem Wasser oder zersto\u00dfenem Eis. Je nach Bedarf Zucker oder Honig zum S\u00fc\u00dfen hinzuf\u00fcgen. F\u00fcgen Sie zus\u00e4tzlich etwas Vanille f\u00fcr ein weiteres Geschmackserlebnis hinzu. Gek\u00fchlt servieren.<\/p>\n","protected":false},"excerpt":{"rendered":"<p>Eine Kombination aus Reis, Kokosnuss und Sahne in einem praktischen Pulver f\u00fcr eine durstl\u00f6schende, energiesteigernde Tasse voller K\u00f6stlichkeiten. St\u00e4rkt die Immunit\u00e4t, f\u00f6rdert eine gesunde Verdauung, Herz-Kreislauf-Gesundheit und eine gesunde Gehirnfunktion.<\/p>\n","protected":false},"featured_media":13433,"comment_status":"open","ping_status":"closed","template":"","meta":[],"product_brand":[],"product_cat":[187],"product_tag":[],"class_list":{"0":"post-10899","1":"product","2":"type-product","3":"status-publish","4":"has-post-thumbnail","6":"product_cat-herbs","8":"first","9":"instock","10":"shipping-taxable","11":"purchasable","12":"product-type-variable","13":"has-default-attributes"},"_links":{"self":[{"href":"https:\/\/airshiptrips.com\/de\/wp-json\/wp\/v2\/product\/10899","targetHints":{"allow":["GET"]}}],"collection":[{"href":"https:\/\/airshiptrips.com\/de\/wp-json\/wp\/v2\/product"}],"about":[{"href":"https:\/\/airshiptrips.com\/de\/wp-json\/wp\/v2\/types\/product"}],"replies":[{"embeddable":true,"href":"https:\/\/airshiptrips.com\/de\/wp-json\/wp\/v2\/comments?post=10899"}],"wp:featuredmedia":[{"embeddable":true,"href":"https:\/\/airshiptrips.com\/de\/wp-json\/wp\/v2\/media\/13433"}],"wp:attachment":[{"href":"https:\/\/airshiptrips.com\/de\/wp-json\/wp\/v2\/media?parent=10899"}],"wp:term":[{"taxonomy":"product_brand","embeddable":true,"href":"https:\/\/airshiptrips.com\/de\/wp-json\/wp\/v2\/product_brand?post=10899"},{"taxonomy":"product_cat","embeddable":true,"href":"https:\/\/airshiptrips.com\/de\/wp-json\/wp\/v2\/product_cat?post=10899"},{"taxonomy":"product_tag","embeddable":true,"href":"https:\/\/airshiptrips.com\/de\/wp-json\/wp\/v2\/product_tag?post=10899"}],"curies":[{"name":"wp","href":"https:\/\/api.w.org\/{rel}","templated":true}]}}