{"id":10848,"date":"2025-10-08T12:23:32","date_gmt":"2025-10-08T12:23:32","guid":{"rendered":"https:\/\/megaroboticsacademy.com\/shop\/unkategorisiert\/jojoba-oil-hair-conditioner\/"},"modified":"2025-11-18T22:35:45","modified_gmt":"2025-11-18T22:35:45","slug":"jojoba-oil-hair-conditioner","status":"publish","type":"product","link":"https:\/\/airshiptrips.com\/de\/shop\/conditioner\/jojoba-oil-hair-conditioner\/","title":{"rendered":"Sp\u00fclung mit Jojoba\u00f6l"},"content":{"rendered":"<div class=\"woocommerce-tabs wc-tabs-wrapper\">\n<div id=\"tab-description\" class=\"woocommerce-Tabs-panel woocommerce-Tabs-panel--description panel entry-content wc-tab\" role=\"tabpanel\" aria-labelledby=\"tab-title-description\">\n<h3><b>Vorteile von Conditioner mit Jojoba\u00f6l<\/b><\/h3>\n<ul>\n<li aria-level=\"1\">Jojoba\u00f6l enth\u00e4lt viel Vitamin E, wodurch diese Haarsp\u00fclung ideal f\u00fcr alle Haartypen ist.<\/li>\n<li aria-level=\"1\">Dieser Conditioner eignet sich besonders zur Pflege von trockenen und Spliss.<\/li>\n<li aria-level=\"1\">Sch\u00fctzt das Haar vor dem Austrocknen, reduziert chronischen Juckreiz der Kopfhaut und hilft gegen Schuppen.<\/li>\n<li aria-level=\"1\">Dar\u00fcber hinaus f\u00f6rdert es das Haarwachstum und stoppt den Haarausfall.<\/li>\n<li aria-level=\"1\">Stellt gesch\u00e4digte Haarstruktur wieder her, spendet Feuchtigkeit und n\u00e4hrt das Haar.<\/li>\n<li aria-level=\"1\">Sch\u00fctzt vor sch\u00e4dlichen Umwelteinfl\u00fcssen<\/li>\n<\/ul>\n<h3><b>Verwendung von Conditioner mit Jojoba\u00f6l<\/b><\/h3>\n<p>Nach dem Waschen Nefertiti Conditioner mit Jojoba\u00f6l auf das Haar<\/p>\n<p>und Kopfhaut auftragen. Es wird empfohlen, das Haar w\u00e4hrend des Einwirkens der Sp\u00fclung in ein Handtuch zu wickeln.<\/p>\n<p>Sp\u00fclen Sie den Conditioner nach 5-10 Minuten gr\u00fcndlich aus.<\/p>\n<p>Empfohlene Behandlung: 2 mal pro Woche.<\/p>\n<h3><b><i>Ergebnis<\/i><\/b><\/h3>\n<p>Das Haar ist hydratisiert, stark, gesund und seidig.<\/p>\n<h3><b><i>Wirkstoffe<\/i><\/b><\/h3>\n<p>PH-S\u00e4ureregulator, Jojoba\u00f6l, Eiwei\u00df, Keratin, \u00e4therische \u00d6le.<\/p>\n<\/div>\n<\/div>\n<section class=\"related-wrapper\"><\/section>\n","protected":false},"excerpt":{"rendered":"<p>Ideal f\u00fcr trockenes und strapaziertes Haar, das anf\u00e4lliger f\u00fcr Haarausfall ist, und f\u00fcr coloriertes Haar.<\/p>\n","protected":false},"featured_media":13505,"comment_status":"open","ping_status":"closed","template":"","meta":[],"product_brand":[],"product_cat":[196,181],"product_tag":[],"class_list":{"0":"post-10848","1":"product","2":"type-product","3":"status-publish","4":"has-post-thumbnail","6":"product_cat-conditioner","7":"product_cat-cosmetics","9":"first","10":"instock","11":"shipping-taxable","12":"purchasable","13":"product-type-simple"},"_links":{"self":[{"href":"https:\/\/airshiptrips.com\/de\/wp-json\/wp\/v2\/product\/10848","targetHints":{"allow":["GET"]}}],"collection":[{"href":"https:\/\/airshiptrips.com\/de\/wp-json\/wp\/v2\/product"}],"about":[{"href":"https:\/\/airshiptrips.com\/de\/wp-json\/wp\/v2\/types\/product"}],"replies":[{"embeddable":true,"href":"https:\/\/airshiptrips.com\/de\/wp-json\/wp\/v2\/comments?post=10848"}],"wp:featuredmedia":[{"embeddable":true,"href":"https:\/\/airshiptrips.com\/de\/wp-json\/wp\/v2\/media\/13505"}],"wp:attachment":[{"href":"https:\/\/airshiptrips.com\/de\/wp-json\/wp\/v2\/media?parent=10848"}],"wp:term":[{"taxonomy":"product_brand","embeddable":true,"href":"https:\/\/airshiptrips.com\/de\/wp-json\/wp\/v2\/product_brand?post=10848"},{"taxonomy":"product_cat","embeddable":true,"href":"https:\/\/airshiptrips.com\/de\/wp-json\/wp\/v2\/product_cat?post=10848"},{"taxonomy":"product_tag","embeddable":true,"href":"https:\/\/airshiptrips.com\/de\/wp-json\/wp\/v2\/product_tag?post=10848"}],"curies":[{"name":"wp","href":"https:\/\/api.w.org\/{rel}","templated":true}]}}