{"id":10842,"date":"2025-10-08T12:23:33","date_gmt":"2025-10-08T12:23:33","guid":{"rendered":"https:\/\/megaroboticsacademy.com\/shop\/unkategorisiert\/coconut-oil-hair-conditioner\/"},"modified":"2025-11-18T22:22:45","modified_gmt":"2025-11-18T22:22:45","slug":"coconut-oil-hair-conditioner","status":"publish","type":"product","link":"https:\/\/airshiptrips.com\/de\/shop\/conditioner\/coconut-oil-hair-conditioner\/","title":{"rendered":"Sp\u00fclung mit Sp\u00fclung mit Kokos\u00f6l"},"content":{"rendered":"<h3><b>Vorteile der Sp\u00fclung mit Kokos\u00f6l<\/b><\/h3>\n<ul>\n<li aria-level=\"1\">Kokos\u00f6l enth\u00e4lt viele Fetts\u00e4uren. Dadurch eignet sich die Sp\u00fclung mit Kokos\u00f6l perfekt zur Reparatur und zum Schutz des Haares. Das Ergebnis: sch\u00f6nes, gesund gl\u00e4nzendes Haar.<\/li>\n<li aria-level=\"1\">Erweicht, spendet Feuchtigkeit und n\u00e4hrt das Haar.<\/li>\n<li aria-level=\"1\">Stellt por\u00f6ses Haar wieder her, ideal geeignet f\u00fcr die Pflege von lockigem Haar.<\/li>\n<li aria-level=\"1\">Sch\u00fctzt das Haar vor den Auswirkungen von UV-Strahlen, Wind, niedrigen Temperaturen und Meerwasser.<\/li>\n<li aria-level=\"1\">Beschleunigt chemische Prozesse in den Haarzellen.<\/li>\n<li aria-level=\"1\">Sch\u00fctzt das Haar vor mechanischer Besch\u00e4digung.<\/li>\n<\/ul>\n<h3><b>Verwendung von Conditioner mit Kokos\u00f6l\u00a0<\/b><\/h3>\n<p>Nach der Haarw\u00e4sche die Nofretete Sp\u00fclung mit Kokos\u00f6l auf Haar und Kopfhaut auftragen. Es wird empfohlen, das Haar w\u00e4hrend des Einwirkens der Sp\u00fclung in ein Handtuch zu wickeln.<\/p>\n<p>Sp\u00fclen Sie den Conditioner nach 5-10 Minuten gr\u00fcndlich aus.<\/p>\n<p>Empfohlene Behandlung: 2 mal pro Woche.<\/p>\n<h3><b><i>Ergebnis<\/i><\/b><\/h3>\n<p>Elastisches, lebendiges, gl\u00e4nzendes Haar.<\/p>\n<h3><b><i>Wirkstoffe<\/i><\/b><\/h3>\n<p>PH-S\u00e4ureregulator, Kokos\u00f6l, Eiwei\u00df, Keratin, \u00e4therische \u00d6le.<\/p>\n","protected":false},"excerpt":{"rendered":"<p>Geeignet f\u00fcr sehr trockenes, strapaziertes und lockiges, widerspenstiges Haar.<\/p>\n","protected":false},"featured_media":13501,"comment_status":"open","ping_status":"closed","template":"","meta":[],"product_brand":[],"product_cat":[196,181],"product_tag":[],"class_list":{"0":"post-10842","1":"product","2":"type-product","3":"status-publish","4":"has-post-thumbnail","6":"product_cat-conditioner","7":"product_cat-cosmetics","9":"first","10":"instock","11":"shipping-taxable","12":"purchasable","13":"product-type-simple"},"_links":{"self":[{"href":"https:\/\/airshiptrips.com\/de\/wp-json\/wp\/v2\/product\/10842","targetHints":{"allow":["GET"]}}],"collection":[{"href":"https:\/\/airshiptrips.com\/de\/wp-json\/wp\/v2\/product"}],"about":[{"href":"https:\/\/airshiptrips.com\/de\/wp-json\/wp\/v2\/types\/product"}],"replies":[{"embeddable":true,"href":"https:\/\/airshiptrips.com\/de\/wp-json\/wp\/v2\/comments?post=10842"}],"wp:featuredmedia":[{"embeddable":true,"href":"https:\/\/airshiptrips.com\/de\/wp-json\/wp\/v2\/media\/13501"}],"wp:attachment":[{"href":"https:\/\/airshiptrips.com\/de\/wp-json\/wp\/v2\/media?parent=10842"}],"wp:term":[{"taxonomy":"product_brand","embeddable":true,"href":"https:\/\/airshiptrips.com\/de\/wp-json\/wp\/v2\/product_brand?post=10842"},{"taxonomy":"product_cat","embeddable":true,"href":"https:\/\/airshiptrips.com\/de\/wp-json\/wp\/v2\/product_cat?post=10842"},{"taxonomy":"product_tag","embeddable":true,"href":"https:\/\/airshiptrips.com\/de\/wp-json\/wp\/v2\/product_tag?post=10842"}],"curies":[{"name":"wp","href":"https:\/\/api.w.org\/{rel}","templated":true}]}}