{"id":10826,"date":"2025-10-08T12:23:34","date_gmt":"2025-10-08T12:23:34","guid":{"rendered":"https:\/\/megaroboticsacademy.com\/shop\/unkategorisiert\/black-seed-hair-conditioner\/"},"modified":"2025-11-18T22:11:41","modified_gmt":"2025-11-18T22:11:41","slug":"black-seed-hair-conditioner","status":"publish","type":"product","link":"https:\/\/airshiptrips.com\/de\/shop\/conditioner\/black-seed-hair-conditioner\/","title":{"rendered":"Schwarzk\u00fcmmel-Haarsp\u00fclung"},"content":{"rendered":"<div class=\"woocommerce-tabs wc-tabs-wrapper\">\n<div id=\"tab-description\" class=\"woocommerce-Tabs-panel woocommerce-Tabs-panel--description panel entry-content wc-tab\" role=\"tabpanel\" aria-labelledby=\"tab-title-description\">\n<h3><b><i>Vorteile der Haarsp\u00fclung mit Schwarzk\u00fcmmel\u00f6l<\/i><\/b><\/h3>\n<p>Schwarzk\u00fcmmel\u00f6l enth\u00e4lt einen Komplex aus essentiellen Inhaltsstoffen, weshalb sich der Schwarzk\u00fcmmel-Conditioner ideal zur Behandlung von schwachem, leblosem und sch\u00fctterem Haar eignet.<\/p>\n<p>Pflegt das Haar, macht es kr\u00e4ftiger und ges\u00fcnder.<\/p>\n<p>Stoppt Haarausfall und st\u00e4rkt die Haarfollikel.<\/p>\n<p>Beseitigt fettiges Haar.<\/p>\n<p>Bek\u00e4mpft Schuppen.<\/p>\n<p>Stellt die besch\u00e4digte Haarstruktur wieder her.<\/p>\n<p>Sch\u00fctzt das Haar vor negativen Umwelteinfl\u00fcssen.<\/p>\n<h3><b><i>Verwendung von Schwarzk\u00fcmmel-Haarsp\u00fclung<\/i><\/b><\/h3>\n<p>Tragen Sie nach der Haarw\u00e4sche Nefertiti Black Seed Conditioner auf Haar und Kopfhaut auf. Wickeln Sie das Haar in ein Handtuch und lassen Sie es einwirken. Sp\u00fclen Sie die Sp\u00fclung nach 5-10 Minuten gr\u00fcndlich aus. Empfohlene Anwendung 2-mal pro Woche.<\/p>\n<h3><b><i>Ergebnis<\/i><\/b><\/h3>\n<p>Das Haar ist gesund, elastisch, lebendig und hat einen nat\u00fcrlichen Glanz.<\/p>\n<h3><b><i>Wirksame Bestandteile<\/i><\/b><\/h3>\n<p>PH-S\u00e4ureregulator, Schwarzk\u00fcmmel\u00f6l, Protein, Keratin, \u00e4therische \u00d6le.<\/p>\n<\/div>\n<\/div>\n<section class=\"related-wrapper\"><\/section>\n","protected":false},"excerpt":{"rendered":"<p>Geeignet f\u00fcr fettiges, strapaziertes, schwaches und ausfallendes Haar.<\/p>\n","protected":false},"featured_media":13493,"comment_status":"open","ping_status":"closed","template":"","meta":[],"product_brand":[],"product_cat":[196],"product_tag":[],"class_list":{"0":"post-10826","1":"product","2":"type-product","3":"status-publish","4":"has-post-thumbnail","6":"product_cat-conditioner","8":"first","9":"instock","10":"shipping-taxable","11":"purchasable","12":"product-type-variable","13":"has-default-attributes"},"_links":{"self":[{"href":"https:\/\/airshiptrips.com\/de\/wp-json\/wp\/v2\/product\/10826","targetHints":{"allow":["GET"]}}],"collection":[{"href":"https:\/\/airshiptrips.com\/de\/wp-json\/wp\/v2\/product"}],"about":[{"href":"https:\/\/airshiptrips.com\/de\/wp-json\/wp\/v2\/types\/product"}],"replies":[{"embeddable":true,"href":"https:\/\/airshiptrips.com\/de\/wp-json\/wp\/v2\/comments?post=10826"}],"wp:featuredmedia":[{"embeddable":true,"href":"https:\/\/airshiptrips.com\/de\/wp-json\/wp\/v2\/media\/13493"}],"wp:attachment":[{"href":"https:\/\/airshiptrips.com\/de\/wp-json\/wp\/v2\/media?parent=10826"}],"wp:term":[{"taxonomy":"product_brand","embeddable":true,"href":"https:\/\/airshiptrips.com\/de\/wp-json\/wp\/v2\/product_brand?post=10826"},{"taxonomy":"product_cat","embeddable":true,"href":"https:\/\/airshiptrips.com\/de\/wp-json\/wp\/v2\/product_cat?post=10826"},{"taxonomy":"product_tag","embeddable":true,"href":"https:\/\/airshiptrips.com\/de\/wp-json\/wp\/v2\/product_tag?post=10826"}],"curies":[{"name":"wp","href":"https:\/\/api.w.org\/{rel}","templated":true}]}}