{"id":10811,"date":"2025-10-08T12:22:41","date_gmt":"2025-10-08T12:22:41","guid":{"rendered":"https:\/\/megaroboticsacademy.com\/shop\/unkategorisiert\/vanilla-oil\/"},"modified":"2025-11-18T21:24:05","modified_gmt":"2025-11-18T21:24:05","slug":"vanilla-oil","status":"publish","type":"product","link":"https:\/\/airshiptrips.com\/de\/shop\/aroma-oils\/vanilla-oil\/","title":{"rendered":"Vanille \u00d6l"},"content":{"rendered":"<div class=\"woocommerce-tabs wc-tabs-wrapper\">\n<div id=\"tab-description\" class=\"woocommerce-Tabs-panel woocommerce-Tabs-panel--description panel entry-content wc-tab\" role=\"tabpanel\" aria-labelledby=\"tab-title-description\">\n<p><i>Plain Vanilla\u201c<\/i>\u00a0\u2013 dieser Satz beschreibt normalerweise die einfachste, banalste Version der Dinge. Mitschuldig an diesem Ausdruck ist sicherlich der \u00fcbliche Vanillegeschmack von Eiscreme, der durch die Entwicklung des k\u00fcnstlichen Vanillearoma weit verbreitet und billig verf\u00fcgbar wurde. Wenn Sie jedoch die ganze Wahrheit \u00fcber Vanille kennen, werden Sie erkennen, dass an der sch\u00f6nen Vanille-Orchidee nichts \u201eSchlichtes\u201c ist! Vielmehr werden W\u00f6rter wie \u201eexotisch\u201c, \u201ebemerkenswert\u201c und sogar \u201everf\u00fchrerisch\u201c in den Sinn kommen. Was macht dieses Gew\u00fcrz wirklich einzigartig?<\/p>\n<p>W\u00e4hrend viele Orchideen essbar sind, ist die Vanille Orchidee die einzige Sorte unter rund 25.000 Orchideenarten, die ein landwirtschaftlich n\u00fctzliches Produkt hervorbringt. Dar\u00fcber hinaus enth\u00e4lt Vanille mehr als 200 Aromastoffe, was es zu einem der komplexesten Aromen \u00fcberhaupt macht. Und um das Ganze abzurunden, bl\u00fchen die blassen, wachsartigen Vanille Bl\u00fcten nur an einem Morgen im Jahr.<\/p>\n<p>Vanilla Planifolia geh\u00f6rt zur Gattung der Vanille Orchideen. Es stammt aus Mittelamerika, Nords\u00fcdamerika, Mexiko und der Karibik. Der verehrte Geschmack und das Aroma sind auf die Menge an Vanillin zur\u00fcckzuf\u00fchren, die in dieser prim\u00e4ren nat\u00fcrlichen Vanille quelle enthalten ist. Ein auff\u00e4lliges Detail ist, dass das ausgepr\u00e4gte Vanillearoma erst w\u00e4hrend des Trocknungsprozesses nach der Ernte entsteht.<\/p>\n<h3><b>Vanilla\u2019s au\u00dfergew\u00f6hnliche Geschichte<\/b><\/h3>\n<p>Der Name Vanille leitet sich vom spanischen Wort vaina (Muschel oder Schote) und seiner winzigen Vainilla ab, die einfach als \u201ekleine Schote\u201c \u00fcbersetzt wird. Eine Best\u00e4ubung ist erforderlich, damit die Pflanze Fr\u00fcchte tr\u00e4gt.<br \/>\nW\u00e4hrend der spanischen Eroberung im 16. Jahrhundert wurde die Vanille Blume nach Europa gebracht, wo sie in botanischen G\u00e4rten in Frankreich und England angebaut wurde, aber ihre herrlichen Samen erschienen nie.\u2026 Weil der nat\u00fcrliche Best\u00e4uber der Vanille, wie Jahrhunderte sp\u00e4ter entdeckt wurde, nur in den tropischen Regionen Mittelamerikas gedeiht. In der Zwischenzeit wurde eine wirksame Methode zur Handbest\u00e4ubung (zus\u00e4tzlich zur nat\u00fcrlichen Best\u00e4ubung durch Bienen) entwickelt, um die Vanille Ernte zu erh\u00f6hen.<\/p>\n<p>Mit d\u00fcnnen, spitzen St\u00f6cken bewegen sich die Landwirte schnell durch gewundene Vanille Reben und heben die empfindliche Membran der Blume an, die den m\u00e4nnlichen und den weiblichen Teil trennt. Zur Best\u00e4ubung werden die Segmente mit Daumen und Zeigefinger zusammengedr\u00fcckt. Nach erfolgreicher Vereinigung schwillt die gr\u00fcne Basis der Blume fast sofort an. Diese geschwollene Basis reift zu einer gr\u00fcnen, fingerf\u00f6rmigen Samenschale, wird gelb und spaltet sich schlie\u00dflich am Ende. Wenn die Best\u00e4ubung nicht zum richtigen Zeitpunkt erfolgt oder die Pflanze w\u00e4hrend der Best\u00e4ubung besch\u00e4digt wird, geht eine kostbare Blume verloren, weil sie nicht zu einer wertvollen Schote reifen kann.<\/p>\n<p>Obwohl die Handbest\u00e4ubung der Vanille Orchidee eine arbeitsintensive und m\u00fchsame Aufgabe ist, hat diese Verbreitung zun\u00e4chst dazu beigetragen, den Appetit der Welt auf Vanille zu steigern. Vanille fand schnell seinen Weg als Gew\u00fcrz in Kuchen und Eis, Parfums und andere Pflegeprodukte, die wegen ihres berauschenden Geschmacks und Aromas hochgesch\u00e4tzt wurden. Trotz h\u00f6herer Ertr\u00e4ge beeintr\u00e4chtigte der enorme Zeit- und Energieaufwand f\u00fcr Anbau und Verarbeitung die F\u00e4higkeit der Landwirte, die wachsende Nachfrage des Marktes zu befriedigen, da heutzutage fast die gesamte kommerziell hergestellte Vanille von Hand best\u00e4ubt wird.<\/p>\n<p>Vanilleschoten beginnen zu g\u00e4ren, sobald sie geerntet werden. Die Vanilleschoten werden sofort sortiert und in hei\u00dfem Wasser blanchiert, um eine Fermentation zu verhindern. Anschlie\u00dfend werden sie in gro\u00dfen Beh\u00e4ltern 36 bis 48 Stunden lang schwitzen gelassen. In dieser Phase \u00e4ndert sich die Farbe der Vanilleschoten von gr\u00fcn nach braun und das charakteristische Vanillearoma und -geschmack zeigt sich. Es folgen abwechselnde Perioden des Trocknens in der Sonne und des n\u00e4chtlichen Schwitzens \u2013 eine Reise von 5 bis 15 Tagen, die mit einer Phase langsamer Trocknung endet. Dies kann je nach Klassifizierung bis zu 30 Tage dauern.<\/p>\n<p>Der gesamte Prozess \u2013 vom Anbau und der Best\u00e4ubung bis zum Trocknen, Reifen und Vorbereiten f\u00fcr den Export \u2013 dauert etwa ein ganzes Jahr. Um nur ein kg verarbeitete Vanille zu erhalten, werden au\u00dferdem etwa 10 bis 14 kg gr\u00fcne Vanilleschoten ben\u00f6tigt. Ein weiterer Grund, warum Vanille (nach Safran) das zweitteuerste Gew\u00fcrz der Welt ist. Um den unstillbaren Appetit des Verbrauchers auf dieses duftende Gew\u00fcrz zu stillen, sind heutzutage sch\u00e4tzungsweise 18.000 Produkte erh\u00e4ltlich, die Vanillegeschmack enthalten, meist k\u00fcnstlich. Weniger als 1 % des zugesetzten Vanillegeschmacks stammt von der Vanille Bl\u00fcte, da die Preise f\u00fcr nat\u00fcrliche Vanille bei etwa 600 USD pro kg liegen.<\/p>\n<h3><b>Vanille und gesundheitliche Vorteile<\/b><\/h3>\n<p>Der Hauptbestandteil der Vanilleschoten ist Vanillin, das die Entwicklung des Geschmacks sicherstellt, den wir als Vanille kennen. Vanillin ist ein wei\u00dfer, pulverf\u00f6rmiger Kristall mit einem starken Vanillegeruch. Diese Substanz ist in Wasser schwer l\u00f6slich. Je mehr Vanillin in einer Vanilleschote enthalten ist, desto besser ist ihr Geschmack und Aroma. Die Qualit\u00e4t der Vanille h\u00e4ngt eng mit dem Vanillin-Gehalt zusammen: h\u00f6here Gehalte bedeuten eine bessere Qualit\u00e4t der Vanilleschoten.<br \/>\nDer Extrakt aus echtem, nat\u00fcrlich hergestelltem Vanillin (im Vergleich zur k\u00fcnstlichen Version) hat eine dickere Struktur und eine dunklere Farbe und ist mit Samenfragmenten gesprenkelt.<\/p>\n<p>Hat Vanille (abgesehen davon, dass sie h\u00e4ufig als Zusatz zu vielen Lebensmitteln, Getr\u00e4nken, Kosmetika und verschiedenen Heilmitteln verwendet wird) auch Eigenschaften, die unsere Gesundheit beeintr\u00e4chtigen k\u00f6nnen? Das tut es sicher! Es soll multifunktionale Wirkungen wie Antioxidationsmittel, Antimutagene, Antiangiogene und Analgetika zeigen. Vanillin hat erg\u00e4nzende Heilungsanwendungen, einschlie\u00dflich der Linderung von Fieber, Kr\u00e4mpfen und Magen-Darm-Reizungen.<\/p>\n<h3><b>Vanille Aroma\u00f6l<\/b><\/h3>\n<p>Vanille Aroma\u00f6l ist ein Produkt mit einem hohen Vanillin-Gehalt \u2013 je h\u00f6her die Vanillin-Konzentration, desto st\u00e4rker das Produkt. Dieses \u00d6l besteht aus drei Hauptkomponenten, die aus den Vanilleschoten gewonnen werden.<\/p>\n<p><b><i>Oleoresin\u00a0<\/i><\/b>\u2013 ein halbfestes Harz, das aus den Schoten extrahiert wird.<br \/>\n<b><i>Absolut\u00a0<\/i><\/b>\u2013 eine konzentrierte, dicke Substanz, die sich leicht mit Hautpflegeprodukten mischen l\u00e4sst.<br \/>\n<b><i>CO2-Extrakt<\/i><\/b>\u00a0\u2013 eine aus Vanilleschoten extrahierte Substanz, die sich leicht in Tr\u00e4ger\u00f6len l\u00f6st und die einzige der drei Substanzen ist, die mittels eines Diffusors dispergiert werden kann.<\/p>\n<p>Vanille ist nicht nur ein \u201cWohl f\u00fchl\u201d-aroma, und definitiv viel mehr als nur eine k\u00f6stliche Geschmackszutat in Backwaren. Vanille hat eine Reihe wichtiger Vorteile, wie z. B. die Verringerung von Entz\u00fcndungen, die Vorbeugung chronischer Krankheiten und den Schutz des Herzens. Vanille hat die unglaubliche F\u00e4higkeit, die Heilung zu beschleunigen, Akne zu verbessern und das Haarwachstum zu f\u00f6rdern, was Vanille tats\u00e4chlich zu einem unverzichtbaren Multitasking-Werkzeug in Ihrem Arsenal nat\u00fcrlicher Gesundheitsprodukte macht.<\/p>\n<p><b>Vanille\u00f6l f\u00f6rdert die Gesundheit der Haut<br \/>\n<\/b>Das in Vanille\u00f6l enthaltene Niacin, Thiamin und Pantothens\u00e4ure f\u00f6rdern die Gesundheit der Haut, halten die Haut von Akne frei und wehren Sch\u00e4den durch freie Radikale ab. Es kann auch Falten, feine Linien und Altersflecken verhindern.<\/p>\n<p><b>Vanille\u00f6l gegen Akne<br \/>\n<\/b>Der Kampf gegen Akne kann oft als vergebliche Anstrengung empfunden werden. Die antibakterielle Natur von Vanille\u00f6l macht es zu einem starken Verb\u00fcndeten bei der Bek\u00e4mpfung von Pickeln. Es hat die F\u00e4higkeit, die zugrunde liegende Infektion zu beseitigen und die Hautregeneration zu beschleunigen. Sogar das Auftreten von Narben \u2013 dieser unangenehme \u00dcberrest von Akne \u2013 kann durch die Verwendung von Vanille\u00f6l reduziert werden und es kann den Teint aufhellen.<\/p>\n<p><b>Vanille\u00f6l und Haarpflege<br \/>\n<\/b>Vanille\u00f6l enth\u00e4lt B-Vitamine, die bekannterma\u00dfen f\u00fcr gesundes und gl\u00e4nzendes Haar wichtig sind. F\u00fcr manche hilft es sogar, Haarausfall zu verhindern! Vanille\u00f6l ist ideal f\u00fcr Ihr Haar. Es kann als \u00e4therisches \u00d6l gegen Spliss verwendet werden, da es das Haar st\u00e4rkt, die Blutversorgung der Kopfhaut stimuliert und das Haarwachstum f\u00f6rdert.<\/p>\n<p><b>Vanille\u00f6l zur Linderung von Angstzust\u00e4nden<br \/>\n<\/b>Es ist bekannt, dass das nachdr\u00fccklich starke Aroma von Vanille\u00f6l das Gehirn und die Nerven direkt beeinflusst. Es sorgt f\u00fcr Ruhe und baut Stress ab, insbesondere bei der Aromatherapie.<\/p>\n<h3><b>Vanille\u00f6l &amp; Aromatherapie<\/b><\/h3>\n<p>W\u00e4hrend die Skepsis gegen\u00fcber der Aromatherapie weiterhin besteht, wurde auch festgestellt, dass unser Geruchssinn einfach eines der besten Hilfsmittel f\u00fcr die nat\u00fcrliche Heilung ist. Die sofortige beruhigende Wirkung des Vanillearomas auf das Gehirn macht es zu einem hervorragenden und am leichtesten zug\u00e4nglichen Mittel gegen Angstzust\u00e4nde und chronischen Stress.<\/p>\n<p><b>Vanille\u00f6l f\u00f6rdert die Entspannung<br \/>\n<\/b>Vanille wird allgemein als beruhigende Substanz angesehen, die positive Assoziationen schafft und Gef\u00fchle von W\u00e4rme und Gl\u00fcck hervorruft. Kein Wunder, dass Vanille eine so beliebte Erg\u00e4nzung zu so vielen Bade- und Hautpflegeprodukten ist. Seit fast 30 Jahren verwendet ein New Yorker Gesundheitszentrum bei MRT-Untersuchungen Vanille-Aromatherapie bei seinen Patienten, basierend auf der Annahme, dass der Duft Angstgef\u00fchle und Klaustrophobie lindert.<\/p>\n<p><b>Vanille\u00f6l f\u00fcr verbesserte Schlafqualit\u00e4t<br \/>\n<\/b>Sowohl auf k\u00f6rperlicher als auch auf geistiger Ebene hilft der Vanille-Duft, sich zu entspannen, den Geist zu beruhigen und Verspannungen zu l\u00f6sen. Verwenden Sie es in einem Diffusor im Schlafzimmer kurz vor dem Schlafengehen, damit Sie schneller einschlafen und l\u00e4nger schlafen k\u00f6nnen.<\/p>\n<p><b>Vanille\u00f6l f\u00f6rdert die Gesundheit der Atemwege<br \/>\n<\/b>Ein paar Tropfen Vanille\u00f6l auf Kissen oder Bettw\u00e4sche k\u00f6nnen das Atmen im Schlaf erleichtern, da es die Entspannung f\u00f6rdert und das Atmungszentrum im Gehirn beeintr\u00e4chtigt. Eine wissenschaftliche Studie an Fr\u00fchgeborenen ergab eine signifikante Verbesserung der Schlafapnoe bei Babys, die auf Kissen mit Vanillin schliefen.<\/p>\n<p><b>Vanille\u00f6l als Aphrodisiakum<br \/>\n<\/b>Die molekulare Struktur von \u00e4therischem Vanille\u00f6l \u00e4hnelt der von menschlichen Pheromonen. Die Essenz der Pheromon Sekretion besteht darin, auf nat\u00fcrliche Weise die sexuelle Anziehung zwischen Individuen sicherzustellen. Das vomeronasale Organ im Nasenr\u00fccken erkennt die Pheromone, obwohl sie fast geruchlos sind. Dies bewirkt, dass der Teil des Gehirns, der den sexuellen Drang reguliert, erh\u00f6hte \u00d6strogen und Testosteronspiegel stimuliert und die sexuelle Anziehungskraft erh\u00f6ht.<\/p>\n<p><b>Vanille\u00f6l zur Linderung von PMS-Symptomen<br \/>\n<\/b>Es wurde gezeigt, dass \u00e4therisches Vanille\u00f6l die \u00d6strogenproduktion stimuliert. Infolgedessen kann es helfen, die unangenehmen Nebenwirkungen von PMS \u2013 wie Bl\u00e4hungen, M\u00fcdigkeit und Kr\u00e4mpfe \u2013 zu lindern und die Regulierung von Emotionen zu verbessern.<\/p>\n<h3><b>Sichere Verwendung von Vanille\u00f6l<\/b><\/h3>\n<p>Vanille Aroma\u00f6l gilt als sicher f\u00fcr aromatische Zwecke und zur topischen Anwendung nur, wenn es mit einem Tr\u00e4ger\u00f6l verd\u00fcnnt wird. Es wird davon abgeraten, reines Vanille\u00f6l direkt auf die Haut aufzutragen. Es wird empfohlen, vor dem tats\u00e4chlichen Gebrauch einen Hauttest durchzuf\u00fchren. Wenn eine Reizung auftritt, stellen Sie die Verwendung ein. Dieses \u00d6l ist nicht zum Verzehr geeignet.<\/p>\n<\/div>\n<\/div>\n","protected":false},"excerpt":{"rendered":"<p><span style=\"font-weight: 400;\"><b>Marke<\/b>: Nefertiti for natural oils and herbs<b><br \/>\n<\/b><b>Herkunftsland<\/b>: Mittlerer Osten<b><br \/>\n<\/b><b>Botanischer Name:\u00a0<\/b>Vanilla Planifolia<br \/>\n<b>Familie<\/b>:\u00a0Orchidaceae<br \/>\n<b>INCI<\/b>:\u00a0Vanilla Planifolia\u00a0Reines Aroma\u00f6l<br \/>\n<b>Verwendete Teile<\/b>: Schote<br \/>\n<b>Extraktionsmethode<\/b>:\u00a0Wasserdampfdestillation<br \/>\n<b>Duft<\/b>: s\u00fc\u00df, warm und beruhigend<br \/>\n<b>Aussehen<\/b>:\u00a0gelb br\u00e4unlich<br \/>\n<b>Physikalischer Zustand<\/b>: Fl\u00fcssigkeit<br \/>\n<b>Nat\u00fcrlich<\/b>: Ja<br \/>\n<b>Reinheit<\/b>: 100 %\u00a0rein<br \/>\n<b>Zertifikate: \u00a0ISO &amp; MSDS<br \/>\n<\/b><b>Komposition:reines Aroma\u00f6l<br \/>\n<\/b><b>Versand<\/b>: Berechnet an der Kasse<\/span><\/p>\n","protected":false},"featured_media":12981,"comment_status":"open","ping_status":"closed","template":"","meta":[],"product_brand":[],"product_cat":[202],"product_tag":[],"class_list":{"0":"post-10811","1":"product","2":"type-product","3":"status-publish","4":"has-post-thumbnail","6":"product_cat-aroma-oils","8":"first","9":"instock","10":"shipping-taxable","11":"purchasable","12":"product-type-variable","13":"has-default-attributes"},"_links":{"self":[{"href":"https:\/\/airshiptrips.com\/de\/wp-json\/wp\/v2\/product\/10811","targetHints":{"allow":["GET"]}}],"collection":[{"href":"https:\/\/airshiptrips.com\/de\/wp-json\/wp\/v2\/product"}],"about":[{"href":"https:\/\/airshiptrips.com\/de\/wp-json\/wp\/v2\/types\/product"}],"replies":[{"embeddable":true,"href":"https:\/\/airshiptrips.com\/de\/wp-json\/wp\/v2\/comments?post=10811"}],"wp:featuredmedia":[{"embeddable":true,"href":"https:\/\/airshiptrips.com\/de\/wp-json\/wp\/v2\/media\/12981"}],"wp:attachment":[{"href":"https:\/\/airshiptrips.com\/de\/wp-json\/wp\/v2\/media?parent=10811"}],"wp:term":[{"taxonomy":"product_brand","embeddable":true,"href":"https:\/\/airshiptrips.com\/de\/wp-json\/wp\/v2\/product_brand?post=10811"},{"taxonomy":"product_cat","embeddable":true,"href":"https:\/\/airshiptrips.com\/de\/wp-json\/wp\/v2\/product_cat?post=10811"},{"taxonomy":"product_tag","embeddable":true,"href":"https:\/\/airshiptrips.com\/de\/wp-json\/wp\/v2\/product_tag?post=10811"}],"curies":[{"name":"wp","href":"https:\/\/api.w.org\/{rel}","templated":true}]}}