{"id":10791,"date":"2025-10-08T12:22:41","date_gmt":"2025-10-08T12:22:41","guid":{"rendered":"https:\/\/megaroboticsacademy.com\/shop\/unkategorisiert\/clove-bud-oil\/"},"modified":"2025-11-18T21:14:44","modified_gmt":"2025-11-18T21:14:44","slug":"nelken-ol","status":"publish","type":"product","link":"https:\/\/airshiptrips.com\/de\/shop\/aroma-oils\/nelken-ol\/","title":{"rendered":"Nelkenknospen\u00f6l"},"content":{"rendered":"<div class=\"woocommerce-tabs wc-tabs-wrapper\">\n<div id=\"tab-description\" class=\"woocommerce-Tabs-panel woocommerce-Tabs-panel--description panel entry-content wc-tab\" role=\"tabpanel\" aria-labelledby=\"tab-title-description\">\n<p>Im Volksmund werden Kr\u00e4uter und Gew\u00fcrze oft in einem Atemzug erw\u00e4hnt, als w\u00e4ren sie tats\u00e4chlich dasselbe. Es gibt jedoch einige subtile Unterschiede: Kr\u00e4uter sind haupts\u00e4chlich (getrocknete) Bl\u00e4tter von Pflanzen, die in gem\u00e4\u00dfigten Klimazonen am besten wachsen. Sie k\u00f6nnen entweder frisch oder getrocknet verwendet werden. Gew\u00fcrze hingegen stammen aus den stabilen Teilen einer Pflanze wie Zweigen, Wurzeln, Harzen oder Gummi, aber auch aus Bl\u00fctenknospen. Letztere werden immer in getrockneter Form verwendet und stammen aus Vegetation, die besonders im tropischen Klima gedeiht. Dar\u00fcber hinaus ist der ausgepr\u00e4gte wesentliche Bestandteil von Gew\u00fcrzen das darin enthaltene \u00d6l, w\u00e4hrend andere Inhaltsstoffe ebenfalls eine wichtige Rolle bei Kr\u00e4utern spielen.<\/p>\n<p>Als getrocknete, geschlossene Bl\u00fctenknospen des Nelkenbaums geh\u00f6ren Nelken daher zur Kategorie der Gew\u00fcrze. Nelken gelten als eines der \u201eBig Four\u201c-Gew\u00fcrze, die anderen drei sind Zimt, Muskatnuss und Pfeffer. Der urspr\u00fcngliche Name der Bl\u00fctenknospen bedeutet w\u00f6rtlich \u201ew\u00fcrzige N\u00e4gel\u201c und leitet sich von ihrer \u00e4hnlichen Form ab.<\/p>\n<h2><b>Nelkenknospen\u00f6l\u00a0<\/b><b>Herkunft &amp; Eigenschaften<\/b><\/h2>\n<p>Nelken stammen von einem wundersch\u00f6nen immergr\u00fcnen Baum mit dichtem Laub, der ein tropisches Seeklima liebt und auf den Maluku-Inseln in Indonesien beheimatet ist. Die Bl\u00e4tter des Nelkenbaums sind gro\u00df, und in der Bl\u00fctezeit ist der Baum mit hellroten Bl\u00fctenknospen bedeckt, die am Ende der Zweige in kleinen B\u00fcscheln h\u00e4ngen. Die Bl\u00fctenknospen haben zun\u00e4chst einen blassen Farbton, werden allm\u00e4hlich gr\u00fcn und verwandeln sich dann in ein leuchtendes Rot, wenn sie zur Ernte bereit sind. Der Nelkenbaum w\u00e4chst langsam und die ersten Bl\u00fctenknospen k\u00f6nnen erst nach sechs bis acht Jahren geerntet werden. Danach kann die Ernte bis zu hundert Jahre andauern.<br \/>\nDie Form der zuk\u00fcnftigen Nelken ist bereits an den gr\u00fcnen Bl\u00fctenknospen zu erkennen. Nelken m\u00fcssen geerntet werden, bevor Knospen entstehen und ihre tiefroten Bl\u00fcten bilden. Die Bl\u00fctenknospen bleiben an ihrem Stiel und werden sorgf\u00e4ltig von Hand gepfl\u00fcckt, bereits ge\u00f6ffnete Bl\u00fctenknospen verlieren ihren Wert als Gew\u00fcrz. Die Bl\u00fctenknospen werden in wenigen Tagen getrocknet, indem sie an der frischen Luft ausgebreitet werden. Infolgedessen \u00e4ndert sich ihre Farbe zu dunkelbraun mit etwas hellbraunen K\u00f6pfen und ist nun deutlich als die bekannten Nelken erkennbar. Fortgeschrittenere Techniken verk\u00fcrzen den Trocknungsprozess erheblich, was ihre Qualit\u00e4t verbessert. Die Nelken haben sofort den charakteristischen starken, s\u00fc\u00dfen, w\u00fcrzigen und scharfen Geruch und Geschmack.<\/p>\n<p>Nelkenknospen waren lange vor unserer \u00c4ra in China und Indonesien bekannt. Die Araber f\u00fchrten Nelken zuerst nach Europa ein, sie waren ein teures Gew\u00fcrz und wurden haupts\u00e4chlich verwendet, um den schlechten Geschmack von verdorbenem Essen zu verschleiern oder um den sauren oder bitteren Geschmack zu vertuschen. W\u00e4hrend der Handelszeit zwischen Europa und Indonesien wurde dieses charakteristische Gew\u00fcrz wiederentdeckt und in gro\u00dfem Umfang gehandelt. Gew\u00fcrznelken sind heutzutage ein weit verbreitetes Gew\u00fcrz in Keksen, Gl\u00fchwein und Cognac, aber auch in Marinaden und Eint\u00f6pfen. Ihre besondere Qualit\u00e4t kann durchaus die Tatsache sein, dass Nelken auch nach langer Extraktion weiterhin ihr scharfes Aroma und ihren besonderen Geschmack abgeben.<\/p>\n<h3><b>Nelkenknospen\u00f6l &amp; Vorteile<\/b><\/h3>\n<p>Nelkenknospen\u00f6l wird durch Wasserdampfdestillation aus den getrockneten Knospen des Nelkenbaums gewonnen. Eugenol ist der Hauptbestandteil von Nelkenknospen\u00f6l, einem Phenol, das dramatisch zum Aroma des \u00d6ls und seinen therapeutischen Eigenschaften beitr\u00e4gt. Eugenol enth\u00e4lt antimykotische Eigenschaften, ist besonders antiseptisch und hoch antibakteriell. Eugenol tr\u00e4gt zu den milden an\u00e4sthetischen und analgetischen Eigenschaften von Nelken\u00f6l bei und spielt eine wichtige Rolle im Blutgerinnungssystem des K\u00f6rpers, das einer unserer Hauptabwehrmechanismen ist.<\/p>\n<p>Aufgrund seiner antiseptischen Eigenschaften werden Nelken\u00f6l und Eugenol zur Bek\u00e4mpfung von Karies und Entz\u00fcndungen eingesetzt. Die h\u00e4ufigste Methode zur Behandlung von Munderkrankungen ist die topische Anwendung von Nelken\u00f6l. Es kann Schmerzen lindern, die durch Entz\u00fcndungen im Mund, Zahnschmerzen und Geschw\u00fcre im Mund verursacht werden. Untersuchungen ergaben, dass Nelkenextrakte das Wachstum einiger Bakterien im Zusammenhang mit Zahnfleischerkrankungen verlangsamen k\u00f6nnen. Nelken\u00f6l kann auch als Gurgeln bei Halsschmerzen n\u00fctzlich sein.<\/p>\n<p>Seine sogenannten antimikrobiellen Eigenschaften k\u00f6nnen das Wachstum von Mikroorganismen wie Bakterien stoppen, w\u00e4hrend die starke fungizide Wirkung von Nelkenknospen\u00f6l die Bek\u00e4mpfung verschiedener Arten von Pilzen, die Hauterkrankungen verursachen, unterst\u00fctzt.<\/p>\n<p>Dar\u00fcber hinaus hat Nelkenknospen\u00f6l Allergie unterdr\u00fcckende und krampfl\u00f6sende Eigenschaften. Die lokale Anwendung unterdr\u00fcckt sensorische Rezeptoren, die an der Schmerzempfindung beteiligt sind. Das \u00e4therische Nelken\u00f6l ist daher ein geeignetes Mittel zur Verwendung in Mischungen zur Schmerzlinderung. Die externe Anwendung von Nelkenknospen\u00f6l wird bei Asthma und Bronchitis verwendet, um Schwellungen zu reduzieren und Schmerzen im Zusammenhang mit Rheuma, Arthritis und Kr\u00e4mpfen zu lindern. Gleichzeitig eignet sich dieses \u00e4therische \u00d6l zur Vorbeugung von viralen und bakteriellen Infektionen. Nelkenknospen\u00f6l kann in B\u00e4der gegeben oder in verschiedenen Anwendungen zum Einatmen verwendet werden.<\/p>\n<p>Verschiedene auf Nelken basierende Mittel helfen dabei, H\u00fchneraugen, Warzen und gro\u00dfe gutartige Tumoren loszuwerden. Nelkenknospen\u00f6l kann gro\u00dfe Wunden und gesch\u00e4digte Haut schnell heilen und gleichzeitig das allgemeine Wohlbefinden wiederherstellen.<\/p>\n<h3><b>Nelkenknospen\u00f6l &amp; Aromatherapie<\/b><\/h3>\n<p>Das Aroma von Nelkenknospen wird als \u201ezweifellos einer der erfreulichsten D\u00fcfte f\u00fcr den riechenden Nerv\u201c beschrieben. Die vielseitigen Wirkungen von Nelken machen das \u00e4therische \u00d6l von Nelkenknospen ideal f\u00fcr die Aromatherapie \u2013 es wirkt belebend, erhebend und geistig anregend. Dar\u00fcber hinaus ist sein besonderer Duft und seine angenehme, extrem w\u00e4rmende Wirkung vorteilhaft f\u00fcr die Muskeln, wodurch Nelkenknospen\u00f6l als beruhigendes Massage\u00f6l geeignet ist. Die entz\u00fcndungshemmenden Eigenschaften dieses \u00d6ls k\u00f6nnen nur als sehr vorteilhafte Nebenwirkung beschrieben werden.<br \/>\nAufgrund der starken Erw\u00e4rmung dieses \u201ehei\u00dfen\u201c \u00d6ls sollte es vor der topischen Anwendung immer verd\u00fcnnt und nur in kleinen Dosen zugesetzt werden.<\/p>\n<p>Die Aromatherapie kann leicht zu Hause angewendet werden, indem Nelken\u00f6l in einer Aromalampe oder einem Vaporizer verdampft wird. Sie kann hilfreich sein, um die Konzentration zu f\u00f6rdern und psychischen Stress abzubauen. Das Aroma von Nelken gibt Energie und Selbstvertrauen und kann den Appetit anregen.<br \/>\nNelkenknospen\u00f6l ist als starkes Aphrodisiakum bekannt. Dieses \u00e4therische \u00d6l wird zur Behandlung von Frigidit\u00e4t, Potenzst\u00f6rungen und Kr\u00e4tze verwendet.<\/p>\n<p>Um das Ganze sch\u00f6n abzurunden: Nelken\u00f6l h\u00e4lt Insekten fern und das Reiben von M\u00fcckenstichen mit diesem \u00d6l wirkt desinfizierend und analgetisch.<\/p>\n<\/div>\n<\/div>\n","protected":false},"excerpt":{"rendered":"<p><b>Marke<\/b>: Nefertiti for natural oils and herbs<b><br \/>\n<\/b><b>Herkunftsland<\/b>: Mittlerer Osten<b><br \/>\n<\/b><b>Botanischer Name:\u00a0<\/b>Syzygium Aromaticum<br \/>\n<b>Familie<\/b>:\u00a0Myrtaceae<br \/>\n<b>INCI<\/b>:\u00a0Syzygium Aromaticum\u00a0Reines Aroma\u00f6l<br \/>\n<b>Verwendete Teile<\/b>: Getrocknete Bl\u00fctenknospen<br \/>\n<b>Extraktionsmethode<\/b>:\u00a0Wasserdampfdestillation<br \/>\n<b>Duft<\/b>: s\u00fc\u00df und w\u00fcrzig<br \/>\n<b>Aussehen<\/b>: dunkelbraun<br \/>\n<b>Physikalischer Zustand<\/b>: Fl\u00fcssigkeit<br \/>\n<b>Nat\u00fcrlich<\/b>: Ja<br \/>\n<b>Reinheit<\/b>: 100 %\u00a0rein<br \/>\n<b>Zertifikate: \u00a0ISO &amp; MSDS<br \/>\n<\/b><b>Komposition:\u00a0reines Aroma\u00f6l<br \/>\n<\/b><b>Versand<\/b>: Berechnet an der Kasse<\/p>\n","protected":false},"featured_media":12966,"comment_status":"open","ping_status":"closed","template":"","meta":[],"product_brand":[],"product_cat":[202],"product_tag":[],"class_list":{"0":"post-10791","1":"product","2":"type-product","3":"status-publish","4":"has-post-thumbnail","6":"product_cat-aroma-oils","8":"first","9":"outofstock","10":"shipping-taxable","11":"purchasable","12":"product-type-variable","13":"has-default-attributes"},"_links":{"self":[{"href":"https:\/\/airshiptrips.com\/de\/wp-json\/wp\/v2\/product\/10791","targetHints":{"allow":["GET"]}}],"collection":[{"href":"https:\/\/airshiptrips.com\/de\/wp-json\/wp\/v2\/product"}],"about":[{"href":"https:\/\/airshiptrips.com\/de\/wp-json\/wp\/v2\/types\/product"}],"replies":[{"embeddable":true,"href":"https:\/\/airshiptrips.com\/de\/wp-json\/wp\/v2\/comments?post=10791"}],"wp:featuredmedia":[{"embeddable":true,"href":"https:\/\/airshiptrips.com\/de\/wp-json\/wp\/v2\/media\/12966"}],"wp:attachment":[{"href":"https:\/\/airshiptrips.com\/de\/wp-json\/wp\/v2\/media?parent=10791"}],"wp:term":[{"taxonomy":"product_brand","embeddable":true,"href":"https:\/\/airshiptrips.com\/de\/wp-json\/wp\/v2\/product_brand?post=10791"},{"taxonomy":"product_cat","embeddable":true,"href":"https:\/\/airshiptrips.com\/de\/wp-json\/wp\/v2\/product_cat?post=10791"},{"taxonomy":"product_tag","embeddable":true,"href":"https:\/\/airshiptrips.com\/de\/wp-json\/wp\/v2\/product_tag?post=10791"}],"curies":[{"name":"wp","href":"https:\/\/api.w.org\/{rel}","templated":true}]}}