{"id":10776,"date":"2025-10-08T12:22:59","date_gmt":"2025-10-08T12:22:59","guid":{"rendered":"https:\/\/megaroboticsacademy.com\/shop\/unkategorisiert\/strawberry-oil\/"},"modified":"2025-11-18T21:01:39","modified_gmt":"2025-11-18T21:01:39","slug":"strawberry-oil","status":"publish","type":"product","link":"https:\/\/airshiptrips.com\/de\/shop\/aroma-oils\/strawberry-oil\/","title":{"rendered":"Erdbeer\u00f6l"},"content":{"rendered":"<p>Die Erdbeere braucht sicherlich keine gro\u00dfe Einf\u00fchrung, aber wussten Sie, dass \u2026<\/p>\n<p>* die Erdbeere mit der Rose verwandt ist.<\/p>\n<p>* die Erdbeere die einzige Frucht ist, die ihre Samen au\u00dfen tr\u00e4gt.<\/p>\n<p>* nur 8 Erdbeeren (normale Gr\u00f6\u00dfe) ungef\u00e4hr 140 % der empfohlenen t\u00e4glichen Menge an Vitamin C enthalten.<\/p>\n<p>* Erdbeeren verschiedene erfrischende Fruchts\u00e4uren, wertvolle Mineralien und essentielle Vitamine enthalten. Infolgedessen haben sie weithin anerkannte heilende Eigenschaften wie Blutreinigung und -desinfektion, unterst\u00fctzen die Wundheilung, lindern Verstopfung und Kopfschmerzen, reduzieren Falten und verbessern das Ged\u00e4chtnis.<\/p>\n<p>Die Symbolik der Erdbeere ist sehr vielf\u00e4ltig und reicht von bescheiden, gerecht, lustvoll und erdig bis makellos und sogar g\u00f6ttlich. Erdbeeren sind die reinsten unter allen Beeren. Diese zarte herzf\u00f6rmige Beere steht seit jeher f\u00fcr Reinheit, Leidenschaft und Heilung. Es wurde im Laufe der Jahrhunderte in Geschichten, Literatur und Gem\u00e4lden verwendet.<\/p>\n<h3><b>Erdbeere \u2013 Herkunft &amp; Eigenschaften<\/b><\/h3>\n<p>Der Ursprung der Erdbeerpflanze ist eher unklar. Es soll sich um eine einheimische Waldpflanze handeln, die den Gem\u00fcsegarten langsam aber sicher erobert hat. Anderen zufolge wurde die Anlage von Forschern aus S\u00fcdamerika eingef\u00fchrt. Wie dem auch sei, die Erdbeere hat seit dem Mittelalter als Delikatesse immer mehr an Beliebtheit gewonnen. Mitte des letzten Jahrhunderts spezialisierten sich viele Landwirte, die zuvor eine gemischte Farm hatten (Vieh, Gem\u00fcse und Obst), auf den Erdbeeranbau.<\/p>\n<p>Auch hinsichtlich der Herkunft des Namens gehen die Meinungen weit auseinander. Das Wort Erdbeere stammt h\u00f6chstwahrscheinlich aus dem altenglischen \u201estreawberige\u201c, weil die Pflanze Triebe produziert, die mit Strohst\u00fccken verglichen werden k\u00f6nnen. Anderen zufolge brachte die Praxis, Erdbeeren mit Stroh abzudecken oder Erdbeeren in freier Wildbahn zwischen verfilztem Heu oder Stroh zu finden, ihren Namen hervor. Die sch\u00f6nste Erkl\u00e4rung ist jedoch, dass der Name Erdbeere aus der Praxis stammt, diese k\u00f6stlichen Fr\u00fcchte auf einem Strohhalm als Leckerbissen auf einem Markt unter freiem Himmel zu verkaufen.<\/p>\n<p>Fr\u00fcher waren frische Erdbeeren nur in den Sommermonaten erh\u00e4ltlich \u2013 was ihnen den Spitznamen \u201eK\u00f6nig des Sommers\u201c einbrachte \u2013 jetzt werden sie jedoch das ganze Jahr \u00fcber geerntet, indem sie in Gew\u00e4chsh\u00e4usern angebaut werden. Der zus\u00e4tzliche Vorteil ist, dass Wachstum und Ertrag weniger wetterabh\u00e4ngig sind.<br \/>\nAuf hohem botanischen Niveau geh\u00f6ren die Erdbeeren oder Fragaria Ananassa zur Familie der Rosen. Die als \u201eErdbeere\u201c bekannte Frucht ist das Ergebnis einer versehentlichen Kreuzung. Dies macht die Erdbeerpflanze zu einer Hybride \u2013 sie vermehrt sich also nicht aus Samen. Verschiedene Arten und Sorten sind in Europa, Asien und Amerika beheimatet. Alle Erdbeersorten sind essbar, einschlie\u00dflich der viel kleineren Walderdbeere.<\/p>\n<p>Die Erdbeere ist eine s\u00fc\u00dfe und geschmackvolle Nahrungsquelle, die f\u00fcr ihren hohen N\u00e4hrwert bekannt ist. Erdbeeren enthalten viel Vitamin C, das f\u00fcr den Aufbau und die Erhaltung des K\u00f6rpergewebes von entscheidender Bedeutung ist. Es hilft beim Aufbau von Blutgef\u00e4\u00dfen und Kollagen im Bindegewebe und spielt eine wichtige Rolle als Antioxidans.<\/p>\n<h3><b>Erdbeer\u00f6l &amp; Vorteile<\/b><\/h3>\n<p>Erdbeer\u00f6l gilt als \u201etrockenes \u00d6l\u201c, das hei\u00dft es zieht schnell und einfach in die Haut ein und hinterl\u00e4sst keine R\u00fcckst\u00e4nde auf der Haut. Dieses \u00d6l ist besonders gut f\u00fcr trockene, empfindliche oder schuppige Haut geeignet.<\/p>\n<p>Vor allem aufgrund des Vorhandenseins eines nat\u00fcrlichen Phenol-Antioxidans namens Ellags\u00e4ure in Erdbeeren (das in zahlreichen Obst- und Gem\u00fcsesorten enthalten ist), ist dieses \u00d6l sehr hautfreundlich und eine hervorragende Erg\u00e4nzung zu einem Reinigungs\u00f6l. Erdbeer\u00f6l ist eine reichhaltige Quelle an Tocopherolen (Vitamin E) und Antioxidantien (Omega 3 und 6). Es befeuchtet die Haut, verbessert die Elastizit\u00e4t und reduziert Alterungssymptome.<\/p>\n<p>Nat\u00fcrliches Erdbeer\u00f6l ist ein sehr wirksames Mittel gegen Hautsch\u00e4den, die durch Akne, Psoriasis, Ekzeme, Dermatitis und Cellulite verursacht werden. Bei Schnitten, Kratzern, Narben, Dehnungsstreifen, Verbrennungen und Sonnenbrand f\u00f6rdert es die Hautheilung. Es kann auch bei trockenem, strapaziertem Haar, trockener Kopfhaut und br\u00fcchigen N\u00e4geln helfen.<\/p>\n<h3><b>Erdbeer\u00f6l f\u00fcr die Hautpflege<\/b><\/h3>\n<p>Erdbeer\u00f6l ist pflegend und neutralisierend, geeignet f\u00fcr fettige Haut, Mischhaut und unreine Haut. Es befeuchtet die Haut tief, ohne eine fettige Schicht zu hinterlassen oder die Poren zu verstopfen. Es hat regenerierende und Zell-sch\u00fctzende Eigenschaften und repariert die Hautbarriere, die zur Wiederherstellung einer glatten und weichen Haut erforderlich ist. Erdbeer\u00f6l verhindert den Abbau von Kollagen in der Haut und f\u00f6rdert die Produktion von neuem Kollagen. Dies f\u00fchrt zu einer verbesserten Hautelastizit\u00e4t und zum Verblassen von feinen Linien und Falten. Es beruhigt und macht trockene, rissige und empfindliche Haut weich und hilft bei Hauterkrankungen wie Ekzemen, Psoriasis, Dermatitis und Cellulite. Erdbeer\u00f6l reduziert Narben und Dehnungsstreifen und wirkt als milder Schutz gegen sch\u00e4dliche UV-Strahlen. Linols\u00e4ure in Erdbeer\u00f6l f\u00f6rdert die Regulierung des Talgs, w\u00e4hrend die Ellags\u00e4ure als starkes Antioxidans und entz\u00fcndungshemmendes Mittel wirkt. Die hohe Menge an Vitamin E in Erdbeer\u00f6l unterst\u00fctzt die Heilung gesch\u00e4digter Haut.<\/p>\n<p><b><i>Anti-Aging<\/i><\/b>\u00a0\u2013 Erdbeer\u00f6l verlangsamt die Symptome der Hautalterung, die normalerweise durch freie Radikale verursacht wird. Der hohe Gehalt an Vitamin C und Ellags\u00e4ure bek\u00e4mpft diese freien Radikale und verhindert, dass sie die Zellen im K\u00f6rper sch\u00e4digen. Die regelm\u00e4\u00dfige Verwendung von Erdbeer\u00f6l minimiert Falten und feine Linien und verhindert das Auftreten neuer.<\/p>\n<p><b><i>Hautreinigung\u00a0<\/i><\/b>\u2013 Aufgrund der hervorragenden Reinigungseigenschaften von Erdbeer\u00f6l wird es h\u00e4ufig als Bestandteil von Gesichts- und Hautreinigern, haut verj\u00fcngender Gesichtsmasken und Badezus\u00e4tze verwendet. Dieses \u00d6l ist reich an Vitamin C, Peelings, Salicyls\u00e4ure und Antioxidantien. Die Salicyls\u00e4ure beseitigt die abgestorbenen Hautzellen und verengt gleichzeitig die Hautporen. Die im \u00d6l enthaltene Ellags\u00e4ure ist ein starkes Antioxidans und bek\u00e4mpft Hautsch\u00e4den wirksam, indem sie die Haut vor freien Radikalen sch\u00fctzt und die Haut glatt und weich macht.<\/p>\n<p><b><i>Behandelt Akne<\/i><\/b>\u00a0\u2013 Erdbeer\u00f6l enth\u00e4lt Alpha-Hydroxys\u00e4uren, Vitamin C, Salicyls\u00e4ure und Flavonoide, die zur Bek\u00e4mpfung von Akne und zur Kontrolle einer \u00fcberm\u00e4\u00dfigen Talgproduktion beitragen. Die Behandlung der Haut mit diesem \u00d6l ist am effektivsten, wenn sie zweimal pro Woche durchgef\u00fchrt wird.<\/p>\n<p><b><i>Verbessert den Teint<\/i><\/b>\u00a0\u2013 Aufgrund der hohen Menge an Antioxidantien bek\u00e4mpft Erdbeer\u00f6l freie Radikale, um zu verhindern, dass diese die Hautzellen sch\u00e4digen. Dies f\u00fchrt zur Minimierung von dunklen Flecken, Altersflecken, Sommersprossen und Falten. Gleichzeitig hilft es, den Teint der Haut aufzuhellen.<\/p>\n<p><b><i>Behandelt Pigmentierung<\/i><\/b>\u00a0\u2013 Die in Erdbeer\u00f6l enthaltene Ellags\u00e4ure sch\u00fctzt die Haut vor sch\u00e4dlichen UV-Strahlen. Die topische Anwendung des \u00d6ls behandelt die leichte dermale Hyperpigmentierung. Dieser Zustand wird durch UV-Strahlen verursacht und hemmt die Melanin Synthese, die f\u00fcr die Hautfarbe verantwortlich ist.<\/p>\n<p><b><i>Reduziert Augenringe<\/i><\/b>\u00a0\u2013 Die adstringierenden Eigenschaften von Erdbeer\u00f6l reduzieren erfolgreich Augenringe und Beutel unter den Augen. Reiben Sie vor dem Schlafengehen ein paar Tropfen \u00d6l unter die Augen, lassen Sie es trocknen und waschen Sie Ihr Gesicht mit kaltem Wasser. Tragen Sie dann eine Feuchtigkeitscreme auf. Wiederholen Sie diese Behandlung t\u00e4glich, bis die dunklen Ringe verschwinden.<\/p>\n<p><b><i>Befeuchtet trockene Lippen<\/i><\/b>\u00a0\u2013 Aufgrund der Peeling-Eigenschaften von Erdbeer\u00f6l werden abgestorbene Hautzellen entfernt, wodurch Trockenheit verhindert wird. Bei regelm\u00e4\u00dfiger Anwendung befeuchten einige Tropfen dieses \u00d6ls die Lippen. Sp\u00fclen Sie es mit lauwarmem Wasser ab.<\/p>\n","protected":false},"excerpt":{"rendered":"<p><b>Marke<\/b>: Nefertiti for natural oils and herbs<b><br \/>\n<\/b><b>Herkunftsland<\/b>: Mittlerer Osten<b><br \/>\n<\/b><b>Botanischer Name:\u00a0<\/b>Fragaria Ananassa<br \/>\n<b>Familie<\/b>:\u00a0Rosaceae<br \/>\n<b>INCI<\/b>:\u00a0Fragaria Ananassa\u00a0Reines Aroma\u00f6l<br \/>\n<b>Verwendete Teile<\/b>: Fr\u00fcchte<br \/>\n<b>Extraktionsmethode<\/b>:\u00a0Wasserdampfdestillation<br \/>\n<b>Duft<\/b>: fr\u00f6hlich, mild und leicht s\u00fc\u00df<br \/>\n<b>Aussehen<\/b>: Hellrot<br \/>\n<b>Physikalischer Zustand<\/b>: Fl\u00fcssigkeit<br \/>\n<b>Nat\u00fcrlich<\/b>: Ja<br \/>\n<b>Reinheit<\/b>: 100 %\u00a0rein<br \/>\n<b>Zertifikate: \u00a0ISO &amp; MSDS<br \/>\n<\/b><b>Komposition:reines Aroma\u00f6l<br \/>\n<\/b><b>Versand<\/b>: Berechnet an der Kasse<\/p>\n","protected":false},"featured_media":12946,"comment_status":"open","ping_status":"closed","template":"","meta":[],"product_brand":[],"product_cat":[202],"product_tag":[],"class_list":{"0":"post-10776","1":"product","2":"type-product","3":"status-publish","4":"has-post-thumbnail","6":"product_cat-aroma-oils","8":"first","9":"instock","10":"shipping-taxable","11":"purchasable","12":"product-type-variable","13":"has-default-attributes"},"_links":{"self":[{"href":"https:\/\/airshiptrips.com\/de\/wp-json\/wp\/v2\/product\/10776","targetHints":{"allow":["GET"]}}],"collection":[{"href":"https:\/\/airshiptrips.com\/de\/wp-json\/wp\/v2\/product"}],"about":[{"href":"https:\/\/airshiptrips.com\/de\/wp-json\/wp\/v2\/types\/product"}],"replies":[{"embeddable":true,"href":"https:\/\/airshiptrips.com\/de\/wp-json\/wp\/v2\/comments?post=10776"}],"wp:featuredmedia":[{"embeddable":true,"href":"https:\/\/airshiptrips.com\/de\/wp-json\/wp\/v2\/media\/12946"}],"wp:attachment":[{"href":"https:\/\/airshiptrips.com\/de\/wp-json\/wp\/v2\/media?parent=10776"}],"wp:term":[{"taxonomy":"product_brand","embeddable":true,"href":"https:\/\/airshiptrips.com\/de\/wp-json\/wp\/v2\/product_brand?post=10776"},{"taxonomy":"product_cat","embeddable":true,"href":"https:\/\/airshiptrips.com\/de\/wp-json\/wp\/v2\/product_cat?post=10776"},{"taxonomy":"product_tag","embeddable":true,"href":"https:\/\/airshiptrips.com\/de\/wp-json\/wp\/v2\/product_tag?post=10776"}],"curies":[{"name":"wp","href":"https:\/\/api.w.org\/{rel}","templated":true}]}}