{"id":10761,"date":"2025-10-08T12:22:58","date_gmt":"2025-10-08T12:22:58","guid":{"rendered":"https:\/\/megaroboticsacademy.com\/shop\/unkategorisiert\/peach-oil\/"},"modified":"2025-11-18T20:54:33","modified_gmt":"2025-11-18T20:54:33","slug":"peach-oil","status":"publish","type":"product","link":"https:\/\/airshiptrips.com\/de\/shop\/aroma-oils\/peach-oil\/","title":{"rendered":"Pfirsich\u00f6l"},"content":{"rendered":"<p>Pfirsiche stammen aus China und spielen eine wichtige Rolle in der chinesischen Mythologie. Der Baum gilt als Baum des Lebens, und die Frucht ist als Frucht der Unsterblichkeit bekannt. Der Gott der Langlebigkeit in der chinesischen Mythologie, bekannt als der \u201ealte Mann des S\u00fcdpols\u201c, h\u00e4lt oft einen gro\u00dfen Pfirsich in der Hand, um ein langes Leben und Gesundheit darzustellen. Es bedeutet auch Einheit und chinesische Br\u00e4ute tragen traditionell Pfirsich Bl\u00fcten. Sowohl in China als auch in Korea wurde angenommen, dass Pfirsichb\u00e4ume Geister vertreiben. Pfirsiche werden in chinesischen Schriften erw\u00e4hnt, die bis ins 10. Jahrhundert zur\u00fcckreichen. Sie sollen die Lieblingsfrucht der Kaiser gewesen sein.<\/p>\n<div class=\"woocommerce-tabs wc-tabs-wrapper\">\n<div id=\"tab-description\" class=\"woocommerce-Tabs-panel woocommerce-Tabs-panel--description panel entry-content wc-tab\" role=\"tabpanel\" aria-labelledby=\"tab-title-description\">\n<h3><b>Pfirsich Herkunft &amp; Eigenschaften<\/b><\/h3>\n<p>Der Pfirsichbaum ist laubabwerfend, tr\u00e4gt den botanischen Namen Prunus Persica und geh\u00f6rt zur Familie der Rosaceae, genau wie Rosen, und zur gleichen Untergattung wie Mandeln. Der botanische Name bedeutet \u201epersische Pflaume\u201c, da er eng mit der Pflaume verwandt ist und f\u00e4lschlicherweise urspr\u00fcnglich als aus Persien stammend angesehen wurde. Die Frucht wurde von den alten R\u00f6mern als \u201eMalum persicum\u201c bezeichnet, was \u201epersischer Apfel\u201c bedeutet und sp\u00e4ter zum franz\u00f6sischen \u201eP\u00eache\u201c und zum englischen \u201epeach\u201c wird. Es wird angenommen, dass sie aus China stammten, da Arch\u00e4ologen spekulieren, dass sie entlang des Yangtze Fluss domestiziert waren und dort versteinerte Pfirsiche gefunden haben, die vielleicht bis 6000 v. Chr. zur\u00fcckreichen. Es wird vermutet, dass Alexander der Gro\u00dfe die Pfirsiche nach Europa gebracht hat, nachdem er sie in Persien gefunden hat.<\/p>\n<h3><b>Pfirsich\u00f6l &amp; Vorteile<\/b><\/h3>\n<p>Pfirsich\u00f6l ist mit haut liebenden N\u00e4hrstoffen und Vitaminen wie Kalium, Zink, Magnesium, Selen und Beta-Carotin, sowie den Vitaminen K, A und E und essentiellen Fetts\u00e4uren gef\u00fcllt und wird seit langem als Sch\u00f6nheitshilfe verwendet. Im alten China wurde das \u00d6l von den Damen verwendet, um das Altern zu verhindern. Die R\u00f6mer erkannten auch seine vorteilhaften Eigenschaften und es war eine wertvolle Sch\u00f6nheitsbehandlung. In der ersten H\u00e4lfte des 16. Jahrhunderts wurde es in England h\u00e4ufig f\u00fcr die Hautpflege verwendet und ist aufgrund seiner heilenden und haut verj\u00fcngenden Eigenschaften heute ein wichtiger Bestandteil vieler Cremes und Lotionen. Es hat entz\u00fcndungshemmende, Alterung hemmende, antibakterielle, krebshemmende, komedogene, antioxidative, erweichende und beruhigende Eigenschaften.<\/p>\n<p><b>Pfirsich\u00f6l f\u00fcr die Haut<br \/>\n<\/b>Pfirsich\u00f6l ist extrem leicht und zieht leicht in die Haut ein. Es dringt tief ein, ohne eine fettige Schicht zu hinterlassen. Es liefert vollst\u00e4ndige N\u00e4hrstoffe, bindet Feuchtigkeit ein, stellt trockene oder schuppige Haut wieder her und kontrolliert gleichzeitig die Talgproduktion, wodurch fettige Haut entf\u00e4llt. Es bietet eine vollst\u00e4ndige Hautverj\u00fcngung, da es voll von gesunden Vitaminen, Antioxidantien, Mineralien und essentiellen Fetts\u00e4uren ist, die die Haut vollst\u00e4ndig unterst\u00fctzen, die Hauterneuerung und die Kollagenbildung f\u00f6rdern, Entz\u00fcndungen reduzieren, freie Radikale bek\u00e4mpfen und das nat\u00fcrliche pH-Gleichgewicht der Haut wiederherstellen. Es ist f\u00fcr jeden Hauttyp geeignet \u2013 es repariert, verj\u00fcngt und regeneriert die Haut und h\u00e4lt sie in einem Top-Zustand. Da dieses \u00d6l so leicht ist, wird es fettige Haut nicht ver\u00e4rgern, es wird tief eindringen, ohne die Poren zu verstopfen, was die Hauptursache f\u00fcr Ausbr\u00fcche und Akne ist. Dar\u00fcber hinaus machen die entz\u00fcndungshemmenden und antibakteriellen Eigenschaften es zu einem wertvollen Verb\u00fcndeten gegen Akne verursachende Bakterien. Seine F\u00e4higkeit, Talg zu regulieren, kann weitere Ausbr\u00fcche verhindern, w\u00e4hrend gesch\u00e4digte Haut gesch\u00fctzt und wiederhergestellt und die Hauterneuerung gef\u00f6rdert wird. Hauterkrankungen wie Ekzeme und Rosacea werden h\u00e4ufig durch freie Radikale verursacht, die die Hautzellen sch\u00e4digen. Dieses \u00d6l ist reich an Antioxidantien und kann weitere Symptome reduzieren und verhindern, w\u00e4hrend es das Wachstum neuer Hautzellen f\u00f6rdert. Es hilft, besch\u00e4digte Hautzellen zu reparieren, Entz\u00fcndungen zu reduzieren, R\u00f6tungen zu lindern und die Haut zu heilen und sich selbst zu reparieren. Die reifere Haut profitiert auch von den aktiven Antioxidantien, die einen weiteren Abbau des Hautgewebes verhindern, w\u00e4hrend das \u00d6l die Kollagen und Elastinproduktion f\u00f6rdert, die Haut geschmeidiger und straffer macht, schlaffe Haut reduziert und Zeichen des Alterns verhindert. Der Umsatz der Hautzellen wird beschleunigt, und stumpfe oder m\u00fcde Haut wird durch eine strahlende Haut ersetzt.<\/p>\n<p>Anwendung: F\u00fcr den t\u00e4glichen Gebrauch geben Sie einfach ein paar Tropfen zu Ihrer \u00fcblichen Feuchtigkeitscreme. Bei Hautkrankheiten wie Dermatitis oder Akne 3 Tropfen Pfirsich\u00f6l in 1 Teel\u00f6ffel Tr\u00e4ger\u00f6l wie Kokos oder Jojoba\u00f6l hinzuf\u00fcgen und zweimal t\u00e4glich in die betroffene Stelle einmassieren. Bei alternder Haut zweimal pro Woche ein Serum mit 5 Tropfen Pfirsich\u00f6l und 1 Essl\u00f6ffel Kokos oder Jojoba\u00f6l auftragen. F\u00fcr eine Gesichtsbehandlung, um die Haut aufzuhellen, die Poren zu \u00f6ffnen und Unreinheiten zu entfernen, geben Sie ein paar Tropfen in eine Sch\u00fcssel mit hei\u00dfem Wasser und d\u00e4mpfen Sie das Gesicht. Pfirsich\u00f6l kann als Feuchtigkeitscreme f\u00fcr die gesamte Haut verwendet werden. Mischen Sie einfach ein paar Tropfen \u00e4therisches \u00d6l mit einem Tr\u00e4ger\u00f6l und reiben Sie es gleichm\u00e4\u00dfig auf den K\u00f6rper oder geben Sie ein paar Tropfen in ein warmes Bad.<\/p>\n<p><b>Pfirsich\u00f6l gegen Pigmentierung und Narben<br \/>\n<\/b>Mit seiner F\u00e4higkeit, die Hautregeneration zu f\u00f6rdern und zu verhindern, dass abgestorbene Hautzellen auf der Hautoberfl\u00e4che verbleiben, kann Pfirsich\u00f6l bei der Heilung von Narben, Verf\u00e4rbungen und Hautunreinheiten helfen. Es hilft, die Haut zu straffen, was zu einer helleren, klareren Haut mit einem gesunden Glanz f\u00fchrt.<br \/>\nAnwendung: Mischen Sie drei Tropfen Pfirsich\u00f6l mit einem Essl\u00f6ffel Tr\u00e4ger\u00f6l und massieren Sie es sanft in den pigmentierten oder vernarbten Bereich.<\/p>\n<p><b>Pfirsich\u00f6l f\u00fcr die Haare<br \/>\n<\/b>Wie der Rest des K\u00f6rpers ben\u00f6tigt auch die Kopfhaut m\u00f6glicherweise zus\u00e4tzliche Hilfe, um sie in Topform zu halten. Pfirsich\u00f6l ist eine ausgezeichnete Wahl f\u00fcr diesen Bereich, da es leicht absorbiert wird und zur Kontrolle der Talgproduktion und zur Beseitigung einer fettigen Kopfhaut beitragen kann. Auf die gleiche Weise wird auch die Trockenheit, einschlie\u00dflich Schuppen, kontrolliert, ohne die Poren oder Follikel zu verstopfen oder einen fettigen R\u00fcckstand zu hinterlassen. Die Fetts\u00e4uren im Pfirsich\u00f6l haben hervorragende restaurative Eigenschaften, die dazu beitragen, weiches und handliches Haar zu f\u00f6rdern, das vor Gesundheit strahlt. Auf das Haar aufgetragen, bietet es eine Schutzschicht gegen Farbverblassen, Bruch, Trockenheit, Verwicklungen und Sch\u00e4den durch UV, Wind und Verschmutzung. Es kann auch helfen, Locken zu definieren und krauses Haar zu kontrollieren. Da das \u00d6l so leicht ist, belastet es das Haar nicht und l\u00e4sst sich leicht auswaschen.<br \/>\nAnwendung: F\u00fcgen Sie ein paar Tropfen Pfirsich\u00f6l zu einem Tr\u00e4ger\u00f6l wie Jojoba hinzu und massieren Sie es in die Kopfhaut. Wickeln Sie die Haare in ein Handtuch und lassen Sie sie eine Stunde oder idealerweise \u00fcber Nacht ruhen. Mit Shampoo aussp\u00fclen. F\u00fcr einen intensiven Tiefenpflegemittel f\u00fcr trockenes oder strapaziertes Haar kann es unverd\u00fcnnt zu den Haarstr\u00e4hnen hinzugef\u00fcgt werden (Haut vermeiden) und eine Stunde lang in ein Handtuch gewickelt werden, bevor es mit einem Shampoo ausgewaschen wird. Das Haar wird wieder super seidig.<\/p>\n<p><b>Pfirsich\u00f6l f\u00fcr die N\u00e4gel<br \/>\n<\/b>Pfirsich\u00f6l ist ein gro\u00dfartiges Mittel, um die Nagelhaut zu erweichen und zu beruhigen, und verhindert bei regelm\u00e4\u00dfiger Anwendung das Austrocknen. Es verleiht den N\u00e4geln einen nat\u00fcrlichen Glanz, insbesondere solchen, die durch k\u00fcnstliche Nagelanwendungen traumatisiert wurden, und kann vor dem Polieren auf die Nageloberfl\u00e4che aufgetragen werden, um den Glanz zu f\u00f6rdern.<\/p>\n<p>Zur Anwendung: 3 Tropfen auf einen Teel\u00f6ffel Tr\u00e4ger\u00f6l geben und in die Nagelhaut und die N\u00e4gel einmassieren.<\/p>\n<h3><b>Pfirsich\u00f6l &amp; Aromatherapie<\/b><\/h3>\n<p>In der Aromatherapie kann der zarte Duft von Pfirsich\u00f6l die Stimmung entspannen, beruhigen und ausgleichen.<\/p>\n<p><b>Pfirsich\u00f6l zur Massage<br \/>\n<\/b>Pfirsich\u00f6l gemischt mit einem Tr\u00e4ger\u00f6l zur Massage, spendet bekannterma\u00dfen Feuchtigkeit, reduziert Hautentz\u00fcndungen, reguliert Talg, stellt das nat\u00fcrliche pH-Gleichgewicht der Haut wieder her und hellt die Haut auf. Perfekt, um trockene, alternde, entz\u00fcndete oder empfindliche Haut zu beruhigen und zu erweichen. Mit seinen beruhigenden Eigenschaften kann es auch helfen, K\u00f6rper und Geist zu entspannen und bei Schlafst\u00f6rungen zu helfen.<\/p>\n<p>Anwendung: Mischen Sie drei Tropfen Pfirsich\u00f6l mit einem Essl\u00f6ffel Tr\u00e4ger\u00f6l und massieren Sie es sanft in die Haut ein, um die gesamte Feuchtigkeit zu spenden. Konzentrieren Sie sich dabei auf trockene oder entz\u00fcndete Stellen.<\/p>\n<\/div>\n<\/div>\n","protected":false},"excerpt":{"rendered":"<p><span style=\"font-weight: 400;\"><b>Marke<\/b>: Nefertiti for natural oils and herbs<b><br \/>\n<\/b><b>Herkunftsland<\/b>: Mittlerer Osten<b><br \/>\n<\/b><b>Botanischer Name:\u00a0<\/b>Prunus Persica<br \/>\n<b>Familie<\/b>:\u00a0Rosaceae<br \/>\n<b>INCI<\/b>:\u00a0Prunus Persica\u00a0Reines Aroma\u00f6l<br \/>\n<b>Verwendete Teile<\/b>: Sch\u00e4len<br \/>\n<b>Extraktionsmethode<\/b>:\u00a0Wasserdampfdestillation<br \/>\n<b>Duft<\/b>: saftiges, warmes, reifes Pfirsich Aroma<br \/>\n<b>Aussehen<\/b>:\u00a0hell<br \/>\n<b>Physikalischer Zustand<\/b>: Fl\u00fcssigkeit<br \/>\n<b>Nat\u00fcrlich<\/b>: Ja<br \/>\n<b>Reinheit<\/b>: 100 %\u00a0rein<br \/>\n<b>Zertifikate: \u00a0ISO &amp; MSDS<br \/>\n<\/b><b>Komposition:reines Aroma\u00f6l<br \/>\n<\/b><b>Versand<\/b>: Berechnet an der Kasse<\/span><\/p>\n","protected":false},"featured_media":12933,"comment_status":"open","ping_status":"closed","template":"","meta":[],"product_brand":[],"product_cat":[202],"product_tag":[],"class_list":{"0":"post-10761","1":"product","2":"type-product","3":"status-publish","4":"has-post-thumbnail","6":"product_cat-aroma-oils","8":"first","9":"outofstock","10":"shipping-taxable","11":"purchasable","12":"product-type-variable","13":"has-default-attributes"},"_links":{"self":[{"href":"https:\/\/airshiptrips.com\/de\/wp-json\/wp\/v2\/product\/10761","targetHints":{"allow":["GET"]}}],"collection":[{"href":"https:\/\/airshiptrips.com\/de\/wp-json\/wp\/v2\/product"}],"about":[{"href":"https:\/\/airshiptrips.com\/de\/wp-json\/wp\/v2\/types\/product"}],"replies":[{"embeddable":true,"href":"https:\/\/airshiptrips.com\/de\/wp-json\/wp\/v2\/comments?post=10761"}],"wp:featuredmedia":[{"embeddable":true,"href":"https:\/\/airshiptrips.com\/de\/wp-json\/wp\/v2\/media\/12933"}],"wp:attachment":[{"href":"https:\/\/airshiptrips.com\/de\/wp-json\/wp\/v2\/media?parent=10761"}],"wp:term":[{"taxonomy":"product_brand","embeddable":true,"href":"https:\/\/airshiptrips.com\/de\/wp-json\/wp\/v2\/product_brand?post=10761"},{"taxonomy":"product_cat","embeddable":true,"href":"https:\/\/airshiptrips.com\/de\/wp-json\/wp\/v2\/product_cat?post=10761"},{"taxonomy":"product_tag","embeddable":true,"href":"https:\/\/airshiptrips.com\/de\/wp-json\/wp\/v2\/product_tag?post=10761"}],"curies":[{"name":"wp","href":"https:\/\/api.w.org\/{rel}","templated":true}]}}