{"id":10741,"date":"2025-10-08T12:22:24","date_gmt":"2025-10-08T12:22:24","guid":{"rendered":"https:\/\/megaroboticsacademy.com\/shop\/unkategorisiert\/jasmine-oil\/"},"modified":"2025-11-18T20:45:55","modified_gmt":"2025-11-18T20:45:55","slug":"jasmin-ol","status":"publish","type":"product","link":"https:\/\/airshiptrips.com\/de\/shop\/aroma-oils\/jasmin-ol\/","title":{"rendered":"Jasmin\u00f6l"},"content":{"rendered":"<p>F\u00fcr die Chinesen symbolisiert Jasmin weibliche G\u00fcte, Anmut und Zartheit, und auch ein Mittel, um Wohlstand und Romantik anzuziehen. In Thailand ist Jasmin das Symbol der Mutterschaft, w\u00e4hrend in Indien Jasmin in religi\u00f6sen Zeremonien der Hindus verwendet wird.<\/p>\n<p>Jasmin, auch bekannt als Sommer Jasmin, Dichter Jasmin, wei\u00dfer Jasmin oder echter Jasmin, ist die Nationalblume Pakistans, wo sie allgemein unter dem Namen Chameli bekannt ist. Das Wort Jasmin leitet sich vom arabischen Wort \u201eYasmin\u201c ab, was duftende Blume bedeutet. Jasmin wird von G\u00e4rtnern in der ganzen gem\u00e4\u00dfigten Welt besonders f\u00fcr den intensiven Duft seiner Blumen gesch\u00e4tzt.<\/p>\n<h3><b>Jasmin Herkunft &amp; Eigenschaften<\/b><\/h3>\n<p>Jasminum officinale oder einfach Jasmin ist eine bl\u00fchende Pflanzenart aus der Olivenfamilie der Oleaceae. Es stammt aus dem Nordiran, Afghanistan, Pakistan, dem Himalaya, Tadschikistan, Indien, Nepal und Westchina. Diese Art ist in vielen L\u00e4ndern weit verbreitet. Jasminum officinale ist ein kr\u00e4ftiger, gewundener, heller, Laub-wechselnder Kletterpflanze mit sternenklaren, rein wei\u00dfen Bl\u00fcten, die die Quelle seines berauschenden Duftes sind. Die Bl\u00fctenbl\u00e4tter des Jasmins sind normalerweise in Dreierwirbeln angeordnet oder gefiedert. Die Bl\u00fcten sind im Allgemeinen wei\u00df mit einem r\u00f6hrenf\u00f6rmigen, gespaltenen Kelch mit zwei Staubbl\u00e4ttern, die in der Kronr\u00f6hre eingeschlossen sind, und einem zweizelligen Eierstock.<\/p>\n<p>Jasmin ist ein bekanntes Volksheilmittel zur Behandlung von Hepatitis in S\u00fcdchina. Es hat in vitro eine antivirale Aktivit\u00e4t gezeigt. Als pflanzliches Mittel wird es in der Dermatologie wegen seiner antiseptischen und entz\u00fcndungshemmenden Wirkung eingesetzt.<br \/>\nJasmine Absolue ist als \u201eK\u00f6nig der \u00d6le\u201c bekannt. Der schwere, s\u00fc\u00dfe Duft wird allgemein von den meisten geliebt. Die Blumen verstr\u00f6men in der Abendd\u00e4mmerung ihren verlockendes Aroma ab, daher werden die Blumen nachts gepfl\u00fcckt und eine kleine Menge \u00d6l daraus gewonnen. Obwohl das Ergebnis ein sehr teures \u00d6l ist, kann dieses konzentrierte Produkt in sehr kleinen Mengen verwendet werden. Der Duft von Jasmin wird als beruhigend und entspannend beschrieben, ohne den Schlaf zu induzieren. Jasmin wird in der Aromatherapie wegen seiner entspannenden Eigenschaften verwendet.<\/p>\n<h3><b>Jasmin\u00f6l &amp; Vorteile<\/b><\/h3>\n<p>Jasmin ist seit vielen Jahrhunderten f\u00fcr seinen s\u00fc\u00dfes, romantisches Aroma bekannt und wird in einigen der bekanntesten Parfums der Welt verwendet. Es wird auch zur Herstellung von Tee verwendet und ist eine h\u00e4ufige Zutat in alkoholischen Getr\u00e4nken, S\u00fc\u00dfigkeiten und Desserts.<\/p>\n<p>Jasmin\u00f6l enth\u00e4lt Komponenten mit antiseptischen und entz\u00fcndungshemmenden Eigenschaften, die eine Reihe von gesundheitlichen Vorteilen bieten. Obwohl es ein beliebtes Hausmittel ist, das zur Behandlung einer Vielzahl von Krankheiten eingesetzt wird, die von Depressionen bis zu Infektionen reichen, ist es historisch am besten als Aphrodisiakum bekannt.<\/p>\n<p><b>Krampfl\u00f6send<br \/>\n<\/b>Jasmin wird als Hausmittel zur Behandlung von Kr\u00e4mpfen und Spasmen in verschiedenen K\u00f6rperteilen wie Magenkr\u00e4mpfen und krampfhaftem Husten eingesetzt. In einer Studie wurde eine wirksame Linderung von Kontraktionen durch topische Verwendung von verd\u00fcnntem Jasmin\u00f6l zur Massage festgestellt. Weitere wissenschaftliche Erkenntnisse \u00fcber die F\u00e4higkeit von Jasmin\u00f6l, Kr\u00e4mpfe zu reduzieren, sind jedoch sehr begrenzt. In jedem Fall wird die Verwendung von Jasmin\u00f6l zur Massage der Muskeln sicherlich nicht schaden, und jede Linderung durch Kr\u00e4mpfe ist ein Bonus.<\/p>\n<p><b>Antiseptikum<br \/>\n<\/b>Es wurde gezeigt, dass Jasmin\u00f6l antibakterielle Eigenschaften hat. Seine antiseptischen Wirkungen wurden ausf\u00fchrlich untersucht und es wurde gezeigt, dass es tats\u00e4chlich eine Vielzahl von Bakterien bek\u00e4mpft. In einer Studie wurde festgestellt, dass nat\u00fcrliches Jasmin\u00f6l eine antibakterielle Aktivit\u00e4t gegen einen bestimmten E.-coli Stamm zeigt. Eine andere Studie identifizierte antimikrobielle Aktivit\u00e4t gegen verschiedene orale Mikroorganismen, einschlie\u00dflich E.-coli, L.-casei und S.-mutans. Es wirkte auch als antimikrobielles Mittel gegen alle Arten von Candida, die Bakterien, die Soor verursachen. Jasmin\u00f6l kann sehr wirksam bei der Behandlung und Vorbeugung von Infektionen sein, wenn es in verd\u00fcnnter Form auf die Haut aufgetragen oder als Sp\u00fclung f\u00fcr orale Infektionen wie Soor verwendet wird.<\/p>\n<p><b>Wundheilung<br \/>\n<\/b>Die antiseptischen Eigenschaften von Jasmin sind bei der Behandlung von Hautinfektionen von Vorteil. Jasmin\u00f6l kann die Wundheilung durch die Bildung von Narbengewebe f\u00f6rdern. Forschungen zufolge hat Jasmin\u00f6l auch entz\u00fcndungshemmende Eigenschaften, was es zu einem n\u00fctzlichen Mittel bei der allgemeinen Hautpflege und der Behandlung von Psoriasis macht. Eine k\u00fcrzlich durchgef\u00fchrte Tierstudie ergab, dass Jasmin Extrakt die Heilung chronischer Wunden wie diabetischer Geschw\u00fcre beschleunigen kann. Es erh\u00f6hte die Wundkontraktion signifikant und erh\u00f6hte die Bildung von Granulationsgewebe und neuen Blutgef\u00e4\u00dfen. Das Auftragen von verd\u00fcnntem Jasmin\u00f6l auf kleinere Wunden wie Kratzer und Schnitte kann eine schnellere Heilung f\u00f6rdern.<\/p>\n<p><b>Aphrodisiakum<br \/>\n<\/b>Es wird angenommen, dass der romantische Duft von Jasmin aphrodisierende Wirkungen hat. Seit vielen Jahrhunderten wird es als Parf\u00fcm getragen und in Teilen Indiens werden Jasminbl\u00fcten h\u00e4ufig als Dekoration bei Hochzeiten und im Schlafzimmer des Brautpaares verwendet, um die Stimmung f\u00fcr Romantik zu schaffen.<\/p>\n<p>Trotz der Tatsache, dass es kaum wissenschaftliche Beweise gibt, die seine Wirkung als Aphrodisiakum belegen, wissen wir, dass das Einatmen von Jasmin-Duft durch Verwendung in Aromatherapie oder Massage die Stimmung verbessert, romantische und positive Gef\u00fchle steigert und das Energieniveau erh\u00f6ht. Laut einer kleinen Studie, die die Beziehung zwischen aromatischen Ger\u00fcchen und sexueller Reaktion untersucht, hat Jasmin eine stimulierende Wirkung auf Gehirnwellen, was die Aufmerksamkeit f\u00fcr sexuelle Signale erh\u00f6hen und die Durchblutung der Genitalien erh\u00f6hen kann. K\u00f6rperw\u00e4rme verst\u00e4rkt das angenehme Aroma von Jasmin. Das Auftragen von Jasmin\u00f6l auf den Hals kann daher einen willkommenen Beitrag zur Aufwertung der Schlafzimmerangelegenheiten leisten. Ein paar Tropfen Jasmin\u00f6l auf der Bettw\u00e4sche, in einem warmen Bad oder im Schlafzimmer k\u00f6nnen den gleichen Effekt haben.<\/p>\n<h3><b>Jasmin\u00f6l &amp; Aromatherapie<\/b><\/h3>\n<p>Jasmin\u00f6l ist ein bevorzugtes Hausmittel, von dem angenommen wird, dass es eine Reihe von gesundheitlichen Vorteilen hat. Jasmin\u00f6l ist eine beliebte Anwendung in der Aromatherapie und hat sich als besonders wirksam f\u00fcr Massagezwecke erwiesen. Eine Studie ver\u00f6ffentlichte die Auswirkungen des Einatmens von Jasmin\u00f6l auf das Zentralnervensystem und die Stimmung. Beim Einatmen beeinflusste Jasmin\u00f6l die Gehirnaktivit\u00e4t und die Stimmung. Die Teilnehmer berichteten, dass sie sich positiver und energetischer f\u00fchlten und die romantischen Gef\u00fchle zunahmen. Nutzen Sie die mentalen Vorteile der Aromatherapie mit Jasmin\u00f6l, indem Sie sie als Massage\u00f6l oder in einem Diffusor verwenden oder direkt aus der Flasche einatmen. Jasmin\u00f6l wirkt beruhigend, antidepressiv und angstl\u00f6send, vermittelt ein Gef\u00fchl von Selbstvertrauen und Euphorie und ist daher ein hervorragendes Mittel gegen Apathie, Gleichg\u00fcltigkeit und Lustlosigkeit.<\/p>\n<p><b>Antidepressivum<br \/>\n<\/b>Es gibt Hinweise darauf, dass die Aromatherapie depressive Symptome wirksam reduzieren kann. Untersuchungen ergaben, dass \u00e4therisches Jasmin\u00f6l im Vergleich zu einem Placebo die Verhaltenserregung erh\u00f6ht. Dies beinhaltete einen signifikanten Anstieg der Blutsauerstoffs\u00e4ttigung, der Atemfrequenz und des Blutdrucks. Die Teilnehmer, die Jasmin\u00f6l verwendeten, berichteten auch, dass sie sich wacher f\u00fchlten. Es wurde der Schluss gezogen, dass die stimulierende und aktivierende Wirkung von Jasmin\u00f6l zur Linderung von Depressionen und zur Verbesserung der Stimmung n\u00fctzlich sein k\u00f6nnte.<\/p>\n<p><b>Beruhigungsmittel<br \/>\n<\/b>Neben den best\u00e4tigten Beweisen, dass Jasmin\u00f6l die Aufmerksamkeit und das Energieniveau erh\u00f6hen kann, gibt es auch Beweise, die eine beruhigende Wirkung zeigen. Eine \u00e4ltere Studie ergab, dass das Aroma von Jasmin Tee in der niedrigsten Konzentration eine beruhigende Wirkung auf Stimmungszust\u00e4nde und Nervenaktivit\u00e4t hatte. In einer neueren Studie wurden Menschen mit generalisierter Angstst\u00f6rung gebeten, \u00fcber 10 Tage t\u00e4glich 5 Minuten lang das Aroma von Jasmin\u00f6l einzuatmen. Das \u00e4therische Jasmin\u00f6l schien die Symptome eines erh\u00f6hten Geisteszustands signifikant zu lindern und Schlaflosigkeit, Herzklopfen und Reizbarkeit zu verbessern.<\/p>\n<p><b>Reduziert Wechseljahrsbeschwerden<br \/>\n<\/b>Es ist nichts Neues, \u00e4therische \u00d6le zu verwenden, um Symptome von MPS und Wechseljahren wie Hitzewallungen und Stimmungsschwankungen zu lindern. Obwohl nur begrenzte Hinweise vorliegen, hat sich gezeigt, dass das Jasmin Aroma die Stimmung wirksam verbessert und Depressionen reduziert. Einmal pro Woche (\u00fcber einen Zeitraum von zwei Monaten) reduziert eine Massage oder Aromatherapie mit Jasmin\u00f6l die Symptome der Menopause erheblich.<\/p>\n<p><b>Galaktagogen<br \/>\n<\/b>Galaktagogen sind nat\u00fcrliche Substanzen in Kr\u00e4utern, die die Laktation f\u00f6rdern oder verbessern k\u00f6nnen. Zu diesem Zweck ist die Jasminbl\u00fcte ein beliebtes Hausmittel \u2013 stillende M\u00fctter in Teilen Indiens tragen aufgrund dieser Assoziation Jasminbl\u00fcten im Haar. Einige Experten glauben, dass die Auswirkungen der Inhalation von Jasmin auf das Gehirn mit hormonellen Ver\u00e4nderungen zusammenh\u00e4ngen k\u00f6nnen, die zu einer erh\u00f6hten Laktation f\u00fchren.<\/p>\n<p>&nbsp;<\/p>\n","protected":false},"excerpt":{"rendered":"<p><b>Marke<\/b>: Nefertiti for natural oils and herbs<b><br \/>\n<\/b><b>Herkunftsland<\/b>: Mittlerer Osten<b><br \/>\n<\/b><b>Botanischer Name:\u00a0<\/b>Jasminum Officinale<br \/>\n<b>Familie<\/b>:\u00a0Oleaceae<br \/>\n<b>INCI<\/b>:\u00a0Jasminum Officinale Reines Aroma\u00f6l<br \/>\n<b>Verwendete Teile<\/b>: Blatter<br \/>\n<b>Extraktionsmethode<\/b>:\u00a0Wasserdampfdestillation<br \/>\n<b>Duft<\/b>: sinnlich, warm, exotisch, intensiv und s\u00fc\u00df<br \/>\n<b>Aussehen<\/b>: goldgelb bis braun<br \/>\n<b>Physikalischer Zustand<\/b>: Fl\u00fcssigkeit<br \/>\n<b>Nat\u00fcrlich<\/b>: Ja<br \/>\n<b>Reinheit<\/b>: 100 %\u00a0rein<br \/>\n<b>Zertifikate:\u00a0\u00a0ISO &amp; MSDS<br \/>\n<\/b><b>Komposition:reines Aroma\u00f6l<br \/>\n<\/b><b>Versand<\/b>: Berechnet an der Kasse<\/p>\n","protected":false},"featured_media":12926,"comment_status":"open","ping_status":"closed","template":"","meta":[],"product_brand":[],"product_cat":[202],"product_tag":[],"class_list":{"0":"post-10741","1":"product","2":"type-product","3":"status-publish","4":"has-post-thumbnail","6":"product_cat-aroma-oils","8":"first","9":"instock","10":"shipping-taxable","11":"purchasable","12":"product-type-variable","13":"has-default-attributes"},"_links":{"self":[{"href":"https:\/\/airshiptrips.com\/de\/wp-json\/wp\/v2\/product\/10741","targetHints":{"allow":["GET"]}}],"collection":[{"href":"https:\/\/airshiptrips.com\/de\/wp-json\/wp\/v2\/product"}],"about":[{"href":"https:\/\/airshiptrips.com\/de\/wp-json\/wp\/v2\/types\/product"}],"replies":[{"embeddable":true,"href":"https:\/\/airshiptrips.com\/de\/wp-json\/wp\/v2\/comments?post=10741"}],"wp:featuredmedia":[{"embeddable":true,"href":"https:\/\/airshiptrips.com\/de\/wp-json\/wp\/v2\/media\/12926"}],"wp:attachment":[{"href":"https:\/\/airshiptrips.com\/de\/wp-json\/wp\/v2\/media?parent=10741"}],"wp:term":[{"taxonomy":"product_brand","embeddable":true,"href":"https:\/\/airshiptrips.com\/de\/wp-json\/wp\/v2\/product_brand?post=10741"},{"taxonomy":"product_cat","embeddable":true,"href":"https:\/\/airshiptrips.com\/de\/wp-json\/wp\/v2\/product_cat?post=10741"},{"taxonomy":"product_tag","embeddable":true,"href":"https:\/\/airshiptrips.com\/de\/wp-json\/wp\/v2\/product_tag?post=10741"}],"curies":[{"name":"wp","href":"https:\/\/api.w.org\/{rel}","templated":true}]}}