{"id":10726,"date":"2025-10-08T12:22:57","date_gmt":"2025-10-08T12:22:57","guid":{"rendered":"https:\/\/megaroboticsacademy.com\/shop\/unkategorisiert\/mango-oil\/"},"modified":"2025-11-18T20:39:41","modified_gmt":"2025-11-18T20:39:41","slug":"mango-oil","status":"publish","type":"product","link":"https:\/\/airshiptrips.com\/de\/shop\/aroma-oils\/mango-oil\/","title":{"rendered":"Mango\u00f6l"},"content":{"rendered":"<div class=\"woocommerce-tabs wc-tabs-wrapper\">\n<div id=\"tab-description\" class=\"woocommerce-Tabs-panel woocommerce-Tabs-panel--description panel entry-content wc-tab\" role=\"tabpanel\" aria-labelledby=\"tab-title-description\">\n<p>Mango Rinde, Bl\u00e4tter, Haut, Fleisch und der Kern werden seit Jahrhunderten in Volksheilmitteln verwendet. In indischen ayurvedischen Behandlungen werden Mango bl\u00e4tter seit Tausenden von Jahren verwendet. D\u00e4mpfe verbrannter Bl\u00e4tter k\u00f6nnen eingeatmet werden, um Schluckauf und Halsschmerzen zu heilen, w\u00e4hrend die gesammelte Asche zur Abdeckung von Wunden verwendet wird.<\/p>\n<p>Der Mangobaum gilt in Indien als heilig. Seine Bl\u00e4tter h\u00e4ngen \u00fcber den T\u00fcren, da sie ein Symbol f\u00fcr Gl\u00fcck und Wohlstand sind. Das in Indien entwickelte Paisley-Muster basiert auf der Form der Mango.<\/p>\n<p>Der Artname der Mango ist Mangiferi Indica, was einfach \u201eindische Pflanze mit Mangos\u201c bedeutet.<\/p>\n<h3><b>Mango Herkunft &amp; Eigenschaften<\/b><\/h3>\n<p>Der Mangobaum ist langlebig, einige Exemplare sind bekannterma\u00dfen 300 Jahre alt und tragen immer noch Fr\u00fcchte. Dieser immergr\u00fcne Baum ist aufrecht, bis zu einer H\u00f6he von etwa 10 bis 30 m, mit einem breiten, abgerundeten Baldachin, der mit zunehmendem Alter eine Breite von 30 bis 38 m erreichen kann, oder einer schlankeren aufrechten Krone. Bl\u00e4tter h\u00e4ngen wie B\u00e4nder an schlanken Blattstielen, die haupts\u00e4chlich in Rosetten an den Spitzen der Zweige und zahlreichen Zweigen getragen werden. Neue Bl\u00e4tter erscheinen unregelm\u00e4\u00dfig und zu unterschiedlichen Zeiten auf jeweils wenigen Zweigen. Zuerst sind die Bl\u00e4tter gelblich, rosa, tief rosa oder weinrot und mit der Zeit werden sie dunkelgr\u00fcn und gl\u00e4nzend. Ausgereifte Bl\u00e4tter k\u00f6nnen 10-32 cm lang sein. Hunderte, vielleicht sogar bis zu 4.000, kleine, gelbliche oder r\u00f6tliche Bl\u00fcten werden in \u00fcppigen, auff\u00e4lligen, aufrechten, pyramidenf\u00f6rmigen, verzweigten B\u00fcscheln getragen: 25 bis 98 % von ihnen sind m\u00e4nnlich, der Rest zwittrig.<\/p>\n<p>Mango Fr\u00fcchte gibt es in vielen Variationen in Form, Gr\u00f6\u00dfe, Farbe und Zusammensetzung. Ihre ziemlich dicke Haut ist ledrig, wachsartig und glatt und variiert in der Farbe von hell oder dunkelgr\u00fcn bis hellgelb, gelb-orange und rot-rosa mit einem oft (dunkel) roten bis purpurroten Rouge. Einige haben einen \u201eTerpentin\u201c-\u00e4hnlichen Geruch und Geschmack, w\u00e4hrend andere reich und angenehm duftend sind. Das Pfirsich-artige Fleisch ist faserig (bei einigen S\u00e4mlingen \u00fcberm\u00e4\u00dfig \u201efaserig\u201c), extrem saftig und hat einen Geschmacksbereich von sehr s\u00fc\u00df bis sauer.<\/p>\n<p>Eine interessante Tatsache \u00fcber den Mangobaum ist seine besondere Eigenschaft, dass sein Wachstum einen Prozess verursacht, der als Kohlenstoffbindung bezeichnet wird \u2013 den Prozess der Entfernung von Kohlenstoff aus der Atmosph\u00e4re. Die B\u00e4ume nehmen Kohlendioxid aus der Umwelt auf und bilden daraus Stamm, Zweige, Bl\u00e4tter und Fr\u00fcchte. W\u00e4hrend dieses Prozesses wird Sauerstoff erzeugt und an die Atmosph\u00e4re abgegeben. Im mexikanischen Bundesstaat Chiapas wurde festgestellt, dass ein durchschnittlicher Mangobaum siebenmal mehr Kohlenstoff aufnehmen kann, als emittiert wird.<\/p>\n<p>Aufgrund dieser einzigartigen F\u00e4higkeit, \u00fcbersch\u00fcssiges Kohlendioxid zu absorbieren, werden Mango bl\u00e4tter (kombiniert mit Ringelblumenbl\u00fcten) in hinduistischen Kulturen als girlandenartige Dekoration verwendet, um die T\u00fcren von H\u00e4usern bei allen gro\u00dfen hinduistischen Festen sowie bei gro\u00dfen religi\u00f6sen Versammlungen und Festen zu schm\u00fccken.<\/p>\n<p>Traditionell werden Mango bl\u00e4tter f\u00fcr nat\u00fcrliche Heilungsanwendungen wie Durchfall, Ruhr, Erkrankungen des Magen-Darm-Trakts, Skorbut, Typhus, Halsschmerzen und als Fiebermittel verwendet.<\/p>\n<p>Untersuchungen haben die antibakteriellen und antiseptischen Eigenschaften von Mango bl\u00e4ttern gezeigt und sind zu dem Schluss gekommen, dass die Verwendung von Mango bl\u00e4ttern in ein gutes Hausmittel zur Aufrechterhaltung der Mundhygiene ist.<br \/>\nGemeldete Aktivit\u00e4ten umfassen entz\u00fcndungshemmende, antioxidative, antihyperglyk\u00e4mische, antiulcerogene und anti hypertensive Eigenschaften. In Volksheilmitteln wurde das Abkochen von Bl\u00e4ttern gegen Durchfall und urogenitale Entz\u00fcndungen, Bronchitis und Asthma sowie zur \u00e4u\u00dferlichen Anwendung beim Baden oder Waschen gegen Kr\u00e4tze und Syphilis verwendet.<\/p>\n<h3><b>Mango-\u00d6l &amp; Vorteile<\/b><\/h3>\n<p>Mango bl\u00e4tter sind reich an verschiedenen N\u00e4hrstoffen. Sie enthalten Tannine, Antioxidantien, Flavonoide, Vitamine A, B und C sowie Phenol-Verbindungen, die zur Kontrolle von Diabetes und zur Senkung des Blutdrucks beitragen k\u00f6nnen. Sie haben starke antioxidative Eigenschaften aufgrund des hohen Gehalts an Flavonoiden und Phenolen. Dar\u00fcber hinaus wurde gezeigt, dass Mango bl\u00e4tter starke antimykotische und entz\u00fcndungshemmende Eigenschaften haben. Beim Zerkleinern geben die Bl\u00e4tter einen Terpentin-\u00e4hnlichen Geruch und Geschmack ab. Mango bl\u00e4tter k\u00f6nnen auch getrocknet und zur Herstellung von Tee verwendet werden.<\/p>\n<p>Mango-\u00d6l, das durch Wasserdampfdestillation der Bl\u00e4tter erhalten wird, ist wei\u00df bis gelblich gef\u00e4rbt und hat bei Raumtemperatur eine viskose Struktur. Dieses nat\u00fcrliche \u00d6l ist ein nicht trocknendes \u00d6l, da es weniger als 20 % mehrfach unges\u00e4ttigte Fetts\u00e4uren enth\u00e4lt. Je h\u00f6her der Gehalt an mehrfach unges\u00e4ttigten Fetts\u00e4uren (z. B. Linols\u00e4ure oder Linolens\u00e4ure) ist, desto schneller trocknet das \u00d6l an der Luft (Wachsen). Dies macht Mango-\u00d6l besser geeignet f\u00fcr trockene, rissige und \/ oder reife Haut. F\u00fcr eine fettigere Haut sollte das \u00d6l trockener sein.<\/p>\n<h3><b>Mango-\u00d6l f\u00fcr die Hautpflege<\/b><\/h3>\n<p>Mango-\u00d6l wird als nat\u00fcrlicher Schutz und Ern\u00e4hrung f\u00fcr die Haut verwendet. Es zieht schnell ein und hinterl\u00e4sst keine fettige Schicht auf der Haut.<\/p>\n<p>Mango-\u00d6l ist ein wichtiger Bestandteil der allgemeinen Hautpflege und bietet optimalen Schutz f\u00fcr trockene und empfindliche Haut. Mango-\u00d6l ist ein reines und unverarbeitetes Produkt und daher auch f\u00fcr \u00fcberempfindliche Haut geeignet. Hauterkrankungen wie Psoriasis und Ekzeme k\u00f6nnen von der Verwendung von Mango-\u00d6l stark profitieren. Das \u00d6l pflegt, sch\u00fctzt und repariert die betroffene Haut und eignet sich im Allgemeinen sehr gut f\u00fcr die t\u00e4gliche Pflege und die Hydration trockener Haut sowie f\u00fcr die Schutzpflege empfindlicherer Bereiche wie der Lippen.<\/p>\n<p><b><i>Hemmt Akne<\/i><\/b>\u00a0\u2013 Wenn Sie regelm\u00e4\u00dfig \u00e4therisches Mango-\u00d6l als Peeling verwenden, kann Akne wirksam gehemmt werden. Da das \u00d6l leicht von der Haut aufgenommen wird, spendet es Feuchtigkeit, ohne die Poren zu verstopfen.<\/p>\n<p><b><i>Beruhigt Insektenstiche<\/i><\/b>\u00a0\u2013 Insektenstiche k\u00f6nnen effektiv mit \u00e4therischem Mango-\u00d6l behandelt werden. Es hilft, die Entz\u00fcndung zu lindern und den Juckreiz der Haut zu lindern. Dar\u00fcber hinaus ist es auch ein geeignetes Mittel zur Behandlung von Sonnenbrand und kleineren Wunden oder Verletzungen.<\/p>\n<p><b><i>Anti-Aging<\/i><\/b>\u00a0\u2013 Ein weiterer Vorteil der antioxidativen Wirkung von \u00e4therischem Mango-\u00d6l besteht darin, dass es die Produktion gesunder Zellen stimuliert, Feuchtigkeit spendet, die Haut gl\u00e4ttet und ihr ein jugendliches Aussehen verleiht.<\/p>\n<h3><b>Mango-\u00d6l f\u00fcr die Haarpflege<\/b><\/h3>\n<p>Fetts\u00e4uren mit den Vitaminen A, C und E k\u00f6nnen das Haar n\u00e4hren, mit Feuchtigkeit versorgen und sogar st\u00e4rken. Seit Jahrhunderten wird das \u00d6l verwendet, um Haarfollikel zu st\u00e4rken, das Volumen zu erh\u00f6hen und den Haarausfall zu reduzieren. Es sch\u00fctzt vor sch\u00e4dlichen UV-Strahlen und Sch\u00e4den, die an Haar und Kopfhaut entstehen k\u00f6nnen. Das \u00e4therische Mango-\u00d6l wird empfohlen, um sowohl gesundes Haar als auch gesunde Kopfhaut zu erhalten.<\/p>\n<\/div>\n<\/div>\n<section class=\"related-wrapper\"><\/section>\n","protected":false},"excerpt":{"rendered":"<p><b>Marke<\/b>: Nefertiti for natural oils and herbs<b><br \/>\n<\/b><b>Herkunftsland<\/b>: Mittlerer Osten<b><br \/>\n<\/b><b>Botanischer Name:\u00a0<\/b>Mangifera Indica<br \/>\n<b>Familie<\/b>:\u00a0Anacardiaceae<br \/>\n<b>INCI<\/b>:\u00a0Mangifera Indica Reines Aroma\u00f6l<br \/>\n<b>Verwendete Teile<\/b>: Blatter<br \/>\n<b>Extraktionsmethode<\/b>:\u00a0Wasserdampfdestillation<br \/>\n<b>Duft<\/b>: s\u00fc\u00df und k\u00f6stlich tropisch<br \/>\n<b>Aussehen<\/b>:\u00a0wei\u00df bis gelblich<br \/>\n<b>Physikalischer Zustand<\/b>: Fl\u00fcssigkeit<br \/>\n<b>Nat\u00fcrlich<\/b>: Ja<br \/>\n<b>Reinheit<\/b>: 100 %\u00a0rein<br \/>\n<b>Zertifikate:\u00a0ISO &amp; MSDS<br \/>\n<\/b><b>Komposition:\u00a0reines Aroma\u00f6l<br \/>\n<\/b><b>Versand<\/b>: Berechnet an der Kasse<\/p>\n","protected":false},"featured_media":12906,"comment_status":"open","ping_status":"closed","template":"","meta":[],"product_brand":[],"product_cat":[202],"product_tag":[],"class_list":{"0":"post-10726","1":"product","2":"type-product","3":"status-publish","4":"has-post-thumbnail","6":"product_cat-aroma-oils","8":"first","9":"instock","10":"shipping-taxable","11":"purchasable","12":"product-type-variable","13":"has-default-attributes"},"_links":{"self":[{"href":"https:\/\/airshiptrips.com\/de\/wp-json\/wp\/v2\/product\/10726","targetHints":{"allow":["GET"]}}],"collection":[{"href":"https:\/\/airshiptrips.com\/de\/wp-json\/wp\/v2\/product"}],"about":[{"href":"https:\/\/airshiptrips.com\/de\/wp-json\/wp\/v2\/types\/product"}],"replies":[{"embeddable":true,"href":"https:\/\/airshiptrips.com\/de\/wp-json\/wp\/v2\/comments?post=10726"}],"wp:featuredmedia":[{"embeddable":true,"href":"https:\/\/airshiptrips.com\/de\/wp-json\/wp\/v2\/media\/12906"}],"wp:attachment":[{"href":"https:\/\/airshiptrips.com\/de\/wp-json\/wp\/v2\/media?parent=10726"}],"wp:term":[{"taxonomy":"product_brand","embeddable":true,"href":"https:\/\/airshiptrips.com\/de\/wp-json\/wp\/v2\/product_brand?post=10726"},{"taxonomy":"product_cat","embeddable":true,"href":"https:\/\/airshiptrips.com\/de\/wp-json\/wp\/v2\/product_cat?post=10726"},{"taxonomy":"product_tag","embeddable":true,"href":"https:\/\/airshiptrips.com\/de\/wp-json\/wp\/v2\/product_tag?post=10726"}],"curies":[{"name":"wp","href":"https:\/\/api.w.org\/{rel}","templated":true}]}}