{"id":10711,"date":"2025-10-08T12:22:56","date_gmt":"2025-10-08T12:22:56","guid":{"rendered":"https:\/\/megaroboticsacademy.com\/shop\/unkategorisiert\/grapefruit-oil\/"},"modified":"2025-11-18T20:12:46","modified_gmt":"2025-11-18T20:12:46","slug":"grapefruit-oil","status":"publish","type":"product","link":"https:\/\/airshiptrips.com\/de\/shop\/aroma-oils\/grapefruit-oil\/","title":{"rendered":"Grapefruit\u00f6l"},"content":{"rendered":"<div class=\"woocommerce-tabs wc-tabs-wrapper\">\n<div id=\"tab-description\" class=\"woocommerce-Tabs-panel woocommerce-Tabs-panel--description panel entry-content wc-tab\" role=\"tabpanel\" aria-labelledby=\"tab-title-description\">\n<p>Bitters\u00fc\u00df, saftig und farbenfroh \u2013 Grapefruits erscheinen in verschiedenen Farben. Sogar das Fruchtfleisch ist bunt und reicht von gelb oder rosa bis tiefrot \u2013 je dunkler die Farbe des Fleisches, desto s\u00fc\u00dfer der Geschmack. R\u00f6tliche Flecken auf der dicken Haut zeigen die Fr\u00fcchte mit dunkelrotem Fruchtfleisch. Diese exotischen Fr\u00fcchte verdanken ihre sch\u00f6nen Farbt\u00f6ne den Farbstoffen Carotin und Lycopin. Der bittere Geschmack ist auf Naringin zur\u00fcckzuf\u00fchren.<\/p>\n<p>Das wunderbar frische, aber scharfe und bitters\u00fc\u00dfe Aroma von Grapefruit erfrischt den Geist und sorgt f\u00fcr ein erhebendes Gef\u00fchl und eine positive Einstellung. Untersuchungen zeigten einen \u00fcberraschenden Nebeneffekt: durch das Aroma von Grapefruit beeinflusst, erscheint eine Frau in der Wahrnehmung von M\u00e4nnern bis zu sechs Jahre j\u00fcnger.<\/p>\n<h3><b>Grapefruit Herkunft &amp; Eigenschaften<\/b><\/h3>\n<p>Grapefruit (Citrus x Paradies) ist eine Hybride, die urspr\u00fcnglich auf Barbados angebaut wurde. Es ist eine Kreuzung zwischen S\u00fc\u00dforange (Citrus sinensis) und Pampelmuse (Citrus maxima). Sein Name ist auf die Tatsache zur\u00fcckzuf\u00fchren, dass die Fr\u00fcchte in Gruppen wachsen \u2013 Weintrauben \u00e4hnlich. Grapefruit ist schon ein Vergn\u00fcgen zu essen, aber es ist au\u00dferdem ein definitiver Gesundheitsfreak! Sein Geschmack und sein Aroma sind nur ein Bruchteil der gesunden Vorteile, die Grapefruits bieten, was sofort das offensichtliche Geheimnis des \u00e4therischen \u00d6ls enth\u00fcllt, das aus dieser Superfrucht gewonnen wird. Das \u00e4therische Grapefruit\u00f6l n\u00e4hrt den K\u00f6rper und belebt Haut und Haare. Es ist mit Antioxidantien gef\u00fcllt und daher als Heilmittel f\u00fcr eine Vielzahl von Erkrankungen n\u00fctzlich.<\/p>\n<p>Die in mehreren Studien identifizierte Zusammensetzung von Grapefruit\u00f6l besteht aus Terpenen, Sesquiterpenen und Aldehyden. Limonen ist der am h\u00e4ufigsten vorkommende Bestandteil in diesem \u00d6l. Die Kombination dieser Inhaltsstoffe zeigt antioxidative und entz\u00fcndungshemmende Aktivit\u00e4ten. Grapefruit\u00f6l hat einen frischen, zitrischen Duft, der beim Einatmen einen Hauch von Frische ausstrahlt. Das Aroma beruhigt K\u00f6rper und Geist und hat sich daher in der Aromatherapie seine Sporen verdient. Es wird (auch in Kombination mit anderen \u00e4therischen \u00d6len) zur Linderung von psychischem Stress und Depressionen, bei der Behandlung von postpartalen Erkrankungen nach einem schweren Trauma oder nach der Geburt, sowie bei schweren Behandlungen wie Chemotherapie oder Strahlentherapie eingesetzt.<\/p>\n<h3><b>Grapefruit\u00f6l &amp; Vorteile<\/b><\/h3>\n<p>Lass uns einfach gleich darauf eingehen!!<\/p>\n<p><b>Stimuliert das Immunsystem<br \/>\n<\/b>Grapefruit\u00f6l ist reich an Antioxidantien und damit einer der besten Booster f\u00fcr das Immunsystem. Es reinigt den K\u00f6rper von Giftstoffen und freien Radikalen und sorgt f\u00fcr einen reibungslosen Ablauf des Lymphsystems. Es kann vorzeitiges Altern, Ged\u00e4chtnisverlust und Verlust des Sehverm\u00f6gens verhindern.<\/p>\n<p><b>Antibakteriell und antimikrobiell<br \/>\n<\/b>Die starken antibakteriellen und antimikrobiellen Wirkungen von Grapefruit\u00f6l zeigten (in Reagenzglas Studien) antimikrobielle Eigenschaften gegen potenziell sch\u00e4dliche Bakterien wie Staphylococcus aureus, Enterococcus faecalis und Escherichia coli. Im Vergleich zu anderen \u00e4therischen \u00d6len erwies sich Grapefruit\u00f6l als eines der st\u00e4rksten in Bezug auf seine antimikrobielle Wirkung gegen MRSA \u2013 eine Gruppe von Bakterien, die h\u00e4ufig gegen g\u00e4ngige Antibiotika resistent sind.<\/p>\n<h3><b>Grapefruit\u00f6l f\u00fcr die Hautpflege<\/b><\/h3>\n<p><b>Akne behandeln<\/b><b><br \/>\n<\/b>Das \u00e4therische Grapefruit\u00f6l kann zu einer gesunden Haut beitragen, indem es Hauterkrankungen wie Akne vorbeugt und behandelt. Aufgrund des erfrischenden Geruchs und der starken antibakteriellen und antioxidativen Wirkung sind \u00e4therische Zitrus\u00f6le in einer Vielzahl von Hautpflegeprodukten wie Gesichtslotionen und Cremes enthalten. Die Kraft von Zitrus\u00f6len ist die F\u00e4higkeit, die Haut frei von Bakterien zu halten, was den Heilungsprozess von Akne unterst\u00fctzt.<\/p>\n<p>Pickel und Akne sind meist das Ergebnis abgestorbener Hautzellen, \u00fcbersch\u00fcssigen \u00d6ls und \/ oder Bakterien, die die Haarfollikel verstopfen. Grapefruit\u00f6l entfernt die Verunreinigungen, die zum Verstopfen der Haarfollikel f\u00fchren. Gleichzeitig hilft es, die Talgdr\u00fcsen Aktivit\u00e4t zu regulieren, die Talgproduktion zu verringern und die Bildung von Bakterien zu verhindern, die normalerweise zu Schwellungen und Infektionen f\u00fchren. Dieses erstaunliche \u00e4therische \u00d6l reinigt und desinfiziert die Haut und kann Ihrem Gesichtsreiniger hinzugef\u00fcgt werden. In Kombination mit einem Tr\u00e4ger\u00f6l sind die Ergebnisse noch beeindruckender.<\/p>\n<p><b>Gesichtsreiniger<br \/>\n<\/b>Akne und Hautunreinheiten sind eine Sache, aber wir alle halten unsere Gesichter gerne sauber, um zu verhindern, dass sich diese unsch\u00f6nen Mitesser, wei\u00dfen K\u00f6pfe und Hautunreinheiten bilden. Grapefruit\u00f6l hilft, die Haut klar und frisch zu halten und die Poren tief zu reinigen.<br \/>\nGrapefruit\u00f6l eignet sich auch hervorragend zur Herstellung eines reinigenden Toners f\u00fcr Ihr Gesicht. Dieser Toner reduziert fettige Haut, verkleinert gro\u00dfe Poren und strafft die Haut.<\/p>\n<p><b>Reduziert Cellulite<br \/>\n<\/b>Grapefruit\u00f6l ist eines der beliebtesten \u00d6le unter Aromatherapeuten zur Behandlung von Cellulite. Es hat entgiftende, abnehmende und durchblutungsf\u00f6rdernde Eigenschaften, die dazu beitragen, Cellulite und Wassereinlagerungen im K\u00f6rper zu reduzieren.<\/p>\n<p><b>Nat\u00fcrliches Deodorant<br \/>\n<\/b>Schwitzen ist eine normale biologische Funktion des K\u00f6rpers, die wichtig ist, um die K\u00f6rpertemperatur konstant zu halten und den K\u00f6rper zu k\u00fchlen. Hei\u00dfes Wetter oder Bewegung, einschlie\u00dflich geistiger Anstrengung oder Nervosit\u00e4t, erh\u00f6hen das Schwitzen. Wir sprechen von \u00fcberm\u00e4\u00dfigem Schwitzen, wenn der K\u00f6rper trotz geringer Aktivit\u00e4t immer noch mehr Schwei\u00df produziert. Und dann gibt es die duftende Nebenwirkung des Schwitzens, f\u00fcr die viele Produkte erh\u00e4ltlich sind, die alle chemische Bestandteile enthalten. Grapefruit\u00f6l eignet sich ideal als 100 % nat\u00fcrliches Deodorant, da es die Schwei\u00dfproduktion der Schwei\u00dfdr\u00fcsen reduziert und das Wachstum geruchsverursachender Bakterien hemmt.<\/p>\n<p><b>Grapefruit\u00f6l und Durchblutung<br \/>\n<\/b>Das erfrischend riechende Grapefruit\u00f6l ist die perfekte L\u00f6sung f\u00fcr all Ihre Kr\u00e4mpfe, steifen Muskeln, geschwollenen F\u00fc\u00dfe, Kater, morgendliche \u00dcbelkeit und sogar Arthritis. Es verbessert die Durchblutung, verhindert Fl\u00fcssigkeitsansammlungen und lindert K\u00f6rperstress durch eingeatmete Schadstoffe oder durch das Trinken alkoholischer Getr\u00e4nke. Regelkr\u00e4mpfe k\u00f6nnen auch gelindert werden, indem ein wenig Grapefruit\u00f6l auf die schmerzende Stelle massiert wird.<\/p>\n<p>Grapefruit\u00f6l hat mehrere Eigenschaften, die den Blutdruck und Stress senken k\u00f6nnen. Hoher Blutdruck (Hypertonie) ist eine h\u00e4ufige Erkrankung, von der viele betroffen sind, und der Einsatz nat\u00fcrlicher Therapien ist w\u00fcnschenswerter geworden. Eine k\u00fcrzlich durchgef\u00fchrte klinische Studie hat gezeigt, dass das Einatmen von Zitrus\u00f6len unter anderem unmittelbare und lang anhaltende Auswirkungen auf die Senkung von Blutdruck und Stress hat. Dar\u00fcber hinaus zeigte es eine Abnahme des Cortisols \u2013 eines Hormons, das als Reaktion auf Stress freigesetzt wird. In einer anderen Studie kamen die Forscher zu dem Schluss, dass der prim\u00e4re Wirkstoff Limonen wahrscheinlich dazu beitr\u00e4gt.<\/p>\n<h3><b>Grapefruit\u00f6l f\u00fcr die Haarpflege<\/b><\/h3>\n<p><b>Gesundes Haar<br \/>\n<\/b>Massieren Sie Ihr Haar mit Grapefruit\u00f6l, um das Haarwachstum zu f\u00f6rdern und das Haar gesund zu halten. Es verleiht Ihrem Haar ein gl\u00e4nzendes, gesundes Aussehen. Eine Haarmaske wird einfach hergestellt, indem etwas \u00e4therisches Grapefruit\u00f6l mit Orange, Zitrone und Salbei \u00d6l gemischt wird. Lassen Sie die Maske nach dem Auftragen 30 Minuten einwirken, bevor Sie sie abwaschen. Dieses Verfahren reinigt effektiv die Kopfhaut und verleiht Ihrem Haar Sprungkraft, Vitalit\u00e4t und einen insgesamt wunderbaren Duft.<\/p>\n<p><b>Reinigt das Haar<br \/>\n<\/b>Unser Haar ist t\u00e4glich Umweltverschmutzung und einer Vielzahl anderer Faktoren wie Schmutz, Staub, Pollen, Chlor und anderen Verunreinigungen ausgesetzt. Dies allein ist Grund genug, die Haare regelm\u00e4\u00dfig zu reinigen. Jedoch die in unseren \u00fcblichen Haarpflegeprodukten (wie Haarsprays, Cremes und Gele) enthaltenen Chemikalien,\u00a0 k\u00f6nnen auch die Haarfollikel verstopfen, wodurch das Haar seinen Glanz verliert und weniger gesund erscheint. Als 100 % nat\u00fcrliche Reinigungsmethode kann eine Massage mit Grapefruit\u00f6l dazu beitragen, Unreinheiten aus dem Haarfollikel zu entfernen, ohne das Haar zu besch\u00e4digen. Dies ist besonders gut f\u00fcr eine fettigere Kopfhaut. Das atemberaubende Ergebnis ist weiches und seidiges Haar, das leicht zu b\u00fcrsten und zu entwirren ist, sowie eine wunderbar saubere Kopfhaut.<\/p>\n<p><b>Kontrolle von Schuppen<br \/>\n<\/b>Die tief reinigende Wirkung von \u00e4therischem Grapefruit\u00f6l wirkt sich auch positiv auf die Bek\u00e4mpfung von Schuppen aus. Es f\u00f6rdert gesunde Haarfollikel und Haarwuchs. F\u00fcgen Sie einfach ein paar Tropfen Grapefruit\u00f6l zu Ihrem \u00fcblichen Shampoo hinzu und lassen Sie die Magie wirken!<\/p>\n<p><b>Aromatisches Haarwasser<br \/>\n<\/b>M\u00f6chten Sie den Geruch Ihrer Haare verbessern? Oder m\u00f6gen Sie den Duft Ihres Shampoos nicht? Das Bef\u00fcllen einer Spr\u00fchflasche mit Wasser und ein paar Tropfen \u00e4therischem Grapefruit\u00f6l ist eine sch\u00f6ne und nat\u00fcrliche Methode, um das Haar zu deodorieren. Nach dem Waschen und Trocknen einfach auf das Haar spr\u00fchen \u2013 genie\u00dfen Sie den erfrischenden s\u00fc\u00dfen Duft.<\/p>\n<h3><b>Grapefruit\u00f6l &amp; Aromatherapie<\/b><\/h3>\n<p>Das verj\u00fcngende, entspannende Aroma von Grapefruit\u00f6l kann f\u00fcr eine Vielzahl von Zwecken verwendet werden. Leiden Sie unter einem Winter-Blues, f\u00fchlen Sie sich nicht gut oder f\u00fchlen Sie sich lustlos? Ben\u00f6tigen Sie einen allgemeinen Schub oder eine verbesserte Konzentration und Fokus? Das \u00e4therische Grapefruit\u00f6l kann die Antwort auf all diese und weitere Fragen sein.<\/p>\n<p>Grapefruit\u00f6l belebt und erfrischt den Geist, verbessert den Stoffwechsel und stimuliert die Fettverbrennung. Das \u00d6l wirkt entgiftend auf die Organe, adstringierend f\u00fcr die Haut und aktiviert mit seinem frischen, bitters\u00fc\u00dfen Aroma die Lebensfreude. Das \u00d6l ist reich an Antioxidantien und bek\u00e4mpft so Verspannungen, M\u00fcdigkeit, Erk\u00e4ltungen, Stress und Kopfschmerzen. Das Verdampfen und Einatmen dieses \u00d6ls gleicht das Hormonsystem aus und erh\u00f6ht die Konzentration.<\/p>\n<p><b>Angstzust\u00e4nde und Depression<br \/>\n<\/b>Grapefruit\u00f6l kann aufgrund seiner Zusammensetzung und in Kombination mit anderen \u00e4therischen \u00d6len angespannte Nerven beruhigen. Massieren mit Grapefruit\u00f6l kann helfen, perioperative Angstzust\u00e4nde bei Patienten zu bek\u00e4mpfen. Depressionen k\u00f6nnen durch die Verwendung von Grapefruit\u00f6l in der Aromatherapie effizient behandelt werden. Dieses \u00e4therische \u00d6l regt das Gehirn an, Hormone zu produzieren, die die Stimmung heben und den Geist erfrischen.<\/p>\n<p><b>Kann Appetit unterdr\u00fccken<br \/>\n<\/b>Untersuchungen zeigen, dass eine Aromatherapie mit Grapefruit\u00f6l n\u00fctzlich sein k\u00f6nnte, um den Appetit zu unterdr\u00fccken. Eine andere Studie ergab, dass der Duft von Grapefruit\u00f6l den Appetit durch erh\u00f6hte Aktivit\u00e4t im Vagusnerv des Magens bei Nagetieren senkte. Dieser Nerv spielt eine wichtige Rolle bei der Stimulierung der Produktion von Magens\u00e4ften, die f\u00fcr die Verdauung ben\u00f6tigt werden.<\/p>\n<p>Grapefruit\u00f6l kann verdampft werden oder, mit einem Tr\u00e4ger\u00f6l verd\u00fcnnt, topisch auf die Haut aufgetragen werden. Um Erk\u00e4ltungs- und Grippesymptome zu lindern, kann Grapefruit\u00f6l in einer Aromalampe oder einem Vaporizer verwendet werden. Das Einatmen des diffusen \u00d6ls hilft, Blockaden zu beseitigen, das Energieniveau zu steigern und sich erfrischt zu f\u00fchlen.<\/p>\n<h3><b>Sichere Verwendung von Grapefruit\u00f6l<\/b><\/h3>\n<p>Grapefruit\u00f6l verursacht im Allgemeinen keine Reizungen. Es wird dringend davon abgeraten, dieses \u00d6l kurz vor Sonneneinstrahlung auf die Haut aufzutragen, da es phototoxisch ist. Dieses \u00d6l ist nicht zum Verzehr bestimmt und Kontakt mit den Augen sollte vermieden werden. Das Einatmen von verdampftem Grapefruit\u00f6l durch einen Verdampfer, einen Duftdiffusor oder auf ein Taschentuch birgt kein Risiko.<\/p>\n<\/div>\n<\/div>\n","protected":false},"excerpt":{"rendered":"<p>&nbsp;<\/p>\n<div class=\"woocommerce-product-details__short-description\">\n<p><b>Marke<\/b>: Nefertiti for natural oils and herbs<b><br \/>\n<\/b><b>Herkunftsland<\/b>: Mittlerer Osten<b><br \/>\n<\/b><b>Botanischer Name:\u00a0<\/b>Citrus X Paradise<br \/>\n<b>Familie<\/b>:\u00a0Rutaceae<br \/>\n<b>INCI<\/b>:\u00a0Citrus X Paradise\u00a0Reines Aroma\u00f6l<br \/>\n<b>Verwendete Teile<\/b>: Sch\u00e4len<br \/>\n<b>Extraktionsmethode<\/b>:\u00a0Wasserdampfdestillation<br \/>\n<b>Duft<\/b>: Scharf erfrischend<br \/>\n<b>Aussehen<\/b>:\u00a0Hellgelb oder hell rubinrot<br \/>\n<b>Physikalischer Zustand<\/b>: Fl\u00fcssigkeit<br \/>\n<b>Nat\u00fcrlich<\/b>: Ja<br \/>\n<b>Reinheit<\/b>: 100 %\u00a0rein<br \/>\n<b>Zertifikate: \u00a0ISO &amp; MSDS<\/b><br \/>\n<b>Komposition:\u00a0reines Aroma\u00f6l<\/b><br \/>\n<b>Versand<\/b>: Berechnet an der Kasse<\/p>\n<\/div>\n","protected":false},"featured_media":12894,"comment_status":"open","ping_status":"closed","template":"","meta":[],"product_brand":[],"product_cat":[202],"product_tag":[],"class_list":{"0":"post-10711","1":"product","2":"type-product","3":"status-publish","4":"has-post-thumbnail","6":"product_cat-aroma-oils","8":"first","9":"instock","10":"shipping-taxable","11":"purchasable","12":"product-type-variable","13":"has-default-attributes"},"_links":{"self":[{"href":"https:\/\/airshiptrips.com\/de\/wp-json\/wp\/v2\/product\/10711","targetHints":{"allow":["GET"]}}],"collection":[{"href":"https:\/\/airshiptrips.com\/de\/wp-json\/wp\/v2\/product"}],"about":[{"href":"https:\/\/airshiptrips.com\/de\/wp-json\/wp\/v2\/types\/product"}],"replies":[{"embeddable":true,"href":"https:\/\/airshiptrips.com\/de\/wp-json\/wp\/v2\/comments?post=10711"}],"wp:featuredmedia":[{"embeddable":true,"href":"https:\/\/airshiptrips.com\/de\/wp-json\/wp\/v2\/media\/12894"}],"wp:attachment":[{"href":"https:\/\/airshiptrips.com\/de\/wp-json\/wp\/v2\/media?parent=10711"}],"wp:term":[{"taxonomy":"product_brand","embeddable":true,"href":"https:\/\/airshiptrips.com\/de\/wp-json\/wp\/v2\/product_brand?post=10711"},{"taxonomy":"product_cat","embeddable":true,"href":"https:\/\/airshiptrips.com\/de\/wp-json\/wp\/v2\/product_cat?post=10711"},{"taxonomy":"product_tag","embeddable":true,"href":"https:\/\/airshiptrips.com\/de\/wp-json\/wp\/v2\/product_tag?post=10711"}],"curies":[{"name":"wp","href":"https:\/\/api.w.org\/{rel}","templated":true}]}}