{"id":10653,"date":"2025-10-08T12:23:27","date_gmt":"2025-10-08T12:23:27","guid":{"rendered":"https:\/\/megaroboticsacademy.com\/shop\/unkategorisiert\/eucalyptus-oil\/"},"modified":"2025-11-18T17:44:13","modified_gmt":"2025-11-18T17:44:13","slug":"eucalyptus-oil","status":"publish","type":"product","link":"https:\/\/airshiptrips.com\/de\/shop\/aroma-oils\/eucalyptus-oil\/","title":{"rendered":"Eukalyptus\u00f6l"},"content":{"rendered":"<div class=\"woocommerce-tabs wc-tabs-wrapper\">\n<div id=\"tab-description\" class=\"woocommerce-Tabs-panel woocommerce-Tabs-panel--description panel entry-content wc-tab\" role=\"tabpanel\" aria-labelledby=\"tab-title-description\">\n<p>Der Eukalyptusbaum kann sich m\u00fchelos an verschiedene Umgebungen anpassen. Diese Eigenschaft beruht auf der genetischen Zusammensetzung des Baumes, die auch sicherstellt, dass dieser Baum leicht und schneller Holz produziert, was zu einem schnelleren Wachstum f\u00fchrt. Einige bezeichnen den Eukalyptus als Gummibaum, tats\u00e4chlich ist diese Referenz falsch, da die Sekretion aus der Rinde eine Tannin-\u00e4hnliche Substanz namens Kino ist.<\/p>\n<p>Kino ist eine rote, aromatische, klebrige Substanz, die aus der Rinde freigesetzt wird. Dieses Tonikum hat eine adstringierende Wirkung, die Aborigines verwendeten es bei Durchfall und topisch bei Halsschmerzen, Fieber, Wunden und Geschw\u00fcren \u2013 das adstringierende Tannin stoppt die Blutung.<\/p>\n<p>Der Eukalyptusbaum liefert auch Manna. Manna wird durch Insektensch\u00e4den verursacht, die dazu f\u00fchren, dass Rinde und Bl\u00e4tter eine s\u00fc\u00dfe essbare Substanz absondern \u2013 roten Gummi oder Manna. Diese Substanz enth\u00e4lt viele Zucker (Arabinose, Raffinose, Dextrose und Saccharose), hat einen angenehm s\u00fc\u00dfen Geschmack und ist leicht abf\u00fchrend. Es wurde von den Aborigines von den Bl\u00e4ttern aufgenommen oder abgekratzt, stark bedeckte Bl\u00e4tter wurden zerkleinert und gebacken.<\/p>\n<p>Der Eukalyptus globulus ist die h\u00e4ufigste unter den 800 Eukalyptusarten. Dieser Baum hat die F\u00e4higkeit, die f\u00fcr Malaria verantwortliche anophelische M\u00fccke zu bek\u00e4mpfen, die den Spitznamen \u201eFever Tree\u201c hervorbrachte. Seine larviziden Eigenschaften legen nahe, dass \u00e4therisches Eukalyptus\u00f6l eine potenzielle Quelle wertvoller larvizider Verbindungen gegen Malaria Vektoren und eine ideale Alternative zu synthetischen Insektiziden darstellt.<\/p>\n<h3><b>Eukalyptus Herkunft &amp; Eigenschaften<\/b><\/h3>\n<p>Der Name Eukalyptus bezieht sich auf das Deckblatt oder die Kappe auf den Bl\u00fcten, die die Staubbl\u00e4tter sch\u00fctzen \u2013 abgeleitet von der griechischen \u201eeu\u201c, was \u201egut\u201c bedeutet, und \u201ecalyptos\u201c, was \u201ebedeckt\u201c bedeutet. Unter g\u00fcnstigen Bedingungen kann der schnell wachsende Eukalyptusbaum eine H\u00f6he von mehr als 110 Metern erreichen.<\/p>\n<p>Der Baum ist in Australien beheimatet, wo etwa drei Viertel der Vegetation von Eukalyptusb\u00e4umen oder -str\u00e4uchern gebildet wird. Sie wachsen in ganz Australien, au\u00dfer in den trockensten Gebieten, in denen die Akazie ihren Platz einnimmt. Nachdem der Eukalyptusbaum im 19. Jahrhundert in Europa als Zierbaum eingef\u00fchrt wurde, entwickelte er bestimmte Eigenschaften, die in seinem heimischen Boden nicht vorhanden waren. Beispielsweise scheidet er Chemikalien aus, die den umgebenden Boden vergiften und das Wachstum anderer Pflanzen in der N\u00e4he verhindern.<\/p>\n<p>Das Aussehen des Stammes und der Rinde hat viele verschiedene Formen und Gestalten \u2013 von abbl\u00e4tternd bis glatt, gerippt oder gespalten, und einige haben sogar sch\u00f6ne Farben, von Wei\u00df und Grau bis Rosa bei einigen Sorten. Die zahlreichen sch\u00f6nen Bl\u00fcten sind bunt und enthalten viel Nektar, die Frucht ist eine holzige kleine Kapsel.<br \/>\nW\u00e4hrend des Wachstums \u00e4ndern sich Form und Farbe der Bl\u00e4tter. Junge Bl\u00e4tter sind bl\u00e4ulich und rund, ohne Stiel, sie wachsen sich gegen\u00fcber und sind nach oben gerichtet. Ihr Aussehen wird mit zunehmendem Alter ledrig, l\u00e4nglich und sichelf\u00f6rmig, die Farbe wechselt zu gr\u00fcn. Um den \u00d6l- oder Wasserverlust durch Verdunstung zu minimieren, h\u00e4ngen die geh\u00e4rteten Bl\u00e4tter herab und sch\u00fctzen vor Sonnenlicht. Obwohl der hohe Gehalt an fl\u00fcchtigen \u00d6len in den Bl\u00e4ttern den Eukalyptus anf\u00e4llig f\u00fcr Waldbr\u00e4nde macht, bieten spezielle Anpassungen in Rinde und Stamm Schutz.<\/p>\n<p>Die Eukalyptusindustrie behauptet, je besser das Holz, desto weniger \u00d6l enth\u00e4lt der Baum \u2013 andererseits ist das Holz eines Baumes, der viel gutes \u00d6l produziert, von geringer Bedeutung. Es gibt ungef\u00e4hr 10 bis 20 Arten von letzteren.<\/p>\n<h3><b>Eukalyptus\u00f6l &amp; Vorteile<\/b><\/h3>\n<p>Heutzutage werden Eukalyptusb\u00e4ume auf der ganzen Welt angebaut und wegen ihrer heilenden Eigenschaften verwendet. Der hohe Cineolgehalt ist verantwortlich f\u00fcr den sch\u00e4rferen Geruch des Eukalyptus globulus im Vergleich zu anderen Eukalyptusarten. Das \u00d6l dieser Gattung ist das bekannteste und Bestandteil vieler Produkte, einschlie\u00dflich Zahnpasta, Hustensaft und Kaugummi.<\/p>\n<p>Eukalyptus\u00f6l wird aus den getrockneten, zerkleinerten und destillierten Bl\u00e4ttern und Zweigen extrahiert. Dieses \u00d6l hat eine hellgelbe Farbe und die fl\u00fcchtigen Aldehyde k\u00f6nnen die Schleimh\u00e4ute reizen. Es ist desinfizierend und sehr wirksam gegen Fu\u00dfpilz, Entz\u00fcndungen, Erk\u00e4ltungen und raue, trockene H\u00e4nde. \u00c4therisches \u00d6l aus Eukalyptus ist nur zur \u00e4u\u00dferlichen Anwendung geeignet.<\/p>\n<h3><b>Eukalyptus\u00f6l<\/b><\/h3>\n<p><b>Lindert Erk\u00e4ltungs- und Grippesymptome\u00a0<\/b><b>\u00a0\u00a0\u00a0\u00a0<\/b><b><br \/>\n<\/b>Eukalyptus\u00f6l wird seit langem zur Linderung von Husten verwendet. Es ist einer der Wirkstoffe in einigen rezeptfreien Hustens\u00e4ften und beliebten Reibungsprodukten, die auf Brust und Rachen aufgetragen werden k\u00f6nnen, um Hustensymptome bei Erk\u00e4ltung oder Grippe zu lindern. Eukalyptus\u00f6l kann einen Husten stillen und dabei helfen, Schleim aus der Brust zu l\u00f6sen und zu entfernen, indem sein Dampf eingeatmet wird. Die Verwendung eines Eukalyptus\u00f6l enthaltenden Reibens hat den gleichen Effekt. Diese Eigenschaften k\u00f6nnen auch n\u00fctzlich sein, um die Symptome von Asthma zu reduzieren.<\/p>\n<p><b>Desinfiziert Wunden<\/b><b><br \/>\n<\/b>In die Fu\u00dfstapfen der australischen Ureinwohner getreten, die Eukalyptus Bl\u00e4tter zur Behandlung von Wunden und zur Vorbeugung von Infektionen verwendeten, eignet sich Eukalyptus\u00f6l in verd\u00fcnnter Form zur topischen Anwendung auf der Haut. Dieses \u00e4therische \u00d6l kann Entz\u00fcndungen bek\u00e4mpfen und die Heilung der Haut f\u00f6rdern. Es eignet sich zur Behandlung von oberfl\u00e4chlichen Schnitten, leichten Verbrennungen oder anderen Verletzungen.<\/p>\n<p><b>Beruhigt Fieberbl\u00e4schen<\/b><b><br \/>\n<\/b>Die entz\u00fcndungshemmenden Eigenschaften von Eukalyptus k\u00f6nnen die Symptome von Herpes lindern. Das Auftragen von Eukalyptus\u00f6l auf Fieberbl\u00e4schen kann Schmerzen lindern und den Heilungsprozess beschleunigen.<\/p>\n<p><b>Lindert Schmerzen<\/b><br \/>\nUntersuchungen legen nahe, dass Eukalyptus\u00f6l Gelenkschmerzen lindert. Tats\u00e4chlich enthalten viele beliebte rezeptfreie Cremes und Salben, die zur Linderung von Schmerzen bei Erkrankungen wie Arthrose und rheumatoider Arthritis entwickelt wurden, \u00e4therisches Eukalyptus\u00f6l. Eukalyptus\u00f6l lindert Schmerzen und Entz\u00fcndungen, die mit vielen Erkrankungen verbunden sind. Es kann auch bei R\u00fcckenschmerzen oder bei der Genesung von Gelenk- oder Muskelverletzungen hilfreich sein.<\/p>\n<p><b>Insektenschutz<\/b><b><br \/>\n<\/b>Als wirksame und 100 % nat\u00fcrliche Alternative zu allgemein erh\u00e4ltlichen Insektenschutzprodukten ist Eukalyptus\u00f6l ideal geeignet, um M\u00fccken und andere bei\u00dfende Insekten in Schach zu halten.<\/p>\n<p><b>Erfrischt den Atem<\/b><b><br \/>\n<\/b>Aufgrund seiner antibakteriellen Eigenschaften kann Eukalyptus\u00f6l verwendet werden, um die Keime zu bek\u00e4mpfen, die einen ungl\u00fccklichen Mundgeruch verursachen. G\u00e4ngige Mundw\u00e4sser und Zahnpasten enthalten dieses \u00d6l bereits als Wirkstoff. Verwenden Sie dieses \u00d6l verd\u00fcnnt als Mundwasser oder Zahnpasta. Es kann Plaque Bildung auf den Z\u00e4hnen verhindern und das Zahnfleisch vor bakteriellen Infektionen sch\u00fctzen.<\/p>\n<h3><b>Eukalyptus\u00f6l &amp; Aromatherapie<\/b><\/h3>\n<p>Das \u00e4therische Eukalyptus\u00f6l ist ein reinigendes, aufhellendes und immun st\u00e4rkendes \u00d6l, das sich ideal f\u00fcr die Anwendung auf der Haut und in der Aromatherapie, sowie als Oberfl\u00e4chenreiniger und Textilerfrischer eignet.<\/p>\n<p>Der k\u00fchlende Duft von Eukalyptus\u00f6l lindert geistige Ersch\u00f6pfung, indem er die Durchblutung des Gehirns anregt, den Geist stimuliert und verj\u00fcngt. Wenn die Nasennebenh\u00f6hlen verstopft sind und der Eukalyptus Dampf die ganze Nacht \u00fcber im Schlafzimmer verbreitet wird, k\u00f6nnen die Naseng\u00e4nge gereinigt und sch\u00e4dliche Bakterien in der Luft beseitigt werden.<\/p>\n<\/div>\n<\/div>\n","protected":false},"excerpt":{"rendered":"<p><strong>Marke<\/strong>: Nefertiti for natural oils and herbs<br \/>\n<strong>Herkunftsland<\/strong>: Mittlerer Osten<br \/>\n<strong>Botanischer Name<\/strong>:\u00a0Eucalyptus Globulus<br \/>\n<strong>Familie<\/strong>:\u00a0Myrtaceae<br \/>\n<strong>INCI<\/strong>: Eruca Sativa (Rucola Samen) \u00d6l<br \/>\n<strong>Synonyme<\/strong>:\u00a0Eucalyptus Globulus Reines Aroma\u00f6l<br \/>\n<strong>Verwendete Teile<\/strong>: Bl\u00e4tter<br \/>\n<strong>Extraktionsmethode<\/strong>:\u00a0Wasserdampfdestillation<br \/>\n<strong>Duft<\/strong>: minzig, kampferartig \u2013 scharf und sehr scharf<br \/>\n<strong>Aussehen<\/strong>: farblos<br \/>\n<strong>Physikalischer Zustand<\/strong>: Fl\u00fcssigkeit<br \/>\n<strong>Nat\u00fcrlich<\/strong>: Ja<br \/>\n<strong>Reinheit<\/strong>: 100 % rein<br \/>\n<strong>Zertifikate<\/strong>: ISO &amp; MSDS<br \/>\n<strong>Komposition<\/strong>: reines Aroma\u00f6l<br \/>\n<strong>Versand<\/strong>: Berechnet an der Kasse<\/p>\n","protected":false},"featured_media":12853,"comment_status":"open","ping_status":"closed","template":"","meta":[],"product_brand":[],"product_cat":[202],"product_tag":[],"class_list":{"0":"post-10653","1":"product","2":"type-product","3":"status-publish","4":"has-post-thumbnail","6":"product_cat-aroma-oils","8":"first","9":"instock","10":"shipping-taxable","11":"purchasable","12":"product-type-variable","13":"has-default-attributes"},"_links":{"self":[{"href":"https:\/\/airshiptrips.com\/de\/wp-json\/wp\/v2\/product\/10653","targetHints":{"allow":["GET"]}}],"collection":[{"href":"https:\/\/airshiptrips.com\/de\/wp-json\/wp\/v2\/product"}],"about":[{"href":"https:\/\/airshiptrips.com\/de\/wp-json\/wp\/v2\/types\/product"}],"replies":[{"embeddable":true,"href":"https:\/\/airshiptrips.com\/de\/wp-json\/wp\/v2\/comments?post=10653"}],"wp:featuredmedia":[{"embeddable":true,"href":"https:\/\/airshiptrips.com\/de\/wp-json\/wp\/v2\/media\/12853"}],"wp:attachment":[{"href":"https:\/\/airshiptrips.com\/de\/wp-json\/wp\/v2\/media?parent=10653"}],"wp:term":[{"taxonomy":"product_brand","embeddable":true,"href":"https:\/\/airshiptrips.com\/de\/wp-json\/wp\/v2\/product_brand?post=10653"},{"taxonomy":"product_cat","embeddable":true,"href":"https:\/\/airshiptrips.com\/de\/wp-json\/wp\/v2\/product_cat?post=10653"},{"taxonomy":"product_tag","embeddable":true,"href":"https:\/\/airshiptrips.com\/de\/wp-json\/wp\/v2\/product_tag?post=10653"}],"curies":[{"name":"wp","href":"https:\/\/api.w.org\/{rel}","templated":true}]}}