{"id":10603,"date":"2025-10-08T12:23:37","date_gmt":"2025-10-08T12:23:37","guid":{"rendered":"https:\/\/megaroboticsacademy.com\/shop\/unkategorisiert\/arabian-night\/"},"modified":"2025-11-18T17:11:06","modified_gmt":"2025-11-18T17:11:06","slug":"arabian-nights","status":"publish","type":"product","link":"https:\/\/airshiptrips.com\/de\/shop\/aroma-oils\/arabian-nights\/","title":{"rendered":"Arabische Nacht"},"content":{"rendered":"<div class=\"woocommerce-tabs wc-tabs-wrapper\">\n<div id=\"tab-description\" class=\"woocommerce-Tabs-panel woocommerce-Tabs-panel--description panel entry-content wc-tab\" role=\"tabpanel\" aria-labelledby=\"tab-title-description\">\n<p>Das Parf\u00fcm Arabian Night entf\u00fchrt seinen Tr\u00e4ger mit seinem sinnlich-fruchtigen Duft in eine Traumwelt. Arabian Night ist f\u00fcr ihr m\u00e4nnliches Umfeld sehr ansprechend.<\/p>\n<p>Mit seiner sinnlich-fruchtigen Note entf\u00fchrt der Duft Arabian Night seinen Tr\u00e4ger in eine Art Fantasie. Arabian Nights ist ein Liebestrank zum Erfreuen und Verf\u00fchren. Ein idealer Duft f\u00fcr ein Date.<\/p>\n<h3>\n<b>D\u00dcFTE<\/b><\/h3>\n<p><b><i>Kopfnoten<\/i><\/b><b>:<\/b>\u00a0Kiwi, goldene Quitte und rote Litschi<\/p>\n<p><b><i>Herznoten:<\/i><\/b>\u00a0wei\u00dfe Orchidee, Jasmin, Cupcake<\/p>\n<p><b><i>Basisnoten:<\/i><\/b>\u00a0Iriswurzel, Moschus, verschiedene H\u00f6lzer<\/p>\n<p><b>Kopfnote:<\/b>\u00a0Mit der Kopfnote entfaltet sich sofort der fruchtige Duft der Kiwi-Litschi-Quitten-Mischung.<\/p>\n<p><b>Herznote:<\/b>\u00a0Die Herznote folgt sofort mit dem s\u00fc\u00dfen Duft von Jasmin sowie der wei\u00dfen Orchidee. Der s\u00fc\u00dfe Duft der Blumen verwandelt Arabian Night in einen raffinierten Duft.<\/p>\n<p>Die Herznote folgt sofort mit dem s\u00fc\u00dfen Duft von Jasmin und wei\u00dfer Orchidee. Mit dem Aufkommen der wei\u00dfen Bl\u00fcten wird Arabian Night zu einem raffinierten Duft, der dennoch eine gewisse Verspieltheit beh\u00e4lt.<\/p>\n<p><b>Basisnote:<\/b>\u00a0Jetzt wird Arabian Night zu einem wahren Dufterlebnis. Moschus tritt hervor und sorgt f\u00fcr eine sinnliche Note. Durch die Komposition aus verschiedenen H\u00f6lzern und Moschus wird Arabian Night zu einem verf\u00fchrerischen Duft, ohne aufdringlich oder schwer zu wirken.<\/p>\n<p>Arabian Night ist ein Parf\u00fcm, das die Tr\u00e4gerin mit einem langanhaltenden, einzigartigen Duft umh\u00fcllt und ihre Umgebung an dem sinnlichen Erlebnis teilhaben l\u00e4sst.<\/p>\n<p>Arabian Night entwickelt ein Aroma, das den Tr\u00e4ger mit einem lang anhaltenden, einzigartigen Duft umh\u00fcllt und mit seiner fesselnden Anziehungskraft eine s\u00fc\u00dfe Versuchung f\u00fcr die Menschen um ihn herum darstellt.<\/p>\n<h3><b>Anwendung von Nefertiti-Aromamischungen<\/b><\/h3>\n<p>Parf\u00fcmherstellung mit Aroma\u00f6lmischungen<\/p>\n<p>Unsere Nefertiti Aroma-Mischungen bieten die beste Grundlage f\u00fcr die Herstellung Ihres eigenen, ma\u00dfgeschneiderten Parf\u00fcms.<\/p>\n<p>Mischen Sie das Nefertiti-Aroma\u00f6l Ihrer Wahl mit 96 % Alkohol im Verh\u00e4ltnis 1:1, um Ihr Lieblingsparf\u00fcm zu kreieren.<\/p>\n<p>Wenn Sie Ihren Lieblingsduft in reiner Form verwenden, tragen Sie ihn nur in kleinen Mengen auf. Nur ein kleiner Tropfen reicht aus, um ihn \u00e4u\u00dferlich mit dem Finger aufzutragen, beispielsweise hinter dem Ohr einreiben.<\/p>\n<p>Tragen Sie Aromamischungen niemals unverd\u00fcnnt auf Kleidung auf, da das reine \u00d6l Flecken verursachen kann!<\/p>\n<h3><b>Andere Anwendungen<\/b><\/h3>\n<p><b><i>Aromatherapie mit Aroma Blend:<\/i><\/b>\u00a0Geben Sie ein paar Tropfen der Aroma Blend in einen Diffusor.<\/p>\n<p><b><i>Raumerfrischung mit Aroma Blend:<\/i><\/b>\u00a0Aroma\u00f6lmischung 1:2 (1) mit destilliertem Wasser (2) mischen.<\/p>\n<p><b><i>Badezusatz mit Aroma Blend:<\/i><\/b>\u00a0Umh\u00fcllen Sie sich ganz mit Ihrem Lieblingsduft! Geben Sie ein paar Tropfen der Aromamischung Ihrer Wahl in Ihr Badewasser.<\/p>\n<h3><b>Wussten Sie?<\/b><\/h3>\n<p>\u00c4gypten ist der Hauptlieferant von Aroma\u00f6len f\u00fcr alle bekannten Parf\u00fcm Marken weltweit.<\/p>\n<p>Nefertiti-Aromamischungen werden aus den Essenzen von Blumen und Kr\u00e4utern gewonnen, die unter dem Einfluss der \u00e4gyptischen Sonne in unserem landwirtschaftlichen Gebiet in Fayum wachsen. Diese Aroma\u00f6le werden durch Kaltpressung oder Destillation der Ernte in unserer eigenen Fabrik in Fayum, \u00c4gypten, gewonnen und dort abgef\u00fcllt.<br \/>\nUnsere landwirtschaftlichen Produkte sind daher von 100 % h\u00f6chster Qualit\u00e4t und bilden die gesunde Basis f\u00fcr ein hervorragendes Endprodukt.<\/p>\n<p>Nefertiti-Aromamischungen eignen sich zur Verwendung in der Aromatherapie und zur Herstellung feiner Parfums.<\/p>\n<\/div>\n<\/div>\n<section class=\"related-wrapper\"><\/section>\n","protected":false},"excerpt":{"rendered":"<p><b>Damenduft<\/b><\/p>\n<p><b>Duftnote:<\/b>\u00a0blumig-fruchtig-s\u00fc\u00df<\/p>\n<p>Das Parf\u00fcm Arabian Night entf\u00fchrt seinen Tr\u00e4ger mit seinem sinnlich-fruchtigen Duft in eine Traumwelt. Arabian Night ist f\u00fcr ihr m\u00e4nnliches Umfeld sehr ansprechend.<\/p>\n","protected":false},"featured_media":12804,"comment_status":"open","ping_status":"closed","template":"","meta":[],"product_brand":[],"product_cat":[202],"product_tag":[],"class_list":{"0":"post-10603","1":"product","2":"type-product","3":"status-publish","4":"has-post-thumbnail","6":"product_cat-aroma-oils","8":"first","9":"instock","10":"shipping-taxable","11":"purchasable","12":"product-type-variable","13":"has-default-attributes"},"_links":{"self":[{"href":"https:\/\/airshiptrips.com\/de\/wp-json\/wp\/v2\/product\/10603","targetHints":{"allow":["GET"]}}],"collection":[{"href":"https:\/\/airshiptrips.com\/de\/wp-json\/wp\/v2\/product"}],"about":[{"href":"https:\/\/airshiptrips.com\/de\/wp-json\/wp\/v2\/types\/product"}],"replies":[{"embeddable":true,"href":"https:\/\/airshiptrips.com\/de\/wp-json\/wp\/v2\/comments?post=10603"}],"wp:featuredmedia":[{"embeddable":true,"href":"https:\/\/airshiptrips.com\/de\/wp-json\/wp\/v2\/media\/12804"}],"wp:attachment":[{"href":"https:\/\/airshiptrips.com\/de\/wp-json\/wp\/v2\/media?parent=10603"}],"wp:term":[{"taxonomy":"product_brand","embeddable":true,"href":"https:\/\/airshiptrips.com\/de\/wp-json\/wp\/v2\/product_brand?post=10603"},{"taxonomy":"product_cat","embeddable":true,"href":"https:\/\/airshiptrips.com\/de\/wp-json\/wp\/v2\/product_cat?post=10603"},{"taxonomy":"product_tag","embeddable":true,"href":"https:\/\/airshiptrips.com\/de\/wp-json\/wp\/v2\/product_tag?post=10603"}],"curies":[{"name":"wp","href":"https:\/\/api.w.org\/{rel}","templated":true}]}}