{"id":10586,"date":"2025-10-08T12:22:55","date_gmt":"2025-10-08T12:22:55","guid":{"rendered":"https:\/\/megaroboticsacademy.com\/shop\/unkategorisiert\/gardenia-oil\/"},"modified":"2025-11-18T17:02:51","modified_gmt":"2025-11-18T17:02:51","slug":"gardenia-oil","status":"publish","type":"product","link":"https:\/\/airshiptrips.com\/de\/shop\/aroma-oils\/gardenia-oil\/","title":{"rendered":"Gardenia \u00d6l"},"content":{"rendered":"<div class=\"woocommerce-tabs wc-tabs-wrapper\">\n<div id=\"tab-description\" class=\"woocommerce-Tabs-panel woocommerce-Tabs-panel--description panel entry-content wc-tab\" role=\"tabpanel\" aria-labelledby=\"tab-title-description\">\n<p>Neben einem Wirbel aus blendendem Wei\u00df \u2013 das Aussehen der wachsartigen Gardenia Bl\u00fcte ist sowohl rein als auch sinnlich \u2013 gibt es dieses berauschende s\u00fc\u00dfe Aroma, das alle Ihre Geruchssensoren aus der Ferne kitzelt, eine wahre Einladung, die Nase in eine dieser wunderbaren Blumen zu stecken, die Augen zu schlie\u00dfen und ohnm\u00e4chtig zu werden.<\/p>\n<p>Neben dem Wirbel von blendendem Wei\u00df \u2013 das Aussehen der wachsartigen Gardenia Bl\u00fcte ist sowohl rein als auch sinnlich \u2013 gibt es diese berauschende S\u00fc\u00dfe, die alle Ihre Geruchssensoren aus der Ferne kitzelt und Sie einl\u00e4dt, Ihre Nase in eine dieser wunderbaren Blumen zu schieben und in Ohnmacht zu fallen. Der himmlische Duft erinnert an faule, milde Abende auf der Veranda.<\/p>\n<p>Alle Pflanzenteile sind krampfl\u00f6send, kathartisch, anthelmintisch und \u00e4u\u00dferlich antiseptisch. Die Rinde enth\u00e4lt Beta-Sitosterol und Nonakosan, die Bl\u00e4tter und Bl\u00fcten enthalten Mannit. Die Samen enthalten St\u00e4rke und ein \u00d6l, das haupts\u00e4chlich aus Palmitins\u00e4ure, \u00d6ls\u00e4ure und Linols\u00e4ure besteht. Die Wurzeln werden zur Behandlung von Kopfschmerzen, Dyspepsie, Nervenst\u00f6rungen und Fieber verwendet. Die Bl\u00e4tter werden als Umschl\u00e4ge zur Behandlung von Fieber eingesetzt und die Fr\u00fcchte werden gegen Nieren- und Lungenerkrankungen, und Gelbsucht eingesetzt.<\/p>\n<h3><b>Gardenia Herkunft &amp; Eigenschaften<\/b><\/h3>\n<p>Gardenia ist eine Gattung von Bl\u00fctenpflanzen aus der Kaffeefamilie Rubiaceae, die in den tropischen und subtropischen Regionen Afrikas, Asiens, Madagaskars, der Pazifikinseln und Australiens heimisch ist.<\/p>\n<p>Es sind immergr\u00fcne Str\u00e4ucher, die vom Zwerg bis zu einem gro\u00dfen buschigen Strauch reichen. Die Bl\u00e4tter sind dunkelgr\u00fcn und gl\u00e4nzend mit einer ledrigen Textur, die einander gegen\u00fcber oder in Wirbeln von drei oder vier wachsen. Die extrem stark duftenden Bl\u00fcten wachsen einzeln oder in kleinen B\u00fcscheln, wei\u00df oder hellgelb gef\u00e4rbt, mit einer r\u00f6hrenf\u00f6rmigen Krone. Gardenien besitzen eine Vielzahl nat\u00fcrlicher Verbindungen wie methoxylierte und sauerstoffhaltige Flavonole, Flavone und Triterpene, die sich auf den vegetativen und blumigen Knospen als gelbe bis braune Tr\u00f6pfchen von sekretiertem Harz ansammeln.<\/p>\n<h3><b>Gardenia\u00a0<\/b><b>\u00d6l\u00a0<\/b><b>&amp; Vorteile<\/b><\/h3>\n<p>Denken Sie bereits dar\u00fcber nach, Ihrem Hausmittelschrank ein sch\u00f6nes \u00e4therisches \u00d6l hinzuzuf\u00fcgen? Neben dem verf\u00fchrerischen und berauschenden Aroma von Gardenia kann Gardenia \u00d6l die richtige Wahl sein, um viele kleine und gro\u00dfe Krankheiten zu \u00fcberwinden.<br \/>\nWerfen wir einen Blick auf einige seiner vorteilhaften Eigenschaften.<\/p>\n<p><b>Antiphlogistikum<br \/>\n<\/b>Das \u00e4therische \u00d6l von Gardenia hat entz\u00fcndungshemmende Eigenschaften und ist daher ein wirksames Mittel bei der Behandlung von entz\u00fcndlichen Erkrankungen wie Arthritis, Colitis ulcerosa und Darmentz\u00fcndungen. Die beiden Spezialchemikalien in Gardenia \u00d6l (Geniposid und Genipin) sind starke entz\u00fcndungshemmende Mittel und k\u00f6nnen sogar bei der Behandlung der Symptome von Gelbsucht, \u00d6demen, Fieber und Lebererkrankungen helfen.<\/p>\n<p><b>Antibakteriell<br \/>\n<\/b>Das \u00e4therische Gardenia \u00d6l ist aufgrund seiner starken bakteriziden Eigenschaften ein wirksames Mittel zur Behandlung von bakteriellen Infektionen wie Sepsis und Tetanus. Aufgrund dieser bakteriziden Wirkung ist es auch ein gro\u00dfartiges Mittel, um Oberfl\u00e4chen keimfrei zu halten und gleichzeitig seinen sch\u00f6nen Geruch zu verbreiten. Geben Sie einfach ein paar Tropfen des Gardenia \u00d6ls in etwas Wasser, um es als Spray zu verwenden. Gardenia \u00d6l kann Sie auch vor potenziell gef\u00e4hrlichen bakteriellen Infektionen sch\u00fctzen, die durch Bakterien wie Salmonellen und E.-coli verursacht werden.<\/p>\n<p><b>Antioxidans<br \/>\n<\/b>Die Menge an Antioxidantien in Gardenia \u00d6l ist hoch! Antioxidantien sind Chemikalien, die die Bildung freier Radikale hemmen und oxidativen Stress reduzieren. Sie k\u00f6nnen auch dazu beitragen, das Krebsrisiko zu verringern und sch\u00e4dliche Toxine aus dem K\u00f6rper zu entfernen. Antioxidantien spielen eine wichtige Rolle f\u00fcr die Gesundheit der Haut, f\u00fcr die Heilung kleinerer Verletzungen und f\u00fcr die Reduzierung von Narben und Pigmentierung.<\/p>\n<p>Gardenia soll auch ein gro\u00dfartiges Mittel gegen Erk\u00e4ltungen sein. Die berichteten antibakteriellen, antioxidativen und antiviralen Verbindungen k\u00f6nnen bei der Bek\u00e4mpfung von Infektionen der Atemwege oder der Nasennebenh\u00f6hlen helfen. Reinigen Sie eine verstopfte Nase, indem Sie etwas Gardenia \u00d6l verdampfen oder ein paar Tropfen hei\u00dfes Wasser f\u00fcr ein freisetzendes Dampfbad hinzuf\u00fcgen.<\/p>\n<p><b>Vorteilhaftes Beruhigungsmittel<br \/>\n<\/b>Das \u00e4therische \u00d6l von Gardenia ist ein wirksames Beruhigungsmittel und hat viele andere gesundheitliche Vorteile, z. B. die \u00dcberwindung von Anf\u00e4llen. Einige Studien haben ergeben, dass Gardenia \u00d6l bei M\u00e4usen beruhigende, anti epileptische und hypnotische Aktivit\u00e4ten aufweist.<\/p>\n<p><b>Aphrodisiakum<br \/>\n<\/b>Als angebliches Aphrodisiakum soll das berauschende \u00e4therische \u00d6l von Gardenia die Libido anregen. Ein paar Tropfen dieses \u00d6ls, die einem Bad zugesetzt oder als anregendes Massage\u00f6l verwendet werden, k\u00f6nnen leidenschaftliche Gef\u00fchle f\u00f6rdern und die Sachen im Schlafzimmer aufpeppen.<\/p>\n<h3><b>Gardenia \u00d6l &amp; Aromatherapie<\/b><\/h3>\n<p>Das Aroma von Gardenia ist schw\u00fcl wie ein hei\u00dfer Sommerabend. Der exotische blumige Duft macht einen gro\u00dfen Teil seiner Anziehungskraft aus \u2013 k\u00fchl, k\u00fchn und frisch, aber dennoch holzig und weiblich \u2013 und macht ihn wahrscheinlich zum berauschendsten Duft der Welt.<\/p>\n<p>Wenn Sie empfindlich auf den Einfluss Stimmung f\u00f6rdernder Aromen reagieren, ist Gardenia \u00d6l bestimmt eine ausgezeichnete Wahl f\u00fcr Sie. Der blumige Duft von Gardenien hat Eigenschaften, die Entspannung hervorrufen und Stress reduzieren. Dar\u00fcber hinaus k\u00f6nnen seine antibakteriellen Eigenschaften die Luft von pathogenen Mikroben reinigen und Ger\u00fcche entfernen, wenn sie als Raumspray verwendet werden.<\/p>\n<p><b>Die Stimmung verbessern<br \/>\n<\/b>Das \u00e4therische \u00d6l von Gardenia verbessert Ihre Stimmung, reduziert Angstzust\u00e4nde und f\u00fchrt zu Entspannung. Ein belebendes Bad mit Gardenia \u00d6l oder eine K\u00f6rperw\u00e4rmende Massage k\u00f6nnen dabei helfen.<\/p>\n<p><b>Reduziert M\u00fcdigkeit und Schmerzen<br \/>\n<\/b>Gardenia Extrakt und \u00d6l werden zur Bek\u00e4mpfung von Schmerzen, Beschwerden im Zusammenhang mit Kopfschmerzen, PMS, Arthritis, Verletzungen wie Verstauchungen und Muskelkr\u00e4mpfen verwendet. Es wurde festgestellt, dass Gardenien die Durchblutung verbessern, Entz\u00fcndungen reduzieren und die Sauerstoff- und N\u00e4hrstoffversorgung von K\u00f6rperteilen f\u00f6rdern k\u00f6nnen, die geheilt werden m\u00fcssen. Aufgrund dieser F\u00e4higkeit wurde es traditionell zur Behandlung von chronischen Schmerzen, M\u00fcdigkeit und verschiedenen anderen Krankheiten eingesetzt.<\/p>\n<p><b>Verbessert die Wahrnehmung und sch\u00fctzt das Ged\u00e4chtnis<br \/>\n<\/b>Bestimmte stimulierende Eigenschaften von Gardenia k\u00f6nnen auch dazu beitragen, die Stimmung und die kognitiven Funktionen zu verbessern. Wie im chinesischen \u201eJournal of Natural Medicines\u201c ver\u00f6ffentlicht, ergab eine Studie, dass Gardenia Extrakt das Ged\u00e4chtnis verbessern kann, insbesondere bei \u00e4lteren Menschen mit Ged\u00e4chtnisdefizit, einschlie\u00dflich Alzheimer. Die Hauptkomponenten in Gardenien sind Geniposid und Gardenosid. Diese scheinen durch ihre entz\u00fcndungshemmenden Wirkungen dazu beizutragen, die zugrunde liegenden Mechanismen der Ged\u00e4chtnisst\u00f6rung anzugehen.<\/p>\n<p><b>Reduziert Depressionen und Angstzust\u00e4nde<br \/>\n<\/b>Das Aroma von Gardenia Bl\u00fcten f\u00f6rdert bekannterma\u00dfen die Entspannung und hilft Stress abzubauen. Traditionell haben die Chinesen Gardenien sowohl in die Aromatherapie als auch in die Kr\u00e4uterformeln aufgenommen, die zur Behandlung von Stimmungsst\u00f6rungen wie Depressionen, Angstzust\u00e4nden und Unruhe eingesetzt werden.<\/p>\n<p><b>Gewichtsreduzierung<br \/>\n<\/b>Einige Studien behaupten, dass Gardenia Gewichtsverlust f\u00f6rdern kann. Dies ist auf einige Verbindungen in der Bl\u00fcte zur\u00fcckzuf\u00fchren, die dazu beitragen, den Stoffwechsel zu beschleunigen und die Fettverbrennungsf\u00e4higkeit der Leber zu regulieren. Das Einatmen des Aromas von Gardenia \u00d6l, durch Zugabe einiger Tropfen in einen Diffusor, kann den Appetit unterdr\u00fccken.<\/p>\n<\/div>\n<\/div>\n<section class=\"related-wrapper\"><\/section>\n","protected":false},"excerpt":{"rendered":"<p><b>Marke<\/b>: Nefertiti for natural oils and herbs<b><br \/>\n<\/b><b>Herkunftsland<\/b>: Mittlerer Osten<b><br \/>\n<\/b><b>Botanischer Name:\u00a0<\/b>Gardenia Jasminoides<br \/>\n<b>Familie<\/b>:\u00a0Rubiaceae<br \/>\n<b>INCI<\/b>:\u00a0Gardenia Jasminoides\u00a0Reines Aroma\u00f6l<br \/>\n<b>Verwendete Teile<\/b>: Bl\u00fcten<br \/>\n<b>Extraktionsmethode<\/b>:\u00a0Wasserdampfdestillation<br \/>\n<b>Duft<\/b>: Blumig, reich, s\u00fc\u00df und warm, berauschend<br \/>\n<b>Aussehen<\/b>: Hell orange<br \/>\n<b>Physikalischer Zustand<\/b>: Fl\u00fcssigkeit<br \/>\n<b>Nat\u00fcrlich<\/b>: Ja<br \/>\n<b>Reinheit<\/b>: 100 %\u00a0rein<br \/>\n<b>Zertifikate:\u00a0<\/b>ISO &amp; MSDS<br \/>\n<b>Komposition:reines Aroma\u00f6l<br \/>\n<\/b><b>Versand<\/b>: Berechnet an der Kasse<\/p>\n","protected":false},"featured_media":12790,"comment_status":"open","ping_status":"closed","template":"","meta":[],"product_brand":[],"product_cat":[202],"product_tag":[],"class_list":{"0":"post-10586","1":"product","2":"type-product","3":"status-publish","4":"has-post-thumbnail","6":"product_cat-aroma-oils","8":"first","9":"instock","10":"shipping-taxable","11":"purchasable","12":"product-type-variable","13":"has-default-attributes"},"_links":{"self":[{"href":"https:\/\/airshiptrips.com\/de\/wp-json\/wp\/v2\/product\/10586","targetHints":{"allow":["GET"]}}],"collection":[{"href":"https:\/\/airshiptrips.com\/de\/wp-json\/wp\/v2\/product"}],"about":[{"href":"https:\/\/airshiptrips.com\/de\/wp-json\/wp\/v2\/types\/product"}],"replies":[{"embeddable":true,"href":"https:\/\/airshiptrips.com\/de\/wp-json\/wp\/v2\/comments?post=10586"}],"wp:featuredmedia":[{"embeddable":true,"href":"https:\/\/airshiptrips.com\/de\/wp-json\/wp\/v2\/media\/12790"}],"wp:attachment":[{"href":"https:\/\/airshiptrips.com\/de\/wp-json\/wp\/v2\/media?parent=10586"}],"wp:term":[{"taxonomy":"product_brand","embeddable":true,"href":"https:\/\/airshiptrips.com\/de\/wp-json\/wp\/v2\/product_brand?post=10586"},{"taxonomy":"product_cat","embeddable":true,"href":"https:\/\/airshiptrips.com\/de\/wp-json\/wp\/v2\/product_cat?post=10586"},{"taxonomy":"product_tag","embeddable":true,"href":"https:\/\/airshiptrips.com\/de\/wp-json\/wp\/v2\/product_tag?post=10586"}],"curies":[{"name":"wp","href":"https:\/\/api.w.org\/{rel}","templated":true}]}}