{"id":10566,"date":"2025-10-08T12:22:24","date_gmt":"2025-10-08T12:22:24","guid":{"rendered":"https:\/\/megaroboticsacademy.com\/shop\/unkategorisiert\/lotus-oil\/"},"modified":"2025-11-18T16:54:42","modified_gmt":"2025-11-18T16:54:42","slug":"lotus-ol","status":"publish","type":"product","link":"https:\/\/airshiptrips.com\/de\/shop\/aroma-oils\/lotus-ol\/","title":{"rendered":"Lotus \u00d6l"},"content":{"rendered":"<div class=\"woocommerce-tabs wc-tabs-wrapper\">\n<div id=\"tab-description\" class=\"woocommerce-Tabs-panel woocommerce-Tabs-panel--description panel entry-content wc-tab\" role=\"tabpanel\" aria-labelledby=\"tab-title-description\">\n<p>Entwaffnend, magisch und gelassen\u2026. Das ist es, was die Lotusblume f\u00fcr viele Menschen weltweit darstellt. Der Einfluss der Lotusblume reicht weit \u00fcber die Zeit und auf der ganzen Welt. F\u00fcr die alten \u00c4gypter symbolisierte die Lotusblume die Wiedergeburt, aber auch im Hinduismus und Buddhismus hat die symbolische Bedeutung der Lotusblume ihren Platz eingenommen. Im Hinduismus steht die Lotusblume haupts\u00e4chlich f\u00fcr Wohlstand und im Buddhismus f\u00fcr Reinheit und Erleuchtung. Der Buddhismus berichtet, dass Buddha aus einer Lotusblume geboren wurde.<\/p>\n<h3><b>Lotus Herkunft &amp; Eigenschaften<\/b><\/h3>\n<p>Lotusblume ist voller Symbolik!<br \/>\nDie tiefere Bedeutung der Lotusblume ist untrennbar mit ihrem Wachstum und Bl\u00fctenstand verbunden. Die Samen der Blume setzen sich in sumpfigen B\u00f6den ab. Je nach Wassertiefe k\u00f6nnen die Wurzelst\u00e4ngel der Lotusblume bis zu 5,5 Meter lang werden und aufh\u00f6ren zu wachsen, sobald sie die Wasseroberfl\u00e4che erreichen. Sobald sie die Oberfl\u00e4che erreicht haben, entwickeln und wachsen die Bl\u00e4tter, die einen Umfang von bis zu 60 Zentimetern haben k\u00f6nnen. Die bl\u00fchende Lotusblume kann einen Durchmesser von bis zu 25 Zentimetern haben und bl\u00fcht im Rhythmus des Tages \u2013 die Bl\u00fctenbl\u00e4tter \u00f6ffnen sich morgens und schlie\u00dfen sich abends wieder.<\/p>\n<p>Heute steht die Lotusblume f\u00fcr Reinheit. Dies ist auf die hydrophobe (w\u00f6rtlich \u201eWasserangst\u201c) Eigenschaft der Blume zur\u00fcckzuf\u00fchren, die sich auf die wasserabweisende Eigenschaft der Bl\u00fctenbl\u00e4tter bezieht. Trotz ihres Wachstums und ihrer Existenz in sumpfigen Gebieten haften Wasser oder Schlamm niemals an den Bl\u00e4ttern. Diese sogenannte Selbstreinigungsf\u00e4higkeit wird als \u201eLotus-Effekt\u201c bezeichnet. Eine weitere Besonderheit der Lotusblume ist die Tatsache, dass eine einmal ge\u00f6ffnete Blume ein ganzes Jahr lang bl\u00fcht. Infolgedessen symbolisiert die Lotusblume auch das Leben. Reife Samen finden ihren Weg ins Wasser, w\u00e4hrend sich die Blume b\u00fcckt, um sie fallen zu lassen. Die Samen bleiben sehr lange keimf\u00e4hig, manchmal Hunderte von Jahren.<br \/>\nDer gesamte Zyklus von der Verschachtelung der Samen bis zur \u00d6ffnung der Blume symbolisiert auch das innere Wachstum und den Weg zur Erleuchtung. Die reine Blume taucht aus der Dunkelheit auf, bleibt aber davon unber\u00fchrt, sobald sie den Weg zum Licht gefunden hat. Dies symbolisiert wiederum die menschliche Erleuchtung, in der Dunkelheit die Vergangenheit darstellt. Einmal \u00fcber dem Wasser vereint sich die Lotusblume mit allen vier Elementen. Wo es zuvor mit Erde und Wasser verbunden war, ist es jetzt durch Bl\u00fcte auch mit Luft und Feuer (der Sonne) verbunden. Eine ultimative Verbindung wird hergestellt \u2013 Einheit und Gleichgewicht mit der Natur.<\/p>\n<p>Sogar jede der verschiedenen Farben der Lotusblume hat ihre eigenen Assoziationen und Bedeutungen. Die wei\u00dfe Blume symbolisiert Frieden, Reinheit und Perfektion und repr\u00e4sentiert das Streben nach einem bestimmten, selbst gew\u00e4hlten Ziel. Pink dr\u00fcckt menschliches Wachstum und Kontakt mit der Seele aus und symbolisiert speziell den Weg vom unbewussten Leben (dem dunklen Sumpf) \u00fcber einen Lebensweg (den Stamm) zur Erleuchtung (der bl\u00fchenden Blume). Rot steht f\u00fcr Liebe und Leidenschaft sowie f\u00fcr Wachstum, Loyalit\u00e4t und Freundschaft. Der lila Lotus symbolisiert den Achtfachen Pfad, der zur Erleuchtung f\u00fchrt. Aus diesem Grund wird der lila Lotus oft mit acht Bl\u00fctenbl\u00e4ttern dargestellt. Die blau gef\u00e4rbte Blume ist mit dem Geist verbunden, mit Wissen, Weisheit und Lernen. Die Frucht des blauen Lotus ist immer ganz oder teilweise unter den Bl\u00fctenbl\u00e4ttern verborgen und symbolisiert die Unendlichkeit des spirituellen Wachstums.<\/p>\n<h3><b>Lotus\u00f6l &amp; Vorteile<\/b><\/h3>\n<p>Lotus\u00f6l, das rosa Absolut, wird aus den roten Lotosbl\u00fcte der Nelumbo nucifera gewonnen. Sein Duft ist warm und w\u00fcrzig exotisch und ist als starkes Aphrodisiakum bekannt. Es ist eine ideale Erg\u00e4nzung zu sinnlichen harmonischen Hautmassage\u00f6len.<br \/>\nDas \u00e4therische Lotus\u00f6l wird in vielen Hautpflegeprodukten wie Badeseifen und K\u00f6rperlotionen, als Massage\u00f6l und in der Aromatherapie verwendet. Der reichhaltige Duft vermittelt ein Gef\u00fchl der Ruhe und inspiriert den K\u00f6rper, tiefer zu atmen. Die alten R\u00f6mer verwendeten Lotus\u00f6l zur Behandlung von Atemproblemen wie Asthma. Seine erholende Wirkung erh\u00f6ht das Gef\u00fchl der ruhe. Aufgrund des kostspieligen Extraktionsprozesses wird es als eines der teuersten Attribute in der Aromatherapie angesehen.<\/p>\n<p>Dieses \u00d6l sollte vor dem Auftragen auf die Haut verd\u00fcnnt werden. Ein paar Tropfen Lotus, die einem Tr\u00e4ger\u00f6l oder einer Lotion zugesetzt werden, reduzieren Falten, R\u00f6tungen und Reizungen. Das \u00d6l regeneriert die Haut und stimuliert die Bildung von neuem Gewebe.<\/p>\n<h3><b>Lotus\u00f6l f\u00fcr die Haut<\/b><b>\u00a0<\/b><b><br \/>\n<\/b><\/h3>\n<p>Die Bestandteile des \u00e4therischen Lotus\u00f6ls sind Phosphor, Linols\u00e4ure, Vitamin C und B, Eisen, Protein und viele andere. Viele dieser n\u00fctzlichen Substanzen tragen dazu bei, die nat\u00fcrliche Sch\u00f6nheit der Haut zu erhalten und zu bewahren. Die k\u00fchlenden und beruhigenden Eigenschaften von Lotus\u00f6l f\u00f6rdern den Hautzustand und verbessern die Hautstruktur.<\/p>\n<p>Dar\u00fcber hinaus kann die adstringierende Verbindung von Lotus\u00f6l sehr wirksam bei der Heilung oder Kontrolle aktueller Sch\u00f6nheitsfehler und Akne sein. Dieses \u00d6l kann daher ein wahrer Gl\u00fccksfall f\u00fcr Teenager und einige Erwachsene sein, die Schwierigkeiten haben, diesen b\u00f6sen Hautzustand loszuwerden.<\/p>\n<h3><b>Neutralisiert freie Radikale<\/b><b><br \/>\n<\/b><\/h3>\n<p>Freie Radikale k\u00f6nnen unseren K\u00f6rper enorm sch\u00e4digen. Es kann Krebs verursachen, einen fr\u00fchen Alterungsprozess des K\u00f6rpers ausl\u00f6sen oder beschleunigen. Das Vorhandensein von Flavonoiden und Polysacchariden in Lotus\u00f6l wirkt als Antioxidans, macht es zu einem entz\u00fcndungshemmenden Mittel und befeuchtet den K\u00f6rper. Diese Eigenschaften von Lotus\u00f6l k\u00f6nnen freie Radikale neutralisieren und den K\u00f6rper vor Zellsch\u00e4den sch\u00fctzen, die sie verursachen k\u00f6nnen.<\/p>\n<h3><b>Verhindert vorzeitiges Altern<\/b><b><br \/>\n<\/b><\/h3>\n<p>Wie bereits erw\u00e4hnt, besteht einer der gesundheitlichen Vorteile von Lotus\u00f6l darin, dass es vorzeitiger Hautalterung vorbeugen kann, die sich in Falten, Sommersprossen, mattem Teint und anderen Hautproblemen \u00e4u\u00dfert. Es sollte beachtet werden, dass instabile Stimmung, Stress, schlechte Gewohnheiten wie Rauchen oder Trinken die Hauptursachen f\u00fcr vorzeitiges Altern sind. Umgekehrt tragen gesunde Lebensgewohnheiten positiv zu einer sch\u00f6nen Haut bei. Dar\u00fcber hinaus kann die Verwendung von Lotus\u00f6l die Hautpflege unterst\u00fctzen, indem sichergestellt wird, dass Toxine neutralisiert werden, was zu einer gesunden, strahlenden, glatten und jugendlich aussehenden Haut f\u00fchrt.<\/p>\n<p>Lotus\u00f6l kann leicht mit anderen \u00e4therischen \u00d6len wie Sandelholz, Zitrus oder Blumen\u00f6len gemischt werden, sodass Sie einfach Ihr eigenes Lieblings-Hautpflege\u00f6l zubereiten k\u00f6nnen.<\/p>\n<h3><b>Lotus\u00f6l &amp; Aromatherapie<\/b><\/h3>\n<p>Da wir jetzt mehr \u00fcber den \u201eheiligen\u201c Lotus wissen, ist es nicht verwunderlich, dass das \u00e4therische Lotus\u00f6l ein sehr bekanntes und in der Aromatherapie h\u00e4ufig verwendetes \u00d6l ist. Es ist als wirksames Mittel zur Beruhigung der Atemwege und zur Linderung milder Erkrankungen wie Erk\u00e4ltung, Grippe und Fieber bekannt.<br \/>\nZus\u00e4tzliche Vorteile des \u00e4therischen Lotus\u00f6ls sind die beruhigende Wirkung auf das Nervensystem und die Vermeidung von Stress. Dies kann leicht erreicht werden, indem Lotus\u00f6l in einem Diffusor verdampft und eingeatmet wird, w\u00e4hrend es zu Hause als Lufterfrischer fungiert.<\/p>\n<p>Lotus\u00f6l besitzt kardiotonische Eigenschaften, die den Bluthochdruck senken und Frieden im Leben bringen. Die beruhigenden Eigenschaften von Lotus machen es zu einem idealen \u00d6l f\u00fcr unruhige Menschen, um sicherzustellen, dass sie k\u00f6rperliche und geistige Harmonie finden, wie es kein anderes \u00d6l kann. Die richtige Dosierung (2-3 Tropfen in 50 ml Tr\u00e4ger\u00f6l) ist wichtig, da dies das richtige Verh\u00e4ltnis f\u00fcr Gleichgewicht und Harmonie ist. Eine gr\u00f6\u00dfere Menge Lotus\u00f6l hat eher eine bet\u00e4ubende Wirkung. Die F\u00e4higkeit des Lotus-Aromas, bei geistiger Ersch\u00f6pfung und M\u00fcdigkeit zu helfen und gleichzeitig die innere St\u00e4rke zu f\u00f6rdern, macht uns selbstbewusster und kreativer und kann das Auftreten von Albtr\u00e4umen stoppen. Es bietet Frieden und erh\u00f6ht die Klarheit des Gehirns, erh\u00f6ht die Konzentration und hilft bei der pers\u00f6nlichen Entwicklung.<\/p>\n<h3><b>Verwendung von Lotus\u00f6l<\/b><\/h3>\n<p>Mit einem Tr\u00e4ger\u00f6l verd\u00fcnnt, kann es topisch auf die Haut aufgetragen werden. Es kann auch als Bade\u00f6l verwendet oder zu jedem bevorzugten Badezusatz hinzugef\u00fcgt oder als Massage\u00f6l verwendet werden, um die Haut zu stimulieren und gleichzeitig Vergn\u00fcgen und Entspannung zu bieten. Auf diese Weise k\u00f6nnen Sie alle Vorteile von Lotus\u00f6l gleichzeitig genie\u00dfen, sowohl hinsichtlich ihrer Aroma-therapeutischen Wirkung als auch als Mittel gegen Hautausschl\u00e4ge, Hautreizungen, Falten, Depressionen, Reizbarkeit, Stress und Frigidit\u00e4t.<\/p>\n<\/div>\n<\/div>\n<section class=\"related-wrapper\"><\/section>\n","protected":false},"excerpt":{"rendered":"<p><b>Marke<\/b>: Nefertiti for natural oils and herbs<b><br \/>\n<\/b><b>Herkunftsland<\/b>: Mittlerer Osten<b><br \/>\n<\/b><b>Botanischer Name:\u00a0<\/b>Nelumbo Nucifera<br \/>\n<b>Familie<\/b>:\u00a0Nelumbonaceae<br \/>\n<b>INCI<\/b>:\u00a0Nelumbo Nucifera Reines Aroma\u00f6l<br \/>\n<b>Verwendete Teile<\/b>: Bl\u00fcten<br \/>\n<b>Extraktionsmethode<\/b>:\u00a0Wasserdampfdestillation<br \/>\n<b>Duft<\/b>: leicht und frisch blumig, mit einer s\u00fc\u00dfen und pudrigen Qualit\u00e4t<br \/>\n<b>Ausseh<\/b><b>en<\/b>: gelb<br \/>\n<b>Physikalischer Zustand<\/b>: Fl\u00fcssigkeit<br \/>\n<b>Nat\u00fcrlich<\/b>: Ja<br \/>\n<b>Reinheit<\/b>: 100 % rein<br \/>\n<b>Zertifikate:\u00a0<\/b>ISO &amp; MSDS<br \/>\n<b>Komposition:<\/b>\u00a0reines Aroma\u00f6l<br \/>\n<b>Versand<\/b>: Berechnet an der Kasse<\/p>\n","protected":false},"featured_media":12775,"comment_status":"open","ping_status":"closed","template":"","meta":[],"product_brand":[],"product_cat":[202],"product_tag":[],"class_list":{"0":"post-10566","1":"product","2":"type-product","3":"status-publish","4":"has-post-thumbnail","6":"product_cat-aroma-oils","8":"first","9":"instock","10":"shipping-taxable","11":"purchasable","12":"product-type-variable","13":"has-default-attributes"},"_links":{"self":[{"href":"https:\/\/airshiptrips.com\/de\/wp-json\/wp\/v2\/product\/10566","targetHints":{"allow":["GET"]}}],"collection":[{"href":"https:\/\/airshiptrips.com\/de\/wp-json\/wp\/v2\/product"}],"about":[{"href":"https:\/\/airshiptrips.com\/de\/wp-json\/wp\/v2\/types\/product"}],"replies":[{"embeddable":true,"href":"https:\/\/airshiptrips.com\/de\/wp-json\/wp\/v2\/comments?post=10566"}],"wp:featuredmedia":[{"embeddable":true,"href":"https:\/\/airshiptrips.com\/de\/wp-json\/wp\/v2\/media\/12775"}],"wp:attachment":[{"href":"https:\/\/airshiptrips.com\/de\/wp-json\/wp\/v2\/media?parent=10566"}],"wp:term":[{"taxonomy":"product_brand","embeddable":true,"href":"https:\/\/airshiptrips.com\/de\/wp-json\/wp\/v2\/product_brand?post=10566"},{"taxonomy":"product_cat","embeddable":true,"href":"https:\/\/airshiptrips.com\/de\/wp-json\/wp\/v2\/product_cat?post=10566"},{"taxonomy":"product_tag","embeddable":true,"href":"https:\/\/airshiptrips.com\/de\/wp-json\/wp\/v2\/product_tag?post=10566"}],"curies":[{"name":"wp","href":"https:\/\/api.w.org\/{rel}","templated":true}]}}