{"id":10553,"date":"2025-10-08T12:22:40","date_gmt":"2025-10-08T12:22:40","guid":{"rendered":"https:\/\/megaroboticsacademy.com\/shop\/unkategorisiert\/tea-tree-oil\/"},"modified":"2025-11-18T15:25:55","modified_gmt":"2025-11-18T15:25:55","slug":"tea-tree-oil","status":"publish","type":"product","link":"https:\/\/airshiptrips.com\/de\/shop\/aroma-oils\/tea-tree-oil\/","title":{"rendered":"Tea Tree \u00d6l"},"content":{"rendered":"<div class=\"woocommerce-tabs wc-tabs-wrapper\">\n<div id=\"tab-description\" class=\"woocommerce-Tabs-panel woocommerce-Tabs-panel--description panel entry-content wc-tab\" role=\"tabpanel\" aria-labelledby=\"tab-title-description\">\n<p>Tea Tree hat eine beeindruckende Geschichte. Jahrhunderte bevor Tee aus den Bl\u00e4ttern des Teebaums hergestellt wurde, kannten die australischen Aborigines seine heilenden Eigenschaften. Die Bl\u00e4tter wurden zerkleinert und Lehm-geformt, um Hauterkrankungen und Entz\u00fcndungen zu behandeln. Es war ein Allheilmittel f\u00fcr eine unglaubliche Anzahl anderer Erkrankungen.<\/p>\n<p>Der Entdecker Captain James Cook bemerkte, dass die Ureinwohner die Bl\u00e4tter in Wasser kochten, was nach Muskatnuss roch. Er vermutete, dass sie Tee machten, und pr\u00e4gte den Namen \u201eTea Tree\u201d (Teebaum), obwohl dies ein anderer Baum ist als die Teepflanze, aus der normalerweise schwarzer Tee hergestellt wird.<\/p>\n<h3><b>Tea Tree Herkunft &amp; Eigenschaften<\/b><\/h3>\n<p>Urspr\u00fcnglich wurde der Tea Tree nur auf dem australischen Kontinent gefunden. Dieser baum (Melaleuca alternifolia), auch Papierrinden Baum genannt, geh\u00f6rt zur Familie der Myrten, zu der \u00fcber 150 verschiedene Arten von B\u00e4umen und Str\u00e4uchern mit einer papierartigen Rinde und lanzenf\u00f6rmigen Bl\u00e4ttern geh\u00f6ren. Sie bl\u00fchen kleine wei\u00dfe Bl\u00fctenstiele, gefolgt von holzigen Samenkapseln. Neben der Herstellung von \u00e4therischen \u00d6len werden sie auch wegen ihrer sch\u00f6nen Bl\u00fcten angebaut.<\/p>\n<p>Dieser Baum hat nat\u00fcrliche Heilkr\u00e4fte und seine antiseptischen Eigenschaften kommen direkt aus den Bl\u00e4ttern. Zus\u00e4tzlich zur wissenschaftlichen Best\u00e4tigung dieser starken Eigenschaften hat sich gezeigt, dass Tea Tree \u00d6l noch wirksamer ist als das der Aloe-Vera-Pflanze. Es kann verwendet werden, um Husten, Erk\u00e4ltungen, Hauterkrankungen und eine Vielzahl anderer Erkrankungen zu heilen. Das Auftragen von Tea Tree \u00d6l auf Muskelkater kann eine analgetische Wirkung haben, und neuere Studien unterst\u00fctzen die Verwendung von Tea Tree \u00d6l zur Behandlung von Hefe- und Pilzinfektionen.<\/p>\n<p>Heutzutage verlassen sich immer mehr Menschen auf nat\u00fcrliche Produkte, um ihren K\u00f6rper zu pflegen \u2013 und gl\u00fccklicherweise liefert die Natur unz\u00e4hlige Produkte, die tats\u00e4chlich zahlreiche positive Auswirkungen auf den K\u00f6rper haben und zus\u00e4tzlich ein k\u00f6stliches oder beruhigendes Aroma bieten. Tea Tree \u00d6l\u00a0 ist eines dieser gesundheitsf\u00f6rdernden Produkte. Das \u00d6l wird durch Wasserdampfdestillation aus den Bl\u00e4ttern und Zweigen des Teebaums gewonnen. Die Verwendung dieses leicht zug\u00e4nglichen \u00d6ls hat sich auf der ganzen Welt verbreitet und als nat\u00fcrliches antimikrobielles Mittel an Beliebtheit gewonnen.<\/p>\n<h3><b>Tea Tree \u00d6l &amp; Vorteile<\/b><\/h3>\n<p>Tea Tree \u00d6l gilt als \u201eAllheilmittel in einer Flasche\u201c und ist eines der am h\u00e4ufigsten verwendeten und vielseitigsten \u00d6le, ein wahres Juwel unter allen \u00e4therischen \u00d6len. Es ist Bestandteil einer Vielzahl von Produkten, von Seifen und Shampoos bis hin zu Gesichtsreinigern. Das Aroma dieses \u00d6ls \u00e4hnelt Eukalyptus und ist leicht adstringierend.<\/p>\n<p>Eine der vielen Eigenschaften des Tea Tree \u00d6ls ist seine antibakterielle Wirkung mit einem breiten Spektrum, einschlie\u00dflich MRSA-Bakterien, entz\u00fcndungshemmend, antiviral, fungizid, schleiml\u00f6send, juckreizhemmend, Haut heilend, parasitizid (zum Beispiel bei Kopfl\u00e4usen) und immunstimulierend, Insektizid, Analgetikum, Antitumor, Anti-Psoriasis.<\/p>\n<p><b><i>Entz\u00fcndungshemmen-<\/i><\/b>\u00a0Tea Tree \u00d6l wirkt entz\u00fcndungshemmend und kann in geringerem Ma\u00dfe auch Schmerzen lindern. Bei Halsschmerzen k\u00f6nnen ein paar Tropfen Tea Tree \u00d6l in einem Glas Wasser zum Gurgeln verwendet werden (denken Sie daran, nicht zu schlucken!). Ein Bad mit ein paar Tropfen \u00e4therischem Tea Tree \u00d6l ist im Falle einer Blasenentz\u00fcndung sehr effektiv. Da sich das \u00d6l nicht in Wasser l\u00f6st, sollte es mit einem anderen Badezusatz verd\u00fcnnt werden. Pickel k\u00f6nnen leicht behandelt werden, indem man sie mit etwas Tea Tree \u00d6l auf ein Wattest\u00e4bchen tupft.<\/p>\n<p><b><i>Reinigung\u00a0<\/i><\/b>\u2013 Das \u00e4therische Tea Tree \u00d6l ist als nat\u00fcrliches Heilmittel gegen Akne, Ausbr\u00fcche, Abszesse, Hautinfektionen, Fu\u00dfpilz und (Wasser-) Warzen bekannt. Dies ist auf seine starken antibakteriellen Verbindungen zur\u00fcckzuf\u00fchren, die die Haut und die Poren gr\u00fcndlich reinigen. Tea Tree \u00d6l ist schmerzstillend und stark wundheilend und kann unverd\u00fcnnt auf einer Wunde angewendet werden.<\/p>\n<p><b><i>Beruhigen\u00a0<\/i><\/b>\u2013 Mit entz\u00fcndungshemmenden Eigenschaften ausgestattet, ist Tea Tree \u00d6l ein gro\u00dfartiges nat\u00fcrliches Mittel, das die Haut beruhigen, Reizungen lindern und die Wundheilung unterst\u00fctzen kann.<\/p>\n<p><b><i>Erfrischen\u00a0<\/i><\/b>\u2013 Die antibakteriellen Eigenschaften von Tea Tree \u00d6l wirken sehr gut als nat\u00fcrlicher W\u00e4sche erfrischer, auch wenn sie muffig oder sogar schimmelig sind. Es kann auf Schuhe oder F\u00fc\u00dfe aufgetragen werden, um unangenehme Ger\u00fcche zu beseitigen.<\/p>\n<p><b><i>Mundpflege\u00a0<\/i><\/b>\u2013 Dieses \u00d6l kann in Zahnpasta oder Mundwasser verwendet werden und wirkt deodorierend. Hinweis: Schlucken Sie die Mischung nicht!<\/p>\n<p><b><i>Insektenschutzmittel\u00a0<\/i><\/b>\u2013 Leben und leben lassen! Wenn Sie an lauen Sommerabenden etwas l\u00e4nger drau\u00dfen bleiben, sind Sie normalerweise von Fliegen und M\u00fccken umgeben. Tea Tree \u00d6l enth\u00e4lt Terpene, die Insekten von Ihrer Haut abwehren. Der Duft von Tea Tree \u00d6l ist f\u00fcr sie eine unangenehme Erfahrung und folglich bleiben sie auf Distanz, ohne dass umweltsch\u00e4dliche Chemikalien verwendet werden. Zu diesem Zweck kann ein \u00d6lbrenner mit einigen Tropfen Tea Tree \u00d6l gut dienen. Gegen einen drohenden L\u00e4usebefall: Geben Sie vorbeugend 2 Tropfen Tea Tree \u00d6l in das Shampoo, um die Insekten in Schach zu halten.<br \/>\nBei Insektenstichen sofort einen Tropfen Tea Tree \u00d6l auf die betroffene Stelle auftragen.<\/p>\n<p>Als starkes Antiseptikum stimuliert das \u00e4therische Tea Tree \u00d6l das Immunsystem, was sich positiv auf die Beseitigung von Bakterien, Viren und Pilzen auswirkt. Dieses \u00d6l kann sowohl in der Kosmetik als auch in der Aromatherapie verwendet werden. Es kann Wunden behandeln, Schmerzen und Stauungen lindern und ein Gef\u00fchl der Ruhe f\u00f6rdern. Auch in Haushaltsreinigungsmitteln k\u00f6nnen Oberfl\u00e4chen desinfiziert werden.<\/p>\n<h3><b>Tea Tree \u00d6l &amp; Aromatherapie<\/b><\/h3>\n<p>Wie die meisten \u00e4therischen \u00d6le bietet auch Tea Tree \u00d6l einen wunderbaren Duft in Ihrem Zuhause, wenn es als Lufterfrischer verwendet wird. Ein weiteres gro\u00dfartiges Mittel, um sch\u00e4dliche Chemikalien zu vermeiden! Es gibt nichts Besseres als einen frischen nat\u00fcrlichen Duft in Ihrem Zuhause, w\u00e4hrend Sie die Luft desinfizieren. Nur ein paar Tropfen Tea Tree \u00d6l in einem kalten Zerst\u00e4uber wirken Wunder. Da dieses \u00d6l einen ziemlich spezifischen Geruch hat, k\u00f6nnen Sie es einfach mit einem anderen Aroma kombinieren, wie z. B. \u00e4therischem \u00d6l aus Geranie oder Zitrone.<\/p>\n<p>Tea Tree \u00d6l ist heute eine der beliebtesten Zutaten in der Aromatherapie. Zum Beispiel ist dieser Duft in der Sauna sehr angenehm und beruhigend.<\/p>\n<p><b><i>Aroma Verdampfer<\/i><\/b>\u00a0\u2013 Tea Tree \u00d6l verleiht ein frisches und w\u00fcrziges Aroma, der sich gut mit Lavendel, Rosmarin, Nelkenknospen und Zitrus\u00f6len mischen l\u00e4sst. Durch die Verdunstung ist Tea Tree \u00d6l eine gro\u00dfe Hilfe bei Bronchitis, Sinusitis, Nasen- und Racheninfektionen. Die Verwendung dieses \u00d6ls erh\u00f6ht die Best\u00e4ndigkeit gegen Grippe und Erk\u00e4ltung. Tea Tree \u00d6l bek\u00e4mpft nachweislich Schimmel- und Pilzsporen in der Atmosph\u00e4re. Dar\u00fcber hinaus hat Tea Tree \u00d6l eine starke vitalisierende Wirkung auf M\u00fcdigkeit und nerv\u00f6se Depressionen. Das Einatmen dieses \u00d6ls \u00fcber Dampfb\u00e4der ist noch effektiver, es kann gegen Erk\u00e4ltung, Grippe, M\u00fcdigkeit, Juckreiz eingesetzt werden, und es kann die Durchblutung f\u00f6rdern, um Krampfadern vorzubeugen.<\/p>\n<p>Das \u00e4therische Tea Tree \u00d6l ist nur zur \u00e4u\u00dferlichen Anwendung bestimmt! Ein paar Kleinigkeiten zu beachten:<\/p>\n<ul>\n<li aria-level=\"1\">Nicht auf empfindliche Hautpartien um Augen oder Nase auftragen.<\/li>\n<li aria-level=\"1\">Vermeiden Sie Sonneneinstrahlung nach der Anwendung. Tea Tree \u00d6l kann die Haut empfindlicher gegen\u00fcber UV-Strahlen machen.<\/li>\n<li aria-level=\"1\">Von der Anwendung w\u00e4hrend der Schwangerschaft und bei Kindern unter 3 Jahren wird dringend abgeraten.<\/li>\n<li aria-level=\"1\">Sollte nicht in die H\u00e4nde von Kindern gelangen.<\/li>\n<li aria-level=\"1\">Testen Sie einen kleinen Bereich auf der Haut und warten Sie 24 Stunden, um festzustellen, ob keine Hautreaktion auftritt.<\/li>\n<\/ul>\n<p>Wie bei jedem \u00e4therischen \u00d6l sollte Tea Tree \u00d6l nur in verd\u00fcnnter Form verwendet werden. \u00c4therische \u00d6le sind sehr kraftvoll und k\u00f6nnen eine dauerhafte Sensibilisierung verursachen, wenn sie in reiner Form direkt auf der Haut angewendet werden. Halten Sie in der Regel ein Verh\u00e4ltnis von 2 Tropfen pro 5 ml Verd\u00fcnnung mit einem geeigneten Tr\u00e4ger\u00f6l wie Kokos, Mandel oder Jojoba\u00f6l ein.<\/p>\n<\/div>\n<\/div>\n","protected":false},"excerpt":{"rendered":"<div class=\"woocommerce-product-details__short-description\">\n<p><b>Marke<\/b>: Nefertiti for natural oils and herbs<b><br \/>\n<\/b><b>Herkunftsland<\/b>: Mittlerer Osten<b><br \/>\n<\/b><b>Botanischer Name:<\/b>\u00a0Melaleuca Alternifolia<br \/>\n<b>Familie:<\/b>\u00a0Myrtaceae<br \/>\n<b>INCI:\u00a0<\/b>Melaleuca Alternifolia Pure Aroma Oil<br \/>\n<b>Verwendete Teile<\/b>:\u00a0Bl\u00e4ttern und Zweigen<br \/>\n<b>Extraktionsmethode<\/b>:\u00a0Wasserdampfdestillation<br \/>\n<b>Duft<\/b>: frisch kampferartig<br \/>\n<b>Aussehen<\/b>: hellgelb bis fast farblos und klar<br \/>\n<b>Physikalischer Zustand<\/b>: Fl\u00fcssigkeit<br \/>\n<b>Nat\u00fcrlich<\/b>: Ja<br \/>\n<b>Reinheit<\/b>: 100 %\u00a0rein<br \/>\n<b>Zertifikate:\u00a0<\/b>ISO &amp; MSDS<br \/>\n<b>Komposition:\u00a0reines Aroma\u00f6l<\/b><br \/>\n<b>Versand<\/b>: Berechnet an der Kasse<\/p>\n<\/div>\n<form id=\"sticky-scroll\" class=\"variations_form cart\" style=\"box-sizing: border-box; margin: 0.75rem 0px 1rem; color: #000000; font-family: Poppins; font-size: medium; font-style: normal; font-variant-ligatures: normal; font-variant-caps: normal; font-weight: 400; letter-spacing: normal; orphans: 2; text-align: start; text-indent: 0px; text-transform: none; white-space: normal; widows: 2; word-spacing: 0px; -webkit-text-stroke-width: 0px; background-color: #f8f8f8; text-decoration-thickness: initial; text-decoration-style: initial; text-decoration-color: initial;\" action=\"https:\/\/nefertiti-eg.com\/de\/shop\/aroma-oils\/tea-tree-oil\/\" enctype=\"multipart\/form-data\" method=\"post\" data-product_id=\"80978\" data-product_variations=\"[{&quot;attributes&quot;:{&quot;attribute_pa_bottle-size&quot;:&quot;50-ml&quot;},&quot;availability_html&quot;:&quot;&quot;,&quot;backorders_allowed&quot;:false,&quot;dimensions&quot;:{&quot;length&quot;:&quot;&quot;,&quot;width&quot;:&quot;&quot;,&quot;height&quot;:&quot;&quot;},&quot;dimensions_html&quot;:&quot;n.\\u00a0a.&quot;,&quot;display_price&quot;:50,&quot;display_regular_price&quot;:50,&quot;image&quot;:{&quot;title&quot;:&quot;tea tree jpeg&quot;,&quot;caption&quot;:&quot;&quot;,&quot;url&quot;:&quot;https:\\\/\\\/nefertiti-eg.com\\\/wp-content\\\/uploads\\\/2019\\\/08\\\/tea-tree-jpeg.webp&quot;,&quot;alt&quot;:&quot;tea tree jpeg&quot;,&quot;src&quot;:&quot;https:\\\/\\\/nefertiti-eg.com\\\/wp-content\\\/uploads\\\/2019\\\/08\\\/tea-tree-jpeg-600x728.webp&quot;,&quot;srcset&quot;:&quot;https:\\\/\\\/nefertiti-eg.com\\\/wp-content\\\/uploads\\\/2019\\\/08\\\/tea-tree-jpeg-600x728.webp 600w, https:\\\/\\\/nefertiti-eg.com\\\/wp-content\\\/uploads\\\/2019\\\/08\\\/tea-tree-jpeg-300x364.webp 300w, https:\\\/\\\/nefertiti-eg.com\\\/wp-content\\\/uploads\\\/2019\\\/08\\\/tea-tree-jpeg-150x182.webp 150w, https:\\\/\\\/nefertiti-eg.com\\\/wp-content\\\/uploads\\\/2019\\\/08\\\/tea-tree-jpeg-247x300.webp 247w, https:\\\/\\\/nefertiti-eg.com\\\/wp-content\\\/uploads\\\/2019\\\/08\\\/tea-tree-jpeg-844x1024.webp 844w, https:\\\/\\\/nefertiti-eg.com\\\/wp-content\\\/uploads\\\/2019\\\/08\\\/tea-tree-jpeg-768x931.webp 768w, https:\\\/\\\/nefertiti-eg.com\\\/wp-content\\\/uploads\\\/2019\\\/08\\\/tea-tree-jpeg-441x535.webp 441w, https:\\\/\\\/nefertiti-eg.com\\\/wp-content\\\/uploads\\\/2019\\\/08\\\/tea-tree-jpeg.webp 940w&quot;,&quot;sizes&quot;:&quot;(max-width: 600px) 100vw, 600px&quot;,&quot;full_src&quot;:&quot;https:\\\/\\\/nefertiti-eg.com\\\/wp-content\\\/uploads\\\/2019\\\/08\\\/tea-tree-jpeg.webp&quot;,&quot;full_src_w&quot;:940,&quot;full_src_h&quot;:1140,&quot;gallery_thumbnail_src&quot;:&quot;https:\\\/\\\/nefertiti-eg.com\\\/wp-content\\\/uploads\\\/2019\\\/08\\\/tea-tree-jpeg.webp&quot;,&quot;gallery_thumbnail_src_w&quot;:150,&quot;gallery_thumbnail_src_h&quot;:182,&quot;thumb_src&quot;:&quot;https:\\\/\\\/nefertiti-eg.com\\\/wp-content\\\/uploads\\\/2019\\\/08\\\/tea-tree-jpeg-300x364.webp&quot;,&quot;thumb_src_w&quot;:300,&quot;thumb_src_h&quot;:364,&quot;src_w&quot;:600,&quot;src_h&quot;:728},&quot;image_id&quot;:275621,&quot;is_downloadable&quot;:false,&quot;is_in_stock&quot;:true,&quot;is_purchasable&quot;:true,&quot;is_sold_individually&quot;:&quot;no&quot;,&quot;is_virtual&quot;:false,&quot;max_qty&quot;:&quot;&quot;,&quot;min_qty&quot;:1,&quot;price_html&quot;:&quot;&lt;span class=\\&quot;price\\&quot;&gt;&lt;span class=\\&quot;woocommerce-Price-amount amount\\&quot;&gt;&lt;bdi&gt;&lt;span class=\\&quot;woocommerce-Price-currencySymbol\\&quot;&gt;&amp;#36;&lt;\\\/span&gt;50.00&lt;\\\/bdi&gt;&lt;\\\/span&gt;&lt;\\\/span&gt;&quot;,&quot;sku&quot;:&quot;&quot;,&quot;variation_description&quot;:&quot;&quot;,&quot;variation_id&quot;:80979,&quot;variation_is_active&quot;:true,&quot;variation_is_visible&quot;:true,&quot;weight&quot;:&quot;200&quot;,&quot;weight_html&quot;:&quot;200 g&quot;,&quot;max_qty_reached&quot;:false},{&quot;attributes&quot;:{&quot;attribute_pa_bottle-size&quot;:&quot;125-ml-de&quot;},&quot;availability_html&quot;:&quot;&quot;,&quot;backorders_allowed&quot;:false,&quot;dimensions&quot;:{&quot;length&quot;:&quot;&quot;,&quot;width&quot;:&quot;&quot;,&quot;height&quot;:&quot;&quot;},&quot;dimensions_html&quot;:&quot;n.\\u00a0a.&quot;,&quot;display_price&quot;:90,&quot;display_regular_price&quot;:90,&quot;image&quot;:{&quot;title&quot;:&quot;tea tree jpeg&quot;,&quot;caption&quot;:&quot;&quot;,&quot;url&quot;:&quot;https:\\\/\\\/nefertiti-eg.com\\\/wp-content\\\/uploads\\\/2019\\\/08\\\/tea-tree-jpeg.webp&quot;,&quot;alt&quot;:&quot;tea tree jpeg&quot;,&quot;src&quot;:&quot;https:\\\/\\\/nefertiti-eg.com\\\/wp-content\\\/uploads\\\/2019\\\/08\\\/tea-tree-jpeg-600x728.webp&quot;,&quot;srcset&quot;:&quot;https:\\\/\\\/nefertiti-eg.com\\\/wp-content\\\/uploads\\\/2019\\\/08\\\/tea-tree-jpeg-600x728.webp 600w, https:\\\/\\\/nefertiti-eg.com\\\/wp-content\\\/uploads\\\/2019\\\/08\\\/tea-tree-jpeg-300x364.webp 300w, https:\\\/\\\/nefertiti-eg.com\\\/wp-content\\\/uploads\\\/2019\\\/08\\\/tea-tree-jpeg-150x182.webp 150w, https:\\\/\\\/nefertiti-eg.com\\\/wp-content\\\/uploads\\\/2019\\\/08\\\/tea-tree-jpeg-247x300.webp 247w, https:\\\/\\\/nefertiti-eg.com\\\/wp-content\\\/uploads\\\/2019\\\/08\\\/tea-tree-jpeg-844x1024.webp 844w, https:\\\/\\\/nefertiti-eg.com\\\/wp-content\\\/uploads\\\/2019\\\/08\\\/tea-tree-jpeg-768x931.webp 768w, https:\\\/\\\/nefertiti-eg.com\\\/wp-content\\\/uploads\\\/2019\\\/08\\\/tea-tree-jpeg-441x535.webp 441w, https:\\\/\\\/nefertiti-eg.com\\\/wp-content\\\/uploads\\\/2019\\\/08\\\/tea-tree-jpeg.webp 940w&quot;,&quot;sizes&quot;:&quot;(max-width: 600px) 100vw, 600px&quot;,&quot;full_src&quot;:&quot;https:\\\/\\\/nefertiti-eg.com\\\/wp-content\\\/uploads\\\/2019\\\/08\\\/tea-tree-jpeg.webp&quot;,&quot;full_src_w&quot;:940,&quot;full_src_h&quot;:1140,&quot;gallery_thumbnail_src&quot;:&quot;https:\\\/\\\/nefertiti-eg.com\\\/wp-content\\\/uploads\\\/2019\\\/08\\\/tea-tree-jpeg.webp&quot;,&quot;gallery_thumbnail_src_w&quot;:150,&quot;gallery_thumbnail_src_h&quot;:182,&quot;thumb_src&quot;:&quot;https:\\\/\\\/nefertiti-eg.com\\\/wp-content\\\/uploads\\\/2019\\\/08\\\/tea-tree-jpeg-300x364.webp&quot;,&quot;thumb_src_w&quot;:300,&quot;thumb_src_h&quot;:364,&quot;src_w&quot;:600,&quot;src_h&quot;:728},&quot;image_id&quot;:275621,&quot;is_downloadable&quot;:false,&quot;is_in_stock&quot;:true,&quot;is_purchasable&quot;:true,&quot;is_sold_individually&quot;:&quot;no&quot;,&quot;is_virtual&quot;:false,&quot;max_qty&quot;:&quot;&quot;,&quot;min_qty&quot;:1,&quot;price_html&quot;:&quot;&lt;span class=\\&quot;price\\&quot;&gt;&lt;span class=\\&quot;woocommerce-Price-amount amount\\&quot;&gt;&lt;bdi&gt;&lt;span class=\\&quot;woocommerce-Price-currencySymbol\\&quot;&gt;&amp;#36;&lt;\\\/span&gt;90.00&lt;\\\/bdi&gt;&lt;\\\/span&gt;&lt;\\\/span&gt;&quot;,&quot;sku&quot;:&quot;&quot;,&quot;variation_description&quot;:&quot;&quot;,&quot;variation_id&quot;:80980,&quot;variation_is_active&quot;:true,&quot;variation_is_visible&quot;:true,&quot;weight&quot;:&quot;300&quot;,&quot;weight_html&quot;:&quot;300 g&quot;,&quot;max_qty_reached&quot;:false}]\">\n<div class=\"woovr-variations woovr-variations-default\" data-click=\"1\" data-description=\"no\">\n<div class=\"woovr-variation woovr-variation-radio\" style=\"box-sizing: border-box; display: flex; align-items: center; cursor: pointer; margin-left: -5px; margin-right: -5px;\" data-id=\"80979\" data-pid=\"80978\" data-sku=\"\" data-purchasable=\"yes\" data-attrs=\"{&quot;attribute_pa_bottle-size&quot;:&quot;50-ml&quot;}\" data-price=\"50\" data-regular-price=\"50\" data-pricehtml=\"&lt;span class=&quot;woocommerce-Price-amount amount&quot;&gt;&lt;bdi&gt;&lt;span class=&quot;woocommerce-Price-currencySymbol&quot;&gt;$&lt;\/span&gt;50.00&lt;\/bdi&gt;&lt;\/span&gt;\" data-imagesrc=\"https:\/\/nefertiti-eg.com\/wp-content\/uploads\/2019\/08\/tea-tree-jpeg-300x364.webp\" data-availability=\"\" data-weight=\"200 g\" data-dimensions=\"n.\u00a0a.\" data-images=\"no\"><\/div>\n<\/div>\n<\/form>\n","protected":false},"featured_media":12766,"comment_status":"open","ping_status":"closed","template":"","meta":[],"product_brand":[],"product_cat":[202],"product_tag":[],"class_list":{"0":"post-10553","1":"product","2":"type-product","3":"status-publish","4":"has-post-thumbnail","6":"product_cat-aroma-oils","8":"first","9":"instock","10":"shipping-taxable","11":"purchasable","12":"product-type-variable","13":"has-default-attributes"},"_links":{"self":[{"href":"https:\/\/airshiptrips.com\/de\/wp-json\/wp\/v2\/product\/10553","targetHints":{"allow":["GET"]}}],"collection":[{"href":"https:\/\/airshiptrips.com\/de\/wp-json\/wp\/v2\/product"}],"about":[{"href":"https:\/\/airshiptrips.com\/de\/wp-json\/wp\/v2\/types\/product"}],"replies":[{"embeddable":true,"href":"https:\/\/airshiptrips.com\/de\/wp-json\/wp\/v2\/comments?post=10553"}],"wp:featuredmedia":[{"embeddable":true,"href":"https:\/\/airshiptrips.com\/de\/wp-json\/wp\/v2\/media\/12766"}],"wp:attachment":[{"href":"https:\/\/airshiptrips.com\/de\/wp-json\/wp\/v2\/media?parent=10553"}],"wp:term":[{"taxonomy":"product_brand","embeddable":true,"href":"https:\/\/airshiptrips.com\/de\/wp-json\/wp\/v2\/product_brand?post=10553"},{"taxonomy":"product_cat","embeddable":true,"href":"https:\/\/airshiptrips.com\/de\/wp-json\/wp\/v2\/product_cat?post=10553"},{"taxonomy":"product_tag","embeddable":true,"href":"https:\/\/airshiptrips.com\/de\/wp-json\/wp\/v2\/product_tag?post=10553"}],"curies":[{"name":"wp","href":"https:\/\/api.w.org\/{rel}","templated":true}]}}