{"id":10534,"date":"2025-10-08T12:22:34","date_gmt":"2025-10-08T12:22:34","guid":{"rendered":"https:\/\/megaroboticsacademy.com\/shop\/unkategorisiert\/frankincense-oil\/"},"modified":"2025-11-18T15:17:22","modified_gmt":"2025-11-18T15:17:22","slug":"frankincense-oil","status":"publish","type":"product","link":"https:\/\/airshiptrips.com\/de\/shop\/aroma-oils\/frankincense-oil\/","title":{"rendered":"Weihrauch\u00f6l"},"content":{"rendered":"<div class=\"woocommerce-tabs wc-tabs-wrapper\">\n<div id=\"tab-description\" class=\"woocommerce-Tabs-panel woocommerce-Tabs-panel--description panel entry-content wc-tab\" role=\"tabpanel\" aria-labelledby=\"tab-title-description\">\n<p>Weihrauchharz und \u00e4therisches Weihrauch\u00f6l waren in der Antike \u201edas Gold der Karawanen\u201c. Weihrauch wurde haupts\u00e4chlich im religi\u00f6sen Ritus verwendet und an Orten des Gebets und der Meditation als heiliges und kostbares Gut angesehen.<\/p>\n<p>Weihrauch ist traditionell als kosmetisches und therapeutisches Mittel bekannt. Es war schon immer mit Langlebigkeit und Ged\u00e4chtnis verbunden. Das Harz wurde verbrannt, um b\u00f6se Geister auszutreiben und Kontakt mit \u201eden H\u00f6heren\u201c aufzunehmen. Weihrauch hat einen angenehm berauschenden w\u00fcrzigen Holzduft. Das s\u00fc\u00dfe, warme Balsamico-Aroma wirkt stimulierend und belebend auf den Geist.<\/p>\n<h3><b>Weihrauch Herkunft &amp; Eigenschaften<\/b><\/h3>\n<p>Weihrauch ist ein duftendes Harz, auch \u201eOlibanum\u201c genannt, aus dem Boswellia Sacra-Baum. Das Wort Olibanum leitet sich m\u00f6glicherweise vom arabischen al-lub\u00e1n ab, was Milch bedeutet \u2013 ein m\u00f6glicher Hinweis auf die milchige Fl\u00fcssigkeit, die nach dem Schneiden aus dem Boswellia Baum flie\u00dft. Der Name k\u00f6nnte auch eine Abk\u00fcrzung f\u00fcr \u201e\u00d6l aus dem Libanon\u201c sein, da Olibanum aus dem Libanon an europ\u00e4ische H\u00e4ndler verkauft wurde. Harz aus Olibanum ist eines der \u00e4ltesten Weihrauchharze \u00fcberhaupt. In der arabischen W\u00fcste wurden alte Handelswege und St\u00e4dte entdeckt, die ihren Reichtum dem Handel mit Weihrauch und Myrrhe verdanken. Bis zum 20. Jahrhundert war arabischer Weihrauch so kostbar wie Gold.<\/p>\n<p>Boswellia Sacra ist ein kleiner Laubbaum mit einem oder mehreren St\u00e4mmen, dessen Rinde eine papierartige Textur hat und leicht zu entfernen ist. Die zusammengesetzten Bl\u00e4ttchen wachsen einander gegen\u00fcber, entlang der Zweige, und die kleinen Bl\u00fcten, gelblich-wei\u00df, sind in Gruppen zusammengefasst.<br \/>\nEinzelne B\u00e4ume, die an steilen H\u00e4ngen wachsen, neigen dazu, St\u00fctzwurzeln zu entwickeln: gro\u00dfe, breite Wurzeln auf allen Seiten, die ein Umfallen des Baumes verhindern und gleichzeitig mehr N\u00e4hrstoffe sammeln k\u00f6nnen.<\/p>\n<p>Die nat\u00fcrliche Funktion des Harzes besteht darin, den Baum zu sch\u00fctzen, wenn die Rinde besch\u00e4digt ist. Das Harz sch\u00fctzt den Baum vor Eindringlingen, die Krankheiten oder Pilze verursachen k\u00f6nnen. F\u00fcr eine h\u00f6here Harz Ausbeute werden tiefe Einschnitte in die Rinde gemacht und das austretende Harz wird gesammelt.<\/p>\n<h3><b>Weihrauch\u00f6l &amp; Vorteile<\/b><\/h3>\n<p>Weihrauch\u00f6l, auch bekannt als der K\u00f6nig der \u00e4therischen \u00d6le, hat verschiedene bemerkenswerte Verwendungen und Vorteile. Dieses kraftvolle \u00d6l wird f\u00fcr seine F\u00e4higkeit verehrt, die Haut bei topischer Anwendung zu versch\u00f6nern und zu verj\u00fcngen. Wie in der Vergangenheit, als Weihrauch f\u00fcr religi\u00f6se Zeremonien, zur Beruhigung von Hautsalben und Parfums hochgesch\u00e4tzt wurde, bleibt er eines der beliebtesten \u00e4therischen \u00d6le. Das emittierte Weihraucharoma f\u00f6rdert das Gef\u00fchl von Ruhe, Zufriedenheit und Entspannung.<\/p>\n<p>Das durch Wasserdampfdestillation aus dem Harz gewonnene Weihrauch\u00f6l ist hellgelb gef\u00e4rbt. Weihrauch eignet sich als pflegendes \u00d6l besonders f\u00fcr trockene und alternde Haut. Die in Weihrauch\u00f6l enthaltenen gro\u00dfen Mengen an Monoterpenen, Sesquiterpener, Monoterpenoler und Sesquiterpenoler sind stark antibakteriell und f\u00f6rdern die Heilung der Haut. Dar\u00fcber hinaus hat Weihrauch\u00f6l entz\u00fcndungshemmende, antiseptische, adstringierende, wundheilende, immunstimulierende, schleiml\u00f6sende, antidepressive, beruhigende und m\u00f6glicherweise antitumorale Wirkungen.<\/p>\n<p><b>Weihrauch\u00f6l f\u00fcr die Hautpflege<br \/>\n<\/b>Weihrauch\u00f6l wird seit der Antike zur Hautpflege verwendet. Insbesondere f\u00fcr die reife Haut hat sich gezeigt, dass sie hervorragende Pflegeeigenschaften aufweist und den nat\u00fcrlichen Alterungsprozess der Haut verlangsamt. Da Weihrauch\u00f6l mit Antioxidantien gef\u00fcllt ist, f\u00f6rdert es die Heilung von Wunden und Hautausschl\u00e4gen, Verbrennungen, Schnitten und Kratzern.<\/p>\n<p>Tats\u00e4chlich ist Weihrauch\u00f6l ein unverzichtbares Mittel f\u00fcr die Hautpflege und wird h\u00e4ufig in kosmetischen Produkten verwendet, die die Zellerneuerung stimulieren, die Elastizit\u00e4t f\u00f6rdern und die Faltenbildung verlangsamen. Das \u00d6l wird verwendet, um Schwangerschaftsstreifen vorzubeugen und Narben zu reduzieren. Au\u00dferdem hilft es bei Juckreiz und Schwellungen durch Insektenstiche. Weihrauch reguliert auch die Talgproduktion und ist somit f\u00fcr fettige Haut geeignet.<\/p>\n<p><b><i>Beruhigend<\/i><\/b>\u00a0\u2013 Die starken reinigenden Eigenschaften des \u00e4therischen Weihrauch\u00f6ls machen es wirksam zur Beruhigung der Haut. Es hat die F\u00e4higkeit, die Schutzfunktion der Epidermis zu verbessern und gleichzeitig betroffene Hautpartien zu pflegen und zu beruhigen. Hautunreinheiten oder gereizte Haut wie Rasur Ausschl\u00e4ge k\u00f6nnen mit Weihrauch\u00f6l gelindert werden. Die beruhigenden Eigenschaften dieses \u00d6ls k\u00f6nnen der gereizten Haut zugutekommen, indem Sie es einfach mit Ihrem \u00fcblichen Aftershave-Produkt verd\u00fcnnen und topisch auftragen.<\/p>\n<p><b><i>Verj\u00fcngend\u00a0<\/i><\/b>\u2013 Weihrauch\u00f6l eignet sich ideal als Anti-Aging-Produkt f\u00fcr die reife Haut. Es reduziert feine Linien und Falten, indem es die Epidermis pflegt und festigt, was der Haut ein erfrischendes und jugendliches Aussehen verleiht.<br \/>\nTrockene H\u00e4nde oder rissige Haut durch kalte Winterluft? Das Aussehen von schuppigen H\u00e4nden verbessern? Weihrauch\u00f6l kann auch hier helfen! Wenn Sie Ihrer bevorzugten Feuchtigkeitscreme ein paar Tropfen Weihrauch\u00f6l hinzuf\u00fcgen, werden Ihre H\u00e4nde mit Feuchtigkeit versorgt und verj\u00fcngt. Mit einem Tropfen dieses \u00e4therischen \u00d6ls auf Ihren Fingern\u00e4geln sehen sie wieder gl\u00e4nzend und gesund aus.<\/p>\n<p><b><i>Ausbalancieren<\/i><\/b>\u00a0\u2013 \u00c4therisches Weihrauch\u00f6l wirkt gegen Unreinheiten der Haut oder sogar gegen Pigmentierung. Dieses wirksame \u00d6l reinigt fettige Haut und stabilisiert die Epidermis f\u00fcr ein gesundes Leuchten. Weihrauch wirkt tonisch und adstringierend und eignet sich f\u00fcr trockene Haut, \u00e4ltere Haut und zur Vorbeugung von Schwangerschaftsstreifen. Das \u00d6l beruhigt und heilt kleine Wunden, Narben und Wunden. Durch Krampfadern verursachte Geschw\u00fcre k\u00f6nnen auch mit Weihrauch behandelt werden.<br \/>\nWeihrauch wirkt entz\u00fcndungshemmend und antimikrobiell und eignet sich daher auch f\u00fcr Akne und Ekzeme.<\/p>\n<p><b>Weihrauch\u00f6l f\u00fcr die Atemwege<br \/>\n<\/b>Weihrauch\u00f6l hat sich auch als wirksames Mittel gegen Erk\u00e4ltungen erwiesen. Es l\u00f6st festsitzenden Schleim, und es hilft, die Atemwege zu reinigen und ihren nat\u00fcrlichen Widerstand zu erh\u00f6hen. Als Massage\u00f6l verwendet, wirkt es entz\u00fcndungshemmend und reduziert somit das Infektionsrisiko.<\/p>\n<p><b>Weihrauch bei Arthritis<br \/>\n<\/b>Die im Weihrauch\u00f6l enthaltenen Triterpene-S\u00e4uren sind f\u00fcr die entz\u00fcndungshemmende Wirkung verantwortlich. Weihrauch wird in Indien seit Jahrhunderten bei Arthritis in traditionellen Heilmitteln verwendet. Untersuchungen haben gezeigt, dass verschiedene Substanzen in Weihrauch tats\u00e4chlich die Kollagenbildung stimulieren und die Entz\u00fcndung bek\u00e4mpfen, die Arthritis verursacht. Einige andere wissenschaftliche Studien kamen zu dem Schluss, dass die Auswirkungen von Weihrauch auf entz\u00fcndliche Erkrankungen wie Asthma, Arthritis und Arthrose einen positiven Beitrag zur Behandlung leisten k\u00f6nnen.<\/p>\n<h3><b>Weihrauch\u00f6l &amp; Aromatherapie<\/b><\/h3>\n<p>Wie andere \u00e4therische \u00d6le und Aroma\u00f6le hat auch Weihrauch\u00f6l eine Reihe von Anwendungen sowohl in der Hautpflege als auch in der k\u00f6rperlichen und geistigen Gesundheit. Weihrauch\u00f6l hat eine starke reinigende Wirkung auf K\u00f6rper und Geist sowie auf die Atmosph\u00e4re.<\/p>\n<p>Weihrauch\u00f6l ist daher in der Aromatherapie besonders beliebt. Da dieses \u00d6l beim Erhitzen in einem \u00d6lbrenner seine positive Wirkung auf die psychische Gesundheit verliert, wird empfohlen, seinen Duft mit einem kalten Zerst\u00e4uber zu verbreiten. Weihrauch\u00f6l lindert Spannungsgef\u00fchle und Kopfschmerzen, und f\u00f6rdert einen erholsamen Schlaf. Es entspannt den Geist und eignet sich sehr gut f\u00fcr Meditation und Yoga.<\/p>\n<p><b>Entspannend und anregend<br \/>\n<\/b>Es wurde gezeigt, dass \u00e4therisches Weihrauch\u00f6l einen signifikanten positiven Effekt auf stressbedingte Symptome hat und den Fokus sehr effektiv steigert. Die beruhigenden Eigenschaften von \u00e4therischem Weihrauch\u00f6l k\u00f6nnen das emotionale Gleichgewicht wiederherstellen und helfen, Stress und Verzweiflung zu \u00fcberwinden.<\/p>\n<p>Weihrauch\u00f6l eignet sich zum Einatmen oder als Luftspray. Es kann topisch auf den K\u00f6rper aufgetragen werden, um eine tiefere Atmung und ein beruhigendes Gef\u00fchl hervorzurufen. In einem Aroma Verdampfer verleiht Weihrauch einen frischen aromatischen Harz Duft, es ist auch geeignet, mit anderen \u00e4therischen \u00d6len gemischt zu werden. Weihrauch hat die Qualit\u00e4t, andere D\u00fcfte reicher und faszinierender zu machen. Beim Verdampfen dieses Aromas wird die Bronchitis (asthmatisch und katarrhalisch) gelindert, \u00fcbersch\u00fcssiger Schleim reguliert und die Atmung vertieft.<\/p>\n<p>Weihrauch ist ein sehr vielseitiges \u00e4therisches \u00d6l, das in jedem Haushalt erh\u00e4ltlich sein sollte.<\/p>\n<\/div>\n<\/div>\n<section class=\"related-wrapper\"><\/section>\n","protected":false},"excerpt":{"rendered":"<p><b>Marke<\/b>: Nefertiti for natural oils and herbs<b><br \/>\n<\/b><b>Herkunftsland<\/b>: Mittlerer Osten<b><br \/>\n<\/b><b>Botanischer Name:<\/b>\u00a0Boswellia Sacra<br \/>\n<b>Familie:<\/b>\u00a0Burseraceae<br \/>\n<b>INCI:\u00a0<\/b>Boswellia Sacra Pure Aroma Oil<br \/>\n<b>Verwendete Teile:<\/b>\u00a0Harz<br \/>\n<b>Extraktionsmethode<\/b>:\u00a0Wasserdampfdestillation<br \/>\n<b>Duft<\/b>: w\u00fcrzig und holzig<br \/>\n<b>Aussehen<\/b>: hellgelb<br \/>\n<b>Physikalischer Zustand<\/b>: Fl\u00fcssigkeit<br \/>\n<b>Nat\u00fcrlich<\/b>: Ja<br \/>\n<b>Reinheit<\/b>: 100 %\u00a0rein<br \/>\n<b>Zertifikate:\u00a0ISO &amp; MSDS<\/b><br \/>\n<b>Komposition:reines Aroma\u00f6l<\/b><br \/>\n<b>Versand<\/b>: Berechnet an der Kasse<\/p>\n","protected":false},"featured_media":12752,"comment_status":"open","ping_status":"closed","template":"","meta":[],"product_brand":[],"product_cat":[202],"product_tag":[],"class_list":{"0":"post-10534","1":"product","2":"type-product","3":"status-publish","4":"has-post-thumbnail","6":"product_cat-aroma-oils","8":"first","9":"instock","10":"shipping-taxable","11":"purchasable","12":"product-type-variable","13":"has-default-attributes"},"_links":{"self":[{"href":"https:\/\/airshiptrips.com\/de\/wp-json\/wp\/v2\/product\/10534","targetHints":{"allow":["GET"]}}],"collection":[{"href":"https:\/\/airshiptrips.com\/de\/wp-json\/wp\/v2\/product"}],"about":[{"href":"https:\/\/airshiptrips.com\/de\/wp-json\/wp\/v2\/types\/product"}],"replies":[{"embeddable":true,"href":"https:\/\/airshiptrips.com\/de\/wp-json\/wp\/v2\/comments?post=10534"}],"wp:featuredmedia":[{"embeddable":true,"href":"https:\/\/airshiptrips.com\/de\/wp-json\/wp\/v2\/media\/12752"}],"wp:attachment":[{"href":"https:\/\/airshiptrips.com\/de\/wp-json\/wp\/v2\/media?parent=10534"}],"wp:term":[{"taxonomy":"product_brand","embeddable":true,"href":"https:\/\/airshiptrips.com\/de\/wp-json\/wp\/v2\/product_brand?post=10534"},{"taxonomy":"product_cat","embeddable":true,"href":"https:\/\/airshiptrips.com\/de\/wp-json\/wp\/v2\/product_cat?post=10534"},{"taxonomy":"product_tag","embeddable":true,"href":"https:\/\/airshiptrips.com\/de\/wp-json\/wp\/v2\/product_tag?post=10534"}],"curies":[{"name":"wp","href":"https:\/\/api.w.org\/{rel}","templated":true}]}}