{"id":10514,"date":"2025-10-08T12:22:24","date_gmt":"2025-10-08T12:22:24","guid":{"rendered":"https:\/\/megaroboticsacademy.com\/shop\/unkategorisiert\/lavender-oil\/"},"modified":"2025-11-18T15:07:12","modified_gmt":"2025-11-18T15:07:12","slug":"lavendel-oil","status":"publish","type":"product","link":"https:\/\/airshiptrips.com\/de\/shop\/aroma-oils\/lavendel-oil\/","title":{"rendered":"Lavendel \u00d6l"},"content":{"rendered":"<div class=\"woocommerce-tabs wc-tabs-wrapper\">\n<div id=\"tab-description\" class=\"woocommerce-Tabs-panel woocommerce-Tabs-panel--description panel entry-content wc-tab\" role=\"tabpanel\" aria-labelledby=\"tab-title-description\">\n<p>Das H\u00f6ren des Wortes \u201eLavendel\u201c k\u00f6nnte zun\u00e4chst den Gedanken an eine Farbe hervorrufen \u2013 obwohl nicht zu verwechseln mit nur einem weiteren Purpur Ton, Lavendel ist eine eigene Farbfamilie.<br \/>\nLavendel besitzt zweifellos ein einzigartiges Erbe an Symbolik und Bedeutung. Sowohl die Kr\u00e4uterblume, die ihren Namen tr\u00e4gt, als auch die Farbe Lavendel stehen f\u00fcr jugendliches, ungez\u00e4hmtes Wachstum in der Natur im Fr\u00fchling. In diesem Sinne repr\u00e4sentiert Lavendel den Teil der Psyche, der, unber\u00fchrt von M\u00fcdigkeit und Schwierigkeiten, die Kraft und Vitalit\u00e4t der Jugend bewahrt. Dies umfasst Prozesse der Vorstellungskraft, Kreativit\u00e4t und optimistischen Anf\u00e4nge neuer Lebensphasen.<\/p>\n<h3><b>Lavendel Herkunft &amp; Eigenschaften<\/b><\/h3>\n<p>Das Lavendel Kraut hat eine ereignisreiche Geschichte. Im alten \u00c4gypten wurden Mumifizierung-verb\u00e4nde in einer teerartigen Substanz eingeweicht, die Lavendel\u00f6l enthielt. Eingew\u00f6lbte K\u00f6rper wurden mit ihnen umwickelt und dann in die Sonne gelegt, damit die Umh\u00fcllungen trocknen und sich versteifen w\u00fcrden. Lavendel wurde im Grab des Pharao Tutanchamun gefunden. Die Griechen und R\u00f6mer stellten Lavendel salbe her, die angeblich Fieber-resistent war. Sie wurde auch als Badekraut verwendet. Dies ist eine Erkl\u00e4rung f\u00fcr den Namen \u201eLavendel\u201c \u2013 das lateinische Wort \u201eLavare\u201c bedeutet \u201ewaschen\u201c. Im Mittelalter war Lavendel ein beliebtes Streukraut, von dem angenommen wurde, dass es Probleme wie Insekten und die Pest in Schach h\u00e4lt. Die Nachfrage nach Lavendel\u00f6l stieg im 19. Jahrhundert f\u00fcr viele Anwendungen in der Parf\u00fcm Industrie und brachte Lavendel den Spitznamen \u201edas blaue Gold\u201c ein. Dies k\u00f6nnte eine andere Erkl\u00e4rung f\u00fcr seinen Namen nahe legen, die vom lateinischen Wort\u00a0<i>livere<\/i>\u00a0abgeleitet ist, was \u201ebl\u00e4ulich\u201c bedeutet.<\/p>\n<p>Lavandula (gebr\u00e4uchlicher Name Lavendel) ist eine Gattung von 47 bekannten Bl\u00fctenpflanzenarten aus der Familie der Minze, Lamiaceae. Es ist in Europa, Asien und Afrika beheimatet. Viele Mitglieder der Gattung werden in gem\u00e4\u00dfigten Klimazonen ausgiebig als Zierpflanzen f\u00fcr Garten- und Landschaftszwecke, als K\u00fcchenkr\u00e4uter und auch kommerziell zur Gewinnung von \u00e4therischen \u00d6len kultiviert. Die Gattung umfasst einj\u00e4hrige oder kurzlebige krautige mehrj\u00e4hrige Pflanzen und strauchartige Stauden. Die Blattform ist in der Gattung unterschiedlich. Bei einigen Arten sind sie einfach, bei anderen sind sie gefiedert oder (mehrfach) gefiedert. Meist sind die Bl\u00e4tter mit feinen Haaren oder Indumentum bedeckt, die normalerweise die \u00e4therischen \u00d6le enthalten. Blumen werden in Wirbeln getragen, die auf (verzweigten) \u00c4hren gehalten werden, die sich \u00fcber das Laub erheben. Die Lavendelbl\u00fcten k\u00f6nnen bei Wildarten blau, violett oder lila sein, gelegentlich schw\u00e4rzlich lila oder sogar gelblich.<\/p>\n<p>Lavendel wird seit der Antike zur Behandlung einer Vielzahl von Krankheiten wie psychischen Problemen, Angstzust\u00e4nden, Schlaflosigkeit, Depressionen, Kopfschmerzen, Haarausfall, \u00dcbelkeit, Akne, Zahnschmerzen und Hautirritationen eingesetzt.<\/p>\n<h3><b>Lavendel\u00f6l &amp; Vorteile<\/b><\/h3>\n<p>Lavendel wird h\u00e4ufig zur Herstellung seines \u00e4therischen \u00d6ls angebaut, das durch Wasserdampfdestillation aus den Bl\u00fctenstielen gewonnen wird. Das \u00d6l hat mehrere kosmetische Verwendungen und es wird angenommen, dass es auch einige vorteilhafte gesundheitliche Verwendungen hat. Das Kraut ist hoch angesehen f\u00fcr Haut- und Sch\u00f6nheitsprodukte und wird h\u00e4ufig in D\u00fcften und Shampoos verwendet, die zur Reinigung der Haut beitragen.<\/p>\n<p>Es wird angenommen, dass Lavendel\u00f6l antiseptische und entz\u00fcndungshemmende Eigenschaften hat, was es zu einem gro\u00dfartigen Mittel macht, um kleinere Verbrennungen und Hautleiden wie Kratzer und Insektenstiche zu heilen. Untersuchungen legen nahe, dass es zur Behandlung von Angstzust\u00e4nden, Schlaflosigkeit, Depressionen und Unruhe n\u00fctzlich sein kann. Lavendel wird verwendet, um Kopfschmerzen, Verstauchungen, Zahnschmerzen und Wunden zu lindern. Es kann auch verwendet werden, um Haarausfall zu verhindern.<\/p>\n<p><b>Behandelt Hautunreinheiten<br \/>\n<\/b>Lavendel\u00f6l ist eines der \u00e4therischen \u00d6le, die sich hervorragend f\u00fcr die Dermatologie eignen. Tats\u00e4chlich kann die Anwendung von Lavendel\u00f6l auf betroffene Bereiche von Akne, Ekzemen oder Hautentz\u00fcndungen eine wichtige Rolle bei der Behandlung von Hautunreinheiten und bei der Linderung von Entz\u00fcndungen spielen. In der Hautpflege eignet sich Lavendel besonders f\u00fcr empfindliche, gereizte Haut (Sonnenbrand, nach der Rasur, Windelausschlag) und f\u00f6rdert den Heilungsprozess von Hautsch\u00e4den und leichten Verbrennungen. Aufgrund seiner analgetischen und Hautheilenden Eigenschaften ist reines Lavendel\u00f6l bei Verbrennungen ideal geeignet. Ein wahrhaft k\u00f6nigliches \u00d6l. Ein kleiner Tropfen nat\u00fcrliches Lavendel\u00f6l auf eine Wunde oder einen Insektenstich kann lokal desinfizieren, Schmerzen lindern und die Haut sch\u00f6n heilen lassen.<\/p>\n<p><b>Wundheilung<br \/>\n<\/b>Die antioxidative Aktivit\u00e4ten von Lavendel\u00f6l desinfizieren und k\u00f6nnen zur Wundheilung beitragen. Die Zeitschrift Evidence-Based Complementary and Alternative Medicine ver\u00f6ffentlichte eine Studie zum Vergleich der Wirkungen verschiedener Behandlungen zur Wundheilung, in der die Wirkungen der transkutanen elektrischen Nervenstimulation, Kochsalzl\u00f6sung, Povidoniod und Lavendel\u00f6l (angewendet auf Laborratten) verglichen wurden. Die Ergebnisse dieses Tests legen nahe, dass Lavendel die Wundheilung beschleunigt.<\/p>\n<p><b>Fungizid und antibakteriell<br \/>\n<\/b>Eine im Journal of Medical Microbiology ver\u00f6ffentlichte Studie ergab, dass Lavendel\u00f6l bei der Bek\u00e4mpfung von Antimykotika-resistenten Infektionen wirksam sein kann. Es wurde festgestellt, dass das \u00d6l f\u00fcr eine Reihe von St\u00e4mmen, die Hautkrankheiten verursachen k\u00f6nnen, t\u00f6dlich war da die aus Lavendel destillierten \u00e4therischen \u00d6le die Membranen von Pilzzellen zu zerst\u00f6ren schienen. Es wurde gezeigt, dass Lavendel\u00f6l sehr stark ist und eine antimykotische Aktivit\u00e4t in einem breiten Spektrum zeigt.<\/p>\n<p><b>Nat\u00fcrliches Heilmittel gegen Schmerzen<br \/>\n<\/b>Lavendel wirkt krampfl\u00f6send bei allen Formen von Kr\u00e4mpfen und hat eine milde analgetische Wirkung. In Verd\u00fcnnung mit einem Tr\u00e4ger\u00f6l wie Jojoba oder Mandel\u00f6l, kann Lavendel als pflegendes und entspannendes Massage\u00f6l f\u00fcr steife und schmerzende Muskeln und zur Linderung von Arthrose Symptomen verwendet werden.<\/p>\n<p><b>F\u00f6rdert das Haarwachstum<br \/>\n<\/b>Es wird angenommen, dass Lavendel zur Behandlung von Alopecia areata wirksam ist. Dies ist ein Zustand, der Haarausfall in einigen oder allen K\u00f6rperteilen verursacht. Eine Studie aus dem Jahr 1998 zeigte, dass das Haarwachstum bei fortgesetzter Behandlung mit Lavendel\u00f6l um bis zu 44 % gef\u00f6rdert werden kann. Obwohl weitere Untersuchungen erforderlich sind, schlagen die Forscher vor, dass Lavendel m\u00f6glicherweise als Mittel zur F\u00f6rderung des Haarwachstums verwendet werden k\u00f6nnte.<\/p>\n<h3><b>Lavendel\u00f6l &amp; Aromatherapie<\/b><\/h3>\n<p>Das Geheimnis der Aromatherapie liegt in der Tatsache, dass unsere Duftrezeptoren Nachrichten an das Gehirn senden, die unsere Stimmung beeinflussen. Laut dem National Cancer Institute hilft die Aromatherapie sogar dabei, die Nebenwirkungen der Krebsbehandlung zu regulieren. Es wird auch gesagt, dass Aromatherapie bei Demenz helfen kann.<\/p>\n<p>Lavendel\u00f6l ist eines der am h\u00e4ufigsten verwendeten \u00e4therischen \u00d6le in der Aromatherapie. Es wird angenommen, dass der Duft dieses \u00d6ls die Ruhe und das Wohlbefinden f\u00f6rdert und dazu beitr\u00e4gt, Stress, Angstzust\u00e4nde und m\u00f6glicherweise sogar leichte Schmerzen zu reduzieren. Eine Studie ergab, dass die topische Anwendung von Lavendel\u00f6l auf die Haut die Schwere von Menstruationsbeschwerden verringern kann. Aber es gibt noch mehr!<\/p>\n<p><b>Reduziert den Blutdruck und die Herzfrequenz<br \/>\n<\/b>Chronischer Bluthochdruck belastet das Herz zus\u00e4tzlich und erh\u00f6ht das Risiko von gesundheitlichen Komplikationen wie Schlaganfall und Herzinfarkt. In einer kleinen Studie wurde gezeigt, dass das Einatmen von \u00e4therischem Lavendel\u00f6l nach einer Operation am Herzen den Blutdruck und die Herzfrequenz senkt. Dies deutet darauf hin, dass sich das \u00d6l positiv auf die lebenswichtigen K\u00f6rperfunktionen auswirkt. Obwohl mehr Forschung erforderlich ist, sind die bisherigen Ergebnisse vielversprechend.<\/p>\n<p><b>Kann Asthmasymptome lindern<br \/>\n<\/b>Die entz\u00fcndungshemmenden Wirkungen von Lavendel k\u00f6nnen auch Asthma bronchiale zugutekommen. Die Ergebnisse einer Studie deuteten auf den positiven Einfluss von Lavendel auf die Gesundheit der Atemwege und seine lindernden Wirkungen auf allergische Entz\u00fcndungen und Schleimhyperplasie hin.<\/p>\n<p><b>Reduziert Hitzewallungen<br \/>\n<\/b>Irgendwann in ihrem Leben sind die meisten Frauen von Hitzewallungen betroffen, einem der h\u00e4ufigsten Symptome der Wechseljahre und des PMS. Das pl\u00f6tzliche Gef\u00fchl eines \u00fcberhitzten K\u00f6rpers kann zu einem ger\u00f6teten Gesicht und (\u00fcberm\u00e4\u00dfigem) Schwei\u00df f\u00fchren. Obwohl PMS eine so h\u00e4ufiger Zustand ist, gibt es keine einzige Behandlung, die als allgemein wirksam anerkannt wird. Infolgedessen entscheiden sich viele Frauen f\u00fcr alternative L\u00f6sungen. Die gute Nachricht ist, dass die Lavendel-Aromatherapie dazu beitragen kann, die Hitzewallungen zu reduzieren und pr\u00e4menstruelle emotionale Symptome zu lindern. Dies wurde in einer Studie gezeigt, die im September 2016 im Journal of Chinese Medical Association ver\u00f6ffentlicht wurde. Das zweimalige t\u00e4gliche Einatmen von verdampftem Lavendel\u00f6l f\u00fcr 20 Minuten in einem Diffusor oder w\u00e4hrend eines Bades kann diese lindernde Wirkung erzielen.<\/p>\n<p><b>Kann den Schlaf verbessern<br \/>\n<\/b>Es hatte Zeiten gegeben, in der Lavendelbl\u00fcten in Kissen gestopft wurden, da bekannt war, dass sie ein hilfreiches Mittel f\u00fcr einen guten Schlaf waren. Schlaflosigkeit kann ein qu\u00e4lendes und oft anhaltendes Problem sein, das dem K\u00f6rper die notwendige Ruhe nimmt und auch das t\u00e4gliche Leben beeintr\u00e4chtigt. Aufh\u00f6ren, koffeinhaltige Getr\u00e4nke zu trinken und mehr Bewegung zu bekommen, sind einige der naheliegendsten L\u00f6sungen, um den Schlaf zu induzieren. Manchmal funktionieren diese oder andere Mittel jedoch (nicht mehr) und die verzweifelte Suche nach Alternativen wird fortgesetzt. Eine im M\u00e4rz 2017 in der British Association of Critical Nurses ver\u00f6ffentlichte Studie ergab, dass sich die Schlafqualit\u00e4t bei Patienten auf der Intensivstation mit \u00e4therischem Lavendel\u00f6l verbessert. Nur ein paar Tropfen Lavendel\u00f6l, die Sie vor dem Schlafengehen auf Ihr Kissen gestreut haben, sorgen f\u00fcr den gew\u00fcnschten beruhigenden Schlaf. Auch in der Aromatherapie wird Lavendel h\u00e4ufig zur Behandlung von Kopfschmerzen, Nervosit\u00e4t und Unruhe eingesetzt. Eine Massage mit Lavendel\u00f6l kann sowohl als Beruhigungsmittel als auch als Schlafmittel wirken.<br \/>\nDas Aroma von Lavendel\u00f6l ist f\u00fcr viele, die es zur Behandlung einer Vielzahl von Erkrankungen verwendet haben, sehr angenehm. Seine Anwendung reicht von einem beruhigenden Mittel bis zur Behandlung von Schlaflosigkeit, Angstzust\u00e4nden und Menstruationsbeschwerden. Lavendel hat viele potenzielle Vorteile, die Sie vielleicht ausprobieren m\u00f6chten.<\/p>\n<h3><\/h3>\n<\/div>\n<\/div>\n<section class=\"related-wrapper\"><\/section>\n","protected":false},"excerpt":{"rendered":"<p><b>Marke<\/b>: Nefertiti for natural oils and herbs<b><br \/>\n<\/b><b>Herkunftsland<\/b>: Mittlerer Osten<b><br \/>\n<\/b><b>Botanischer Name:\u00a0<\/b>Lavandula Angustifolia<br \/>\n<b>Familie<\/b>:\u00a0Lamiaceae<br \/>\n<b>INCI<\/b>:\u00a0Lavandula Angustifolia\u00a0Reines Aroma\u00f6l<br \/>\n<b>Verwendete Teile<\/b>: St\u00e4ngel und Bl\u00fcten<br \/>\n<b>Extraktionsmethode<\/b>:\u00a0Wasserdampfdestillation<br \/>\n<b>Duft<\/b>: s\u00fc\u00df, kampferartig, holzig und w\u00fcrzig<br \/>\n<b>Aussehen<\/b>: blassgelb<br \/>\n<b>Physikalischer Zustand<\/b>: Fl\u00fcssigkeit<br \/>\n<b>Nat\u00fcrlich<\/b>: Ja<br \/>\n<b>Reinheit<\/b>: 100 %\u00a0rein<br \/>\n<b>Zertifikate: :\u00a0ISO &amp; MSDS<br \/>\n<\/b><b>Komposition:\u00a0reines Aroma\u00f6l\u00a0<\/b><br \/>\n<b>Versand<\/b>: Berechnet an der Kasse<\/p>\n","protected":false},"featured_media":12737,"comment_status":"open","ping_status":"closed","template":"","meta":[],"product_brand":[],"product_cat":[202],"product_tag":[],"class_list":{"0":"post-10514","1":"product","2":"type-product","3":"status-publish","4":"has-post-thumbnail","6":"product_cat-aroma-oils","8":"first","9":"instock","10":"shipping-taxable","11":"purchasable","12":"product-type-variable","13":"has-default-attributes"},"_links":{"self":[{"href":"https:\/\/airshiptrips.com\/de\/wp-json\/wp\/v2\/product\/10514","targetHints":{"allow":["GET"]}}],"collection":[{"href":"https:\/\/airshiptrips.com\/de\/wp-json\/wp\/v2\/product"}],"about":[{"href":"https:\/\/airshiptrips.com\/de\/wp-json\/wp\/v2\/types\/product"}],"replies":[{"embeddable":true,"href":"https:\/\/airshiptrips.com\/de\/wp-json\/wp\/v2\/comments?post=10514"}],"wp:featuredmedia":[{"embeddable":true,"href":"https:\/\/airshiptrips.com\/de\/wp-json\/wp\/v2\/media\/12737"}],"wp:attachment":[{"href":"https:\/\/airshiptrips.com\/de\/wp-json\/wp\/v2\/media?parent=10514"}],"wp:term":[{"taxonomy":"product_brand","embeddable":true,"href":"https:\/\/airshiptrips.com\/de\/wp-json\/wp\/v2\/product_brand?post=10514"},{"taxonomy":"product_cat","embeddable":true,"href":"https:\/\/airshiptrips.com\/de\/wp-json\/wp\/v2\/product_cat?post=10514"},{"taxonomy":"product_tag","embeddable":true,"href":"https:\/\/airshiptrips.com\/de\/wp-json\/wp\/v2\/product_tag?post=10514"}],"curies":[{"name":"wp","href":"https:\/\/api.w.org\/{rel}","templated":true}]}}