{"id":10499,"date":"2025-10-08T12:22:53","date_gmt":"2025-10-08T12:22:53","guid":{"rendered":"https:\/\/megaroboticsacademy.com\/shop\/unkategorisiert\/cinnamon-oil\/"},"modified":"2025-11-18T15:00:37","modified_gmt":"2025-11-18T15:00:37","slug":"cinnamon","status":"publish","type":"product","link":"https:\/\/airshiptrips.com\/de\/shop\/aroma-oils\/cinnamon\/","title":{"rendered":"Zimt\u00f6l"},"content":{"rendered":"<p>Der charakteristische warme, w\u00fcrzige Duft von Zimt wird meistens mit einer gem\u00fctlichen Atmosph\u00e4re und heimeliger W\u00e4rme in Verbindung gebracht und erinnert an Winterszenen und die Ferienzeit. Nostalgische Gedanken an frisch gebackenen Apfelkuchen oder Krapfen mit Zimt erwachen. Dies an sich macht die beruhigende Wirkung seines Aromas offensichtlich.<\/p>\n<h3><b>Zimt Herkunft &amp; Eigenschaften<\/b><\/h3>\n<p>Aufgrund des gem\u00fctlichen Wintergef\u00fchls, das es hervorruft, w\u00fcrde man fast annehmen, dass Zimt aus n\u00f6rdlichen Regionen stammt. Der immergr\u00fcne Zimtbaum (aus der Gattung Cinnamomum) w\u00e4chst jedoch in warmen tropischen Regionen. Es stammt aus Sri Lanka und einigen anderen asiatischen L\u00e4ndern und Afrika. Zimt wird aus der inneren Rinde des Baumes gewonnen. Entfernte Rindenst\u00fccke werden auf Kokosmatten getrocknet. Dies f\u00fchrt zu einer \u00c4nderung der Farbe und zum Aufrollen der St\u00fccke, und die r\u00f6hrenf\u00f6rmigen Zimtstangen, wie wir sie kennen, werden gebildet. Der Name f\u00fcr dieses Gew\u00fcrz im fr\u00fchen Englisch war \u201ecanel\u201c oder \u201ecanella\u201c, lateinische W\u00f6rter f\u00fcr \u201etube\u201c und beziehen sich auf die gerollte Rinde nach dem Trocknen. Der aktuelle englische Name \u201eCinnamon\u201c leitet sich von den arabischen und hebr\u00e4ischen W\u00f6rtern \u201eAmomon\u201c oder \u201eQinnamon\u201c ab, was \u201eduftende Gew\u00fcrzpflanze\u201c bedeutet.<\/p>\n<p>Der Zimtbaum ist erkennbar an seiner charakteristischen rostbraunen Rinde, seinen ovalen Bl\u00e4ttern mit einem gl\u00e4nzenden, ledrigen Aussehen und seinen kleinen wei\u00dfen Bl\u00fcten \u2013 alle hocharomatisch. Dieser typische Zimtduft ist warm, voll, leicht fruchtig, pfefferig und Vanille-artig. Seit Jahrhunderten wird Zimt als Gew\u00fcrz in Lebensmitteln verwendet und ist seit langem f\u00fcr seine heilenden und beruhigenden Eigenschaften bekannt. Zimt wurde auch bei Einbalsamierungsritualen verwendet, wahrscheinlich wegen der konservierenden Eigenschaften dieses speziellen Gew\u00fcrzes. Zimt gilt als eines der \u00e4ltesten Gew\u00fcrze der Welt und galt einst als wertvoller als Gold. Es diente oft als Geschenk an K\u00f6nige und G\u00f6tter. Es wurde auch als eines der traditionellen chinesischen und ayurvedischen (ganz-k\u00f6rperlichen) Mittel bekannt.<\/p>\n<p>Zimt ist eigentlich ein Mehrzweckmittel, das bei einer Vielzahl von Krankheiten und Beschwerden eingesetzt werden kann. Zimt ist seit langem f\u00fcr seine restaurative Wirkung bei Erk\u00e4ltungen, Durchfall, Menstruationsbeschwerden, \u00dcbelkeit und Bl\u00e4hungen bekannt. Es hilft sogar (ja wirklich!) gegen kalte F\u00fc\u00dfe, da Zimt die F\u00e4higkeit hat, den K\u00f6rper zu w\u00e4rmen!<\/p>\n<p>Eine sch\u00f6ne zus\u00e4tzliche Tatsache: Die positiven Wirkungen von Zimt werden in Kombination mit Honig deutlich verst\u00e4rkt. Aber auch umgekehrt: Die kraftvolle Wirkung von Honig wird durch Zimt verst\u00e4rkt. Ein klassisches Beispiel f\u00fcr 1 + 1 = 3.<\/p>\n<h3><b>Zimt\u00f6l<\/b><\/h3>\n<p>Das \u00e4therische Zimt\u00f6l wird durch Wasserdampfdestillation aus Teilen der Rinde gewonnen. Dieses therapeutische \u00d6l soll Spiritualit\u00e4t anziehen und hat wohltuende und heilende Wirkungen. Zimt\u00f6l wird als nat\u00fcrliches Heilmittel f\u00fcr viele Krankheiten angepriesen, die von Husten und Erk\u00e4ltungen bis hin zu Verstopfung reichen. Zimt\u00f6l ist eine starke Unterst\u00fctzung f\u00fcr das Immunsystem. Seine antivirale und antibakterielle Wirkung macht es zu einem hervorragenden Mittel gegen Grippe und Erk\u00e4ltungen.<\/p>\n<h3><b>Zimt\u00f6l &amp; Vorteile<\/b><\/h3>\n<p>Im Laufe der Geschichte war die Zimtpflanze an Schutz und Wohlstand gebunden. Neben der beruhigenden Wirkung auf die psychische Gesundheit wirkt es auch entspannend auf verh\u00e4rtete Muskeln. Dieses \u00d6l hat eine st\u00e4rkende und Wirkung, es hat eine w\u00e4rmende Wirkung bei K\u00e4lte (niedrige Temperaturen), aber auch bei innerer K\u00e4lte. Zimt\u00f6l wirkt w\u00e4rmend auf die Haut und regt die Durchblutung an. Die analgetische und krampfl\u00f6sende Wirkung verleiht diesem \u00d6l eine zus\u00e4tzliche Dimension bei der Behandlung von Muskelschmerzen oder Muskelverspannungen, wenn es als Massage\u00f6l verwendet wird.<br \/>\nNur ein paar Tropfen, die einem Tr\u00e4ger\u00f6l zugesetzt und auf die Haut aufgetragen werden, k\u00f6nnen Sch\u00fcttelfrost, kalte H\u00e4nde und F\u00fc\u00dfe wirksam behandeln.<\/p>\n<p>Das Aroma von Zimt\u00f6l ist warm, bitter, w\u00fcrzig und gleichzeitig unbeschreiblich s\u00fc\u00df. Es enth\u00e4lt eine Reihe beeindruckender und einflussreicher Verbindungen, von denen angenommen wird, dass sie die Gesundheit f\u00f6rdern. Diese Verbindungen umfassen Zimtaldehyd, Zimtacetat, Eugenol und Eugenolacetat als Hauptbestandteile.<\/p>\n<ul>\n<li aria-level=\"1\"><b><i>Zimtaldehyd\u00a0<\/i><\/b>ist die organische Verbindung, die Zimt seinen Geschmack und sein Aroma verleiht. Zimtaldehyd hat antimykotische und antibakterielle Eigenschaften, die Infektionen reduzieren und zur Bek\u00e4mpfung von Karies und Mundgeruch beitragen k\u00f6nnen.<\/li>\n<li aria-level=\"1\"><b><i>Cinnamylacetat\u00a0<\/i><\/b>spielt eine Rolle als Duftstoff, Metabolit und Insektizid. Diese Verbindung hat einen erheblichen Einfluss auf das s\u00fc\u00dfe, w\u00fcrzige, blumige und balsamische Aroma und den Geschmack von Zimt\u00f6l. Sie wird zur Herstellung von Parfums verwendet und ist auch zur Abwehr st\u00f6render Insekten wirksam.<\/li>\n<li aria-level=\"1\"><b><i>Eugenol\u00a0<\/i><\/b>und Eugenolacetat haben starke antiseptische, analgetische, antibakterielle und Krebs-bek\u00e4mpfende Eigenschaften. Diese k\u00f6nnen das Blut effizient reinigen und den K\u00f6rper vor Herz-Kreislauf-Erkrankungen sch\u00fctzen und Magengeschw\u00fcren vorbeugen.<\/li>\n<\/ul>\n<p><b>Zimt\u00f6l f\u00fcr die Haut<br \/>\n<\/b>Laut einer 2017 ver\u00f6ffentlichten Studie kann das \u00e4therische Zimt\u00f6l die Bildung mehrerer Protein-Biomarker, die an Hautentz\u00fcndungen und dem Umbau von Gewebe beteiligt sind, erheblich beenden. Die entz\u00fcndungshemmenden Eigenschaften von Zimt\u00f6l k\u00f6nnen ein starkes nat\u00fcrliches Heilmittel gegen entz\u00fcndungsbedingte Hautprobleme wie Hautausschl\u00e4ge und Akne sein. Mischen Sie Zimt\u00f6l mit einem Tr\u00e4ger\u00f6l (z. B. Kokos\u00f6l) und tragen Sie es direkt auf die Haut auf, um die antimikrobielle Kapazit\u00e4t zu nutzen.<\/p>\n<p><b>Zimt\u00f6l f\u00fcr die Lippen<br \/>\n<\/b>Die Verwendung des w\u00e4rmenden Zimt\u00f6ls f\u00fcr die Lippen ist ein nat\u00fcrlicher Weg, um die Lippen zu f\u00fcllen, indem die Durchblutung in diesem Bereich angeregt wird. Mischen Sie nur zwei Tropfen Zimt\u00f6l mit einem Essl\u00f6ffel Kokos\u00f6l, um das perfekte hausgemachte Pflegeprodukt zu erhalten, das vollere Lippen ergibt.<\/p>\n<p><b>Zimt\u00f6l f\u00fcr die Haarpflege<br \/>\n<\/b>Zimt\u00f6l kann auch f\u00fcr das Haar von Vorteil sein. Dieses w\u00fcrzige \u00e4therische \u00d6l wird empfohlen, um die Gesundheit und das Wachstum der Haare zu f\u00f6rdern. Ein paar Tropfen, gemischt mit Mandel\u00f6l als Tr\u00e4ger\u00f6l, ergeben eine schnelle hausgemachte Kopfhautbehandlung.<\/p>\n<p><b>Zimt\u00f6l gegen Pilzinfektionen<br \/>\n<\/b>Untersuchungen haben gezeigt, dass Zimt\u00f6l (sowie Oliven\u00f6l) gegen Pilze wie Candida albicans, die Hauptursache f\u00fcr Nagelpilz an den Zehen und andere Pilzinfektionen, wirkt. Es kann sich auch positiv auf die Psoriasis auswirken. F\u00fcr eine nat\u00fcrliche Behandlung einige Tropfen \u00e4therisches Zimt\u00f6l mit Oliven oder Kokos\u00f6l mischen und direkt auf die Problemstelle auftragen.<\/p>\n<p><b>Zimt\u00f6l und Arthritis<br \/>\n<\/b>Da Zimt\u00f6l die Durchblutung f\u00f6rdert und Entz\u00fcndungen hemmt, kann es auch helfen, Schmerzen und Bewegungsschwierigkeiten zu lindern, die durch Arthritis oder andere Knochenerkrankungen verursacht werden, indem einfach die betroffenen K\u00f6rperteile mit diesem nat\u00fcrlichen \u00d6l eingerieben werden.<\/p>\n<h3><b>Zimt\u00f6l &amp; Aromatherapie<\/b><\/h3>\n<p>Wie bereits erw\u00e4hnt, wird angenommen, dass \u00e4therisches Zimt\u00f6l die Durchblutung anregt. Es ist auch ein starkes Mittel zur Verringerung von Stress und Schmerzen, es kann Infektionen bek\u00e4mpfen, die Verdauung verbessern, Insekten in Schach halten und Schmerzen durch Insektenstiche lindern.<\/p>\n<p>Die Verwendung von Zimt\u00f6l in der Aromatherapie wurde nicht ausf\u00fchrlich untersucht, aber viele genie\u00dfen das \u00fcppige Zimtaroma und nutzen seine entspannenden Wirkungen. Die Aromatherapie wurde mit vielen Vorteilen in Verbindung gebracht, wie z. B. einer Verringerung von Depressionen und Angstzust\u00e4nden sowie einem verbesserten Schlaf. Egal, ob Sie Aromatherapie mit Zimt\u00f6l genie\u00dfen, einfach wegen seines angenehmen Geruchs, der es Ihnen erm\u00f6glicht, in s\u00fc\u00dfe Erinnerungen einzutauchen, oder wegen der therapeutischen Wirkung, die es hat:<\/p>\n<p><b><i>Zimt\u00f6l ist ein gro\u00dfartiger Stimmungsverst\u00e4rker!<\/i><\/b><\/p>\n<p>Zimt\u00f6l ist eine beliebte Wahl f\u00fcr die Anwendung der Aromatherapie zu Hause. Das \u00e4therische Zimt\u00f6l kann leicht mit einer Aromalampe oder einem Diffusor verdampft werden. Es kann auch einfach in die Luft gespr\u00fcht werden, sodass es durch die Haut eingeatmet oder absorbiert wird.<\/p>\n<p><b>Zimt\u00f6l als Aphrodisiakum<br \/>\n<\/b>Zimt ist als nat\u00fcrliches Aphrodisiakum bekannt, da es die Durchblutung f\u00f6rdert, insbesondere im Bauchbereich. Durch die verbesserte Blutversorgung der m\u00e4nnlichen und weiblichen Genitalien kann die sexuelle Erregung erleichtert werden.<\/p>\n<p><b>Zimt\u00f6l zur Massage<br \/>\n<\/b>Die Inhaltsstoffe von Zimt\u00f6l verbessern die Durchblutung, versorgen das Gehirn mit mehr Sauerstoff und erm\u00f6glichen es dem K\u00f6rper, den Energieverbrauch zu verbessern. Zimt\u00f6l l\u00e4sst sich sehr gut mit einem Tr\u00e4ger\u00f6l mischen, um eine wundervolle beruhigende Massage zu erhalten. Mischen Sie ein paar Tropfen Zimt\u00f6l mit einem Tr\u00e4ger\u00f6l wie Jojoba oder Argan\u00f6l, um eine Massage zu erhalten oder die Haut mit Feuchtigkeit zu versorgen.<\/p>\n<p><b>Zimt\u00f6l, um Ihr Zuhause zu deodorieren<br \/>\n<\/b>M\u00f6chten Sie Ihr Zuhause im Herbst und in den kalten Wintermonaten mit dem warmen Duft von frisch gebackenem Apfelkuchen f\u00fcllen? Machen Sie Ihr eigenes nat\u00fcrliches Deodorant oder Lufterfrischer mit \u00e4therischem Zimt\u00f6l als hausgemachtem Raumspray. Vielleicht m\u00f6chten Sie es sogar mit anderen angenehmen D\u00fcften wie Orangen, Zitronen oder Nelken\u00f6l kombinieren. Eine andere einfache M\u00f6glichkeit, Ihre Umgebung zu erfrischen, besteht darin, ein paar Tropfen Zimt\u00f6l auf ein Taschentuch oder ein Tuch oder sogar auf getrocknete Blumen zu geben.<br \/>\nW\u00e4hrend das Zimt\u00f6l die Luft erfrischt und sogar entgiftet, erleben Sie gleichzeitig ein erdendes, entspannendes Gef\u00fchl.<\/p>\n<h3><b>Verwendung von Zimt\u00f6l<\/b><\/h3>\n<p>In allen Anwendungen wird dringend empfohlen, Zimt\u00f6l mit einem Tr\u00e4ger\u00f6l wie Jojoba, Mandel oder Argan\u00f6l zu verd\u00fcnnen. Wenden Sie ein Verh\u00e4ltnis von 1 zu 5 an.<\/p>\n","protected":false},"excerpt":{"rendered":"<p><b>Marke<\/b>: Nefertiti for natural oils and herbs<b><br \/>\n<\/b><b>Herkunftsland<\/b>: Mittlerer Osten<b><br \/>\n<\/b><b>Botanischer Name:\u00a0<\/b>Chamaemelum Nobile<br \/>\n<b>Familie<\/b>:\u00a0Asteraceae<br \/>\n<b>INCI<\/b>:\u00a0Chamaemelum Nobile\u00a0Reines Aroma\u00f6l<br \/>\n<b>Verwendete Teile<\/b>: Rinde<br \/>\n<b>Extraktionsmethode<\/b>:\u00a0Wasserdampfdestillation<br \/>\n<b>Duft<\/b>: scharf, s\u00fc\u00df<br \/>\n<b>Aussehen<\/b>: Rotbraun<br \/>\n<b>Physikalischer Zustand<\/b>: Fl\u00fcssigkeit<br \/>\n<b>Nat\u00fcrlich<\/b>: Ja<br \/>\n<b>Reinheit<\/b>: 100 %\u00a0rein<br \/>\n<b>Zertifikate: \u00a0ISO &amp; MSDS<\/b><br \/>\n<b>Komposition:\u00a0reines Aroma\u00f6l<\/b><br \/>\n<b>Versand<\/b>: Berechnet an der Kasse<\/p>\n","protected":false},"featured_media":12725,"comment_status":"open","ping_status":"closed","template":"","meta":[],"product_brand":[],"product_cat":[202],"product_tag":[],"class_list":{"0":"post-10499","1":"product","2":"type-product","3":"status-publish","4":"has-post-thumbnail","6":"product_cat-aroma-oils","8":"first","9":"outofstock","10":"shipping-taxable","11":"purchasable","12":"product-type-variable","13":"has-default-attributes"},"_links":{"self":[{"href":"https:\/\/airshiptrips.com\/de\/wp-json\/wp\/v2\/product\/10499","targetHints":{"allow":["GET"]}}],"collection":[{"href":"https:\/\/airshiptrips.com\/de\/wp-json\/wp\/v2\/product"}],"about":[{"href":"https:\/\/airshiptrips.com\/de\/wp-json\/wp\/v2\/types\/product"}],"replies":[{"embeddable":true,"href":"https:\/\/airshiptrips.com\/de\/wp-json\/wp\/v2\/comments?post=10499"}],"wp:featuredmedia":[{"embeddable":true,"href":"https:\/\/airshiptrips.com\/de\/wp-json\/wp\/v2\/media\/12725"}],"wp:attachment":[{"href":"https:\/\/airshiptrips.com\/de\/wp-json\/wp\/v2\/media?parent=10499"}],"wp:term":[{"taxonomy":"product_brand","embeddable":true,"href":"https:\/\/airshiptrips.com\/de\/wp-json\/wp\/v2\/product_brand?post=10499"},{"taxonomy":"product_cat","embeddable":true,"href":"https:\/\/airshiptrips.com\/de\/wp-json\/wp\/v2\/product_cat?post=10499"},{"taxonomy":"product_tag","embeddable":true,"href":"https:\/\/airshiptrips.com\/de\/wp-json\/wp\/v2\/product_tag?post=10499"}],"curies":[{"name":"wp","href":"https:\/\/api.w.org\/{rel}","templated":true}]}}