{"id":10473,"date":"2025-10-08T12:23:37","date_gmt":"2025-10-08T12:23:37","guid":{"rendered":"https:\/\/megaroboticsacademy.com\/shop\/unkategorisiert\/ramses-oil\/"},"modified":"2025-11-18T14:48:01","modified_gmt":"2025-11-18T14:48:01","slug":"ramses-oil","status":"publish","type":"product","link":"https:\/\/airshiptrips.com\/de\/shop\/aroma-oils\/ramses-oil\/","title":{"rendered":"Ramses"},"content":{"rendered":"<div class=\"woocommerce-tabs wc-tabs-wrapper\">\n<div id=\"tab-description\" class=\"woocommerce-Tabs-panel woocommerce-Tabs-panel--description panel entry-content wc-tab\" role=\"tabpanel\" aria-labelledby=\"tab-title-description\">\n<p><b>D\u00dcFTE<\/b><\/p>\n<p><b><i>Kopfnoten<\/i><\/b><b>:<\/b>\u00a0Litschi, Lotusblatt, Mandarinen, Bergamotte<br \/>\n<b><i>Herznoten:<\/i><\/b>\u00a0maritime Noten, Orange, Rosenholz<br \/>\n<b><i>Basisnoten:<\/i><\/b>\u00a0Amber, Moschus, Benzoes\u00e4ure, Tonkabohne<br \/>\n<b>Kopfnote:<\/b>\u00a0Beim Auftragen des Duftes entfalten sich sofort die fruchtigen Noten von Mandarinen und Litschi. Die Bergamotte verleiht dem Ganzen mit einem kleinen Schritt das gewisse \u201eEtwas\u201c der Kopfnote.<br \/>\n<b>Herznote:<\/b>\u00a0Seine nach ein paar Minuten einsetzende \u201eFrische\u201c bringt die maritime Note mit sich, wobei die Orange die fruchtige Note verst\u00e4rkt und das Rosenholz einen leicht holzigen Effekt hinzuf\u00fcgt, aber wie gesagt nur leicht.<br \/>\n<b>Basisnote:<\/b>\u00a0Die Basisnote erscheint mit Amber und Moschus erst langsam und l\u00e4sst Ramses zu einem abgerundeten, frischen, warmen Duft werden, der erst durch Amber und Moschus eine ausgewogene Note erh\u00e4lt<br \/>\nEr gilt als hervorragender Duft f\u00fcr den Sportler und auch als ideale Note f\u00fcr ein abendliches Date. Seine leicht s\u00fc\u00dflich-fruchtige Note wirkt nicht aufdringlich, sondern umgibt den Tr\u00e4ger mit einer sportlich-maritimen Aura.<\/p>\n<h3><b>Anwendung von Nefertiti-Aromamischungen<\/b><\/h3>\n<p>Parf\u00fcmherstellung mit Aroma\u00f6lmischungen<br \/>\nUnsere Nefertiti Aroma-Mischungen bieten die beste Grundlage f\u00fcr die Herstellung Ihres eigenen, ma\u00dfgeschneiderten Parf\u00fcms.<br \/>\nMischen Sie das Nefertiti-Aroma\u00f6l Ihrer Wahl mit 96 % Alkohol im Verh\u00e4ltnis 1:1, um Ihr Lieblingsparf\u00fcm zu kreieren.<br \/>\nWenn Sie Ihren Lieblingsduft in reiner Form verwenden, tragen Sie ihn nur in kleinen Mengen auf. Nur ein kleiner Tropfen reicht aus, um ihn \u00e4u\u00dferlich mit dem Finger aufzutragen, beispielsweise hinter dem Ohr einreiben.<br \/>\nTragen Sie Aromamischungen niemals unverd\u00fcnnt auf Kleidung auf, da das reine \u00d6l Flecken verursachen kann!<\/p>\n<h3><b>Andere Anwendungen<\/b><\/h3>\n<p><b><i>Aromatherapie mit Aroma Blend:<\/i><\/b>\u00a0Geben Sie ein paar Tropfen der Aroma Blend in einen Diffusor.<\/p>\n<p><b><i>Raumerfrischung mit Aroma Blend:<\/i><\/b>\u00a0Aroma\u00f6lmischung 1:2 (1) mit destilliertem Wasser (2) mischen.<\/p>\n<p><b><i>Badezusatz mit Aroma Blend:<\/i><\/b>\u00a0Umh\u00fcllen Sie sich ganz mit Ihrem Lieblingsduft! Geben Sie ein paar Tropfen der Aromamischung Ihrer Wahl in Ihr Badewasser.<\/p>\n<h3><b>Wussten Sie?<\/b><\/h3>\n<p>\u00c4gypten ist der Hauptlieferant von Aroma\u00f6len f\u00fcr alle bekannten Parf\u00fcm Marken weltweit.<br \/>\nNefertiti-Aromamischungen werden aus den Essenzen von Blumen und Kr\u00e4utern gewonnen, die unter dem Einfluss der \u00e4gyptischen Sonne in unserem landwirtschaftlichen Gebiet in Fayum wachsen. Diese Aroma\u00f6le werden durch Kaltpressung oder Destillation der Ernte in unserer eigenen Fabrik in Fayum, \u00c4gypten, gewonnen und dort abgef\u00fcllt.<br \/>\nUnsere landwirtschaftlichen Produkte sind daher von 100 % h\u00f6chster Qualit\u00e4t und bilden die gesunde Basis f\u00fcr ein hervorragendes Endprodukt.<br \/>\nNefertiti-Aromamischungen eignen sich zur Verwendung in der Aromatherapie und zur Herstellung feiner Parfums.<\/p>\n<\/div>\n<\/div>\n<section class=\"related-wrapper\"><\/section>\n","protected":false},"excerpt":{"rendered":"<h4><b>Herrenduft<\/b><\/h4>\n<p><b>Duftnote:<\/b>\u00a0fruchtig \u2013 frisch \u2013 leicht holzig<br \/>\nRamses ist ein s\u00fc\u00dfer und warmer Sommer-Duft f\u00fcr M\u00e4nner, der sofort gute Laune ausstrahlt. Es ist ein toller Duft f\u00fcr den Alltag, aber auch f\u00fcr laue Sommerabende.<\/p>\n","protected":false},"featured_media":12701,"comment_status":"open","ping_status":"closed","template":"","meta":[],"product_brand":[],"product_cat":[202],"product_tag":[],"class_list":{"0":"post-10473","1":"product","2":"type-product","3":"status-publish","4":"has-post-thumbnail","6":"product_cat-aroma-oils","8":"first","9":"instock","10":"shipping-taxable","11":"purchasable","12":"product-type-variable","13":"has-default-attributes"},"_links":{"self":[{"href":"https:\/\/airshiptrips.com\/de\/wp-json\/wp\/v2\/product\/10473","targetHints":{"allow":["GET"]}}],"collection":[{"href":"https:\/\/airshiptrips.com\/de\/wp-json\/wp\/v2\/product"}],"about":[{"href":"https:\/\/airshiptrips.com\/de\/wp-json\/wp\/v2\/types\/product"}],"replies":[{"embeddable":true,"href":"https:\/\/airshiptrips.com\/de\/wp-json\/wp\/v2\/comments?post=10473"}],"wp:featuredmedia":[{"embeddable":true,"href":"https:\/\/airshiptrips.com\/de\/wp-json\/wp\/v2\/media\/12701"}],"wp:attachment":[{"href":"https:\/\/airshiptrips.com\/de\/wp-json\/wp\/v2\/media?parent=10473"}],"wp:term":[{"taxonomy":"product_brand","embeddable":true,"href":"https:\/\/airshiptrips.com\/de\/wp-json\/wp\/v2\/product_brand?post=10473"},{"taxonomy":"product_cat","embeddable":true,"href":"https:\/\/airshiptrips.com\/de\/wp-json\/wp\/v2\/product_cat?post=10473"},{"taxonomy":"product_tag","embeddable":true,"href":"https:\/\/airshiptrips.com\/de\/wp-json\/wp\/v2\/product_tag?post=10473"}],"curies":[{"name":"wp","href":"https:\/\/api.w.org\/{rel}","templated":true}]}}