{"id":10448,"date":"2025-10-08T12:23:10","date_gmt":"2025-10-08T12:23:10","guid":{"rendered":"https:\/\/megaroboticsacademy.com\/shop\/unkategorisiert\/5-secrets-oil\/"},"modified":"2025-11-18T14:36:03","modified_gmt":"2025-11-18T14:36:03","slug":"5-secrets-oil","status":"publish","type":"product","link":"https:\/\/airshiptrips.com\/de\/shop\/aroma-oils\/5-secrets-oil\/","title":{"rendered":"5 Secrets \u00d6l"},"content":{"rendered":"<h3><b>Anwendung &amp; Wirkung<\/b><\/h3>\n<p><b>Kopfnote<\/b><b><br \/>\n<\/b>Nach dem Auftragen entwickelt sich schnell der Duft von Mandarinen. Die erste Wahrnehmung der Nase ist Sommerfrische! Dies geht einher mit dem leichten Einfluss von Salbei, der den Eindruck von St\u00e4rke erweckt.<\/p>\n<p><b>Herznote<\/b><b><br \/>\n<\/b>Nach einer Weile taucht der florale Hyazinthen Charakter auf. Unterst\u00fctzt durch den Duft von Pfirsich Bl\u00fcten, Iris und Alpenveilchen entfaltet sich ein wahrer Blumenstrau\u00df. Dieser intensive \u2013 dennoch ged\u00e4mpfte \u2013 Duft bl\u00fchender Felder beh\u00e4lt seine lang anhaltende Kraft, bis sich die Basisnote ank\u00fcndigt.<\/p>\n<p><b>Basisnote<\/b><b><br \/>\n<\/b>Um diesen gro\u00dfartigen Duft abzurunden, bildet die holzige Note von Moschus, Sandelholz und Zedernholz die Basisnote von 5 Secrets und vervollst\u00e4ndigt das reichhaltige Parf\u00fcm. Frisch, blumig und holzig!<\/p>\n<p>Sein starker und dennoch unauff\u00e4lliger Charakter macht 5 Secrets zu einem r\u00e4tselhaften Parf\u00fcm, der den Tr\u00e4ger den ganzen Tag begleitet, ohne aufdringlich zu sein. Das Geheimnis strahlt Eleganz und Selbstvertrauen aus.<\/p>\n<h3><b>Anwendung von Nefertiti Aroma Mischung<\/b><\/h3>\n<p><b>Parf\u00fcmherstellung mit Aroma Mischung<\/b><b><br \/>\n<\/b>Unsere Nefertiti Aroma Mischungen sind die perfekte Basis, um Ihr eigenes Parf\u00fcm herzustellen.<\/p>\n<p>W\u00e4hlen Sie Ihr Lieblings Nefertiti Aroma\u00f6l und mischen Sie es mit 96 % Alkohol im Verh\u00e4ltnis 1:1 um Ihr eigenes Parf\u00fcm zu kreieren.<\/p>\n<p>Seien Sie sich bewusst, wenn Sie Ihren Lieblingsduft in seiner reinen Form verwenden, ihn nur in kleinen Mengen zu verwenden. Ein kleiner Tropfen reicht aus, um mit einem Finger topisch gerieben zu werden. Zum Beispiel hinter dem Ohr.<\/p>\n<p>Stellen Sie sicher, dass Sie es niemals unverd\u00fcnnt auf Kleidung auftragen, da reine Aroma\u00f6le Flecken verursachen k\u00f6nnen!<\/p>\n<h3><b>Andere Anwendungen<\/b><\/h3>\n<p><b>Aromatherapie mit Aroma Mischungen<\/b><b><br \/>\n<\/b>Geben Sie ein paar Tropfen des aromatischen \u00d6ls in einen Diffusor.<\/p>\n<p><b>Raumerfrischung mit Aroma Mischungen<\/b><b><br \/>\n<\/b>Mischen Sie 1: 2 Aroma\u00f6l Mischung (1) mit destilliertem Wasser (2).<\/p>\n<p><b>Badezusatz mit Aroma Mischungen<\/b><b><br \/>\n<\/b>Umgeben Sie sich komplett mit Ihrem Lieblingsduft! F\u00fcgen Sie Ihrem Badewasser ein paar Tropfen Ihrer bevorzugten aromatischen \u00d6lmischung hinzu.<\/p>\n<h3><b>Wussten Sie das schon?<\/b><\/h3>\n<p>\u00c4gypten ist der Hauptlieferant von Aroma\u00f6len f\u00fcr alle bekannten Parf\u00fcmmarken weltweit.<\/p>\n<p>Nefertiti Aroma\u00f6le werden aus den Essenzen von Blumen und Kr\u00e4utern gewonnen, die unter dem Einfluss der \u00e4gyptischen Sonne in unserem eigenen Anbaugebiet in Fayum wachsen. Diese Aroma\u00f6le werden durch Kaltpressen oder durch Destillation der Ernte in unserer eigenen Fabrik in Fayum, \u00c4gypten, gewonnen und dort abgef\u00fcllt. Unsere landwirtschaftlichen Produkte sind daher zu 100 % von h\u00f6chster Qualit\u00e4t und bilden die gesunde Basis f\u00fcr ein hervorragendes Endprodukt. Nefertiti Aroma\u00f6le eignen sich zur Verwendung in der Aromatherapie und zur Herstellung feiner Parfums.<\/p>\n","protected":false},"excerpt":{"rendered":"<h3><b>Duft:<\/b>\u00a0frisch blumig und holzig<br \/>\nDas Geheimnis entfaltet sich in einem Duft, der an den Titel erinnert. Nach der ersten fruchtigen Nuance verzaubern die verschiedenen blumigen D\u00fcfte in Kombination mit dem subtilen Hauch von Holz die Sinne der Tr\u00e4gerin und ihrer Umgebung. Unsere 5 Secrets bieten Ihnen einen elegant bezauberndes Parf\u00fcm.<br \/>\n<b><\/b><b>Kopfnote:\u00a0<\/b>Mandarine, Reseda, Salbei<br \/>\n<b>Herznote:\u00a0<\/b>Alpenveilchen, Hagebutte, Hyazinthe, Iris, Nektarine, Pfirsich Bl\u00fcte, Veilchenwurzel<br \/>\n<b>Basisnote:<\/b>\u00a0Moschus, Sandelholz, Zedernholz<\/h3>\n","protected":false},"featured_media":12684,"comment_status":"open","ping_status":"closed","template":"","meta":[],"product_brand":[],"product_cat":[202],"product_tag":[],"class_list":{"0":"post-10448","1":"product","2":"type-product","3":"status-publish","4":"has-post-thumbnail","6":"product_cat-aroma-oils","8":"first","9":"instock","10":"shipping-taxable","11":"purchasable","12":"product-type-variable","13":"has-default-attributes"},"_links":{"self":[{"href":"https:\/\/airshiptrips.com\/de\/wp-json\/wp\/v2\/product\/10448","targetHints":{"allow":["GET"]}}],"collection":[{"href":"https:\/\/airshiptrips.com\/de\/wp-json\/wp\/v2\/product"}],"about":[{"href":"https:\/\/airshiptrips.com\/de\/wp-json\/wp\/v2\/types\/product"}],"replies":[{"embeddable":true,"href":"https:\/\/airshiptrips.com\/de\/wp-json\/wp\/v2\/comments?post=10448"}],"wp:featuredmedia":[{"embeddable":true,"href":"https:\/\/airshiptrips.com\/de\/wp-json\/wp\/v2\/media\/12684"}],"wp:attachment":[{"href":"https:\/\/airshiptrips.com\/de\/wp-json\/wp\/v2\/media?parent=10448"}],"wp:term":[{"taxonomy":"product_brand","embeddable":true,"href":"https:\/\/airshiptrips.com\/de\/wp-json\/wp\/v2\/product_brand?post=10448"},{"taxonomy":"product_cat","embeddable":true,"href":"https:\/\/airshiptrips.com\/de\/wp-json\/wp\/v2\/product_cat?post=10448"},{"taxonomy":"product_tag","embeddable":true,"href":"https:\/\/airshiptrips.com\/de\/wp-json\/wp\/v2\/product_tag?post=10448"}],"curies":[{"name":"wp","href":"https:\/\/api.w.org\/{rel}","templated":true}]}}