{"id":10429,"date":"2025-10-08T12:23:39","date_gmt":"2025-10-08T12:23:39","guid":{"rendered":"https:\/\/megaroboticsacademy.com\/shop\/unkategorisiert\/habibi-oil\/"},"modified":"2025-11-18T13:49:05","modified_gmt":"2025-11-18T13:49:05","slug":"habibi-oil","status":"publish","type":"product","link":"https:\/\/airshiptrips.com\/de\/shop\/aroma-oils\/habibi-oil\/","title":{"rendered":"Habibi"},"content":{"rendered":"<div class=\"woocommerce-tabs wc-tabs-wrapper\">\n<div id=\"tab-description\" class=\"woocommerce-Tabs-panel woocommerce-Tabs-panel--description panel entry-content wc-tab\" role=\"tabpanel\" aria-labelledby=\"tab-title-description\">\n<h3><b>Anwendung &amp; Wirkung<\/b><\/h3>\n<p><b><i>Kopfnoten<\/i><\/b><b>:<\/b>\u00a0Jasmin, Safran<\/p>\n<p><b><i>Herznoten:<\/i><\/b>\u00a0Amberholz, Ambra<\/p>\n<p><b><i>Basisnoten:<\/i><\/b>\u00a0Tannen-Harz, Zeder<\/p>\n<p><b>Kopfnote:<\/b>\u00a0Beim Auftragen streichelt Jasmin sanft die Haut, sorgf\u00e4ltig gew\u00fcrzt durch den warmen, butter-artigen Safran, der auf der Haut schmilzt. Es ist berauschend, exotisch, erotisch\u2026<\/p>\n<p><b>Herznote:<\/b>\u00a0Sofort offenbart sich die leicht moschusartige, s\u00fc\u00dfe Ausstrahlung von Amberholz, gemildert durch das zuckerhaltige Ambergris mit einer Nuance von verbrannter Zuckerwatte. So lecker, dass es fast essbar ist. Reine Dekadenz.<\/p>\n<p><b>Basisnote:<\/b>\u00a0Fast sofort zeigen sich die holzigen Basisnoten, die dem Duft eine leichte holzige Erdigkeit verleihen und ihn erden, w\u00e4hrend die Kopfnoten weiter strahlen und es dem Duft des Parf\u00fcms erm\u00f6glichen, sich in seiner vollen Pracht zu entfalten. Es ist warm und doch k\u00fchl, belebend und doch beruhigend, raffiniert und doch verspielt, einladend und doch geheimnisvoll.<\/p>\n<p>Habibi ist ein Mysterium, dessen Noten so gut vermischt sind, dass es unm\u00f6glich ist, sie voneinander zu unterscheiden, da sie die perfekte Note eines Parf\u00fcms ausstrahlen. Unauff\u00e4llig genug, um es t\u00e4glich zu tragen, aber so besonders, dass Sie es f\u00fcr besondere Anl\u00e4sse aufbewahren m\u00f6chten. Der Duft f\u00fcr alle Gelegenheiten und alle Jahreszeiten. Es hat den unverwechselbaren Duft von Klasse und Raffinesse, kombiniert mit roher Sinnlichkeit und koketter Verspieltheit. Es ist ein R\u00e4tsel. Verspr\u00fchen Sie Geheimnisse und lassen Sie andere in Ihrem Bann ziehen.<\/p>\n<h3><b>Anwendung von Nefertiti-Aromamischungen<\/b><\/h3>\n<p>Parf\u00fcmherstellung mit Aroma\u00f6lmischungen<\/p>\n<p>Unsere Nefertiti Aroma-Mischungen bieten die beste Grundlage f\u00fcr die Herstellung Ihres eigenen, ma\u00dfgeschneiderten Parf\u00fcms.<\/p>\n<p>Mischen Sie das Nefertiti-Aroma\u00f6l Ihrer Wahl mit 96 % Alkohol im Verh\u00e4ltnis 1:1, um Ihr Lieblingsparf\u00fcm zu kreieren.<\/p>\n<p>Wenn Sie Ihren Lieblingsduft in reiner Form verwenden, tragen Sie ihn nur in kleinen Mengen auf. Nur ein kleiner Tropfen reicht aus, um ihn \u00e4u\u00dferlich mit dem Finger aufzutragen, beispielsweise hinter dem Ohr einreiben.<\/p>\n<p>Tragen Sie Aromamischungen niemals unverd\u00fcnnt auf Kleidung auf, da das reine \u00d6l Flecken verursachen kann!<\/p>\n<h3><b>Andere Anwendungen<\/b><\/h3>\n<p><b><i>Aromatherapie mit Aroma Blend:<\/i><\/b>\u00a0Geben Sie ein paar Tropfen der Aroma Blend in einen Diffusor.<\/p>\n<p><b><i>Raumerfrischung mit Aroma Blend:<\/i><\/b>\u00a0Aroma\u00f6lmischung 1:2 (1) mit destilliertem Wasser (2) mischen.<\/p>\n<p><b><i>Badezusatz mit Aroma Blend:<\/i><\/b>\u00a0Umh\u00fcllen Sie sich ganz mit Ihrem Lieblingsduft! Geben Sie ein paar Tropfen der Aromamischung Ihrer Wahl in Ihr Badewasser.<\/p>\n<h3><b>Wussten Sie?<\/b><\/h3>\n<p>\u00c4gypten ist der Hauptlieferant von Aroma\u00f6len f\u00fcr alle bekannten Parf\u00fcm Marken weltweit.<\/p>\n<p>Nefertiti-Aromamischungen werden aus den Essenzen von Blumen und Kr\u00e4utern gewonnen, die unter dem Einfluss der \u00e4gyptischen Sonne in unserem landwirtschaftlichen Gebiet in Fayum wachsen. Diese Aroma\u00f6le werden durch Kaltpressung oder Destillation der Ernte in unserer eigenen Fabrik in Fayum, \u00c4gypten, gewonnen und dort abgef\u00fcllt.<br \/>\nUnsere landwirtschaftlichen Produkte sind daher von 100 % h\u00f6chster Qualit\u00e4t und bilden die gesunde Basis f\u00fcr ein hervorragendes Endprodukt.<\/p>\n<p>Nefertiti-Aromamischungen eignen sich zur Verwendung in der Aromatherapie und zur Herstellung feiner Parfums.<\/p>\n<\/div>\n<\/div>\n<section class=\"related-wrapper\"><\/section>\n","protected":false},"excerpt":{"rendered":"<p>Habibi ist nicht nur ein Duft, es ist ein olfaktorisches Meisterwerk. Es geht nicht um die Noten, sondern um die Facetten, die sich so m\u00fchelos verbinden und den Tr\u00e4ger in eine Wolke der Sinnlichkeit einh\u00fcllen. Eine Liebkosung des Ozeans, luftige Blumen und ein wogender Wald verbinden sich mit zeitloser Eleganz mit einem zeitgen\u00f6ssischen Touch. Komplex und einzigartig und doch t\u00e4uschend einfach, einmal getragen und nie vergessen.<\/p>\n","protected":false},"featured_media":12658,"comment_status":"open","ping_status":"closed","template":"","meta":[],"product_brand":[],"product_cat":[202],"product_tag":[],"class_list":{"0":"post-10429","1":"product","2":"type-product","3":"status-publish","4":"has-post-thumbnail","6":"product_cat-aroma-oils","8":"first","9":"instock","10":"shipping-taxable","11":"purchasable","12":"product-type-variable","13":"has-default-attributes"},"_links":{"self":[{"href":"https:\/\/airshiptrips.com\/de\/wp-json\/wp\/v2\/product\/10429","targetHints":{"allow":["GET"]}}],"collection":[{"href":"https:\/\/airshiptrips.com\/de\/wp-json\/wp\/v2\/product"}],"about":[{"href":"https:\/\/airshiptrips.com\/de\/wp-json\/wp\/v2\/types\/product"}],"replies":[{"embeddable":true,"href":"https:\/\/airshiptrips.com\/de\/wp-json\/wp\/v2\/comments?post=10429"}],"wp:featuredmedia":[{"embeddable":true,"href":"https:\/\/airshiptrips.com\/de\/wp-json\/wp\/v2\/media\/12658"}],"wp:attachment":[{"href":"https:\/\/airshiptrips.com\/de\/wp-json\/wp\/v2\/media?parent=10429"}],"wp:term":[{"taxonomy":"product_brand","embeddable":true,"href":"https:\/\/airshiptrips.com\/de\/wp-json\/wp\/v2\/product_brand?post=10429"},{"taxonomy":"product_cat","embeddable":true,"href":"https:\/\/airshiptrips.com\/de\/wp-json\/wp\/v2\/product_cat?post=10429"},{"taxonomy":"product_tag","embeddable":true,"href":"https:\/\/airshiptrips.com\/de\/wp-json\/wp\/v2\/product_tag?post=10429"}],"curies":[{"name":"wp","href":"https:\/\/api.w.org\/{rel}","templated":true}]}}